{"id":2675,"date":"2020-11-04T16:51:40","date_gmt":"2020-11-04T15:51:40","guid":{"rendered":"https:\/\/www.educa.itakaescolapios.org\/?page_id=2675"},"modified":"2023-05-05T13:59:50","modified_gmt":"2023-05-05T11:59:50","slug":"testimonios","status":"publish","type":"page","link":"https:\/\/www.educa.itakaescolapios.org\/fr\/campanas\/2020-2021-reiniciando-para-transformar\/siente\/testimonios","title":{"rendered":"T\u00c9MOIGNAGES (2- +18)"},"content":{"rendered":"<p>La pand\u00e9mie provoqu\u00e9e par <strong>le Covid-19 a frapp\u00e9 de plein fouet le secteur de la sant\u00e9, l\u2019\u00e9conomie et la soci\u00e9t\u00e9 en g\u00e9n\u00e9ral.<\/strong> Et elle a surtout touch\u00e9 les personnes les plus vuln\u00e9rables.<\/p>\n<p>Chez Itaka-Escolapios nous ne sommes pas \u00e9trangers \u00e0 cette situation, nous connaissons tous des personnes qui sont tomb\u00e9es malades, dont les revenus ont diminu\u00e9, et qui ont \u00e9t\u00e9 affect\u00e9es par le confinement\u2026<\/p>\n<p><strong>Les projets sociaux d&rsquo;Itaka-Escolapios ont \u00e9galement \u00e9t\u00e9 touch\u00e9s par la pand\u00e9mie<\/strong>: elle nous a oblig\u00e9s \u00e0 paralyser l&rsquo;activit\u00e9 des internats, des centres socioculturels, \u00e0 fermer des \u00e9coles, elle a r\u00e9duit les revenus \u00e9conomiques et nous avons m\u00eame d\u00fb reporter le d\u00e9marrage de nouveaux projets sociaux&#8230;<\/p>\n<p>Dans un m\u00eame temps, <strong>le r\u00e9seau Itaka-Escolapios n\u2019a jamais \u00abferm\u00e9\u00bb<\/strong>. Nous n\u2019avons cess\u00e9 de r\u00e9pondre, de mani\u00e8re cr\u00e9ative, aux demandes de la soci\u00e9t\u00e9.<\/p>\n<p><strong>\u00c0 titre d\u2019exemple<\/strong>:<\/p>\n<ul>\n<li>Maintenir les <strong>activit\u00e9s du mouvement de Calasanz<\/strong> en ligne.<\/li>\n<li><strong>Offrir un foyer aux sans-abris pendant<\/strong> la p\u00e9riode de confinement.<\/li>\n<li>Promouvoir <strong>le soutien scolaire en ligne<\/strong>.<\/li>\n<li>Lutte <strong>contre la fracture num\u00e9rique<\/strong>.<\/li>\n<li>Collecte et <strong>distribution de nourriture<\/strong>.<\/li>\n<li><strong>G\u00e9n\u00e9rer des fonds communs<\/strong> pour nourrir la population.<\/li>\n<li>&#8230;<\/li>\n<\/ul>\n<p>Le r\u00e9seau Itaka-Escolapios est pr\u00e9sent dans 16 pays.<\/p>\n<p>Nous vous pr\u00e9sentons ci-dessous <strong>le t\u00e9moignage de plusieurs enfants et jeunes<\/strong> d\u00e9crivant la situation qu&rsquo;ils vivent et la r\u00e9ponse que nous apportons en tant qu&rsquo;\u00e9cole pieuse que repr\u00e9sente Itaka-Escolapios.<\/p>\n<p><strong>Vous pouvez \u00e9galement collaborer en tant que volontaire \u00e0 l&rsquo;un de nos projets sociaux ou en apportant une contribution \u00e9conomique<\/strong> \u00e0 Itaka-Escolapios.<\/p>\n<p>&nbsp;<\/p>\n<p><strong>BOLIVIE<\/strong><\/p>\n<p><iframe loading=\"lazy\" src=\"https:\/\/www.youtube.com\/embed\/MqHplj5pCuc\" width=\"368\" height=\"215\" frameborder=\"0\" allowfullscreen=\"allowfullscreen\"><\/iframe> <iframe loading=\"lazy\" src=\"https:\/\/www.youtube.com\/embed\/hHI6-1uPKvM\" width=\"400\" height=\"215\" frameborder=\"0\" allowfullscreen=\"allowfullscreen\"><\/iframe><\/p>\n<p>&nbsp;<\/p>\n<p><strong>BR\u00c9SIL<\/strong><\/p>\n<p><iframe loading=\"lazy\" src=\"https:\/\/www.youtube.com\/embed\/ULKTC5Rzv1Y\" width=\"375\" height=\"215\" frameborder=\"0\" allowfullscreen=\"allowfullscreen\"><\/iframe> <iframe loading=\"lazy\" src=\"https:\/\/www.youtube.com\/embed\/MRyiuSIbZIw\" width=\"375\" height=\"215\" frameborder=\"0\" allowfullscreen=\"allowfullscreen\"><\/iframe><\/p>\n<p><strong>CAMEROUN<\/strong><\/p>\n<p><iframe loading=\"lazy\" src=\"https:\/\/www.youtube.com\/embed\/DFCWEEGqbWg\" width=\"382\" height=\"215\" frameborder=\"0\" allowfullscreen=\"allowfullscreen\"><\/iframe><br \/>\n<strong>ESPAGNE<\/strong><\/p>\n<p><iframe loading=\"lazy\" src=\"https:\/\/www.youtube.com\/embed\/1f3ct7XJf6E\" width=\"375\" height=\"215\" frameborder=\"0\" allowfullscreen=\"allowfullscreen\"><\/iframe> <iframe loading=\"lazy\" src=\"https:\/\/www.youtube.com\/embed\/ZX9oLAXgx9s\" width=\"375\" height=\"215\" frameborder=\"0\" allowfullscreen=\"allowfullscreen\"><\/iframe><\/p>\n<p><strong>PHILIPPINES<\/strong><\/p>\n<p><iframe loading=\"lazy\" src=\"https:\/\/www.youtube.com\/embed\/22G74WLs9qM\" width=\"375\" height=\"215\" frameborder=\"0\" allowfullscreen=\"allowfullscreen\"><\/iframe> <iframe loading=\"lazy\" src=\"https:\/\/www.youtube.com\/embed\/jFUMW--xiCg\" width=\"375\" height=\"215\" frameborder=\"0\" allowfullscreen=\"allowfullscreen\"><\/iframe><br \/>\n<strong>INDON\u00c9SIE<\/strong><\/p>\n<p><iframe loading=\"lazy\" src=\"https:\/\/www.youtube.com\/embed\/H6qMClXjkgo\" width=\"444\" height=\"250\" frameborder=\"0\" allowfullscreen=\"allowfullscreen\"><\/iframe><\/p>\n<p><strong>MEXIQUE<\/strong><\/p>\n<p><iframe loading=\"lazy\" src=\"https:\/\/www.youtube.com\/embed\/qW_NgbbCpAI\" width=\"440\" height=\"255\" frameborder=\"0\" allowfullscreen=\"allowfullscreen\"><span data-mce-type=\"bookmark\" style=\"display: inline-block; width: 0px; overflow: hidden; line-height: 0;\" class=\"mce_SELRES_start\">\ufeff<\/span><\/iframe><\/p>\n<p><strong>RD CONGO<\/strong><\/p>\n<p><iframe loading=\"lazy\" src=\"https:\/\/www.youtube.com\/embed\/JP_dh4Hxiug\" width=\"444\" height=\"250\" frameborder=\"0\" allowfullscreen=\"allowfullscreen\"><\/iframe><\/p>\n<p><strong>S\u00c9N\u00c9GAL<\/strong><br \/>\n<iframe loading=\"lazy\" src=\"https:\/\/www.youtube.com\/embed\/2fnFawrZ8dA\" width=\"444\" height=\"250\" frameborder=\"0\" allowfullscreen=\"allowfullscreen\"><\/iframe><\/p>\n<p><strong>VENEZUELA<\/strong><\/p>\n<p><iframe loading=\"lazy\" src=\"https:\/\/www.youtube.com\/embed\/9toxS2alWbI\" width=\"444\" height=\"250\" frameborder=\"0\" allowfullscreen=\"allowfullscreen\"><\/iframe><\/p>","protected":false},"excerpt":{"rendered":"<p>La pand\u00e9mie provoqu\u00e9e par le Covid-19 a frapp\u00e9 de plein fouet le secteur de la sant\u00e9, l\u2019\u00e9conomie et la soci\u00e9t\u00e9 en g\u00e9n\u00e9ral. Et elle a surtout [&hellip;]<\/p>\n","protected":false},"author":5,"featured_media":0,"parent":2658,"menu_order":3,"comment_status":"closed","ping_status":"closed","template":"","meta":[],"acf":[],"_links":{"self":[{"href":"https:\/\/www.educa.itakaescolapios.org\/fr\/wp-json\/wp\/v2\/pages\/2675"}],"collection":[{"href":"https:\/\/www.educa.itakaescolapios.org\/fr\/wp-json\/wp\/v2\/pages"}],"about":[{"href":"https:\/\/www.educa.itakaescolapios.org\/fr\/wp-json\/wp\/v2\/types\/page"}],"author":[{"embeddable":true,"href":"https:\/\/www.educa.itakaescolapios.org\/fr\/wp-json\/wp\/v2\/users\/5"}],"replies":[{"embeddable":true,"href":"https:\/\/www.educa.itakaescolapios.org\/fr\/wp-json\/wp\/v2\/comments?post=2675"}],"version-history":[{"count":90,"href":"https:\/\/www.educa.itakaescolapios.org\/fr\/wp-json\/wp\/v2\/pages\/2675\/revisions"}],"predecessor-version":[{"id":7613,"href":"https:\/\/www.educa.itakaescolapios.org\/fr\/wp-json\/wp\/v2\/pages\/2675\/revisions\/7613"}],"up":[{"embeddable":true,"href":"https:\/\/www.educa.itakaescolapios.org\/fr\/wp-json\/wp\/v2\/pages\/2658"}],"wp:attachment":[{"href":"https:\/\/www.educa.itakaescolapios.org\/fr\/wp-json\/wp\/v2\/media?parent=2675"}],"curies":[{"name":"wp","href":"https:\/\/api.w.org\/{rel}","templated":true}]}}