{"id":2693,"date":"2020-11-04T17:31:28","date_gmt":"2020-11-04T16:31:28","guid":{"rendered":"https:\/\/www.educa.itakaescolapios.org\/?page_id=2693"},"modified":"2021-05-11T10:20:17","modified_gmt":"2021-05-11T08:20:17","slug":"oramos-con-calasanz","status":"publish","type":"page","link":"https:\/\/www.educa.itakaescolapios.org\/fr\/campanas\/2020-2021-reiniciando-para-transformar\/siente\/oramos-con-calasanz","title":{"rendered":"Nous prions avec Calasanz (8 \u00e0 +18)"},"content":{"rendered":"<p><img decoding=\"async\" loading=\"lazy\" class=\"alignright wp-image-2695\" src=\"https:\/\/www.educa.itakaescolapios.org\/wp-content\/uploads\/2020\/11\/CALASANZ_COLOR-229x300.jpg\" alt=\"\" width=\"300\" height=\"393\" srcset=\"https:\/\/www.educa.itakaescolapios.org\/wp-content\/uploads\/2020\/11\/CALASANZ_COLOR-229x300.jpg 229w, https:\/\/www.educa.itakaescolapios.org\/wp-content\/uploads\/2020\/11\/CALASANZ_COLOR-782x1024.jpg 782w, https:\/\/www.educa.itakaescolapios.org\/wp-content\/uploads\/2020\/11\/CALASANZ_COLOR-768x1006.jpg 768w, https:\/\/www.educa.itakaescolapios.org\/wp-content\/uploads\/2020\/11\/CALASANZ_COLOR-1172x1536.jpg 1172w, https:\/\/www.educa.itakaescolapios.org\/wp-content\/uploads\/2020\/11\/CALASANZ_COLOR-1563x2048.jpg 1563w, https:\/\/www.educa.itakaescolapios.org\/wp-content\/uploads\/2020\/11\/CALASANZ_COLOR-250x328.jpg 250w, https:\/\/www.educa.itakaescolapios.org\/wp-content\/uploads\/2020\/11\/CALASANZ_COLOR-scaled.jpg 1954w\" sizes=\"(max-width: 300px) 100vw, 300px\" \/><\/p>\n<p style=\"text-align: justify;\">Calasanz nous invite \u00e0 prier chaque matin au d\u00e9but de notre activit\u00e9 dans nos centres, pour cela il propose cinq pri\u00e8res que nous pourrons faire alternativement tout au long des jours que dure la campagne.<\/p>\n<p><strong><a href=\"https:\/\/www.educa.itakaescolapios.org\/wp-content\/uploads\/2020\/12\/4-EUCARISTIA-SEMANA-SOLIDARIA-fra.pdf\" target=\"_blank\" rel=\"noopener noreferrer\">Fichier PDF : Eucharistie<\/a><\/strong><\/p>\n<p><strong><a href=\"https:\/\/www.educa.itakaescolapios.org\/wp-content\/uploads\/2021\/05\/4.oraciones-fra-modificado.pdf\" target=\"_blank\" rel=\"noopener noreferrer\">Fichier PDF: <\/a><a href=\"https:\/\/www.educa.itakaescolapios.org\/wp-content\/uploads\/2021\/01\/4.oraciones-fra.pdf\" target=\"_blank\" rel=\"noopener noreferrer\">Pri\u00e8res<\/a><a href=\"https:\/\/www.educa.itakaescolapios.org\/wp-content\/uploads\/2021\/05\/4.oraciones-fra-modificado.pdf\" target=\"_blank\" rel=\"noopener noreferrer\"> II<\/a><\/strong><\/p>\n<p><img decoding=\"async\" loading=\"lazy\" class=\"alignleft size-medium wp-image-3014\" src=\"https:\/\/www.educa.itakaescolapios.org\/wp-content\/uploads\/2020\/11\/mano-click-verde-en-el-medio-300x107.jpg\" alt=\"\" width=\"300\" height=\"107\" srcset=\"https:\/\/www.educa.itakaescolapios.org\/wp-content\/uploads\/2020\/11\/mano-click-verde-en-el-medio-300x107.jpg 300w, https:\/\/www.educa.itakaescolapios.org\/wp-content\/uploads\/2020\/11\/mano-click-verde-en-el-medio-1024x366.jpg 1024w, https:\/\/www.educa.itakaescolapios.org\/wp-content\/uploads\/2020\/11\/mano-click-verde-en-el-medio-768x275.jpg 768w, https:\/\/www.educa.itakaescolapios.org\/wp-content\/uploads\/2020\/11\/mano-click-verde-en-el-medio-1536x549.jpg 1536w, https:\/\/www.educa.itakaescolapios.org\/wp-content\/uploads\/2020\/11\/mano-click-verde-en-el-medio-2048x732.jpg 2048w, https:\/\/www.educa.itakaescolapios.org\/wp-content\/uploads\/2020\/11\/mano-click-verde-en-el-medio-250x89.jpg 250w\" sizes=\"(max-width: 300px) 100vw, 300px\" \/><\/p>\n<p>&nbsp;<\/p>","protected":false},"excerpt":{"rendered":"<p>Calasanz nous invite \u00e0 prier chaque matin au d\u00e9but de notre activit\u00e9 dans nos centres, pour cela il propose cinq pri\u00e8res que nous pourrons faire alternativement [&hellip;]<\/p>\n","protected":false},"author":5,"featured_media":0,"parent":2658,"menu_order":10,"comment_status":"closed","ping_status":"closed","template":"","meta":[],"acf":[],"_links":{"self":[{"href":"https:\/\/www.educa.itakaescolapios.org\/fr\/wp-json\/wp\/v2\/pages\/2693"}],"collection":[{"href":"https:\/\/www.educa.itakaescolapios.org\/fr\/wp-json\/wp\/v2\/pages"}],"about":[{"href":"https:\/\/www.educa.itakaescolapios.org\/fr\/wp-json\/wp\/v2\/types\/page"}],"author":[{"embeddable":true,"href":"https:\/\/www.educa.itakaescolapios.org\/fr\/wp-json\/wp\/v2\/users\/5"}],"replies":[{"embeddable":true,"href":"https:\/\/www.educa.itakaescolapios.org\/fr\/wp-json\/wp\/v2\/comments?post=2693"}],"version-history":[{"count":29,"href":"https:\/\/www.educa.itakaescolapios.org\/fr\/wp-json\/wp\/v2\/pages\/2693\/revisions"}],"predecessor-version":[{"id":4688,"href":"https:\/\/www.educa.itakaescolapios.org\/fr\/wp-json\/wp\/v2\/pages\/2693\/revisions\/4688"}],"up":[{"embeddable":true,"href":"https:\/\/www.educa.itakaescolapios.org\/fr\/wp-json\/wp\/v2\/pages\/2658"}],"wp:attachment":[{"href":"https:\/\/www.educa.itakaescolapios.org\/fr\/wp-json\/wp\/v2\/media?parent=2693"}],"curies":[{"name":"wp","href":"https:\/\/api.w.org\/{rel}","templated":true}]}}