{"id":2725,"date":"2020-11-04T18:23:06","date_gmt":"2020-11-04T17:23:06","guid":{"rendered":"https:\/\/www.educa.itakaescolapios.org\/?page_id=2725"},"modified":"2021-01-08T12:14:52","modified_gmt":"2021-01-08T11:14:52","slug":"familia-transformadora","status":"publish","type":"page","link":"https:\/\/www.educa.itakaescolapios.org\/fr\/campanas\/2020-2021-reiniciando-para-transformar\/siente\/familia-transformadora","title":{"rendered":"Transformer la famille (2 \u00e0 +18)"},"content":{"rendered":"<p>Ch\u00e8res familles, nous vous invitons \u00e0 \u00eatre une famille transformatrice.<\/p>\n<p>collaborer \u00e0 la campagne <strong>\u00ab\u00a0<\/strong><span style=\"font-weight: 400;\"><strong>En Recomman\u00e7ant pour transformer\u00a0\u00bb<\/strong>.<\/span><\/p>\n<p>La pand\u00e9mie provoqu\u00e9e par Covid-19 a frapp\u00e9 de plein fouet la sant\u00e9, l&rsquo;\u00e9conomie et la soci\u00e9t\u00e9 en g\u00e9n\u00e9ral. Et elle a surtout touch\u00e9 les personnes les plus vuln\u00e9rables.<\/p>\n<p>Les projets sociaux d&rsquo;Itaka-Escolapios ont \u00e9galement \u00e9t\u00e9 touch\u00e9s par la pand\u00e9mie : elle nous a oblig\u00e9s \u00e0 paralyser l&rsquo;activit\u00e9 des internats, des centres socioculturels, \u00e0 fermer des \u00e9coles, elle a r\u00e9duit les revenus \u00e9conomiques et nous avons m\u00eame d\u00fb reporter le d\u00e9marrage de nouveaux projets sociaux&#8230;<\/p>\n<p><strong>Nous vous encourageons \u00e0 collaborer<\/strong>:<\/p>\n<p>Faire <strong>du b\u00e9n\u00e9volat<\/strong> \u00e0 Itaka-Escolapios.<br \/>\nApporter des <strong>contributions \u00e9conomiques<\/strong> en tant que famille dans l<strong>es num\u00e9ros de compte<\/strong> fournis.<br \/>\nApporter une <strong>contribution \u00e9conomique<\/strong> par l&rsquo;interm\u00e9diaire de <strong>vos fils et de vos filles<\/strong>.<\/p>\n<p>Nous avons besoin de la collaboration de tous pour continuer \u00e0 r\u00e9pondre aux besoins de la soci\u00e9t\u00e9.<\/p>\n<p>&nbsp;<\/p>\n<p><strong><a href=\"https:\/\/www.educa.itakaescolapios.org\/wp-content\/uploads\/2020\/12\/6-familia-transformadora-fra.pdf\" target=\"_blank\" rel=\"noopener noreferrer\">Fichier PDF : Transformer la famille<\/a><\/strong><\/p>\n<p><strong><a href=\"https:\/\/www.educa.itakaescolapios.org\/wp-content\/uploads\/2020\/11\/Familia-transformadora.pdf\" target=\"_blank\" rel=\"noopener noreferrer\"><img decoding=\"async\" loading=\"lazy\" class=\"alignleft size-medium wp-image-3014\" src=\"https:\/\/www.educa.itakaescolapios.org\/wp-content\/uploads\/2020\/11\/mano-click-verde-en-el-medio-300x107.jpg\" alt=\"\" width=\"300\" height=\"107\" srcset=\"https:\/\/www.educa.itakaescolapios.org\/wp-content\/uploads\/2020\/11\/mano-click-verde-en-el-medio-300x107.jpg 300w, https:\/\/www.educa.itakaescolapios.org\/wp-content\/uploads\/2020\/11\/mano-click-verde-en-el-medio-1024x366.jpg 1024w, https:\/\/www.educa.itakaescolapios.org\/wp-content\/uploads\/2020\/11\/mano-click-verde-en-el-medio-768x275.jpg 768w, https:\/\/www.educa.itakaescolapios.org\/wp-content\/uploads\/2020\/11\/mano-click-verde-en-el-medio-1536x549.jpg 1536w, https:\/\/www.educa.itakaescolapios.org\/wp-content\/uploads\/2020\/11\/mano-click-verde-en-el-medio-2048x732.jpg 2048w, https:\/\/www.educa.itakaescolapios.org\/wp-content\/uploads\/2020\/11\/mano-click-verde-en-el-medio-250x89.jpg 250w\" sizes=\"(max-width: 300px) 100vw, 300px\" \/><\/a><\/strong><img decoding=\"async\" loading=\"lazy\" class=\"aligncenter wp-image-2707\" src=\"https:\/\/www.educa.itakaescolapios.org\/wp-content\/uploads\/2020\/11\/ELIKIA-ESENGO_COLOR-recorte-1024x992.jpg\" alt=\"\" width=\"850\" height=\"823\" srcset=\"https:\/\/www.educa.itakaescolapios.org\/wp-content\/uploads\/2020\/11\/ELIKIA-ESENGO_COLOR-recorte-1024x992.jpg 1024w, https:\/\/www.educa.itakaescolapios.org\/wp-content\/uploads\/2020\/11\/ELIKIA-ESENGO_COLOR-recorte-300x291.jpg 300w, https:\/\/www.educa.itakaescolapios.org\/wp-content\/uploads\/2020\/11\/ELIKIA-ESENGO_COLOR-recorte-768x744.jpg 768w, https:\/\/www.educa.itakaescolapios.org\/wp-content\/uploads\/2020\/11\/ELIKIA-ESENGO_COLOR-recorte-1536x1487.jpg 1536w, https:\/\/www.educa.itakaescolapios.org\/wp-content\/uploads\/2020\/11\/ELIKIA-ESENGO_COLOR-recorte-2048x1983.jpg 2048w, https:\/\/www.educa.itakaescolapios.org\/wp-content\/uploads\/2020\/11\/ELIKIA-ESENGO_COLOR-recorte-250x242.jpg 250w\" sizes=\"(max-width: 850px) 100vw, 850px\" \/><\/p>","protected":false},"excerpt":{"rendered":"<p>Ch\u00e8res familles, nous vous invitons \u00e0 \u00eatre une famille transformatrice. collaborer \u00e0 la campagne \u00ab\u00a0En Recomman\u00e7ant pour transformer\u00a0\u00bb. La pand\u00e9mie provoqu\u00e9e par Covid-19 a frapp\u00e9 de [&hellip;]<\/p>\n","protected":false},"author":5,"featured_media":0,"parent":2658,"menu_order":7,"comment_status":"closed","ping_status":"closed","template":"","meta":[],"acf":[],"_links":{"self":[{"href":"https:\/\/www.educa.itakaescolapios.org\/fr\/wp-json\/wp\/v2\/pages\/2725"}],"collection":[{"href":"https:\/\/www.educa.itakaescolapios.org\/fr\/wp-json\/wp\/v2\/pages"}],"about":[{"href":"https:\/\/www.educa.itakaescolapios.org\/fr\/wp-json\/wp\/v2\/types\/page"}],"author":[{"embeddable":true,"href":"https:\/\/www.educa.itakaescolapios.org\/fr\/wp-json\/wp\/v2\/users\/5"}],"replies":[{"embeddable":true,"href":"https:\/\/www.educa.itakaescolapios.org\/fr\/wp-json\/wp\/v2\/comments?post=2725"}],"version-history":[{"count":19,"href":"https:\/\/www.educa.itakaescolapios.org\/fr\/wp-json\/wp\/v2\/pages\/2725\/revisions"}],"predecessor-version":[{"id":4315,"href":"https:\/\/www.educa.itakaescolapios.org\/fr\/wp-json\/wp\/v2\/pages\/2725\/revisions\/4315"}],"up":[{"embeddable":true,"href":"https:\/\/www.educa.itakaescolapios.org\/fr\/wp-json\/wp\/v2\/pages\/2658"}],"wp:attachment":[{"href":"https:\/\/www.educa.itakaescolapios.org\/fr\/wp-json\/wp\/v2\/media?parent=2725"}],"curies":[{"name":"wp","href":"https:\/\/api.w.org\/{rel}","templated":true}]}}