{"id":2734,"date":"2020-11-04T18:36:01","date_gmt":"2020-11-04T17:36:01","guid":{"rendered":"https:\/\/www.educa.itakaescolapios.org\/?page_id=2734"},"modified":"2021-01-03T11:13:58","modified_gmt":"2021-01-03T10:13:58","slug":"imagina","status":"publish","type":"page","link":"https:\/\/www.educa.itakaescolapios.org\/fr\/campanas\/2020-2021-reiniciando-para-transformar\/imagina","title":{"rendered":"Imagine !!"},"content":{"rendered":"<p><img decoding=\"async\" loading=\"lazy\" class=\"alignright wp-image-2735\" src=\"https:\/\/www.educa.itakaescolapios.org\/wp-content\/uploads\/2020\/11\/IMAGINA-Cartel-DFC-Espan\u0303a-516x730-2-251x300.png\" alt=\"\" width=\"340\" height=\"407\" srcset=\"https:\/\/www.educa.itakaescolapios.org\/wp-content\/uploads\/2020\/11\/IMAGINA-Cartel-DFC-Espan\u0303a-516x730-2-251x300.png 251w, https:\/\/www.educa.itakaescolapios.org\/wp-content\/uploads\/2020\/11\/IMAGINA-Cartel-DFC-Espan\u0303a-516x730-2-250x299.png 250w, https:\/\/www.educa.itakaescolapios.org\/wp-content\/uploads\/2020\/11\/IMAGINA-Cartel-DFC-Espan\u0303a-516x730-2.png 438w\" sizes=\"(max-width: 340px) 100vw, 340px\" \/><\/p>\n<p>&nbsp;<\/p>\n<p>La m\u00e9thodologie \u00ab Design for change &#8211; Design pour le changement \u00bb, dans un deuxi\u00e8me temps, te propose de synth\u00e9tiser ou de regrouper les id\u00e9es, concepts, exp\u00e9riences&#8230; que tu as pu conna\u00eetre ou g\u00e9n\u00e9rer pendant la phase \u00ab Ressens \u00bb et de passer \u00e0 la phase \u00ab Imaginer \u00bb.<\/p>\n<p><strong>Imaginer, c\u2019est commencer \u00e0 r\u00eaver, \u00e0 penser \u00e0 des mani\u00e8res de nous transformer et de transformer la r\u00e9alit\u00e9.<\/strong><\/p>\n<p>Nous te proposons ensuite une s\u00e9rie d\u2019activit\u00e9s pour que tu IMAGINES.<\/p>\n<h4><\/h4>\n<h4><\/h4>\n<h4><strong>Cliquez sur les liens pour acc\u00e9der \u00e0 plus de contenus sur la campagne:<\/strong><\/h4>\n<ul>\n<li style=\"list-style-type: none;\">\n<ul class=\"children\">\n<li class=\"page_item page-item-2740\"><a href=\"https:\/\/www.educa.itakaescolapios.org\/campanas\/2020-2021-reiniciando-para-transformar\/imagina\/cuento-la-tripulacion-se-queda-en-casa\">HISTOIRE: L\u00b4\u00c9QUIPAGE RESTE \u00c1 LA MAISON (2-7)<\/a><a href=\"https:\/\/www.educa.itakaescolapios.org\/campanas\/2020-2021-reiniciando-para-transformar\/imagina\/cuento-la-tripulacion-se-queda-en-casa\"><img decoding=\"async\" loading=\"lazy\" class=\"alignright wp-image-2974\" src=\"https:\/\/www.educa.itakaescolapios.org\/wp-content\/uploads\/2020\/11\/mano-click-verde-por-tres-300x107.jpg\" alt=\"\" width=\"200\" height=\"71\" srcset=\"https:\/\/www.educa.itakaescolapios.org\/wp-content\/uploads\/2020\/11\/mano-click-verde-por-tres-300x107.jpg 300w, https:\/\/www.educa.itakaescolapios.org\/wp-content\/uploads\/2020\/11\/mano-click-verde-por-tres-1024x364.jpg 1024w, https:\/\/www.educa.itakaescolapios.org\/wp-content\/uploads\/2020\/11\/mano-click-verde-por-tres-768x273.jpg 768w, https:\/\/www.educa.itakaescolapios.org\/wp-content\/uploads\/2020\/11\/mano-click-verde-por-tres-1536x546.jpg 1536w, https:\/\/www.educa.itakaescolapios.org\/wp-content\/uploads\/2020\/11\/mano-click-verde-por-tres-2048x729.jpg 2048w, https:\/\/www.educa.itakaescolapios.org\/wp-content\/uploads\/2020\/11\/mano-click-verde-por-tres-250x89.jpg 250w\" sizes=\"(max-width: 200px) 100vw, 200px\" \/><\/a><\/li>\n<li class=\"page_item page-item-2745\"><a href=\"https:\/\/www.educa.itakaescolapios.org\/wp-content\/uploads\/2020\/12\/1-asamblea-imagina-fra.pdf\" target=\"_blank\" rel=\"noopener noreferrer\">ASSEMBL\u00c9E (8 \u00e0 +18)<\/a><\/li>\n<\/ul>\n<\/li>\n<\/ul>\n<p>&nbsp;<\/p>\n<p>&nbsp;<\/p>\n<p>&nbsp;<\/p>\n<p><img decoding=\"async\" loading=\"lazy\" class=\"aligncenter wp-image-2703\" src=\"https:\/\/www.educa.itakaescolapios.org\/wp-content\/uploads\/2020\/11\/JIWA_COLOR-recorte-1006x1024.jpg\" alt=\"\" width=\"840\" height=\"855\" srcset=\"https:\/\/www.educa.itakaescolapios.org\/wp-content\/uploads\/2020\/11\/JIWA_COLOR-recorte-1006x1024.jpg 1006w, https:\/\/www.educa.itakaescolapios.org\/wp-content\/uploads\/2020\/11\/JIWA_COLOR-recorte-295x300.jpg 295w, https:\/\/www.educa.itakaescolapios.org\/wp-content\/uploads\/2020\/11\/JIWA_COLOR-recorte-768x782.jpg 768w, https:\/\/www.educa.itakaescolapios.org\/wp-content\/uploads\/2020\/11\/JIWA_COLOR-recorte-1508x1536.jpg 1508w, https:\/\/www.educa.itakaescolapios.org\/wp-content\/uploads\/2020\/11\/JIWA_COLOR-recorte-2011x2048.jpg 2011w, https:\/\/www.educa.itakaescolapios.org\/wp-content\/uploads\/2020\/11\/JIWA_COLOR-recorte-250x255.jpg 250w\" sizes=\"(max-width: 840px) 100vw, 840px\" \/><\/p>","protected":false},"excerpt":{"rendered":"<p>&nbsp; La m\u00e9thodologie \u00ab Design for change &#8211; Design pour le changement \u00bb, dans un deuxi\u00e8me temps, te propose de synth\u00e9tiser ou de regrouper les id\u00e9es, [&hellip;]<\/p>\n","protected":false},"author":5,"featured_media":0,"parent":2618,"menu_order":4,"comment_status":"closed","ping_status":"closed","template":"","meta":[],"acf":[],"_links":{"self":[{"href":"https:\/\/www.educa.itakaescolapios.org\/fr\/wp-json\/wp\/v2\/pages\/2734"}],"collection":[{"href":"https:\/\/www.educa.itakaescolapios.org\/fr\/wp-json\/wp\/v2\/pages"}],"about":[{"href":"https:\/\/www.educa.itakaescolapios.org\/fr\/wp-json\/wp\/v2\/types\/page"}],"author":[{"embeddable":true,"href":"https:\/\/www.educa.itakaescolapios.org\/fr\/wp-json\/wp\/v2\/users\/5"}],"replies":[{"embeddable":true,"href":"https:\/\/www.educa.itakaescolapios.org\/fr\/wp-json\/wp\/v2\/comments?post=2734"}],"version-history":[{"count":51,"href":"https:\/\/www.educa.itakaescolapios.org\/fr\/wp-json\/wp\/v2\/pages\/2734\/revisions"}],"predecessor-version":[{"id":4248,"href":"https:\/\/www.educa.itakaescolapios.org\/fr\/wp-json\/wp\/v2\/pages\/2734\/revisions\/4248"}],"up":[{"embeddable":true,"href":"https:\/\/www.educa.itakaescolapios.org\/fr\/wp-json\/wp\/v2\/pages\/2618"}],"wp:attachment":[{"href":"https:\/\/www.educa.itakaescolapios.org\/fr\/wp-json\/wp\/v2\/media?parent=2734"}],"curies":[{"name":"wp","href":"https:\/\/api.w.org\/{rel}","templated":true}]}}