{"id":2758,"date":"2020-11-04T23:34:12","date_gmt":"2020-11-04T22:34:12","guid":{"rendered":"https:\/\/www.educa.itakaescolapios.org\/?page_id=2758"},"modified":"2020-11-24T13:26:16","modified_gmt":"2020-11-24T12:26:16","slug":"evolua","status":"publish","type":"page","link":"https:\/\/www.educa.itakaescolapios.org\/fr\/campanas\/2020-2021-reiniciando-para-transformar\/evolua","title":{"rendered":"\u00c9VALUE\/\u00c9VOLUE !!"},"content":{"rendered":"<p><\/p>\n<p style=\"text-align: justify;\"><img decoding=\"async\" loading=\"lazy\" class=\"alignright wp-image-2787\" src=\"https:\/\/www.educa.itakaescolapios.org\/wp-content\/uploads\/2020\/11\/EVOLUA-Cartel-DFC-516x730-2-251x300.png\" alt=\"\" width=\"350\" height=\"419\" srcset=\"https:\/\/www.educa.itakaescolapios.org\/wp-content\/uploads\/2020\/11\/EVOLUA-Cartel-DFC-516x730-2-251x300.png 251w, https:\/\/www.educa.itakaescolapios.org\/wp-content\/uploads\/2020\/11\/EVOLUA-Cartel-DFC-516x730-2-250x299.png 250w, https:\/\/www.educa.itakaescolapios.org\/wp-content\/uploads\/2020\/11\/EVOLUA-Cartel-DFC-516x730-2.png 437w\" sizes=\"(max-width: 350px) 100vw, 350px\" \/><\/p>\n<p>Le moment est venu de r\u00e9fl\u00e9chir, d\u2019<strong>\u00e9valuer<\/strong> l\u2019exp\u00e9rience v\u00e9cue et de trouver les cl\u00e9s pour <strong>\u00e9voluer <\/strong>en vue d\u2019actions futures. Cette phase est essentielle, car la croissance r\u00e9elle est la cons\u00e9quence de la r\u00e9flexion sur l\u2019exp\u00e9rience. <strong>Nous avons besoin de d\u00e9velopper la PENS\u00c9E CRITIQUE et de valoriser la capacit\u00e9 de nos actions.<\/strong><\/p>\n<p>Nous sommes dans la quatri\u00e8me phase de la m\u00e9thodologie \u00ab\u00a0Design for change &#8211; Design pour le changement\u00a0\u00bb, <strong><u>\u00c9VALUE\/\u00c9VOLUE<\/u><\/strong>.<\/p>\n<p>Nous vous proposons <strong>deux outils simples pour l\u2019\u00e9valuation<\/strong>, qui vous permettent de r\u00e9fl\u00e9chir et d\u2019imaginer vos projets \u00e0 l\u2019avenir.<\/p>\n<ol>\n<li><strong>Anecdotes\u00a0:<\/strong><\/li>\n<\/ol>\n<p>Demandez \u00e0 vos \u00e9l\u00e8ves de dessiner une anecdote qui s\u2019est produite pendant le projet et qui rappelle des \u00e9motions. Une fois qu\u2019ils ont fini les dessins, vous pouvez les partager en commentant chaque anecdote ou en les collant tous sur un tableau que tout le groupe peut voir.<\/p>\n<ol start=\"2\">\n<li><strong>Diff\u00e9rent\/difficile\/appris\u00a0:<\/strong><\/li>\n<\/ol>\n<p>S\u00e9par\u00e9s en groupes de trois, proposez-leur de trouver un accord d\u2019\u00e9quipe sur une chose qui leur a sembl\u00e9 diff\u00e9rente, une chose difficile et une chose qu\u2019ils ont appris. Demandez-leur d\u2019\u00e9crire un post-it et de le coller sur trois panneaux o\u00f9 figurent les questions\u00a0: Qu\u2019avons-nous trouv\u00e9 de diff\u00e9rent\u00a0?, Qu\u2019avons-nous trouv\u00e9 de difficile\u00a0? et Qu\u2019avons-nous appris\u00a0? Ensuite, vous pouvez les lire \u00e0 voix haute et en discuter avec tout le groupe.<\/p>\n<p>Ces deux outils pour l\u2019\u00e9valuation facilitent une r\u00e9flexion finale de groupe dans laquelle, de mani\u00e8re plus informelle, ils peuvent partager ce qu\u2019ils veulent.<\/p>\n<p>Prenez un peu de temps pour ce dernier moment de groupe, car les r\u00e9flexions les plus pr\u00e9cieuses pourraient se manifester ici.<\/p>","protected":false},"excerpt":{"rendered":"<p>Le moment est venu de r\u00e9fl\u00e9chir, d\u2019\u00e9valuer l\u2019exp\u00e9rience v\u00e9cue et de trouver les cl\u00e9s pour \u00e9voluer en vue d\u2019actions futures. Cette phase est essentielle, car la [&hellip;]<\/p>\n","protected":false},"author":5,"featured_media":0,"parent":2618,"menu_order":5,"comment_status":"closed","ping_status":"closed","template":"","meta":[],"acf":[],"_links":{"self":[{"href":"https:\/\/www.educa.itakaescolapios.org\/fr\/wp-json\/wp\/v2\/pages\/2758"}],"collection":[{"href":"https:\/\/www.educa.itakaescolapios.org\/fr\/wp-json\/wp\/v2\/pages"}],"about":[{"href":"https:\/\/www.educa.itakaescolapios.org\/fr\/wp-json\/wp\/v2\/types\/page"}],"author":[{"embeddable":true,"href":"https:\/\/www.educa.itakaescolapios.org\/fr\/wp-json\/wp\/v2\/users\/5"}],"replies":[{"embeddable":true,"href":"https:\/\/www.educa.itakaescolapios.org\/fr\/wp-json\/wp\/v2\/comments?post=2758"}],"version-history":[{"count":14,"href":"https:\/\/www.educa.itakaescolapios.org\/fr\/wp-json\/wp\/v2\/pages\/2758\/revisions"}],"predecessor-version":[{"id":3802,"href":"https:\/\/www.educa.itakaescolapios.org\/fr\/wp-json\/wp\/v2\/pages\/2758\/revisions\/3802"}],"up":[{"embeddable":true,"href":"https:\/\/www.educa.itakaescolapios.org\/fr\/wp-json\/wp\/v2\/pages\/2618"}],"wp:attachment":[{"href":"https:\/\/www.educa.itakaescolapios.org\/fr\/wp-json\/wp\/v2\/media?parent=2758"}],"curies":[{"name":"wp","href":"https:\/\/api.w.org\/{rel}","templated":true}]}}