{"id":284,"date":"2018-04-04T10:51:49","date_gmt":"2018-04-04T08:51:49","guid":{"rendered":"http:\/\/www.educa.itakaescolapios.org\/?page_id=284"},"modified":"2018-04-04T10:51:49","modified_gmt":"2018-04-04T08:51:49","slug":"recordando-la-campana-estamos-por-ti-educamos-contigo","status":"publish","type":"page","link":"https:\/\/www.educa.itakaescolapios.org\/fr\/campanas\/2014-2015-ven-y-veras-la-realidad-que-hay-detras\/recordando-la-campana-estamos-por-ti-educamos-contigo","title":{"rendered":"RECORDANDO LA CAMPA\u00d1A: \u00ab\u00a0ESTAMOS POR T\u00cd, EDUCAMOS CONTIGO\u00a0\u00bb"},"content":{"rendered":"<p class=\"qtranxs-available-languages-message qtranxs-available-languages-message-fr\">D\u00e9sol\u00e9, cet article est seulement disponible en <a href=\"https:\/\/www.educa.itakaescolapios.org\/es\/wp-json\/wp\/v2\/pages\/284\" class=\"qtranxs-available-language-link qtranxs-available-language-link-es\" title=\"Espa\u00f1ol\">Espagnol Europ\u00e9en<\/a>.<\/p><p><a style=\"font-size: 14.4444446563721px;\" href=\"http:\/\/www.itakaescolapios.org\/wp-content\/uploads\/2014\/11\/cartel.jpg\"><img decoding=\"async\" loading=\"lazy\" class=\" wp-image-10524 alignleft\" alt=\"cartel\" src=\"http:\/\/www.itakaescolapios.org\/wp-content\/uploads\/2014\/11\/cartel-214x300.jpg\" width=\"171\" height=\"240\" \/><\/a>Por medio del lema <b><i>Estamos por ti, educamos contigo<\/i><\/b><b><i>,<\/i><\/b> quisimos hacer part\u00edcipe a toda la comunidad educativa de cada centro de la labor que llevamos a cabo en alguno de los pa\u00edses donde las Escuelas P\u00edas est\u00e1n presentes; mostrar a los chavales estas realidades educativas en las que trabajamos y, en especial, las personas que all\u00ed desarrollan su misi\u00f3n; y sobre todo animarles a descubrir su don, su <i>\u201cpode<\/i>r\u201d, aquello que han desarrollado y pueden poner al servicio de los dem\u00e1s.<\/p>\n<p><span style=\"font-size: 14px; line-height: 1.5em;\">Para transmitir el mensaje de que todos somos capaces de lograr grandes avances en esta loable tarea, dise\u00f1amos una campa\u00f1a centrada en una pandilla de superh\u00e9roes,<\/span><i style=\"font-size: 14px; line-height: 1.5em;\"> <\/i><i style=\"font-size: 14px; line-height: 1.5em;\">los PORTI<\/i><span style=\"font-size: 14px; line-height: 1.5em;\">, dotados todos sus miembros de <\/span><i style=\"font-size: 14px; line-height: 1.5em;\">superpoderes<\/i><span style=\"font-size: 14px; line-height: 1.5em;\"> tan valiosos como la empat\u00eda, la alegr\u00eda, el conocimiento, la piedad, y la denuncia.<\/span><\/p>\n<p>N\u00famero de colegios que impulsamos la campa\u00f1a de solidaridad (en Espa\u00f1a):<\/p>\n<p style=\"text-align: center;\"><img decoding=\"async\" loading=\"lazy\" class=\"size-medium wp-image-10531 aligncenter\" alt=\"Numero de colegios\" src=\"http:\/\/www.itakaescolapios.org\/wp-content\/uploads\/2014\/10\/Numero-de-colegios-300x185.png\" width=\"300\" height=\"185\" \/><\/p>\n<p><span style=\"font-size: 14px; line-height: 1.5em;\">Dinero recaudado para apoyar los proyectos educativos escolapios m\u00e1s necesitados econ\u00f3micamente:<\/span><\/p>\n<p style=\"text-align: center;\"><a href=\"http:\/\/www.itakaescolapios.org\/wp-content\/uploads\/2014\/10\/dinero-recaudado.png\"><img decoding=\"async\" loading=\"lazy\" class=\"size-medium wp-image-10534 aligncenter\" alt=\"dinero recaudado\" src=\"http:\/\/www.itakaescolapios.org\/wp-content\/uploads\/2014\/10\/dinero-recaudado-300x164.png\" width=\"300\" height=\"164\" \/><\/a><\/p>\n<p><\/p>","protected":false},"excerpt":{"rendered":"<p>D\u00e9sol\u00e9, cet article est seulement disponible en Espagnol Europ\u00e9en.Por medio del lema Estamos por ti, educamos contigo, quisimos hacer part\u00edcipe a toda la comunidad educativa de [&hellip;]<\/p>\n","protected":false},"author":1,"featured_media":0,"parent":234,"menu_order":1,"comment_status":"closed","ping_status":"closed","template":"","meta":[],"acf":[],"_links":{"self":[{"href":"https:\/\/www.educa.itakaescolapios.org\/fr\/wp-json\/wp\/v2\/pages\/284"}],"collection":[{"href":"https:\/\/www.educa.itakaescolapios.org\/fr\/wp-json\/wp\/v2\/pages"}],"about":[{"href":"https:\/\/www.educa.itakaescolapios.org\/fr\/wp-json\/wp\/v2\/types\/page"}],"author":[{"embeddable":true,"href":"https:\/\/www.educa.itakaescolapios.org\/fr\/wp-json\/wp\/v2\/users\/1"}],"replies":[{"embeddable":true,"href":"https:\/\/www.educa.itakaescolapios.org\/fr\/wp-json\/wp\/v2\/comments?post=284"}],"version-history":[{"count":1,"href":"https:\/\/www.educa.itakaescolapios.org\/fr\/wp-json\/wp\/v2\/pages\/284\/revisions"}],"predecessor-version":[{"id":285,"href":"https:\/\/www.educa.itakaescolapios.org\/fr\/wp-json\/wp\/v2\/pages\/284\/revisions\/285"}],"up":[{"embeddable":true,"href":"https:\/\/www.educa.itakaescolapios.org\/fr\/wp-json\/wp\/v2\/pages\/234"}],"wp:attachment":[{"href":"https:\/\/www.educa.itakaescolapios.org\/fr\/wp-json\/wp\/v2\/media?parent=284"}],"curies":[{"name":"wp","href":"https:\/\/api.w.org\/{rel}","templated":true}]}}