{"id":2860,"date":"2020-11-06T09:46:20","date_gmt":"2020-11-06T08:46:20","guid":{"rendered":"https:\/\/www.educa.itakaescolapios.org\/?page_id=2860"},"modified":"2021-01-03T11:25:20","modified_gmt":"2021-01-03T10:25:20","slug":"transformando","status":"publish","type":"page","link":"https:\/\/www.educa.itakaescolapios.org\/fr\/campanas\/2020-2021-reiniciando-para-transformar\/actua\/transformando","title":{"rendered":"Transformer (8 \u00e0 +18)"},"content":{"rendered":"<p><img decoding=\"async\" loading=\"lazy\" class=\"alignright wp-image-2862\" src=\"https:\/\/www.educa.itakaescolapios.org\/wp-content\/uploads\/2020\/11\/MARINE_COLOR-recorte-150x150.jpg\" alt=\"\" width=\"350\" height=\"349\" srcset=\"https:\/\/www.educa.itakaescolapios.org\/wp-content\/uploads\/2020\/11\/MARINE_COLOR-recorte-150x150.jpg 150w, https:\/\/www.educa.itakaescolapios.org\/wp-content\/uploads\/2020\/11\/MARINE_COLOR-recorte-300x300.jpg 300w, https:\/\/www.educa.itakaescolapios.org\/wp-content\/uploads\/2020\/11\/MARINE_COLOR-recorte-1024x1020.jpg 1024w, https:\/\/www.educa.itakaescolapios.org\/wp-content\/uploads\/2020\/11\/MARINE_COLOR-recorte-768x765.jpg 768w, https:\/\/www.educa.itakaescolapios.org\/wp-content\/uploads\/2020\/11\/MARINE_COLOR-recorte-1536x1530.jpg 1536w, https:\/\/www.educa.itakaescolapios.org\/wp-content\/uploads\/2020\/11\/MARINE_COLOR-recorte-2048x2040.jpg 2048w, https:\/\/www.educa.itakaescolapios.org\/wp-content\/uploads\/2020\/11\/MARINE_COLOR-recorte-250x249.jpg 250w\" sizes=\"(max-width: 350px) 100vw, 350px\" \/><\/p>\n<p><strong>C\u2019est le moment de mettre en \u0153uvre la solution \u00e9labor\u00e9e.<\/strong><\/p>\n<p>Les \u00e9l\u00e8ves, les jeunes [&#8230;] et les repr\u00e9sentants pr\u00e9sents dans l\u2019assembl\u00e9e retournent en classe, par groupe&#8230; avec la possibilit\u00e9 d\u2019effectuer plusieurs actions. D\u00e9sormais, l\u2019objectif est de choisir celle qui sera la plus appropri\u00e9e.<\/p>\n<p>&nbsp;<\/p>\n<p><strong><a href=\"https:\/\/www.educa.itakaescolapios.org\/wp-content\/uploads\/2020\/12\/2-transformando-fra-1.pdf\" target=\"_blank\" rel=\"noopener noreferrer\">Fichier PDF : Transformer<\/a><\/strong><\/p>\n<p>&nbsp;<\/p>","protected":false},"excerpt":{"rendered":"<p>C\u2019est le moment de mettre en \u0153uvre la solution \u00e9labor\u00e9e. Les \u00e9l\u00e8ves, les jeunes [&#8230;] et les repr\u00e9sentants pr\u00e9sents dans l\u2019assembl\u00e9e retournent en classe, par groupe&#8230; [&hellip;]<\/p>\n","protected":false},"author":5,"featured_media":0,"parent":2751,"menu_order":2,"comment_status":"closed","ping_status":"closed","template":"","meta":[],"acf":[],"_links":{"self":[{"href":"https:\/\/www.educa.itakaescolapios.org\/fr\/wp-json\/wp\/v2\/pages\/2860"}],"collection":[{"href":"https:\/\/www.educa.itakaescolapios.org\/fr\/wp-json\/wp\/v2\/pages"}],"about":[{"href":"https:\/\/www.educa.itakaescolapios.org\/fr\/wp-json\/wp\/v2\/types\/page"}],"author":[{"embeddable":true,"href":"https:\/\/www.educa.itakaescolapios.org\/fr\/wp-json\/wp\/v2\/users\/5"}],"replies":[{"embeddable":true,"href":"https:\/\/www.educa.itakaescolapios.org\/fr\/wp-json\/wp\/v2\/comments?post=2860"}],"version-history":[{"count":20,"href":"https:\/\/www.educa.itakaescolapios.org\/fr\/wp-json\/wp\/v2\/pages\/2860\/revisions"}],"predecessor-version":[{"id":4253,"href":"https:\/\/www.educa.itakaescolapios.org\/fr\/wp-json\/wp\/v2\/pages\/2860\/revisions\/4253"}],"up":[{"embeddable":true,"href":"https:\/\/www.educa.itakaescolapios.org\/fr\/wp-json\/wp\/v2\/pages\/2751"}],"wp:attachment":[{"href":"https:\/\/www.educa.itakaescolapios.org\/fr\/wp-json\/wp\/v2\/media?parent=2860"}],"curies":[{"name":"wp","href":"https:\/\/api.w.org\/{rel}","templated":true}]}}