{"id":294,"date":"2018-04-04T10:55:07","date_gmt":"2018-04-04T08:55:07","guid":{"rendered":"http:\/\/www.educa.itakaescolapios.org\/?page_id=294"},"modified":"2018-04-04T10:55:07","modified_gmt":"2018-04-04T08:55:07","slug":"mira-y-entenderas","status":"publish","type":"page","link":"https:\/\/www.educa.itakaescolapios.org\/fr\/campanas\/2014-2015-ven-y-veras-la-realidad-que-hay-detras\/mira-y-entenderas","title":{"rendered":"MIRA Y ENTENDER\u00c1S"},"content":{"rendered":"<p class=\"qtranxs-available-languages-message qtranxs-available-languages-message-fr\">D\u00e9sol\u00e9, cet article est seulement disponible en <a href=\"https:\/\/www.educa.itakaescolapios.org\/es\/wp-json\/wp\/v2\/pages\/294\" class=\"qtranxs-available-language-link qtranxs-available-language-link-es\" title=\"Espa\u00f1ol\">Espagnol Europ\u00e9en<\/a>.<\/p><p><\/p>\n<p style=\"text-align: center;\"><a href=\"http:\/\/www.itakaescolapios.org\/wp-content\/uploads\/2014\/10\/Captura-de-pantalla.png\"><img decoding=\"async\" loading=\"lazy\" class=\"aligncenter  wp-image-10574\" alt=\"Captura de pantalla\" src=\"http:\/\/www.itakaescolapios.org\/wp-content\/uploads\/2014\/10\/Captura-de-pantalla-1024x446.png\" width=\"517\" height=\"225\" \/><\/a><\/p>\n<p style=\"text-align: justify;\">Desde la Fundaci\u00f3n Itaka-Escolapios compartimos misi\u00f3n en diferentes pa\u00edses como Camer\u00fan, India, Brasil, Bolivia, Venezuela, Rep\u00fablica Dominicana, Espa\u00f1a\u2026 apostando por la educaci\u00f3n como la mejor manera de transformar el mundo.<\/p>\n<p style=\"text-align: justify;\">En dicho pa\u00edses las realidades, contextos y necesidades son muy diversas, por ello a trav\u00e9s de esta din\u00e1mica MIRA Y ENTENDER\u00c1S queremos invitaros a abrir vuestra mirada y descubrir lo que hay detr\u00e1s de las obras escolapias.<\/p>\n<p style=\"text-align: justify;\">En cada ficha podr\u00e9is conocer c\u00f3mo son las OBRAS d\u00f3nde los escolapios realizan su labor: el pa\u00eds, ciudad y barrio en el que est\u00e1n ubicadas, las familias, los ni\u00f1os y ni\u00f1as con los que trabajamos, su realidad educativa (escuela, internado, centro cultural\u2026) y a qu\u00e9 dedican su tiempo libre.<\/p>\n<p style=\"text-align: justify;\">El mirar los diferentes contextos a trav\u00e9s de la informaci\u00f3n que nos proporcionan las personas de los diferentes pa\u00edses en los que hay presencia escolapia, nos ayudar\u00e1 a entender su realidad y ver a trav\u00e9s de sus ojos.<\/p>\n<p style=\"text-align: justify;\">La actividad tambi\u00e9n se puede complementar con la creaci\u00f3n de cada ni\u00f1o de su ficha MIRA Y ENTENDER\u00c1S. D\u00f3nde describan su propia realidad. Dependiendo de las edades puede ser con dibujos, im\u00e1genes, informaci\u00f3n\u2026<\/p>\n<p style=\"text-align: justify;\"><span style=\"color: #008000;\"><strong><span style=\"text-decoration: underline;\">Pinchando en los s\u00edmbolos que representan a cada uno de los pa\u00edses podr\u00e1s descargarte las fichas de actividad<\/span>:<\/strong><\/span><\/p>\n<h2 style=\"text-align: justify;\"><\/h2>\n<h2 style=\"text-align: justify;\">INFANTIL<\/h2>\n<p><a style=\"font-size: 14.4444446563721px;\" href=\"http:\/\/www.itakaescolapios.org\/?p=10791\" target=\"_blank\"><img decoding=\"async\" loading=\"lazy\" class=\" wp-image-10578 alignleft\" alt=\"India\" src=\"http:\/\/www.itakaescolapios.org\/wp-content\/uploads\/2014\/10\/India.jpg\" width=\"119\" height=\"79\" \/><\/a><\/p>\n<h2 style=\"text-align: justify;\"><a href=\"http:\/\/www.itakaescolapios.org\/?p=10702\" target=\"_blank\"><img decoding=\"async\" loading=\"lazy\" class=\"wp-image-10602 alignnone\" alt=\"Indonesia\" src=\"http:\/\/www.itakaescolapios.org\/wp-content\/uploads\/2014\/10\/Indonesia1.png\" width=\"119\" height=\"79\" \/><\/a> <a href=\"http:\/\/www.itakaescolapios.org\/?p=10767\" target=\"_blank\"><img decoding=\"async\" loading=\"lazy\" class=\"wp-image-10604 alignnone\" alt=\"bolivia\" src=\"http:\/\/www.itakaescolapios.org\/wp-content\/uploads\/2014\/10\/bolivia.jpg\" width=\"119\" height=\"79\" \/><\/a> <a href=\"http:\/\/www.itakaescolapios.org\/?p=10774\" target=\"_blank\"><img decoding=\"async\" loading=\"lazy\" class=\" wp-image-10607 alignnone\" alt=\"brasil\" src=\"http:\/\/www.itakaescolapios.org\/wp-content\/uploads\/2014\/10\/brasil-300x200.gif\" width=\"119\" height=\"79\" \/><\/a><\/h2>\n<h2 style=\"text-align: justify;\"><\/h2>\n<p><a href=\"http:\/\/www.itakaescolapios.org\/?p=10783\" target=\"_blank\"><img decoding=\"async\" loading=\"lazy\" class=\" wp-image-10550 alignnone\" alt=\"cm\" src=\"http:\/\/www.itakaescolapios.org\/wp-content\/uploads\/2014\/10\/cm-300x200.png\" width=\"119\" height=\"79\" \/><\/a>   <a href=\"http:\/\/www.itakaescolapios.org\/?p=10736\" target=\"_blank\"><img decoding=\"async\" loading=\"lazy\" class=\" wp-image-10611 alignnone\" alt=\"Nicaragua\" src=\"http:\/\/www.itakaescolapios.org\/wp-content\/uploads\/2014\/10\/Nicaragua-300x180.jpg\" width=\"119\" height=\"79\" \/><\/a>  <a href=\"http:\/\/www.itakaescolapios.org\/?p=10668\" target=\"_blank\"><img decoding=\"async\" loading=\"lazy\" class=\" wp-image-10614 alignnone\" alt=\"Dominicana\" src=\"http:\/\/www.itakaescolapios.org\/wp-content\/uploads\/2014\/10\/Dominicana-300x207.jpg\" width=\"119\" height=\"79\" \/><\/a>  <a class=\"http:\/\/www.itakaescolapios.org\/campanas\/2014-2015-ven-y-veras-la-realidad-que-hay-detras\/los-ninos-y-ninas-nos-cuentan-los-proyectos\/\" href=\"http:\/\/www.itakaescolapios.org\/?p=10750\" target=\"_blank\"><img decoding=\"async\" loading=\"lazy\" class=\" wp-image-10616 alignnone\" alt=\"Venezuela\" src=\"http:\/\/www.itakaescolapios.org\/wp-content\/uploads\/2014\/10\/Venezuela.jpg\" width=\"119\" height=\"79\" \/><\/a><\/p>\n<h2>PRIMARIA<\/h2>\n<p><a href=\"http:\/\/www.itakaescolapios.org\/?p=10791\" target=\"_blank\"><img decoding=\"async\" loading=\"lazy\" class=\" wp-image-10620 alignnone\" alt=\"India en Asia\" src=\"http:\/\/www.itakaescolapios.org\/wp-content\/uploads\/2014\/10\/India-en-Asia1-300x191.png\" width=\"122\" height=\"77\" \/><\/a> <a href=\"http:\/\/www.itakaescolapios.org\/?p=10702\" target=\"_blank\"><img decoding=\"async\" loading=\"lazy\" class=\" wp-image-10624 alignnone\" alt=\"Map Indonesia\" src=\"http:\/\/www.itakaescolapios.org\/wp-content\/uploads\/2014\/10\/Map-Indonesia-300x172.png\" width=\"122\" height=\"77\" \/><\/a> <a href=\"http:\/\/www.itakaescolapios.org\/?p=10668\" target=\"_blank\"><img decoding=\"async\" loading=\"lazy\" class=\" wp-image-10629 alignnone\" alt=\"Dominicana en Centro Am\u00e9rica\" src=\"http:\/\/www.itakaescolapios.org\/wp-content\/uploads\/2014\/10\/Dominicana-en-Centro-Am\u00e9rica-300x183.png\" width=\"122\" height=\"77\" \/><\/a> <a href=\"http:\/\/www.itakaescolapios.org\/?p=10736\" target=\"_blank\"><img decoding=\"async\" loading=\"lazy\" class=\" wp-image-10631 alignnone\" alt=\"Nicaragua en Centro Am\u00e9rica\" src=\"http:\/\/www.itakaescolapios.org\/wp-content\/uploads\/2014\/10\/Nicaragua-en-Centro-Am\u00e9rica-300x170.png\" width=\"122\" height=\"77\" \/><\/a> <a href=\"http:\/\/www.itakaescolapios.org\/?p=10767\" target=\"_blank\"><img decoding=\"async\" loading=\"lazy\" class=\" wp-image-10627 alignnone\" alt=\"Bolivia en Sudam\u00e9rica\" src=\"http:\/\/www.itakaescolapios.org\/wp-content\/uploads\/2014\/10\/Bolivia-en-Sudam\u00e9rica-210x300.png\" width=\"122\" height=\"174\" \/><\/a> <a href=\"http:\/\/www.itakaescolapios.org\/?p=10774\" target=\"_blank\"><img decoding=\"async\" loading=\"lazy\" class=\" wp-image-10637 alignnone\" alt=\"Brasil en Sudam\u00e9rica\" src=\"http:\/\/www.itakaescolapios.org\/wp-content\/uploads\/2014\/10\/Brasil-en-Sudam\u00e9rica-210x300.png\" width=\"122\" height=\"174\" \/><\/a> <a href=\"http:\/\/www.itakaescolapios.org\/?p=10750\" target=\"_blank\"><img decoding=\"async\" loading=\"lazy\" class=\" wp-image-10638 alignnone\" alt=\"Venezuela en Sudam\u00e9rica\" src=\"http:\/\/www.itakaescolapios.org\/wp-content\/uploads\/2014\/10\/Venezuela-en-Sudam\u00e9rica-210x300.png\" width=\"122\" height=\"174\" \/><\/a> <a href=\"http:\/\/www.itakaescolapios.org\/?p=10783\" target=\"_blank\"><img decoding=\"async\" loading=\"lazy\" class=\" wp-image-10640 alignnone\" alt=\"camerun en Africa\" src=\"http:\/\/www.itakaescolapios.org\/wp-content\/uploads\/2014\/10\/camerun-en-Africa1-268x300.png\" width=\"122\" height=\"174\" \/><\/a><\/p>\n<h2>SECUNDARIA \/ BACHILLERATO<\/h2>\n<p><a href=\"http:\/\/www.itakaescolapios.org\/india-2\/\" target=\"_blank\"><img decoding=\"async\" loading=\"lazy\" class=\" wp-image-10642 alignnone\" alt=\"Map India\" src=\"http:\/\/www.itakaescolapios.org\/wp-content\/uploads\/2014\/10\/Map-India1-270x300.gif\" width=\"153\" height=\"170\" \/><\/a>  <a href=\"http:\/\/www.itakaescolapios.org\/?p=10702\" target=\"_blank\"><img decoding=\"async\" loading=\"lazy\" class=\" wp-image-10645 alignnone\" alt=\"Map Indonesia\" src=\"http:\/\/www.itakaescolapios.org\/wp-content\/uploads\/2014\/10\/Map-Indonesia1-300x172.png\" width=\"173\" height=\"99\" \/><\/a> <a href=\"http:\/\/www.itakaescolapios.org\/?p=10767\" target=\"_blank\"><img decoding=\"async\" loading=\"lazy\" class=\" wp-image-10649 alignnone\" alt=\"Map Bolivia\" src=\"http:\/\/www.itakaescolapios.org\/wp-content\/uploads\/2014\/10\/Map-Bolivia-266x300.jpg\" width=\"153\" height=\"170\" \/><\/a> . <a href=\"http:\/\/www.itakaescolapios.org\/?p=10774\" target=\"_blank\"><img decoding=\"async\" loading=\"lazy\" class=\" wp-image-10652 alignnone\" alt=\"Map Brasil\" src=\"http:\/\/www.itakaescolapios.org\/wp-content\/uploads\/2014\/10\/Map-Brasil-300x272.jpg\" width=\"162\" height=\"147\" \/><\/a> <a href=\"http:\/\/www.itakaescolapios.org\/?p=10736\" target=\"_blank\"><img decoding=\"async\" loading=\"lazy\" class=\" wp-image-10654 alignnone\" alt=\"Map Nicaragua\" src=\"http:\/\/www.itakaescolapios.org\/wp-content\/uploads\/2014\/10\/Map-Nicaragua-300x292.jpg\" width=\"162\" height=\"158\" \/><\/a> <a href=\"http:\/\/www.itakaescolapios.org\/?p=10668\" target=\"_blank\"><img decoding=\"async\" loading=\"lazy\" class=\" wp-image-10656 alignnone\" alt=\"Map Domincana\" src=\"http:\/\/www.itakaescolapios.org\/wp-content\/uploads\/2014\/10\/Map-Domincana-300x215.jpg\" width=\"168\" height=\"121\" \/><\/a>   <a href=\"http:\/\/www.itakaescolapios.org\/republica-boliviariana-de-venezuela\/\" target=\"_blank\"><img decoding=\"async\" loading=\"lazy\" class=\" wp-image-10658 alignnone\" alt=\"Map Venezuela\" src=\"http:\/\/www.itakaescolapios.org\/wp-content\/uploads\/2014\/10\/Map-Venezuela-300x230.gif\" width=\"162\" height=\"124\" \/><\/a> <a href=\"http:\/\/www.itakaescolapios.org\/?p=10783\" target=\"_blank\"><img decoding=\"async\" loading=\"lazy\" class=\" wp-image-10659 alignnone\" alt=\"Map Camer\u00fan\" src=\"http:\/\/www.itakaescolapios.org\/wp-content\/uploads\/2014\/10\/Map-Camer\u00fan-207x300.jpg\" width=\"133\" height=\"192\" \/><\/a><\/p>","protected":false},"excerpt":{"rendered":"<p>D\u00e9sol\u00e9, cet article est seulement disponible en Espagnol Europ\u00e9en. Desde la Fundaci\u00f3n Itaka-Escolapios compartimos misi\u00f3n en diferentes pa\u00edses como Camer\u00fan, India, Brasil, Bolivia, Venezuela, Rep\u00fablica Dominicana, [&hellip;]<\/p>\n","protected":false},"author":1,"featured_media":0,"parent":234,"menu_order":6,"comment_status":"closed","ping_status":"closed","template":"","meta":[],"acf":[],"_links":{"self":[{"href":"https:\/\/www.educa.itakaescolapios.org\/fr\/wp-json\/wp\/v2\/pages\/294"}],"collection":[{"href":"https:\/\/www.educa.itakaescolapios.org\/fr\/wp-json\/wp\/v2\/pages"}],"about":[{"href":"https:\/\/www.educa.itakaescolapios.org\/fr\/wp-json\/wp\/v2\/types\/page"}],"author":[{"embeddable":true,"href":"https:\/\/www.educa.itakaescolapios.org\/fr\/wp-json\/wp\/v2\/users\/1"}],"replies":[{"embeddable":true,"href":"https:\/\/www.educa.itakaescolapios.org\/fr\/wp-json\/wp\/v2\/comments?post=294"}],"version-history":[{"count":1,"href":"https:\/\/www.educa.itakaescolapios.org\/fr\/wp-json\/wp\/v2\/pages\/294\/revisions"}],"predecessor-version":[{"id":295,"href":"https:\/\/www.educa.itakaescolapios.org\/fr\/wp-json\/wp\/v2\/pages\/294\/revisions\/295"}],"up":[{"embeddable":true,"href":"https:\/\/www.educa.itakaescolapios.org\/fr\/wp-json\/wp\/v2\/pages\/234"}],"wp:attachment":[{"href":"https:\/\/www.educa.itakaescolapios.org\/fr\/wp-json\/wp\/v2\/media?parent=294"}],"curies":[{"name":"wp","href":"https:\/\/api.w.org\/{rel}","templated":true}]}}