{"id":298,"date":"2018-04-04T10:55:55","date_gmt":"2018-04-04T08:55:55","guid":{"rendered":"http:\/\/www.educa.itakaescolapios.org\/?page_id=298"},"modified":"2018-04-04T10:55:55","modified_gmt":"2018-04-04T08:55:55","slug":"carteleria","status":"publish","type":"page","link":"https:\/\/www.educa.itakaescolapios.org\/fr\/campanas\/2014-2015-ven-y-veras-la-realidad-que-hay-detras\/carteleria","title":{"rendered":"CARTELER\u00cdA"},"content":{"rendered":"<p class=\"qtranxs-available-languages-message qtranxs-available-languages-message-fr\">D\u00e9sol\u00e9, cet article est seulement disponible en <a href=\"https:\/\/www.educa.itakaescolapios.org\/es\/wp-json\/wp\/v2\/pages\/298\" class=\"qtranxs-available-language-link qtranxs-available-language-link-es\" title=\"Espa\u00f1ol\">Espagnol Europ\u00e9en<\/a>.<\/p><p>Pincha sobre la imagen para descargarte el cartel de la campa\u00f1a.<\/p>\n<p><a href=\"http:\/\/www.itakaescolapios.org\/wp-content\/uploads\/2014\/10\/cartel-campa\u00f1a-2014-15castellano-2-BAJARESOL.jpg\"><img decoding=\"async\" loading=\"lazy\" class=\" wp-image-10880 alignnone\" alt=\"cartel campa\u00f1a 2014-15castellano 2 BAJARESOL\" src=\"http:\/\/www.itakaescolapios.org\/wp-content\/uploads\/2014\/10\/cartel-campa\u00f1a-2014-15castellano-2-BAJARESOL-300x214.jpg\" width=\"210\" height=\"150\" \/><\/a>            <a href=\"http:\/\/www.itakaescolapios.org\/wp-content\/uploads\/2014\/10\/cartel-campa\u00f1a-2014-15ingles-2-BAJARESOL.jpg\"><img decoding=\"async\" loading=\"lazy\" class=\" wp-image-10883 alignnone\" alt=\"cartel campa\u00f1a 2014-15ingles 2 BAJARESOL\" src=\"http:\/\/www.itakaescolapios.org\/wp-content\/uploads\/2014\/10\/cartel-campa\u00f1a-2014-15ingles-2-BAJARESOL-300x214.jpg\" width=\"210\" height=\"150\" \/><\/a><\/p>\n<p><a href=\"http:\/\/www.itakaescolapios.org\/wp-content\/uploads\/2014\/10\/cartel-campa\u00f1a-2014-15euskera-2.jpg\"><img decoding=\"async\" loading=\"lazy\" class=\" wp-image-10887 alignnone\" alt=\"cartel campa\u00f1a 2014-15euskera 2\" src=\"http:\/\/www.itakaescolapios.org\/wp-content\/uploads\/2014\/10\/cartel-campa\u00f1a-2014-15euskera-2-300x214.jpg\" width=\"210\" height=\"150\" \/><\/a><\/p>\n<p>Es los siguientes archivos puedes descargarte los carteles en alta resoluci\u00f3n, preparados ya para la imprenta:<\/p>\n<h1><a href=\"http:\/\/www.itakaescolapios.org\/wp-content\/uploads\/2014\/10\/cartel-campa\u00f1a-2014-15castellano-2IMPRENTA.pdf\" target=\"_blank\">VEN y VER\u00c1S, la realidad que hay detr\u00e1s<\/a><\/h1>\n<p>&nbsp;<\/p>\n<h1><a href=\"http:\/\/www.itakaescolapios.org\/wp-content\/uploads\/2014\/10\/cartel-campa\u00f1a-2014-15ingles-2-IMPRENTA.pdf\" target=\"_blank\">COME and SEE, the reality behind<\/a><\/h1>\n<p>&nbsp;<\/p>\n<h1><a href=\"http:\/\/www.itakaescolapios.org\/wp-content\/uploads\/2014\/10\/cartel-campa\u00f1a-2014-15euskera-2-IMPRENTA.pdf\" target=\"_blank\">ZATOZ IKUSTERA, denon errealitatea<\/a><\/h1>\n<p><\/p>","protected":false},"excerpt":{"rendered":"<p>D\u00e9sol\u00e9, cet article est seulement disponible en Espagnol Europ\u00e9en.Pincha sobre la imagen para descargarte el cartel de la campa\u00f1a. Es los siguientes archivos puedes descargarte los [&hellip;]<\/p>\n","protected":false},"author":1,"featured_media":0,"parent":234,"menu_order":8,"comment_status":"closed","ping_status":"closed","template":"","meta":[],"acf":[],"_links":{"self":[{"href":"https:\/\/www.educa.itakaescolapios.org\/fr\/wp-json\/wp\/v2\/pages\/298"}],"collection":[{"href":"https:\/\/www.educa.itakaescolapios.org\/fr\/wp-json\/wp\/v2\/pages"}],"about":[{"href":"https:\/\/www.educa.itakaescolapios.org\/fr\/wp-json\/wp\/v2\/types\/page"}],"author":[{"embeddable":true,"href":"https:\/\/www.educa.itakaescolapios.org\/fr\/wp-json\/wp\/v2\/users\/1"}],"replies":[{"embeddable":true,"href":"https:\/\/www.educa.itakaescolapios.org\/fr\/wp-json\/wp\/v2\/comments?post=298"}],"version-history":[{"count":1,"href":"https:\/\/www.educa.itakaescolapios.org\/fr\/wp-json\/wp\/v2\/pages\/298\/revisions"}],"predecessor-version":[{"id":299,"href":"https:\/\/www.educa.itakaescolapios.org\/fr\/wp-json\/wp\/v2\/pages\/298\/revisions\/299"}],"up":[{"embeddable":true,"href":"https:\/\/www.educa.itakaescolapios.org\/fr\/wp-json\/wp\/v2\/pages\/234"}],"wp:attachment":[{"href":"https:\/\/www.educa.itakaescolapios.org\/fr\/wp-json\/wp\/v2\/media?parent=298"}],"curies":[{"name":"wp","href":"https:\/\/api.w.org\/{rel}","templated":true}]}}