{"id":318,"date":"2018-04-04T11:01:18","date_gmt":"2018-04-04T09:01:18","guid":{"rendered":"http:\/\/www.educa.itakaescolapios.org\/?page_id=318"},"modified":"2018-04-04T11:01:18","modified_gmt":"2018-04-04T09:01:18","slug":"carteleria","status":"publish","type":"page","link":"https:\/\/www.educa.itakaescolapios.org\/fr\/campanas\/2015-2016-al-encuentro-con-atambua\/carteleria","title":{"rendered":"CARTELER\u00cdA"},"content":{"rendered":"<p class=\"qtranxs-available-languages-message qtranxs-available-languages-message-fr\">D\u00e9sol\u00e9, cet article est seulement disponible en <a href=\"https:\/\/www.educa.itakaescolapios.org\/es\/wp-json\/wp\/v2\/pages\/318\" class=\"qtranxs-available-language-link qtranxs-available-language-link-es\" title=\"Espa\u00f1ol\">Espagnol Europ\u00e9en<\/a>.<\/p><p><a href=\"http:\/\/www.itakaescolapios.org\/wp-content\/uploads\/2015\/11\/cartel-campa\u00f1a-1516-web.jpg\"><img decoding=\"async\" loading=\"lazy\" class=\"alignleft  wp-image-15165\" alt=\"cartel campa\u00f1a 1516 web\" src=\"http:\/\/www.itakaescolapios.org\/wp-content\/uploads\/2015\/11\/cartel-campa\u00f1a-1516-web-1024x731.jpg\" width=\"502\" height=\"358\" \/><\/a><\/p>\n<p>Desc\u00e1rgate la carteler\u00eda e im\u00e1genes de la campa\u00f1a, pinchado en cada uno de los enlaces:<\/p>\n<table width=\"254\" border=\"1\" cellspacing=\"0\" cellpadding=\"0\">\n<colgroup>\n<col width=\"107\" \/>\n<col width=\"139\" \/><\/colgroup>\n<tbody>\n<tr>\n<td colspan=\"2\" width=\"246\">\n<p align=\"center\"><strong>TRIPULACI\u00d3N ITAKA ESCOLAPIOS<\/strong><\/p>\n<\/td>\n<\/tr>\n<tr>\n<td>\n<p align=\"center\"><strong>IMAGEN <\/strong><\/p>\n<\/td>\n<td width=\"139\">\n<p align=\"center\">IMAGEN PARA <strong>COLOREAR<\/strong><\/p>\n<\/td>\n<\/tr>\n<tr>\n<td>\n<p align=\"center\"><strong><a href=\"http:\/\/www.itakaescolapios.org\/wp-content\/uploads\/2015\/11\/NAVE-ITAKA-ESCOLAPIOS.pdf\">BARCO<\/a><\/strong><\/p>\n<\/td>\n<td>\n<p align=\"center\"><strong><a href=\"http:\/\/www.itakaescolapios.org\/wp-content\/uploads\/2015\/11\/NAVE-ITAKA-ESCOLAPIOS1.pdf\">BARCO<\/a><\/strong><\/p>\n<p align=\"center\">\n<\/td>\n<\/tr>\n<tr>\n<td>\n<p align=\"center\"><strong><a href=\"http:\/\/www.itakaescolapios.org\/wp-content\/uploads\/2015\/11\/CALASANZ.pdf\">CALASANZ<\/a><\/strong><\/p>\n<\/td>\n<td>\n<p align=\"center\"><strong><a href=\"http:\/\/www.itakaescolapios.org\/wp-content\/uploads\/2015\/11\/CALASANZ1.pdf\">CALASANZ<\/a><\/strong><\/p>\n<\/td>\n<\/tr>\n<tr>\n<td>\n<p align=\"center\"><strong><a href=\"http:\/\/www.itakaescolapios.org\/wp-content\/uploads\/2015\/11\/BLA.pdf\">BLA<\/a><\/strong><\/p>\n<\/td>\n<td>\n<p align=\"center\"><strong><a href=\"http:\/\/www.itakaescolapios.org\/wp-content\/uploads\/2015\/11\/BLA1.pdf\">BLA<\/a><\/strong><\/p>\n<p align=\"center\">\n<\/td>\n<\/tr>\n<tr>\n<td>\n<p align=\"center\"><strong><a href=\"http:\/\/www.itakaescolapios.org\/wp-content\/uploads\/2015\/11\/JIWA.pdf\">JIWA<\/a><\/strong><\/p>\n<p align=\"center\">\n<\/td>\n<td>\n<p align=\"center\"><strong><a href=\"http:\/\/www.itakaescolapios.org\/wp-content\/uploads\/2015\/11\/JIWA1.pdf\">JIWA<\/a><\/strong><\/p>\n<p align=\"center\">\n<\/td>\n<\/tr>\n<tr>\n<td>\n<p align=\"center\"><strong><a href=\"http:\/\/www.itakaescolapios.org\/wp-content\/uploads\/2015\/11\/LOOK.pdf\">LOOK<\/a><\/strong><\/p>\n<\/td>\n<td>\n<p align=\"center\"><strong><a href=\"http:\/\/www.itakaescolapios.org\/wp-content\/uploads\/2015\/11\/LOOK1.pdf\">LOOK<\/a><\/strong><\/p>\n<p align=\"center\">\n<\/td>\n<\/tr>\n<tr>\n<td>\n<p align=\"center\"><strong><a href=\"http:\/\/www.itakaescolapios.org\/wp-content\/uploads\/2015\/11\/MARINE.pdf\">MARINE<\/a><\/strong><\/p>\n<p align=\"center\">\n<\/td>\n<td>\n<p align=\"center\"><strong><a href=\"http:\/\/www.itakaescolapios.org\/wp-content\/uploads\/2015\/11\/MARINE1.pdf\">MARINE<\/a><\/strong><\/p>\n<p align=\"center\">\n<\/td>\n<\/tr>\n<tr>\n<td>\n<p align=\"center\"><strong><a href=\"http:\/\/www.itakaescolapios.org\/wp-content\/uploads\/2015\/11\/SUKAL.pdf\">SUKAL<\/a><\/strong><\/p>\n<p align=\"center\">\n<\/td>\n<td>\n<p align=\"center\"><strong><a href=\"http:\/\/www.itakaescolapios.org\/wp-content\/uploads\/2015\/11\/SUKAL1.pdf\">SUKAL<\/a><\/strong><\/p>\n<p align=\"center\">\n<\/td>\n<\/tr>\n<\/tbody>\n<\/table>\n<table width=\"349\" border=\"1\" cellspacing=\"0\" cellpadding=\"0\">\n<tbody>\n<tr>\n<td width=\"194\">\n<p align=\"center\">CARTEL <strong>AGRADECIMIENTO<\/strong> CAMPA\u00d1A \u00ab\u00a0VEN   Y VER\u00c1S LA REALIDAD QUE HAY DETR\u00c1S\u00a0\u00bb<\/p>\n<\/td>\n<td width=\"136\">\n<p align=\"center\"><strong>CARTEL<\/strong> CAMPA\u00d1A   <strong>\u00ab\u00a0AL ENCUENTRO CON ATAMBUA\u00a0\u00bb<\/strong><\/p>\n<\/td>\n<\/tr>\n<tr>\n<td>\n<p align=\"center\"><strong><a href=\"http:\/\/www.itakaescolapios.org\/wp-content\/uploads\/2015\/11\/CARTEL-GRACIAS-2015-CASTELLANO.pdf\">ESPA\u00d1OL<\/a><\/strong><\/p>\n<\/td>\n<td>\n<p align=\"center\"><strong><a href=\"http:\/\/www.itakaescolapios.org\/wp-content\/uploads\/2015\/11\/cartel-campa\u00f1a-ESPA\u00d1OL-IMPR-50X70+3MMSANGRE.pdf\">ESPA\u00d1OL<\/a><\/strong><\/p>\n<p align=\"center\">\n<\/td>\n<\/tr>\n<tr>\n<td>\n<p align=\"center\"><strong><a href=\"http:\/\/www.itakaescolapios.org\/wp-content\/uploads\/2015\/11\/CARTEL-GRACIAS-2015-EUSKERA.pdf\">EUSKERA<\/a><\/strong><\/p>\n<\/td>\n<td>\n<p align=\"center\"><strong><a href=\"http:\/\/www.itakaescolapios.org\/wp-content\/uploads\/2015\/11\/cartel-campa\u00f1a-EUSKERA-IMPR-50X70+3MMSANGRE.pdf\">EUSKERA<\/a><\/strong><\/p>\n<p align=\"center\">\n<\/td>\n<\/tr>\n<tr>\n<td><\/td>\n<td>\n<p align=\"center\"><strong><a href=\"http:\/\/www.itakaescolapios.org\/wp-content\/uploads\/2015\/11\/cartel-campa\u00f1a-GALLEGO-IMPR-50X70+3MMSANGRE.pdf\">GALLEGO<\/a><\/strong><\/p>\n<p align=\"center\">\n<\/td>\n<\/tr>\n<tr>\n<td><\/td>\n<td>\n<p align=\"center\"><strong><a href=\"http:\/\/www.itakaescolapios.org\/wp-content\/uploads\/2015\/11\/cartel-campa\u00f1a-INGLES-IMPR-50X70+3MMSANGRE.pdf\">INGLES<\/a><\/strong><\/p>\n<p align=\"center\">\n<\/td>\n<\/tr>\n<tr>\n<td><\/td>\n<td>\n<p align=\"center\"><strong><a href=\"http:\/\/www.itakaescolapios.org\/wp-content\/uploads\/2015\/11\/cartel-campa\u00f1a-BRASIL-IMPR-50X70+3MMSANGRE.pdf\">PORTUGU\u00c9S<\/a><\/strong><\/p>\n<p align=\"center\">\n<\/td>\n<\/tr>\n<tr>\n<td>\n<p align=\"center\"><strong><a href=\"http:\/\/www.itakaescolapios.org\/wp-content\/uploads\/2015\/11\/CARTEL-GRACIAS-2015-VALENCIANO.pdf\">VALENCIANO<\/a><\/strong><\/p>\n<\/td>\n<td>\n<p align=\"center\"><strong><a href=\"http:\/\/www.itakaescolapios.org\/wp-content\/uploads\/2015\/11\/cartel-campa\u00f1a-VALENCIANO-IMPR-50X70+3MMSANGRE.pdf\">VALENCIANO<\/a><\/strong><\/p>\n<p align=\"center\">\n<\/td>\n<\/tr>\n<\/tbody>\n<\/table>\n<p><\/p>","protected":false},"excerpt":{"rendered":"<p>D\u00e9sol\u00e9, cet article est seulement disponible en Espagnol Europ\u00e9en. Desc\u00e1rgate la carteler\u00eda e im\u00e1genes de la campa\u00f1a, pinchado en cada uno de los enlaces: TRIPULACI\u00d3N ITAKA [&hellip;]<\/p>\n","protected":false},"author":1,"featured_media":0,"parent":236,"menu_order":7,"comment_status":"closed","ping_status":"closed","template":"","meta":[],"acf":[],"_links":{"self":[{"href":"https:\/\/www.educa.itakaescolapios.org\/fr\/wp-json\/wp\/v2\/pages\/318"}],"collection":[{"href":"https:\/\/www.educa.itakaescolapios.org\/fr\/wp-json\/wp\/v2\/pages"}],"about":[{"href":"https:\/\/www.educa.itakaescolapios.org\/fr\/wp-json\/wp\/v2\/types\/page"}],"author":[{"embeddable":true,"href":"https:\/\/www.educa.itakaescolapios.org\/fr\/wp-json\/wp\/v2\/users\/1"}],"replies":[{"embeddable":true,"href":"https:\/\/www.educa.itakaescolapios.org\/fr\/wp-json\/wp\/v2\/comments?post=318"}],"version-history":[{"count":1,"href":"https:\/\/www.educa.itakaescolapios.org\/fr\/wp-json\/wp\/v2\/pages\/318\/revisions"}],"predecessor-version":[{"id":319,"href":"https:\/\/www.educa.itakaescolapios.org\/fr\/wp-json\/wp\/v2\/pages\/318\/revisions\/319"}],"up":[{"embeddable":true,"href":"https:\/\/www.educa.itakaescolapios.org\/fr\/wp-json\/wp\/v2\/pages\/236"}],"wp:attachment":[{"href":"https:\/\/www.educa.itakaescolapios.org\/fr\/wp-json\/wp\/v2\/media?parent=318"}],"curies":[{"name":"wp","href":"https:\/\/api.w.org\/{rel}","templated":true}]}}