{"id":322,"date":"2018-04-04T11:02:58","date_gmt":"2018-04-04T09:02:58","guid":{"rendered":"http:\/\/www.educa.itakaescolapios.org\/?page_id=322"},"modified":"2018-04-04T11:02:58","modified_gmt":"2018-04-04T09:02:58","slug":"recordando-la-campana-al-encuentro-con-atambua","status":"publish","type":"page","link":"https:\/\/www.educa.itakaescolapios.org\/fr\/campanas\/2016-2017-expedicion-kamda-educar-anunciar-transformar\/recordando-la-campana-al-encuentro-con-atambua","title":{"rendered":"RECORDANDO LA CAMPA\u00d1A \u00ab\u00a0AL ENCUENTRO CON ATAMB\u00daA\u00a0\u00bb"},"content":{"rendered":"<p class=\"qtranxs-available-languages-message qtranxs-available-languages-message-fr\">D\u00e9sol\u00e9, cet article est seulement disponible en <a href=\"https:\/\/www.educa.itakaescolapios.org\/es\/wp-json\/wp\/v2\/pages\/322\" class=\"qtranxs-available-language-link qtranxs-available-language-link-es\" title=\"Espa\u00f1ol\">Espagnol Europ\u00e9en<\/a>.<\/p><p>Con la campa\u00f1a de solidaridad del curso 2015-2016 quisimos ahondar en la fuerza transformadora de la educaci\u00f3n promoviendo la construcci\u00f3n de un internado en la ciudad de Atamb\u00faa (Indonesia). Una infraestructura que garantizar\u00e1 que cien j\u00f3venes de municipios rurales puedan continuar su educaci\u00f3n secundaria.<\/p>\n<p>M\u00e1s de 27.000 alumnos y alumnas de cerca de 50 colegios y centros culturales escolapios de Bolivia, Brasil, Camer\u00fan, Espa\u00f1a, Guinea Ecuatorial y Venezuela trabajaron en las aulas el valor de la educaci\u00f3n como motor de cambio, conociendo la realidad escolapia de Indonesia. Gracias a \u00e9ste trabajo de sensibilizaci\u00f3n hemos logrado enviar a Atamb\u00faa un total de 200.758,81 \u20ac y garantizar el equipamiento del internado con otros 24.000 \u20ac donados por diversas entidades.<\/p>\n<p>A continuaci\u00f3n pod\u00e9is ver dos videos de agradecimiento (castellano e ingl\u00e9s) realizados por la Comunidad Escolapia de Atamb\u00faa.<\/p>\n<p>\u00a1Gracias! Thanks! Merci! Obrigado! Gracies! Eskerik asko!<\/p>\n<p><iframe loading=\"lazy\" src=\"https:\/\/www.youtube.com\/embed\/J0_P6Lr5FY8\" height=\"135\" width=\"240\" allowfullscreen=\"\" frameborder=\"0\"><\/iframe> <iframe loading=\"lazy\" src=\"https:\/\/www.youtube.com\/embed\/e7vmE4gvYyw\" height=\"135\" width=\"240\" allowfullscreen=\"\" frameborder=\"0\"><\/iframe><\/p>","protected":false},"excerpt":{"rendered":"<p>D\u00e9sol\u00e9, cet article est seulement disponible en Espagnol Europ\u00e9en.Con la campa\u00f1a de solidaridad del curso 2015-2016 quisimos ahondar en la fuerza transformadora de la educaci\u00f3n promoviendo [&hellip;]<\/p>\n","protected":false},"author":1,"featured_media":0,"parent":238,"menu_order":1,"comment_status":"closed","ping_status":"closed","template":"","meta":[],"acf":[],"_links":{"self":[{"href":"https:\/\/www.educa.itakaescolapios.org\/fr\/wp-json\/wp\/v2\/pages\/322"}],"collection":[{"href":"https:\/\/www.educa.itakaescolapios.org\/fr\/wp-json\/wp\/v2\/pages"}],"about":[{"href":"https:\/\/www.educa.itakaescolapios.org\/fr\/wp-json\/wp\/v2\/types\/page"}],"author":[{"embeddable":true,"href":"https:\/\/www.educa.itakaescolapios.org\/fr\/wp-json\/wp\/v2\/users\/1"}],"replies":[{"embeddable":true,"href":"https:\/\/www.educa.itakaescolapios.org\/fr\/wp-json\/wp\/v2\/comments?post=322"}],"version-history":[{"count":1,"href":"https:\/\/www.educa.itakaescolapios.org\/fr\/wp-json\/wp\/v2\/pages\/322\/revisions"}],"predecessor-version":[{"id":323,"href":"https:\/\/www.educa.itakaescolapios.org\/fr\/wp-json\/wp\/v2\/pages\/322\/revisions\/323"}],"up":[{"embeddable":true,"href":"https:\/\/www.educa.itakaescolapios.org\/fr\/wp-json\/wp\/v2\/pages\/238"}],"wp:attachment":[{"href":"https:\/\/www.educa.itakaescolapios.org\/fr\/wp-json\/wp\/v2\/media?parent=322"}],"curies":[{"name":"wp","href":"https:\/\/api.w.org\/{rel}","templated":true}]}}