{"id":346,"date":"2018-04-04T11:09:13","date_gmt":"2018-04-04T09:09:13","guid":{"rendered":"http:\/\/www.educa.itakaescolapios.org\/?page_id=346"},"modified":"2018-04-04T11:09:13","modified_gmt":"2018-04-04T09:09:13","slug":"actividades-centrales-de-la-campana","status":"publish","type":"page","link":"https:\/\/www.educa.itakaescolapios.org\/fr\/campanas\/2017-2018-el-tesoro-de-senegal\/actividades-centrales-de-la-campana","title":{"rendered":"ACTIVIDADES CENTRALES DE LA CAMPA\u00d1A"},"content":{"rendered":"<p class=\"qtranxs-available-languages-message qtranxs-available-languages-message-fr\">D\u00e9sol\u00e9, cet article est seulement disponible en <a href=\"https:\/\/www.educa.itakaescolapios.org\/es\/wp-json\/wp\/v2\/pages\/346\" class=\"qtranxs-available-language-link qtranxs-available-language-link-es\" title=\"Espa\u00f1ol\">Espagnol Europ\u00e9en<\/a>.<\/p><p><\/p>\n<p style=\"text-align: justify;\">Los exploradores de Itaka-Escolapios nos han preparado seis actividades que tienen como objetivo presentar la realidad de Senegal, lugar en el que est\u00e1n presentes los escolapios desde hace m\u00e1s de cincuenta a\u00f1os.<\/p>\n<h2><span style=\"color: #808000;\">CALASANZ<\/span><\/h2>\n<p style=\"text-align: justify;\">Nos invita a rezar por Senegal todas las ma\u00f1anas al iniciar nuestra actividad en el colegio. Nos propone cinco oraciones que podremos ir alternado a lo largo de los d\u00edas que dura la campa\u00f1a.<\/p>\n<table width=\"470\" border=\"0\" cellspacing=\"0\" cellpadding=\"0\">\n<colgroup>\n<col width=\"80\" \/>\n<col width=\"93\" \/>\n<col width=\"87\" \/>\n<col span=\"2\" width=\"105\" \/> <\/colgroup>\n<tbody>\n<tr>\n<td width=\"80\" height=\"80\"><strong>ORAMOS CON SENEGAL<\/strong><\/td>\n<td width=\"93\"><strong>SENEGALEKIN OTOITZ EGITEN DUGU<\/strong><\/td>\n<td width=\"87\"><strong>WE PRAY WITH SENEGAL<\/strong><\/td>\n<td width=\"105\"><strong>NOUS PRIONS AVEC LE S\u00c9N\u00c9GAL<\/strong><\/td>\n<td width=\"105\"><strong>ORAMOS COM SENEGAL<\/strong><\/td>\n<\/tr>\n<tr>\n<td width=\"80\" height=\"20\"><strong><span style=\"color: #993300;\"><a href=\"http:\/\/www.itakaescolapios.org\/wp-content\/uploads\/2017\/10\/LUNRD.pdf\" target=\"_blank\"><span style=\"color: #993300;\">LUNES<\/span><\/a><\/span><\/strong><\/td>\n<td width=\"93\"><strong><span style=\"color: #808000;\"><a href=\"http:\/\/www.itakaescolapios.org\/wp-content\/uploads\/2017\/10\/ASTELEHENA.pdf\"><span style=\"color: #808000;\">ASTELEHENA<\/span><\/a><\/span><\/strong><\/td>\n<td width=\"87\"><strong><span style=\"color: #0000ff;\"><a href=\"http:\/\/www.itakaescolapios.org\/wp-content\/uploads\/2017\/10\/MONDAY.pdf\"><span style=\"color: #0000ff;\">MONDAY<\/span><\/a><\/span><\/strong><\/td>\n<td width=\"105\"><strong><span style=\"color: #008000;\"><a href=\"http:\/\/www.itakaescolapios.org\/wp-content\/uploads\/2017\/10\/LUNDI.pdf\"><span style=\"color: #008000;\">LUNDI<\/span><\/a><\/span><\/strong><\/td>\n<td><strong><span style=\"color: #ff9900;\"><a href=\"http:\/\/www.itakaescolapios.org\/wp-content\/uploads\/2017\/10\/SEGUNDA-FEIRA.pdf\"><span style=\"color: #ff9900;\">SEGUNDA-FEIRA<\/span><\/a><\/span><\/strong><\/td>\n<\/tr>\n<tr>\n<td width=\"80\" height=\"21\"><strong><span style=\"color: #993300;\"><a href=\"http:\/\/www.itakaescolapios.org\/wp-content\/uploads\/2017\/10\/MARTES.pdf\" target=\"_blank\"><span style=\"color: #993300;\">MARTES<\/span><\/a><\/span><\/strong><\/td>\n<td width=\"93\"><strong><span style=\"color: #808000;\"><a href=\"http:\/\/www.itakaescolapios.org\/wp-content\/uploads\/2017\/10\/ASTEARTEA.pdf\"><span style=\"color: #808000;\">ASTEARTEA<\/span><\/a><\/span><\/strong><\/td>\n<td width=\"87\"><strong><span style=\"color: #0000ff;\"><a href=\"http:\/\/www.itakaescolapios.org\/wp-content\/uploads\/2017\/10\/TUESDAY.pdf\"><span style=\"color: #0000ff;\">TUESDAY<\/span><\/a><\/span><\/strong><\/td>\n<td width=\"105\"><strong><span style=\"color: #008000;\"><a href=\"http:\/\/www.itakaescolapios.org\/wp-content\/uploads\/2017\/10\/MARTI.pdf\"><span style=\"color: #008000;\">MARTI<\/span><\/a><\/span><\/strong><\/td>\n<td><strong><span style=\"color: #ff9900;\"><a href=\"http:\/\/www.itakaescolapios.org\/wp-content\/uploads\/2017\/10\/TER\u00e7A-FEIRA.pdf\"><span style=\"color: #ff9900;\">TER\u00e7A-FEIRA<\/span><\/a><\/span><\/strong><\/td>\n<\/tr>\n<tr>\n<td width=\"80\" height=\"40\"><strong><span style=\"color: #993300;\"><a href=\"http:\/\/www.itakaescolapios.org\/wp-content\/uploads\/2017\/10\/MIERCOLES.pdf\" target=\"_blank\"><span style=\"color: #993300;\">MI\u00c9RCOLES<\/span><\/a><\/span><\/strong><\/td>\n<td width=\"93\"><strong><span style=\"color: #808000;\"><a href=\"http:\/\/www.itakaescolapios.org\/wp-content\/uploads\/2017\/10\/ASTEAZKENA.pdf\"><span style=\"color: #808000;\">ASTEAZKENA<\/span><\/a><\/span><\/strong><\/td>\n<td width=\"87\"><strong><span style=\"color: #0000ff;\"><a href=\"http:\/\/www.itakaescolapios.org\/wp-content\/uploads\/2017\/10\/WEDNESDAY.pdf\"><span style=\"color: #0000ff;\">WEDNESDAY<\/span><\/a><\/span><\/strong><\/td>\n<td width=\"105\"><strong><span style=\"color: #008000;\"><a href=\"http:\/\/www.itakaescolapios.org\/wp-content\/uploads\/2017\/10\/MERCREDI.pdf\"><span style=\"color: #008000;\">MERCREDI<\/span><\/a><\/span><\/strong><\/td>\n<td><strong><span style=\"color: #ff9900;\"><a href=\"http:\/\/www.itakaescolapios.org\/wp-content\/uploads\/2017\/10\/QUARTA-FEIRA.pdf\"><span style=\"color: #ff9900;\">QUARTA-FEIRA<\/span><\/a><\/span><\/strong><\/td>\n<\/tr>\n<tr>\n<td width=\"80\" height=\"20\"><strong><span style=\"color: #993300;\"><a href=\"http:\/\/www.itakaescolapios.org\/wp-content\/uploads\/2017\/10\/JUEVES.pdf\" target=\"_blank\"><span style=\"color: #993300;\">JUEVES<\/span><\/a><\/span><\/strong><\/td>\n<td width=\"93\"><strong><span style=\"color: #808000;\"><a href=\"http:\/\/www.itakaescolapios.org\/wp-content\/uploads\/2017\/10\/OSTEGUNA.pdf\"><span style=\"color: #808000;\">OSTEGUNA<\/span><\/a><\/span><\/strong><\/td>\n<td width=\"87\"><strong><span style=\"color: #0000ff;\"><a href=\"http:\/\/www.itakaescolapios.org\/wp-content\/uploads\/2017\/10\/THURSDAY.pdf\"><span style=\"color: #0000ff;\">THURSDAY<\/span><\/a><\/span><\/strong><\/td>\n<td width=\"105\"><strong><span style=\"color: #008000;\"><a href=\"http:\/\/www.itakaescolapios.org\/wp-content\/uploads\/2017\/10\/JEUDI.pdf\"><span style=\"color: #008000;\">JEUDI<\/span><\/a><\/span><\/strong><\/td>\n<td><strong><span style=\"color: #ff9900;\"><a href=\"http:\/\/www.itakaescolapios.org\/wp-content\/uploads\/2017\/10\/QUINTA-FEIRA.pdf\"><span style=\"color: #ff9900;\">QUINTA-FEIRA<\/span><\/a><\/span><\/strong><\/td>\n<\/tr>\n<tr>\n<td width=\"80\" height=\"20\"><strong><span style=\"color: #993300;\"><a href=\"http:\/\/www.itakaescolapios.org\/wp-content\/uploads\/2017\/10\/VIERNES.pdf\" target=\"_blank\"><span style=\"color: #993300;\">VIERNES<\/span><\/a><\/span><\/strong><\/td>\n<td width=\"93\"><strong><span style=\"color: #808000;\"><a href=\"http:\/\/www.itakaescolapios.org\/wp-content\/uploads\/2017\/10\/OSTIRALA.pdf\"><span style=\"color: #808000;\">OSTIRALA<\/span><\/a><\/span><\/strong><\/td>\n<td width=\"87\"><strong><span style=\"color: #0000ff;\"><a href=\"http:\/\/www.itakaescolapios.org\/wp-content\/uploads\/2017\/10\/FRIDAY.pdf\"><span style=\"color: #0000ff;\">FRIDAY<\/span><\/a><\/span><\/strong><\/td>\n<td width=\"105\"><strong><span style=\"color: #008000;\"><a href=\"http:\/\/www.itakaescolapios.org\/wp-content\/uploads\/2017\/10\/VENDREDI.pdf\"><span style=\"color: #008000;\">VENDREDI<\/span><\/a><\/span><\/strong><\/td>\n<td><span style=\"color: #ff9900;\"><strong><a href=\"http:\/\/www.itakaescolapios.org\/wp-content\/uploads\/2017\/10\/SEXTA-FEIRA.pdf\"><span style=\"color: #ff9900;\">SEXTA-FEIRA<\/span><\/a><\/strong><\/span><\/td>\n<\/tr>\n<\/tbody>\n<\/table>\n<h2><\/h2>\n<h2><span style=\"color: #808000;\">QUISAP<\/span><\/h2>\n<p style=\"text-align: justify;\">Durante el curso 2016-2017 conocimos la realidad de la India, m\u00e1s en concreto nos acercamos a conocer Kamda el lugar de nacimiento de nuestro personaje.<\/p>\n<p style=\"text-align: justify;\">Una de las actividades que pusimos en marcha fue el PASAPORTE SOLIDARIO, instrumento que pretende hacer visible nuestra identidad como ciudadanos y ciudadanas del mundo. Convertir la solidaridad en uno de los n\u00facleos de nuestra identidad m\u00e1s all\u00e1 de fronteras, nacionalidades y colores. Cada clase cuenta, desde el pasado curso, con un ejemplar personalizado en el que ir a\u00f1adiendo a\u00f1o tras a\u00f1o las campa\u00f1as de solidaridad que vamos desarrollando.<\/p>\n<p style=\"text-align: justify;\">Puedes descargarte a continuaci\u00f3n los visados de la campa\u00f1a de solidaridad del pasado curso para a\u00f1adirlos al pasaporte de tu grupo.<\/p>\n<p style=\"text-align: center;\"><span style=\"color: #808000;\"><strong><a href=\"http:\/\/www.itakaescolapios.org\/wp-content\/uploads\/2017\/10\/VISADO.pdf\" target=\"_blank\"><span style=\"color: #808000;\">VISADO CAMPA\u00d1A \u00ab\u00a0EXPEDICION KAMDA\u00a0\u00bb<\/span><\/a><\/strong><\/span><\/p>\n<p><strong>_______________________________________________________________________<\/strong><\/p>\n<h2><span style=\"color: #808000;\">SUKAL<\/span><\/h2>\n<p>Sukal, gran conocedor de las tradiciones y la cultura senegalesa, nos presenta una actividad que conjuga m\u00fasica, baile y moda.<\/p>\n<p>mP3 con ritmos tambores senegaleses:<\/p>\n<!--[if lt IE 9]><script>document.createElement('audio');<\/script><![endif]-->\n<audio class=\"wp-audio-shortcode\" id=\"audio-346-1\" preload=\"none\" style=\"width: 100%;\" controls=\"controls\"><source type=\"audio\/mpeg\" src=\"http:\/\/www.itakaescolapios.org\/wp-content\/uploads\/2017\/10\/Ritmos-africanos.mp3?_=1\" \/><a href=\"http:\/\/www.itakaescolapios.org\/wp-content\/uploads\/2017\/10\/Ritmos-africanos.mp3\">http:\/\/www.itakaescolapios.org\/wp-content\/uploads\/2017\/10\/Ritmos-africanos.mp3<\/a><\/audio>\n<p style=\"text-align: center;\"><strong><span style=\"color: #808000;\"><a href=\"http:\/\/www.itakaescolapios.org\/wp-content\/uploads\/2017\/10\/FIESTA-SENEGALES.pdf\" target=\"_blank\"><span style=\"color: #808000;\">FIESTA SENEGALESA<\/span><\/a><\/span><\/strong><\/p>\n<p><strong>_________________________________________________________________<\/strong><\/p>\n<h2><span style=\"color: #808000;\">BLA<\/span><\/h2>\n<p style=\"text-align: justify;\">Nuestro personaje, amante del di\u00e1logo y del trabajo colaborativo, nos propone un juego en el que no gana nadie y en el que todas las personas que participan en el hacen por avanzar para alcanzar uno de los proyectos educativos apoyados en la campa\u00f1a.<\/p>\n<p style=\"text-align: center;\"><strong><span style=\"color: #808000;\">Presentaci\u00f3n: <\/span><\/strong><\/p>\n<p style=\"text-align: center;\"><a href=\"https:\/\/mega.nz\/#!jEYj1DhD!UbB3X4RCk9w2kI_IOJLhjRi9qrTFglUewRE7sRkehbk\" target=\"_blank\"><strong><span style=\"color: #808000;\">JUEGO DE CARTAS \u00ab\u00a0EL TESORO DE LA EDUCACI\u00d3N\u00a0\u00bb<\/span><\/strong><\/a><\/p>\n<p style=\"text-align: center;\"><strong><span style=\"color: #808000;\"><a href=\"http:\/\/www.itakaescolapios.org\/wp-content\/uploads\/2017\/10\/instrucciones-cartas.pdf\" target=\"_blank\"><span style=\"color: #808000;\">Instrucciones<\/span><\/a><\/span><\/strong><\/p>\n<p style=\"text-align: center;\"><strong><span style=\"color: #808000;\"><a href=\"http:\/\/www.itakaescolapios.org\/wp-content\/uploads\/2017\/10\/JUEGO-DE-CARTAS-web.pdf\" target=\"_blank\"><span style=\"color: #808000;\">Baraja de cartas<\/span><\/a><\/span><\/strong><\/p>\n<p style=\"text-align: left;\">_______________________________________________________________________<\/p>\n<h2 style=\"text-align: left;\"><span style=\"color: #808000;\">MARINE <\/span><\/h2>\n<p style=\"text-align: justify;\">Marine, conocedora como nadie de la realidad escolapia, nos invita en \u00e9sta actividad a descubrir cu\u00e1les son nuestros tesoros, los propios y los nuestra familia y amigos. Lo hace a trav\u00e9s de una peque\u00f1a din\u00e1mica que nos obligar\u00e1 a construir un cofre en el que depositar los tesoros descubiertos.<\/p>\n<p style=\"text-align: center;\"><strong><span style=\"color: #808000;\"><a href=\"http:\/\/www.itakaescolapios.org\/wp-content\/uploads\/2017\/10\/Ficha-de-actividad-Nuestro-Tesoro.pdf\" target=\"_blank\"><span style=\"color: #808000;\">NUESTRO TESORO<\/span><\/a><\/span><\/strong> (Ficha de actividad)<\/p>\n<p style=\"text-align: center;\"><span style=\"color: #808000;\"><strong><a href=\"http:\/\/www.itakaescolapios.org\/wp-content\/uploads\/2017\/10\/Carta-de-Marine-y-cofre-recortable1.pdf\" target=\"_blank\"><span style=\"color: #808000;\">Carta de MARINE y COFRE recortable<\/span><\/a><\/strong><\/span><\/p>\n<p style=\"text-align: center;\"><strong><span style=\"color: #808000;\"><a href=\"http:\/\/www.itakaescolapios.org\/wp-content\/uploads\/2017\/10\/Anexos-de-actividad-para-mayores-de-14.pdf\" target=\"_blank\"><span style=\"color: #808000;\">Anexos de actividad PARA MAYORES de 14 A\u00d1OS<\/span><\/a><\/span><\/strong><\/p>\n<p style=\"text-align: left;\">_______________________________________________________________________<\/p>\n<h2 style=\"text-align: left;\"><span style=\"color: #808000;\">JIWA<\/span><\/h2>\n<p style=\"text-align: justify;\">La responsable de mantener a punto la canoa y todos los elementos de la expedici\u00f3n, nos propone construir con una plantilla un photocall  con el que adornar nuestro centro educativo y en el que poder sacarnos fotos de grupo.<\/p>\n<p style=\"text-align: justify;\">Puedes descargarte dos formatos, alta y baja resoluci\u00f3n, en funci\u00f3n del tama\u00f1o del photocall que vayas a imprimir. Te invitamos a que recortes las caras de nuestros expedicionarios y puedas sacarte de esta manera las fotos de grupo.<\/p>\n<p style=\"text-align: center;\"><strong><a href=\"http:\/\/www.itakaescolapios.org\/wp-content\/uploads\/2017\/10\/photocall-campa\u00f1a1718-35x2m-TAMA\u00d1O-REDUCIDO.pdf\" target=\"_blank\"><span style=\"color: #808000;\">PHOTOCALL<\/span> <\/a><\/strong><\/p>\n<p style=\"text-align: center;\"><strong><span style=\"color: #808000;\"><a href=\" https:\/\/mega.nz\/#!7YRRTJ5Y!w2A5pIw4rPwcMPf90X8lF0qu-oP_X1G1cjrt33yqePI\" target=\"_blank\"><span style=\"color: #808000;\">PHOTOCALL (Alta resoluci\u00f3n)<\/span><\/a><\/span><\/strong><\/p>\n<p><\/p>","protected":false},"excerpt":{"rendered":"<p>D\u00e9sol\u00e9, cet article est seulement disponible en Espagnol Europ\u00e9en. Los exploradores de Itaka-Escolapios nos han preparado seis actividades que tienen como objetivo presentar la realidad de [&hellip;]<\/p>\n","protected":false},"author":1,"featured_media":0,"parent":228,"menu_order":5,"comment_status":"closed","ping_status":"closed","template":"","meta":[],"acf":[],"_links":{"self":[{"href":"https:\/\/www.educa.itakaescolapios.org\/fr\/wp-json\/wp\/v2\/pages\/346"}],"collection":[{"href":"https:\/\/www.educa.itakaescolapios.org\/fr\/wp-json\/wp\/v2\/pages"}],"about":[{"href":"https:\/\/www.educa.itakaescolapios.org\/fr\/wp-json\/wp\/v2\/types\/page"}],"author":[{"embeddable":true,"href":"https:\/\/www.educa.itakaescolapios.org\/fr\/wp-json\/wp\/v2\/users\/1"}],"replies":[{"embeddable":true,"href":"https:\/\/www.educa.itakaescolapios.org\/fr\/wp-json\/wp\/v2\/comments?post=346"}],"version-history":[{"count":1,"href":"https:\/\/www.educa.itakaescolapios.org\/fr\/wp-json\/wp\/v2\/pages\/346\/revisions"}],"predecessor-version":[{"id":347,"href":"https:\/\/www.educa.itakaescolapios.org\/fr\/wp-json\/wp\/v2\/pages\/346\/revisions\/347"}],"up":[{"embeddable":true,"href":"https:\/\/www.educa.itakaescolapios.org\/fr\/wp-json\/wp\/v2\/pages\/228"}],"wp:attachment":[{"href":"https:\/\/www.educa.itakaescolapios.org\/fr\/wp-json\/wp\/v2\/media?parent=346"}],"curies":[{"name":"wp","href":"https:\/\/api.w.org\/{rel}","templated":true}]}}