{"id":350,"date":"2018-04-04T11:09:52","date_gmt":"2018-04-04T09:09:52","guid":{"rendered":"http:\/\/www.educa.itakaescolapios.org\/?page_id=350"},"modified":"2018-04-04T11:09:52","modified_gmt":"2018-04-04T09:09:52","slug":"carteleria","status":"publish","type":"page","link":"https:\/\/www.educa.itakaescolapios.org\/fr\/campanas\/2017-2018-el-tesoro-de-senegal\/carteleria","title":{"rendered":"CARTELER\u00cdA"},"content":{"rendered":"<p class=\"qtranxs-available-languages-message qtranxs-available-languages-message-fr\">D\u00e9sol\u00e9, cet article est seulement disponible en <a href=\"https:\/\/www.educa.itakaescolapios.org\/es\/wp-json\/wp\/v2\/pages\/350\" class=\"qtranxs-available-language-link qtranxs-available-language-link-es\" title=\"Espa\u00f1ol\">Espagnol Europ\u00e9en<\/a>.<\/p><p>Desc\u00e1rgate la carteler\u00eda e im\u00e1genes de la campa\u00f1a, pinchado en cada uno de los enlaces:<\/p>\n<table width=\"499\" border=\"0\" cellspacing=\"0\" cellpadding=\"0\">\n<colgroup>\n<col width=\"99\" \/>\n<col width=\"100\" \/>\n<col width=\"98\" \/>\n<col width=\"96\" \/>\n<col width=\"106\" \/> <\/colgroup>\n<tbody>\n<tr>\n<td style=\"text-align: center;\" colspan=\"3\" width=\"297\" height=\"22\"><strong><span style=\"color: #333333;\">CARTELER\u00cdA<\/span><\/strong><\/td>\n<td style=\"text-align: center;\" colspan=\"2\" width=\"202\"><strong><span style=\"color: #333333;\">PERSONAJES<\/span><\/strong><\/td>\n<\/tr>\n<tr>\n<td width=\"99\" height=\"64\"><strong><span style=\"color: #808000;\">LOGO CAMPA\u00d1A<\/span><\/strong><\/td>\n<td width=\"100\"><strong><span style=\"color: #808000;\">CARTEL CAMPA\u00d1A<\/span><\/strong><\/td>\n<td width=\"98\"><strong><span style=\"color: #808000;\">GRACIAS KAMDA<\/span><\/strong><\/td>\n<td width=\"96\"><strong><span style=\"color: #808000;\">COLOR<\/span><\/strong><\/td>\n<td width=\"106\"><strong><span style=\"color: #808000;\">PARA COLOREAR<\/span><\/strong><\/td>\n<\/tr>\n<tr>\n<td width=\"99\" height=\"41\"><strong><span style=\"color: #993300;\"><a href=\"http:\/\/www.itakaescolapios.org\/wp-content\/uploads\/2017\/10\/LOGO-ETS-ESP.pdf\" target=\"_blank\"><span style=\"color: #993300;\">ESPA\u00d1OL<\/span><\/a><\/span><\/strong><\/td>\n<td width=\"100\"><strong><span style=\"color: #008000;\"><a href=\"http:\/\/www.itakaescolapios.org\/wp-content\/uploads\/2017\/10\/CARTEL-ESPA\u00d1OL.pdf\" target=\"_blank\"><span style=\"color: #008000;\">ESPA\u00d1OL<\/span><\/a><\/span><\/strong><\/td>\n<td width=\"98\"><strong><span style=\"color: #0000ff;\"><a href=\"http:\/\/www.itakaescolapios.org\/wp-content\/uploads\/2017\/10\/cartel-GRACIAS-2017-ESP.pdf\" target=\"_blank\"><span style=\"color: #0000ff;\">GRACIAS<\/span><\/a><\/span><\/strong><\/td>\n<td width=\"96\"><strong><span style=\"color: #ff6600;\"><a href=\"http:\/\/www.itakaescolapios.org\/wp-content\/uploads\/2017\/10\/calasanz-sin-fondo.pdf\" target=\"_blank\"><span style=\"color: #ff6600;\">CALASANZ<\/span><\/a><\/span><\/strong><\/td>\n<td width=\"106\"><strong><span style=\"color: #800080;\"><a href=\"http:\/\/www.itakaescolapios.org\/wp-content\/uploads\/2017\/10\/calasanz_blanco-y-negro.pdf\" target=\"_blank\"><span style=\"color: #800080;\">CALASANZ l\u00ednea<\/span><\/a><\/span><\/strong><\/td>\n<\/tr>\n<tr>\n<td width=\"99\" height=\"41\"><strong><span style=\"color: #993300;\"><a href=\"http:\/\/www.itakaescolapios.org\/wp-content\/uploads\/2017\/10\/LOGO-ETS-ENG.pdf\" target=\"_blank\"><span style=\"color: #993300;\">INGL\u00c9S<\/span><\/a><\/span><\/strong><\/td>\n<td width=\"100\"><strong><span style=\"color: #008000;\"><a href=\"http:\/\/www.itakaescolapios.org\/wp-content\/uploads\/2017\/10\/CARTEL-INGL\u00c9S.pdf\" target=\"_blank\"><span style=\"color: #008000;\">INGL\u00c9S<\/span><\/a><\/span><\/strong><\/td>\n<td width=\"98\"><\/td>\n<td width=\"96\"><strong><span style=\"color: #ff6600;\"><a href=\"http:\/\/www.itakaescolapios.org\/wp-content\/uploads\/2017\/10\/marine-sin-fondo.pdf\" target=\"_blank\"><span style=\"color: #ff6600;\">MARINE<\/span><\/a><\/span><\/strong><\/td>\n<td width=\"106\"><strong><span style=\"color: #800080;\"><a href=\"http:\/\/www.itakaescolapios.org\/wp-content\/uploads\/2017\/10\/marine_blanco-y-negro.pdf\" target=\"_blank\"><span style=\"color: #800080;\">MARINE l\u00ednea<\/span><\/a><\/span><\/strong><\/td>\n<\/tr>\n<tr>\n<td width=\"99\" height=\"22\"><strong><span style=\"color: #993300;\"><a href=\"http:\/\/www.itakaescolapios.org\/wp-content\/uploads\/2017\/10\/LOGO-ETS-FRA.pdf\" target=\"_blank\"><span style=\"color: #993300;\">FRANC\u00c9S<\/span><\/a><\/span><\/strong><\/td>\n<td width=\"100\"><strong><span style=\"color: #008000;\"><a href=\"http:\/\/www.itakaescolapios.org\/wp-content\/uploads\/2017\/10\/CARTEL-ITAKA-C1718-FRA.pdf\" target=\"_blank\"><span style=\"color: #008000;\">FRANC\u00c9S<\/span><\/a><\/span><\/strong><\/td>\n<td width=\"98\"><\/td>\n<td width=\"96\"><strong><span style=\"color: #ff6600;\"><a href=\"http:\/\/www.itakaescolapios.org\/wp-content\/uploads\/2017\/10\/bla_3-sin-fondo.pdf\" target=\"_blank\"><span style=\"color: #ff6600;\">BLA<\/span><\/a><\/span><\/strong><\/td>\n<td width=\"106\"><strong><span style=\"color: #800080;\"><a href=\"http:\/\/www.itakaescolapios.org\/wp-content\/uploads\/2017\/10\/bla_blanco-y-negro.pdf\" target=\"_blank\"><span style=\"color: #800080;\">BLA l\u00ednea<\/span><\/a><\/span><\/strong><\/td>\n<\/tr>\n<tr>\n<td width=\"99\" height=\"41\"><strong><span style=\"color: #993300;\"><a href=\"http:\/\/www.itakaescolapios.org\/wp-content\/uploads\/2017\/10\/LOGO-ETS-PORT.pdf\" target=\"_blank\"><span style=\"color: #993300;\">PORTUGU\u00c9S<\/span><\/a><\/span><\/strong><\/td>\n<td width=\"100\"><strong><span style=\"color: #008000;\"><a href=\"http:\/\/www.itakaescolapios.org\/wp-content\/uploads\/2017\/10\/CARTEL-PORTUGUES1.pdf\" target=\"_blank\"><span style=\"color: #008000;\">PORTUGU\u00c9S<\/span><\/a><\/span><\/strong><\/td>\n<td width=\"98\"><\/td>\n<td width=\"96\"><strong><span style=\"color: #ff6600;\"><a href=\"http:\/\/www.itakaescolapios.org\/wp-content\/uploads\/2017\/10\/jiwa-sin-fondo.pdf\" target=\"_blank\"><span style=\"color: #ff6600;\">JIWA<\/span><\/a><\/span><\/strong><\/td>\n<td width=\"106\"><strong><span style=\"color: #800080;\"><a href=\"http:\/\/www.itakaescolapios.org\/wp-content\/uploads\/2017\/10\/jiwa_blanco-y-negro.pdf\" target=\"_blank\"><span style=\"color: #800080;\">JIWA l\u00ednea<\/span><\/a><\/span><\/strong><\/td>\n<\/tr>\n<tr>\n<td width=\"99\" height=\"41\"><strong><span style=\"color: #993300;\"><a href=\"http:\/\/www.itakaescolapios.org\/wp-content\/uploads\/2017\/10\/LOGO-ETS-EUSK.pdf\" target=\"_blank\"><span style=\"color: #993300;\">EUSKERA<\/span><\/a><\/span><\/strong><\/td>\n<td width=\"100\"><strong><span style=\"color: #008000;\"><a href=\"http:\/\/www.itakaescolapios.org\/wp-content\/uploads\/2017\/10\/CARTEL-EUSKERA.pdf\" target=\"_blank\"><span style=\"color: #008000;\">EUSKERA<\/span><\/a><\/span><\/strong><\/td>\n<td width=\"98\"><strong><span style=\"color: #0000ff;\"><a href=\"http:\/\/www.itakaescolapios.org\/wp-content\/uploads\/2017\/10\/cartel-GRACIAS-2017-EUSK.pdf\" target=\"_blank\"><span style=\"color: #0000ff;\">ESKERRIK ASKO<\/span><\/a><\/span><\/strong><\/td>\n<td width=\"96\"><strong><span style=\"color: #ff6600;\"><a href=\"http:\/\/www.itakaescolapios.org\/wp-content\/uploads\/2017\/10\/sukal__-sin-fondo.pdf\" target=\"_blank\"><span style=\"color: #ff6600;\">SUKAL<\/span><\/a><\/span><\/strong><\/td>\n<td width=\"106\"><strong><span style=\"color: #800080;\"><a href=\"http:\/\/www.itakaescolapios.org\/wp-content\/uploads\/2017\/10\/sukal_blanco-y-negro.pdf\" target=\"_blank\"><span style=\"color: #800080;\">SUKAL l\u00ednea<\/span><\/a><\/span><\/strong><\/td>\n<\/tr>\n<tr>\n<td width=\"99\" height=\"41\"><strong><span style=\"color: #993300;\"><a href=\"http:\/\/www.itakaescolapios.org\/wp-content\/uploads\/2017\/10\/LOGO-ETS-VAL.pdf\" target=\"_blank\"><span style=\"color: #993300;\">VALENCIANO<\/span><\/a><\/span><\/strong><\/td>\n<td width=\"100\"><strong><span style=\"color: #008000;\"><a href=\"http:\/\/www.itakaescolapios.org\/wp-content\/uploads\/2017\/10\/CARTEL-VALENCIANO.pdf\" target=\"_blank\"><span style=\"color: #008000;\">VALENCIANO<\/span><\/a><\/span><\/strong><\/td>\n<td width=\"98\"><strong><span style=\"color: #0000ff;\">GRACIES<\/span><\/strong><\/td>\n<td width=\"96\"><strong><span style=\"color: #ff6600;\"><a href=\"http:\/\/www.itakaescolapios.org\/wp-content\/uploads\/2017\/10\/quisap4-sin-fondo.pdf\" target=\"_blank\"><span style=\"color: #ff6600;\">QUISAP<\/span><\/a><\/span><\/strong><\/td>\n<td width=\"106\"><strong><span style=\"color: #800080;\"><a href=\"http:\/\/www.itakaescolapios.org\/wp-content\/uploads\/2017\/10\/quisap_blanco-y-negro.pdf\" target=\"_blank\"><span style=\"color: #800080;\">QUISAP l\u00ednea<\/span><\/a><\/span><\/strong><\/td>\n<\/tr>\n<tr>\n<td width=\"99\" height=\"41\"><strong><span style=\"color: #993300;\"><a href=\"http:\/\/www.itakaescolapios.org\/wp-content\/uploads\/2017\/10\/LOGO-ETS-GAL.pdf\" target=\"_blank\"><span style=\"color: #993300;\">GALLEGO<\/span><\/a><\/span><\/strong><\/td>\n<td width=\"100\"><strong><span style=\"color: #008000;\"><a href=\"http:\/\/www.itakaescolapios.org\/wp-content\/uploads\/2017\/10\/CARTEL-GALLEGO.pdf\" target=\"_blank\"><span style=\"color: #008000;\">GALLEGO<\/span><\/a><\/span><\/strong><\/td>\n<td width=\"98\"><\/td>\n<td width=\"96\"><strong><span style=\"color: #ff6600;\"><a href=\"http:\/\/www.itakaescolapios.org\/wp-content\/uploads\/2017\/10\/canoa1.pdf\" target=\"_blank\"><span style=\"color: #ff6600;\">CANOA<\/span><\/a><\/span><\/strong><\/td>\n<td width=\"106\"><strong><span style=\"color: #800080;\"><a href=\"http:\/\/www.itakaescolapios.org\/wp-content\/uploads\/2017\/10\/canoa_blanco-y-negro.pdf\" target=\"_blank\"><span style=\"color: #800080;\">CANOA l\u00ednea<\/span><\/a><\/span><\/strong><\/td>\n<\/tr>\n<tr>\n<td width=\"99\" height=\"22\"><strong><span style=\"color: #993300;\"><a href=\"http:\/\/www.itakaescolapios.org\/wp-content\/uploads\/2017\/10\/LOGO-ETS-QUECHUA.pdf\" target=\"_blank\"><span style=\"color: #993300;\">QUECHUA<\/span><\/a><\/span><\/strong><\/td>\n<td width=\"100\"><strong><span style=\"color: #008000;\"><a href=\"http:\/\/www.itakaescolapios.org\/wp-content\/uploads\/2017\/10\/CARTEL-QUECHUA.pdf\" target=\"_blank\"><span style=\"color: #008000;\">QUECHUA<\/span><\/a><\/span><\/strong><\/td>\n<td width=\"98\"><\/td>\n<td width=\"96\"><\/td>\n<td width=\"106\"><\/td>\n<\/tr>\n<tr>\n<td width=\"99\" height=\"22\"><strong><span style=\"color: #993300;\"><a href=\"http:\/\/www.itakaescolapios.org\/wp-content\/uploads\/2017\/10\/LOGO-ETS-WOLOF.pdf\" target=\"_blank\"><span style=\"color: #993300;\">WOLOF<\/span><\/a><\/span><\/strong><\/td>\n<td width=\"100\"><\/td>\n<td width=\"98\"><\/td>\n<td width=\"96\"><\/td>\n<td width=\"106\"><\/td>\n<\/tr>\n<tr>\n<td width=\"99\" height=\"22\"><strong><span style=\"color: #993300;\"><a href=\"http:\/\/www.itakaescolapios.org\/wp-content\/uploads\/2017\/10\/LOGO-ETS-BAHASA.pdf\" target=\"_blank\"><span style=\"color: #993300;\">BAHASA<\/span><\/a><\/span><\/strong><\/td>\n<td width=\"100\"><strong><span style=\"color: #008000;\"><a href=\"http:\/\/www.itakaescolapios.org\/wp-content\/uploads\/2017\/10\/CARTEL-ITAKA-C1718-INDO.pdf\" target=\"_blank\"><span style=\"color: #008000;\">BAHASA<\/span><\/a><\/span><\/strong><\/td>\n<td width=\"98\"><\/td>\n<td width=\"96\"><\/td>\n<td width=\"106\"><\/td>\n<\/tr>\n<tr>\n<td width=\"99\" height=\"22\"><strong><span style=\"color: #993300;\"><a href=\"http:\/\/www.itakaescolapios.org\/wp-content\/uploads\/2017\/10\/LOGO-ETS-TAGALO.pdf\"><span style=\"color: #993300;\">TAGALO<\/span><\/a><\/span><\/strong><\/td>\n<td width=\"100\"><strong><span style=\"color: #008000;\"><a href=\"http:\/\/www.itakaescolapios.org\/wp-content\/uploads\/2017\/10\/CARTEL-ITAKA-C1718-TAGALO.pdf\"><span style=\"color: #008000;\">TAGALO<\/span><\/a><\/span><\/strong><\/td>\n<td width=\"98\"><\/td>\n<td width=\"96\"><\/td>\n<td width=\"106\"><\/td>\n<\/tr>\n<\/tbody>\n<\/table>\n<p><\/p>","protected":false},"excerpt":{"rendered":"<p>D\u00e9sol\u00e9, cet article est seulement disponible en Espagnol Europ\u00e9en.Desc\u00e1rgate la carteler\u00eda e im\u00e1genes de la campa\u00f1a, pinchado en cada uno de los enlaces: CARTELER\u00cdA PERSONAJES LOGO [&hellip;]<\/p>\n","protected":false},"author":1,"featured_media":0,"parent":228,"menu_order":7,"comment_status":"closed","ping_status":"closed","template":"","meta":[],"acf":[],"_links":{"self":[{"href":"https:\/\/www.educa.itakaescolapios.org\/fr\/wp-json\/wp\/v2\/pages\/350"}],"collection":[{"href":"https:\/\/www.educa.itakaescolapios.org\/fr\/wp-json\/wp\/v2\/pages"}],"about":[{"href":"https:\/\/www.educa.itakaescolapios.org\/fr\/wp-json\/wp\/v2\/types\/page"}],"author":[{"embeddable":true,"href":"https:\/\/www.educa.itakaescolapios.org\/fr\/wp-json\/wp\/v2\/users\/1"}],"replies":[{"embeddable":true,"href":"https:\/\/www.educa.itakaescolapios.org\/fr\/wp-json\/wp\/v2\/comments?post=350"}],"version-history":[{"count":1,"href":"https:\/\/www.educa.itakaescolapios.org\/fr\/wp-json\/wp\/v2\/pages\/350\/revisions"}],"predecessor-version":[{"id":351,"href":"https:\/\/www.educa.itakaescolapios.org\/fr\/wp-json\/wp\/v2\/pages\/350\/revisions\/351"}],"up":[{"embeddable":true,"href":"https:\/\/www.educa.itakaescolapios.org\/fr\/wp-json\/wp\/v2\/pages\/228"}],"wp:attachment":[{"href":"https:\/\/www.educa.itakaescolapios.org\/fr\/wp-json\/wp\/v2\/media?parent=350"}],"curies":[{"name":"wp","href":"https:\/\/api.w.org\/{rel}","templated":true}]}}