{"id":3582,"date":"2020-11-18T15:02:05","date_gmt":"2020-11-18T14:02:05","guid":{"rendered":"https:\/\/www.educa.itakaescolapios.org\/?page_id=3582"},"modified":"2024-05-06T09:35:29","modified_gmt":"2024-05-06T07:35:29","slug":"que-es-aps-2","status":"publish","type":"page","link":"https:\/\/www.educa.itakaescolapios.org\/fr\/aprendizaje-y-servicio\/que-es-aps-2","title":{"rendered":"Qu&rsquo;est-ce que c\u2019est l&rsquo;ApS?"},"content":{"rendered":"<p><\/p>\n<div class=\"bloque-show\" style=\"text-align: center;\">\n<div class=\"bloque-img-peq\"><a href=\"https:\/\/www.educa.itakaescolapios.org\/aprendizaje-y-servicio\/que-es-aps-2\"><br \/>\n<img decoding=\"async\" loading=\"lazy\" class=\"aligncenter wp-image-3566 size-medium\" style=\"width: 200px; height: auto;\" src=\"https:\/\/www.educa.itakaescolapios.org\/wp-content\/uploads\/2020\/11\/Que-es-ApS-300x254.png\" alt=\"\" width=\"300\" height=\"254\" srcset=\"https:\/\/www.educa.itakaescolapios.org\/wp-content\/uploads\/2020\/11\/Que-es-ApS-300x254.png 300w, https:\/\/www.educa.itakaescolapios.org\/wp-content\/uploads\/2020\/11\/Que-es-ApS-250x212.png 250w, https:\/\/www.educa.itakaescolapios.org\/wp-content\/uploads\/2020\/11\/Que-es-ApS.png 540w\" sizes=\"(max-width: 300px) 100vw, 300px\" \/><\/a><\/div>\n<p><a href=\"https:\/\/www.educa.itakaescolapios.org\/aprendizaje-y-servicio\/que-es-aps-2\">Qu&rsquo;est-ce que c\u2019est l&rsquo;ApS?<\/a><\/p>\n<\/div>\n<div class=\"bloque-show\" style=\"text-align: center;\">\n<div class=\"bloque-img-peq\"><a href=\"https:\/\/www.educa.itakaescolapios.org\/aprendizaje-y-servicio\/ejemplos-y-buenas-practicas\"><img decoding=\"async\" loading=\"lazy\" class=\"size-medium wp-image-3567 aligncenter\" style=\"width: 100px; height: auto;\" src=\"https:\/\/www.educa.itakaescolapios.org\/wp-content\/uploads\/2020\/11\/comparte-ApS-300x207.png\" alt=\"\" width=\"300\" height=\"207\" srcset=\"https:\/\/www.educa.itakaescolapios.org\/wp-content\/uploads\/2020\/11\/comparte-ApS-300x207.png 300w, https:\/\/www.educa.itakaescolapios.org\/wp-content\/uploads\/2020\/11\/comparte-ApS-250x173.png 250w, https:\/\/www.educa.itakaescolapios.org\/wp-content\/uploads\/2020\/11\/comparte-ApS.png 727w\" sizes=\"(max-width: 300px) 100vw, 300px\" \/><\/a><\/div>\n<p><a href=\"https:\/\/www.educa.itakaescolapios.org\/aprendizaje-y-servicio\/ejemplos-y-buenas-practicas\">Exemples et bonnes pratiques<\/a><\/p>\n<\/div>\n<div class=\"bloque-show\" style=\"text-align: center;\">\n<div class=\"bloque-img-peq\"><a href=\"https:\/\/www.educa.itakaescolapios.org\/aprendizaje-y-servicio\/comparte-tu-experiencia-de-aps\"><img decoding=\"async\" loading=\"lazy\" width=\"300\" height=\"231\" class=\"size-medium wp-image-3568 aligncenter\" style=\"width: 100px; height: auto;\" src=\"https:\/\/www.educa.itakaescolapios.org\/wp-content\/uploads\/2020\/11\/Buenas-practicas-APS-300x231.png\" srcset=\"https:\/\/www.educa.itakaescolapios.org\/wp-content\/uploads\/2020\/11\/Buenas-practicas-APS-300x231.png 300w, https:\/\/www.educa.itakaescolapios.org\/wp-content\/uploads\/2020\/11\/Buenas-practicas-APS-250x193.png 250w, https:\/\/www.educa.itakaescolapios.org\/wp-content\/uploads\/2020\/11\/Buenas-practicas-APS.png 310w\" sizes=\"(max-width: 300px) 100vw, 300px\" \/><\/a><\/div>\n<p><a href=\"https:\/\/www.educa.itakaescolapios.org\/aprendizaje-y-servicio\/comparte-tu-experiencia-de-aps\">Partagez votre exp\u00e9rience ApS<\/a><\/p>\n<\/div>\n<p>L&rsquo;Apprentissage par le Service ou \u00ab ApS \u00bb est une m\u00e9thodologie qui combine l\u2019apprentissage en classe et le service communautaire en r\u00e9ponse aux besoins d\u00e9tect\u00e9s. Par cons\u00e9quent, elle inclut les aspects p\u00e9dagogiques et les transformations sociales, environnementales, formatives&#8230;<br \/>\nL&rsquo;ApS vise \u00e0 fournir une \u00e9ducation compl\u00e8te et de qualit\u00e9 qui int\u00e8gre, \u00e0 partir de la pratique transformatrice, les aspects \u00e9thiques visant le d\u00e9veloppement d&rsquo;une soci\u00e9t\u00e9 plus juste et plus durable.<\/p>\n<p>En tant que plate-forme \u00e9ducative, nous sommes convaincus qu&rsquo;il est n\u00e9cessaire de promouvoir des actions qui offrent aux \u00e9tudiants la possibilit\u00e9 d&rsquo;intervenir directement dans la modification de l&rsquo;environnement. De cette mani\u00e8re, l&rsquo;\u00e9ducation deviendra un agent dynamique de l&rsquo;environnement et un protagoniste de sa vie. Ainsi, en analysant, concevant, promouvant, partageant et \u00e9valuant leurs propres projets ApS, nous ne formons pas seulement les adultes de demain, mais nous faisons \u00e9galement des enfants et des jeunes d&rsquo;aujourd&rsquo;hui les protagonistes du changement<\/p>\n<h3>Comment approfondir et en savoir plus sur APS<\/h3>\n<p>Il y a de nombreux guides et mat\u00e9riels sur l&rsquo;ApS, lesquelles vous pouvez consulter pour obtenir plus d&rsquo;information, nous vous en fournissons quelques-unes, si vous en avez plus que vous pouvez nous sugg\u00e9rer, \u00e9crivez-nous au courriel:\u00a0 <a href=\"mailto:educa@itakaescolapios.org\">educa@itakaescolapios.org<\/a><\/p>\n<p style=\"padding-left: 40px;\"><a href=\"https:\/\/www.educa.itakaescolapios.org\/wp-content\/uploads\/2021\/06\/fr-Cheminsdesolidarite.pdf\" target=\"_blank\" rel=\"noopener noreferrer\">Chemins de solidarite<\/a><\/p>\n<p><img decoding=\"async\" loading=\"lazy\" class=\"size-medium wp-image-2975 alignright\" src=\"https:\/\/www.educa.itakaescolapios.org\/wp-content\/uploads\/2020\/11\/mano-click-verde-por-dos-300x156.jpg\" alt=\"\" width=\"300\" height=\"156\" srcset=\"https:\/\/www.educa.itakaescolapios.org\/wp-content\/uploads\/2020\/11\/mano-click-verde-por-dos-300x156.jpg 300w, https:\/\/www.educa.itakaescolapios.org\/wp-content\/uploads\/2020\/11\/mano-click-verde-por-dos-1024x532.jpg 1024w, https:\/\/www.educa.itakaescolapios.org\/wp-content\/uploads\/2020\/11\/mano-click-verde-por-dos-768x399.jpg 768w, https:\/\/www.educa.itakaescolapios.org\/wp-content\/uploads\/2020\/11\/mano-click-verde-por-dos-1536x799.jpg 1536w, https:\/\/www.educa.itakaescolapios.org\/wp-content\/uploads\/2020\/11\/mano-click-verde-por-dos-2048x1065.jpg 2048w, https:\/\/www.educa.itakaescolapios.org\/wp-content\/uploads\/2020\/11\/mano-click-verde-por-dos-250x130.jpg 250w\" sizes=\"(max-width: 300px) 100vw, 300px\" \/><\/p>","protected":false},"excerpt":{"rendered":"<p>Qu&rsquo;est-ce que c\u2019est l&rsquo;ApS? Exemples et bonnes pratiques Partagez votre exp\u00e9rience ApS L&rsquo;Apprentissage par le Service ou \u00ab ApS \u00bb est une m\u00e9thodologie qui combine l\u2019apprentissage [&hellip;]<\/p>\n","protected":false},"author":1,"featured_media":0,"parent":15,"menu_order":0,"comment_status":"closed","ping_status":"closed","template":"","meta":[],"acf":[],"_links":{"self":[{"href":"https:\/\/www.educa.itakaescolapios.org\/fr\/wp-json\/wp\/v2\/pages\/3582"}],"collection":[{"href":"https:\/\/www.educa.itakaescolapios.org\/fr\/wp-json\/wp\/v2\/pages"}],"about":[{"href":"https:\/\/www.educa.itakaescolapios.org\/fr\/wp-json\/wp\/v2\/types\/page"}],"author":[{"embeddable":true,"href":"https:\/\/www.educa.itakaescolapios.org\/fr\/wp-json\/wp\/v2\/users\/1"}],"replies":[{"embeddable":true,"href":"https:\/\/www.educa.itakaescolapios.org\/fr\/wp-json\/wp\/v2\/comments?post=3582"}],"version-history":[{"count":118,"href":"https:\/\/www.educa.itakaescolapios.org\/fr\/wp-json\/wp\/v2\/pages\/3582\/revisions"}],"predecessor-version":[{"id":8479,"href":"https:\/\/www.educa.itakaescolapios.org\/fr\/wp-json\/wp\/v2\/pages\/3582\/revisions\/8479"}],"up":[{"embeddable":true,"href":"https:\/\/www.educa.itakaescolapios.org\/fr\/wp-json\/wp\/v2\/pages\/15"}],"wp:attachment":[{"href":"https:\/\/www.educa.itakaescolapios.org\/fr\/wp-json\/wp\/v2\/media?parent=3582"}],"curies":[{"name":"wp","href":"https:\/\/api.w.org\/{rel}","templated":true}]}}