{"id":3623,"date":"2020-11-18T22:34:24","date_gmt":"2020-11-18T21:34:24","guid":{"rendered":"https:\/\/www.educa.itakaescolapios.org\/?page_id=3623"},"modified":"2021-01-28T13:03:30","modified_gmt":"2021-01-28T12:03:30","slug":"comparte-tu-experiencia-de-aps","status":"publish","type":"page","link":"https:\/\/www.educa.itakaescolapios.org\/fr\/aprendizaje-y-servicio\/comparte-tu-experiencia-de-aps","title":{"rendered":"Partagez votre exp\u00e9rience ApS"},"content":{"rendered":"<p><\/p>\n<div class=\"bloque-show\" style=\"text-align: center;\">\n<div class=\"bloque-img-peq\"><a href=\"https:\/\/www.educa.itakaescolapios.org\/aprendizaje-y-servicio\/que-es-aps-2\"><br \/>\n<img decoding=\"async\" loading=\"lazy\" class=\"aligncenter wp-image-3566 size-medium\" style=\"width: 100px; height: auto;\" src=\"https:\/\/www.educa.itakaescolapios.org\/wp-content\/uploads\/2020\/11\/Que-es-ApS-300x254.png\" alt=\"\" width=\"300\" height=\"254\" srcset=\"https:\/\/www.educa.itakaescolapios.org\/wp-content\/uploads\/2020\/11\/Que-es-ApS-300x254.png 300w, https:\/\/www.educa.itakaescolapios.org\/wp-content\/uploads\/2020\/11\/Que-es-ApS-250x212.png 250w, https:\/\/www.educa.itakaescolapios.org\/wp-content\/uploads\/2020\/11\/Que-es-ApS.png 540w\" sizes=\"(max-width: 300px) 100vw, 300px\" \/><\/a><\/div>\n<p><a href=\"https:\/\/www.educa.itakaescolapios.org\/aprendizaje-y-servicio\/que-es-aps-2\">Qu&rsquo;est-ce que c\u2019est l&rsquo;ApS?<\/a><\/p>\n<\/div>\n<div class=\"bloque-show\" style=\"text-align: center;\">\n<div class=\"bloque-img-peq\"><a href=\"https:\/\/www.educa.itakaescolapios.org\/aprendizaje-y-servicio\/ejemplos-y-buenas-practicas\"><img decoding=\"async\" loading=\"lazy\" class=\"size-medium wp-image-3567 aligncenter\" style=\"margin-top: 30px; width: 100px; height: auto;\" src=\"https:\/\/www.educa.itakaescolapios.org\/wp-content\/uploads\/2020\/11\/comparte-ApS-300x207.png\" alt=\"\" width=\"300\" height=\"207\" srcset=\"https:\/\/www.educa.itakaescolapios.org\/wp-content\/uploads\/2020\/11\/comparte-ApS-300x207.png 300w, https:\/\/www.educa.itakaescolapios.org\/wp-content\/uploads\/2020\/11\/comparte-ApS-250x173.png 250w, https:\/\/www.educa.itakaescolapios.org\/wp-content\/uploads\/2020\/11\/comparte-ApS.png 727w\" sizes=\"(max-width: 300px) 100vw, 300px\" \/><\/a><\/div>\n<p><a href=\"https:\/\/www.educa.itakaescolapios.org\/aprendizaje-y-servicio\/ejemplos-y-buenas-practicas\">Exemples et bonnes pratiques<\/a><\/p>\n<\/div>\n<div class=\"bloque-show\" style=\"text-align: center;\">\n<div class=\"bloque-img-peq\"><img decoding=\"async\" loading=\"lazy\" width=\"300\" height=\"231\" class=\"size-medium wp-image-3568 aligncenter\" style=\"width: 200px; height: auto;\" src=\"https:\/\/www.educa.itakaescolapios.org\/wp-content\/uploads\/2020\/11\/Buenas-practicas-APS-300x231.png\" srcset=\"https:\/\/www.educa.itakaescolapios.org\/wp-content\/uploads\/2020\/11\/Buenas-practicas-APS-300x231.png 300w, https:\/\/www.educa.itakaescolapios.org\/wp-content\/uploads\/2020\/11\/Buenas-practicas-APS-250x193.png 250w, https:\/\/www.educa.itakaescolapios.org\/wp-content\/uploads\/2020\/11\/Buenas-practicas-APS.png 310w\" sizes=\"(max-width: 300px) 100vw, 300px\" \/><\/div>\n<p><a href=\"https:\/\/www.educa.itakaescolapios.org\/aprendizaje-y-servicio\/comparte-tu-experiencia-de-aps\">Partagez votre exp\u00e9rience ApS<\/a><\/p>\n<\/div>\n<p>&nbsp;<\/p>\n<p>Pour nous raconter vos exp\u00e9riences, contactez-nous via le formulaire &#8230;<\/p>\n<p><div class=\"wpcf7 no-js\" id=\"wpcf7-f2509-o4\" lang=\"es-ES\" dir=\"ltr\">\n<div class=\"screen-reader-response\"><p role=\"status\" aria-live=\"polite\" aria-atomic=\"true\"><\/p> <ul><\/ul><\/div>\n<form action=\"\/fr\/wp-json\/wp\/v2\/pages\/3623#wpcf7-f2509-o4\" method=\"post\" class=\"wpcf7-form init\" aria-label=\"Formulario de contacto\" enctype=\"multipart\/form-data\" novalidate=\"novalidate\" data-status=\"init\">\n<div style=\"display: none;\">\n<input type=\"hidden\" name=\"_wpcf7\" value=\"2509\" \/>\n<input type=\"hidden\" name=\"_wpcf7_version\" value=\"5.7.2\" \/>\n<input type=\"hidden\" name=\"_wpcf7_locale\" value=\"es_ES\" \/>\n<input type=\"hidden\" name=\"_wpcf7_unit_tag\" value=\"wpcf7-f2509-o4\" \/>\n<input type=\"hidden\" name=\"_wpcf7_container_post\" value=\"0\" \/>\n<input type=\"hidden\" name=\"_wpcf7_posted_data_hash\" value=\"\" \/>\n<\/div>\n<div id=\"formulario_propuestas\">\n\t<p>Remplissez dans ce formulaire, les espaces qui sont pertinents, en fonction de la proposition que vous souhaitez partager dans le r\u00e9seau Educa., une ressource \u00e9ducative, une exp\u00e9rience transformatrice, un projet d'apprentissage par le service ou autres.\n\t<\/p>\n\t<p><label><strong>Type de proposition:<\/strong><\/label><br \/>\n<span class=\"wpcf7-form-control-wrap\" data-name=\"tipo_recurso\"><span class=\"wpcf7-form-control wpcf7-checkbox wpcf7-validates-as-required wpcf7-exclusive-checkbox\"><span class=\"wpcf7-list-item first\"><input type=\"checkbox\" name=\"tipo_recurso\" value=\"Ressource \u00e9ducative\" tabindex=\"\" \/><span class=\"wpcf7-list-item-label\">Ressource \u00e9ducative<\/span><\/span><span class=\"wpcf7-list-item\"><input type=\"checkbox\" name=\"tipo_recurso\" value=\"Une exp\u00e9rience transformatrice\" tabindex=\"\" \/><span class=\"wpcf7-list-item-label\">Une exp\u00e9rience transformatrice<\/span><\/span><span class=\"wpcf7-list-item\"><input type=\"checkbox\" name=\"tipo_recurso\" value=\"Projet d&#039;apprentissage par le service\" tabindex=\"\" \/><span class=\"wpcf7-list-item-label\">Projet d&#039;apprentissage par le service<\/span><\/span><span class=\"wpcf7-list-item last\"><input type=\"checkbox\" name=\"tipo_recurso\" value=\"Autres\" tabindex=\"\" \/><span class=\"wpcf7-list-item-label\">Autres<\/span><\/span><\/span><\/span>\n\t<\/p>\n\t<p><label><strong>Titre:<\/strong><br \/>\n<span class=\"wpcf7-form-control-wrap\" data-name=\"titulo\"><input size=\"40\" class=\"wpcf7-form-control wpcf7-text wpcf7-validates-as-required form-lg\" aria-required=\"true\" aria-invalid=\"false\" value=\"\" type=\"text\" name=\"titulo\" \/><\/span> <\/label>\n\t<\/p>\n\t<p><label><strong>Objectifs:<\/strong><span class=\"wpcf7-form-control-wrap\" data-name=\"objetivos\"><textarea cols=\"40\" rows=\"10\" class=\"wpcf7-form-control wpcf7-textarea wpcf7-validates-as-required form-lg\" aria-required=\"true\" aria-invalid=\"false\" name=\"objetivos\"><\/textarea><\/span> <\/label>\n\t<\/p>\n\t<p><label><strong>Champ d'application:<\/strong> (tu peux s\u00e9lectionner plusieurs th\u00e8mes) tu peux voir une d\u00e9finition concr\u00e8te des th\u00e8mes<a href=\"https:\/\/www.educa.itakaescolapios.org\/wp-content\/uploads\/2021\/06\/Descripci\u00f3n-de-los-\u00e1mbitos-Fr.pdf\" target=\"blank\"> ici.<br \/>\n<\/a><\/label><br \/>\n<span class=\"wpcf7-form-control-wrap\" data-name=\"ambito\"><span class=\"wpcf7-form-control wpcf7-checkbox wpcf7-validates-as-required\"><span class=\"wpcf7-list-item first\"><span class=\"wpcf7-list-item-label\">Co\u00e9ducation<\/span><input type=\"checkbox\" name=\"ambito[]\" value=\"Co\u00e9ducation\" tabindex=\"\" \/><\/span><span class=\"wpcf7-list-item\"><span class=\"wpcf7-list-item-label\">Paix<\/span><input type=\"checkbox\" name=\"ambito[]\" value=\"Paix\" tabindex=\"\" \/><\/span><span class=\"wpcf7-list-item\"><span class=\"wpcf7-list-item-label\">Durabilit\u00e9<\/span><input type=\"checkbox\" name=\"ambito[]\" value=\"Durabilit\u00e9\" tabindex=\"\" \/><\/span><span class=\"wpcf7-list-item\"><span class=\"wpcf7-list-item-label\">Interculturalit\u00e9<\/span><input type=\"checkbox\" name=\"ambito[]\" value=\"Interculturalit\u00e9\" tabindex=\"\" \/><\/span><span class=\"wpcf7-list-item\"><span class=\"wpcf7-list-item-label\">Approche globale-locale<\/span><input type=\"checkbox\" name=\"ambito[]\" value=\"Approche globale-locale\" tabindex=\"\" \/><\/span><span class=\"wpcf7-list-item\"><span class=\"wpcf7-list-item-label\">Lutte contre l&#039;exclusion<\/span><input type=\"checkbox\" name=\"ambito[]\" value=\"Lutte contre l&#039;exclusion\" tabindex=\"\" \/><\/span><span class=\"wpcf7-list-item last\"><span class=\"wpcf7-list-item-label\">Droit \u00e0 l&#039;\u00e9ducation<\/span><input type=\"checkbox\" name=\"ambito[]\" value=\"Droit \u00e0 l&#039;\u00e9ducation\" tabindex=\"\" \/><\/span><\/span><\/span>\n\t<\/p>\n\t<p><label><strong>L'\u00e2ge des personnes vis\u00e9es:<\/strong> (tu peux s\u00e9lectionner plusieurs \u00e2ges)<\/label><br \/>\n<span class=\"wpcf7-form-control-wrap\" data-name=\"checkbox-edades\"><span class=\"wpcf7-form-control wpcf7-checkbox wpcf7-validates-as-required\"><span class=\"wpcf7-list-item first\"><input type=\"checkbox\" name=\"checkbox-edades[]\" value=\"3-5 ans\" tabindex=\"\" \/><span class=\"wpcf7-list-item-label\">3-5 ans<\/span><\/span><span class=\"wpcf7-list-item\"><input type=\"checkbox\" name=\"checkbox-edades[]\" value=\"6-8 ans\" tabindex=\"\" \/><span class=\"wpcf7-list-item-label\">6-8 ans<\/span><\/span><span class=\"wpcf7-list-item\"><input type=\"checkbox\" name=\"checkbox-edades[]\" value=\"8-10 ans\" tabindex=\"\" \/><span class=\"wpcf7-list-item-label\">8-10 ans<\/span><\/span><span class=\"wpcf7-list-item\"><input type=\"checkbox\" name=\"checkbox-edades[]\" value=\"10-12 ans\" tabindex=\"\" \/><span class=\"wpcf7-list-item-label\">10-12 ans<\/span><\/span><span class=\"wpcf7-list-item\"><input type=\"checkbox\" name=\"checkbox-edades[]\" value=\"12-14 ans\" tabindex=\"\" \/><span class=\"wpcf7-list-item-label\">12-14 ans<\/span><\/span><span class=\"wpcf7-list-item\"><input type=\"checkbox\" name=\"checkbox-edades[]\" value=\"14-16 ans\" tabindex=\"\" \/><span class=\"wpcf7-list-item-label\">14-16 ans<\/span><\/span><span class=\"wpcf7-list-item\"><input type=\"checkbox\" name=\"checkbox-edades[]\" value=\"16-18 ans\" tabindex=\"\" \/><span class=\"wpcf7-list-item-label\">16-18 ans<\/span><\/span><span class=\"wpcf7-list-item last\"><input type=\"checkbox\" name=\"checkbox-edades[]\" value=\"+ 18 ans\" tabindex=\"\" \/><span class=\"wpcf7-list-item-label\">+ 18 ans<\/span><\/span><\/span><\/span>\n\t<\/p>\n\t<p><label><strong>D\u00e9veloppement:<\/strong><span class=\"wpcf7-form-control-wrap\" data-name=\"desarrollo\"><textarea cols=\"40\" rows=\"10\" class=\"wpcf7-form-control wpcf7-textarea form-lg\" aria-invalid=\"false\" name=\"desarrollo\"><\/textarea><\/span><\/label>\n\t<\/p>\n\t<p>- <strong>Pi\u00e8ces jointes:<\/strong>(tu peux joindre documents, images, affiches, etc. Si tu rencontres des difficult\u00e9s pour les joindre, contactes-nous via educa@itakaescolapios.org ou places dans la zone de texte un lien vers l'endroit o\u00f9 tu peux acc\u00e9der \u00e0 la pi\u00e8ce jointe si elle est publique, dropbox, onedrive, mega, youtube, etc.)\n\t<\/p>\n\t<p><span class=\"wpcf7-form-control-wrap\" data-name=\"archivo\"><input size=\"40\" class=\"wpcf7-form-control wpcf7-file\" accept=\".doc,.docx,.jpg,.jpeg,.png,.gif,.txt,.odt,.xls,.xlsx,.bmp,.pptx,.ppt\" aria-invalid=\"false\" type=\"file\" name=\"archivo\" \/><\/span>\n\t<\/p>\n\t<p><span class=\"wpcf7-form-control-wrap\" data-name=\"otro-archivo\"><input size=\"40\" class=\"wpcf7-form-control wpcf7-file\" accept=\".doc,.docx,.jpg,.jpeg,.png,.gif,.txt,.odt,.xls,.xlsx,.bmp,.pptx,.ppt\" aria-invalid=\"false\" type=\"file\" name=\"otro-archivo\" \/><\/span>\n\t<\/p>\n\t<p><span class=\"wpcf7-form-control-wrap\" data-name=\"otro-archivo-mas\"><input size=\"40\" class=\"wpcf7-form-control wpcf7-file\" accept=\".doc,.docx,.jpg,.jpeg,.png,.gif,.txt,.odt,.xls,.xlsx,.bmp,.pptx,.ppt\" aria-invalid=\"false\" type=\"file\" name=\"otro-archivo-mas\" \/><\/span>\n\t<\/p>\n\t<p><span class=\"wpcf7-form-control-wrap\" data-name=\"repositorio\"><input size=\"40\" class=\"wpcf7-form-control wpcf7-text form-lg\" aria-invalid=\"false\" placeholder=\"URL: dropbox, onedrive, mega..\" value=\"\" type=\"text\" name=\"repositorio\" \/><\/span>\n\t<\/p>\n\t<p><label><strong>Contact de r\u00e9f\u00e9rence pour de plus amples informations <\/strong>(\u00e9cole, paroisse, si\u00e8ge, centre social, etc.)<\/label><br \/>\n<span class=\"wpcf7-form-control-wrap\" data-name=\"correo_electronico\"><input size=\"40\" class=\"wpcf7-form-control wpcf7-text wpcf7-validates-as-required form-lg-espacio\" aria-required=\"true\" aria-invalid=\"false\" placeholder=\"Adresse \u00e9lectronique\" value=\"\" type=\"text\" name=\"correo_electronico\" \/><\/span><br \/>\n<span class=\"wpcf7-form-control-wrap\" data-name=\"telefono\"><input size=\"40\" class=\"wpcf7-form-control wpcf7-text wpcf7-validates-as-required form-lg-espacio\" aria-required=\"true\" aria-invalid=\"false\" placeholder=\"T\u00e9l\u00e9phone\" value=\"\" type=\"text\" name=\"telefono\" \/><\/span>\n\t<\/p>\n\t<p><label><strong>Lieu:<\/strong><\/label><br \/>\n<span class=\"wpcf7-form-control-wrap\" data-name=\"nombre_presencia\"><input size=\"40\" class=\"wpcf7-form-control wpcf7-text wpcf7-validates-as-required form-lg-espacio\" aria-required=\"true\" aria-invalid=\"false\" placeholder=\"Nom de la pr\u00e9sence (\u00e9cole, paroisse, centre socioculturel...).\" value=\"\" type=\"text\" name=\"nombre_presencia\" \/><\/span><br \/>\n<span class=\"wpcf7-form-control-wrap\" data-name=\"ciudad_pueblo\"><input size=\"40\" class=\"wpcf7-form-control wpcf7-text wpcf7-validates-as-required form-lg-espacio\" aria-required=\"true\" aria-invalid=\"false\" placeholder=\"Ville\/village\" value=\"\" type=\"text\" name=\"ciudad_pueblo\" \/><\/span><br \/>\n<span class=\"wpcf7-form-control-wrap\" data-name=\"pais\"><input size=\"40\" class=\"wpcf7-form-control wpcf7-text wpcf7-validates-as-required form-lg-espacio\" aria-required=\"true\" aria-invalid=\"false\" placeholder=\"Pays\" value=\"\" type=\"text\" name=\"pais\" \/><\/span><br \/>\n<span class=\"wpcf7-form-control-wrap\" data-name=\"GPS\"><input size=\"40\" class=\"wpcf7-form-control wpcf7-text wpcf7-validates-as-required form-lg-espacio\" aria-required=\"true\" aria-invalid=\"false\" placeholder=\"Coordonn\u00e9es GPS\" value=\"\" type=\"text\" name=\"GPS\" \/><\/span>\n\t<\/p>\n\t<p><input class=\"wpcf7-form-control has-spinner wpcf7-submit\" type=\"submit\" value=\"Envoyer\" \/>\n\t<\/p>\n<\/div><div class=\"wpcf7-response-output\" aria-hidden=\"true\"><\/div><\/form><\/div><\/p>","protected":false},"excerpt":{"rendered":"<p>Qu&rsquo;est-ce que c\u2019est l&rsquo;ApS? Exemples et bonnes pratiques Partagez votre exp\u00e9rience ApS &nbsp; Pour nous raconter vos exp\u00e9riences, contactez-nous via le formulaire &#8230;<\/p>\n","protected":false},"author":1,"featured_media":0,"parent":15,"menu_order":0,"comment_status":"closed","ping_status":"closed","template":"","meta":[],"acf":[],"_links":{"self":[{"href":"https:\/\/www.educa.itakaescolapios.org\/fr\/wp-json\/wp\/v2\/pages\/3623"}],"collection":[{"href":"https:\/\/www.educa.itakaescolapios.org\/fr\/wp-json\/wp\/v2\/pages"}],"about":[{"href":"https:\/\/www.educa.itakaescolapios.org\/fr\/wp-json\/wp\/v2\/types\/page"}],"author":[{"embeddable":true,"href":"https:\/\/www.educa.itakaescolapios.org\/fr\/wp-json\/wp\/v2\/users\/1"}],"replies":[{"embeddable":true,"href":"https:\/\/www.educa.itakaescolapios.org\/fr\/wp-json\/wp\/v2\/comments?post=3623"}],"version-history":[{"count":20,"href":"https:\/\/www.educa.itakaescolapios.org\/fr\/wp-json\/wp\/v2\/pages\/3623\/revisions"}],"predecessor-version":[{"id":4554,"href":"https:\/\/www.educa.itakaescolapios.org\/fr\/wp-json\/wp\/v2\/pages\/3623\/revisions\/4554"}],"up":[{"embeddable":true,"href":"https:\/\/www.educa.itakaescolapios.org\/fr\/wp-json\/wp\/v2\/pages\/15"}],"wp:attachment":[{"href":"https:\/\/www.educa.itakaescolapios.org\/fr\/wp-json\/wp\/v2\/media?parent=3623"}],"curies":[{"name":"wp","href":"https:\/\/api.w.org\/{rel}","templated":true}]}}