{"id":3752,"date":"2020-11-19T16:47:30","date_gmt":"2020-11-19T15:47:30","guid":{"rendered":"https:\/\/www.educa.itakaescolapios.org\/?page_id=3752"},"modified":"2021-03-02T14:48:58","modified_gmt":"2021-03-02T13:48:58","slug":"haz-un-donativo-y-reinicia-grandes-cambios","status":"publish","type":"page","link":"https:\/\/www.educa.itakaescolapios.org\/fr\/campanas\/2020-2021-reiniciando-para-transformar\/haz-un-donativo-y-reinicia-grandes-cambios","title":{"rendered":"FAITES UN DON et recommencez les grands changements"},"content":{"rendered":"<p>Faites un don \u00e0 la Fondation Itaka-Escolapios et participez au processus de transformation sociale qu&rsquo;elle d\u00e9veloppe par l&rsquo;\u00e9ducation.<\/p>\n<p><strong>Contactez le si\u00e8ge d&rsquo;Itaka-Escolapios, votre \u00e9cole ou votre paroisse piariste pour conna\u00eetre la meilleure fa\u00e7on de faire vos dons.<\/strong><\/p>","protected":false},"excerpt":{"rendered":"<p>Faites un don \u00e0 la Fondation Itaka-Escolapios et participez au processus de transformation sociale qu&rsquo;elle d\u00e9veloppe par l&rsquo;\u00e9ducation. Contactez le si\u00e8ge d&rsquo;Itaka-Escolapios, votre \u00e9cole ou votre [&hellip;]<\/p>\n","protected":false},"author":5,"featured_media":0,"parent":2618,"menu_order":11,"comment_status":"closed","ping_status":"closed","template":"","meta":[],"acf":[],"_links":{"self":[{"href":"https:\/\/www.educa.itakaescolapios.org\/fr\/wp-json\/wp\/v2\/pages\/3752"}],"collection":[{"href":"https:\/\/www.educa.itakaescolapios.org\/fr\/wp-json\/wp\/v2\/pages"}],"about":[{"href":"https:\/\/www.educa.itakaescolapios.org\/fr\/wp-json\/wp\/v2\/types\/page"}],"author":[{"embeddable":true,"href":"https:\/\/www.educa.itakaescolapios.org\/fr\/wp-json\/wp\/v2\/users\/5"}],"replies":[{"embeddable":true,"href":"https:\/\/www.educa.itakaescolapios.org\/fr\/wp-json\/wp\/v2\/comments?post=3752"}],"version-history":[{"count":22,"href":"https:\/\/www.educa.itakaescolapios.org\/fr\/wp-json\/wp\/v2\/pages\/3752\/revisions"}],"predecessor-version":[{"id":4635,"href":"https:\/\/www.educa.itakaescolapios.org\/fr\/wp-json\/wp\/v2\/pages\/3752\/revisions\/4635"}],"up":[{"embeddable":true,"href":"https:\/\/www.educa.itakaescolapios.org\/fr\/wp-json\/wp\/v2\/pages\/2618"}],"wp:attachment":[{"href":"https:\/\/www.educa.itakaescolapios.org\/fr\/wp-json\/wp\/v2\/media?parent=3752"}],"curies":[{"name":"wp","href":"https:\/\/api.w.org\/{rel}","templated":true}]}}