{"id":4325,"date":"2021-01-11T17:32:28","date_gmt":"2021-01-11T16:32:28","guid":{"rendered":"https:\/\/www.educa.itakaescolapios.org\/?page_id=4325"},"modified":"2021-01-17T11:35:10","modified_gmt":"2021-01-17T10:35:10","slug":"2020-2021-reiniciando-la-educacion-educar-en-paz-y-ddhh","status":"publish","type":"page","link":"https:\/\/www.educa.itakaescolapios.org\/fr\/semanas-de-la-paz\/2020-2021-reiniciando-la-educacion-educar-en-paz-y-ddhh","title":{"rendered":"2020-2021 Relancer l&rsquo;\u00e9ducation"},"content":{"rendered":"<p><\/p>\n<p style=\"text-align: justify;\"><img decoding=\"async\" loading=\"lazy\" class=\"alignleft wp-image-4329 size-full\" src=\"https:\/\/www.educa.itakaescolapios.org\/wp-content\/uploads\/2021\/01\/Captura2.jpg\" alt=\"\" width=\"444\" height=\"134\" srcset=\"https:\/\/www.educa.itakaescolapios.org\/wp-content\/uploads\/2021\/01\/Captura2.jpg 444w, https:\/\/www.educa.itakaescolapios.org\/wp-content\/uploads\/2021\/01\/Captura2-300x91.jpg 300w, https:\/\/www.educa.itakaescolapios.org\/wp-content\/uploads\/2021\/01\/Captura2-250x75.jpg 250w\" sizes=\"(max-width: 444px) 100vw, 444px\" \/><\/p>\n<p style=\"text-align: justify;\">Toutes les personnes et institutions int\u00e9ress\u00e9es par l&rsquo;\u00e9ducation, et en particulier les \u00e9coles pieuses, ont accueilli avec int\u00e9r\u00eat et engagement <strong>l&rsquo;appel du pape Fran\u00e7ois \u00e0 \u00ab\u00a0reconstruire le pacte \u00e9ducatif mondial\u00a0\u00bb<\/strong>. C&rsquo;est un appel fort et clair, qui nous invite non seulement \u00e0 renouveler notre engagement en faveur de l&rsquo;\u00e9ducation, mais aussi \u00e0 une dynamique partag\u00e9e de travail pour l&rsquo;\u00e9ducation en tant qu&rsquo;instrument de changement social, porteur d&rsquo;un monde diff\u00e9rent qui peut et doit \u00eatre construit entre tous.<\/p>\n<p style=\"text-align: justify;\">C&rsquo;est une <em>\u00ab\u00a0invitation au dialogue sur la fa\u00e7on dont nous construisons l&rsquo;avenir de la plan\u00e8te et sur la n\u00e9cessit\u00e9 d&rsquo;investir les talents de tous, car tout changement n\u00e9cessite un parcours \u00e9ducatif qui am\u00e8nera \u00e0 maturit\u00e9 une nouvelle solidarit\u00e9 universelle et une soci\u00e9t\u00e9 plus accueillante\u00a0\u00bb. \u00ab\u00a0Raviver l&rsquo;engagement pour et avec les jeunes g\u00e9n\u00e9rations, en renouvelant la passion pour une \u00e9ducation plus ouverte et inclusive, capable d&rsquo;une \u00e9coute patiente, d&rsquo;un dialogue constructif et d&rsquo;une compr\u00e9hension mutuelle\u00a0\u00bb.<\/em><\/p>\n<p style=\"text-align: justify;\">C&rsquo;est une invitation \u00e0 prendre soin de la fragilit\u00e9 des personnes et du monde dans lequel nous vivons.<\/p>\n<p style=\"text-align: justify;\"><strong>L&rsquo;\u00e9ducation et la formation deviennent des priorit\u00e9s, car elles contribuent \u00e0 \u00eatre les protagonistes directs et les co-constructeurs du bien commun et de la paix.<\/strong><\/p>\n<p style=\"text-align: justify;\">Comme point de d\u00e9part, le Pape pense que nous devons \u00ab\u00a0reconstruire\u00a0\u00bb le pacte \u00e9ducatif, car il y a des fractures importantes que nous devons reconna\u00eetre et affronter, surtout trois:<\/p>\n<ol>\n<li style=\"text-align: justify;\">Entre la personne et Dieu.<\/li>\n<li style=\"text-align: justify;\">Des relations humaines dans leur diversit\u00e9 (la relation avec ceux qui sont diff\u00e9rents de moi).<\/li>\n<li style=\"text-align: justify;\">De la personne avec la nature.<\/li>\n<\/ol>\n<p style=\"text-align: justify;\">Ces trois fractures ne peuvent \u00eatre surmont\u00e9es que par l&rsquo;\u00e9ducation. C&rsquo;est pourquoi nous avons besoin d&rsquo;un pacte mondial qui les aborde et nous permette de lutter pour un monde diff\u00e9rent.<\/p>\n<p style=\"text-align: justify;\">Il est n\u00e9cessaire d&rsquo;adopter un concept d&rsquo;\u00e9ducation qui englobe le large \u00e9ventail d&rsquo;exp\u00e9riences de vie et de processus d&rsquo;apprentissage et qui permette aux jeunes de d\u00e9velopper leur personnalit\u00e9 individuellement et collectivement. L&rsquo;\u00e9ducation ne s&rsquo;arr\u00eate pas dans les salles de classe des \u00e9coles ou des universit\u00e9s, mais s&rsquo;affirme avant tout en respectant et en renfor\u00e7ant le droit primaire de la famille \u00e0 \u00e9duquer, et le droit des \u00c9glises et des entit\u00e9s sociales \u00e0 soutenir et \u00e0 collaborer avec les familles dans l&rsquo;\u00e9ducation de leurs enfants\u00a0\u00bb (Discours aux membres du corps diplomatique accr\u00e9dit\u00e9s aupr\u00e8s du Saint-Si\u00e8ge \u00e0 l&rsquo;occasion des v\u0153ux du Nouvel An, 9 janvier 2020).<\/p>\n<p style=\"text-align: justify;\"><strong>\u00ab\u00a0Il est temps de regarder vers l&rsquo;avenir avec courage et espoir. Soyons soutenus par la conviction que dans l&rsquo;\u00e9ducation se trouve la graine de l&rsquo;espoir : un espoir de paix et de justice. Un espoir de beaut\u00e9, de bont\u00e9 ; un espoir d&rsquo;harmonie sociale\u00a0\u00bb.<\/strong><\/p>\n<p style=\"text-align: justify;\">Pour atteindre ces objectifs globaux, le Pape indique trois \u00e9tapes importantes \u00e0 franchir sur la voie commune du \u00ab\u00a0village de l&rsquo;\u00e9ducation\u00a0\u00bb :<\/p>\n<ul style=\"text-align: justify;\">\n<li>Tout d&rsquo;abord, <strong>\u00ab\u00a0le courage de mettre la personne au centre\u00a0\u00bb<\/strong>. Cela n\u00e9cessite la signature d&rsquo;un pacte qui encourage les processus \u00e9ducatifs formels et informels, qui ne peut ignorer le fait que tout dans le monde est intimement li\u00e9 et qu&rsquo;il faut trouver d&rsquo;autres fa\u00e7ons de comprendre l&rsquo;\u00e9conomie, la politique, la croissance et le progr\u00e8s &#8211; en se basant sur une anthropologie saine\u00a0\u00bb.<\/li>\n<li>Une autre \u00e9tape est le courage d&rsquo;investir les meilleures \u00e9nergies avec <strong>cr\u00e9ativit\u00e9 et responsabilit\u00e9<\/strong>. L&rsquo;action positive et confiante ouvre l&rsquo;\u00e9ducation \u00e0 une <strong>planification \u00e0 long terme<\/strong>, qui ne s&rsquo;arr\u00eate pas aux conditions statiques. Nous aurons ainsi des personnes ouvertes, responsables, disponibles pour trouver du temps pour <strong>l&rsquo;\u00e9coute, le dialogue et la r\u00e9flexion<\/strong>, et capables de construire un tissu de relations avec les familles, entre les g\u00e9n\u00e9rations et avec les diff\u00e9rentes expressions de la soci\u00e9t\u00e9 civile, afin de composer un nouvel humanisme.<\/li>\n<li>Et enfin, avoir le \u00ab\u00a0courage de former des personnes disponibles et qui se mettent <strong>au service de la communaut\u00e9<\/strong>\u00a0\u00bb parce que \u00ab\u00a0le service est un pilier de la culture de la rencontre\u00a0\u00bb, et \u00ab\u00a0comme J\u00e9sus \u00e9tait enclin \u00e0 laver les pieds des ap\u00f4tres\u00a0\u00bb, travailler \u00ab\u00a0aux c\u00f4t\u00e9s des plus n\u00e9cessiteux\u00a0\u00bb.<\/li>\n<\/ul>\n<p style=\"text-align: justify;\"><strong>Piliers du nouveau mod\u00e8le \u00e9ducatif<\/strong><\/p>\n<p style=\"text-align: justify;\">Au cours de son discours, Francisco a fait sept propositions pour concr\u00e9tiser un nouveau mod\u00e8le \u00e9ducatif.<\/p>\n<ol style=\"text-align: justify;\">\n<li>Placer la personne au centre de tout le processus.<\/li>\n<li>\u00c9couter la voix des enfants\/des jeunes.<\/li>\n<li>Promouvoir la pleine participation des filles et des jeunes femmes.<\/li>\n<li>Avoir la famille comme premier et indispensable \u00e9ducateur-tutorat des familles.<\/li>\n<li>Eduquer et \u00e9duquer \u00e0 l&rsquo;accueil, en nous ouvrant aux plus vuln\u00e9rables.<\/li>\n<li>S&rsquo;engager \u00e0 \u00e9tudier pour trouver d&rsquo;autres fa\u00e7ons de comprendre l&rsquo;\u00e9conomie, la politique, la croissance et le progr\u00e8s afin qu&rsquo;ils soient au service de l&rsquo;homme et de toute la famille humaine.<\/li>\n<li>Prenez soin de la maison commune. Dans l&rsquo;encyclique Laudato s\u00ed&rsquo;, le pape Fran\u00e7ois rappelle que \u00ab\u00a0l&rsquo;\u00e9ducation sera inefficace et ses efforts seront st\u00e9riles si elle ne cherche pas aussi \u00e0 diffuser un nouveau paradigme sur l&rsquo;\u00eatre humain, la vie, la soci\u00e9t\u00e9 et la relation avec la nature\u00a0\u00bb.<\/li>\n<\/ol>\n<p style=\"text-align: justify;\"><strong>M\u00e9thodologie de la Semaine de la paix et des droits de l&rsquo;homme<\/strong><\/p>\n<p style=\"text-align: justify;\"><strong>Utilisez la m\u00e9thodologie de \u00ab\u00a0conception pour le changement\u00a0\u00bb:<\/strong><\/p>\n<ol>\n<li style=\"text-align: justify;\">Etape 1 : sentir (Sensibilisation par l&rsquo;exp\u00e9rience).<\/li>\n<li style=\"text-align: justify;\">\u00c9tape 2 : imaginer (r\u00e9flexion, imaginer un nouveau monde, style coop\u00e9ratif).<\/li>\n<li style=\"text-align: justify;\">\u00c9tape 3 : agir (choisir la meilleure proposition).<\/li>\n<li style=\"text-align: justify;\">\u00c9tape 4 : \u00c9volution (\u00e9volution et \u00e9valuation. Esprit critique).<\/li>\n<li style=\"text-align: justify;\">\u00c9tape 5 : Partage (par le biais des r\u00e9seaux sociaux, du web&#8230;).<\/li>\n<\/ol>\n<p><strong>Aper\u00e7u des activit\u00e9s<\/strong><\/p>\n<p><strong><img decoding=\"async\" loading=\"lazy\" class=\"alignright wp-image-4328 size-full\" src=\"https:\/\/www.educa.itakaescolapios.org\/wp-content\/uploads\/2021\/01\/Captura.jpg\" alt=\"\" width=\"541\" height=\"169\" srcset=\"https:\/\/www.educa.itakaescolapios.org\/wp-content\/uploads\/2021\/01\/Captura.jpg 541w, https:\/\/www.educa.itakaescolapios.org\/wp-content\/uploads\/2021\/01\/Captura-300x94.jpg 300w, https:\/\/www.educa.itakaescolapios.org\/wp-content\/uploads\/2021\/01\/Captura-250x78.jpg 250w\" sizes=\"(max-width: 541px) 100vw, 541px\" \/><\/strong><\/p>\n<ol>\n<li>La phrase centrale de Calasanz<\/li>\n<li>Partie I : Introduction<\/li>\n<li>Partie II : Dynamique<\/li>\n<li>Partie III : r\u00e9flexion Que puis-je faire ? Comment puis-je apporter la paix ?<\/li>\n<\/ol>\n<p>&nbsp;<\/p>\n<p>&nbsp;<\/p>\n<p style=\"text-align: justify;\"><em>Note : Lorsque vous concevez des activit\u00e9s, gardez \u00e0 l&rsquo;esprit qu&rsquo;elles peuvent devoir \u00eatre r\u00e9alis\u00e9es dans une situation confin\u00e9e. Par cons\u00e9quent, les activit\u00e9s que nous concevons doivent pouvoir \u00eatre r\u00e9alis\u00e9es soit en face \u00e0 face, soit en ligne.<\/em><\/p>\n<p>&nbsp;<\/p>\n<p>&nbsp;<\/p>","protected":false},"excerpt":{"rendered":"<p>Toutes les personnes et institutions int\u00e9ress\u00e9es par l&rsquo;\u00e9ducation, et en particulier les \u00e9coles pieuses, ont accueilli avec int\u00e9r\u00eat et engagement l&rsquo;appel du pape Fran\u00e7ois \u00e0 \u00ab\u00a0reconstruire [&hellip;]<\/p>\n","protected":false},"author":5,"featured_media":4398,"parent":713,"menu_order":0,"comment_status":"closed","ping_status":"closed","template":"","meta":[],"acf":[],"_links":{"self":[{"href":"https:\/\/www.educa.itakaescolapios.org\/fr\/wp-json\/wp\/v2\/pages\/4325"}],"collection":[{"href":"https:\/\/www.educa.itakaescolapios.org\/fr\/wp-json\/wp\/v2\/pages"}],"about":[{"href":"https:\/\/www.educa.itakaescolapios.org\/fr\/wp-json\/wp\/v2\/types\/page"}],"author":[{"embeddable":true,"href":"https:\/\/www.educa.itakaescolapios.org\/fr\/wp-json\/wp\/v2\/users\/5"}],"replies":[{"embeddable":true,"href":"https:\/\/www.educa.itakaescolapios.org\/fr\/wp-json\/wp\/v2\/comments?post=4325"}],"version-history":[{"count":20,"href":"https:\/\/www.educa.itakaescolapios.org\/fr\/wp-json\/wp\/v2\/pages\/4325\/revisions"}],"predecessor-version":[{"id":4458,"href":"https:\/\/www.educa.itakaescolapios.org\/fr\/wp-json\/wp\/v2\/pages\/4325\/revisions\/4458"}],"up":[{"embeddable":true,"href":"https:\/\/www.educa.itakaescolapios.org\/fr\/wp-json\/wp\/v2\/pages\/713"}],"wp:featuredmedia":[{"embeddable":true,"href":"https:\/\/www.educa.itakaescolapios.org\/fr\/wp-json\/wp\/v2\/media\/4398"}],"wp:attachment":[{"href":"https:\/\/www.educa.itakaescolapios.org\/fr\/wp-json\/wp\/v2\/media?parent=4325"}],"curies":[{"name":"wp","href":"https:\/\/api.w.org\/{rel}","templated":true}]}}