{"id":4335,"date":"2021-01-11T17:44:06","date_gmt":"2021-01-11T16:44:06","guid":{"rendered":"https:\/\/www.educa.itakaescolapios.org\/?page_id=4335"},"modified":"2021-01-18T20:38:21","modified_gmt":"2021-01-18T19:38:21","slug":"dia-escolar-de-la-noviolencia-y-la-paz","status":"publish","type":"page","link":"https:\/\/www.educa.itakaescolapios.org\/fr\/semanas-de-la-paz\/2020-2021-reiniciando-la-educacion-educar-en-paz-y-ddhh\/dia-escolar-de-la-noviolencia-y-la-paz","title":{"rendered":"Journ\u00e9e scolaire de la non-violence et de la paix"},"content":{"rendered":"<p><img decoding=\"async\" loading=\"lazy\" class=\"size-medium wp-image-4336 alignleft\" src=\"https:\/\/www.educa.itakaescolapios.org\/wp-content\/uploads\/2021\/01\/Captura-gandhi-300x286.jpg\" alt=\"\" width=\"300\" height=\"286\" srcset=\"https:\/\/www.educa.itakaescolapios.org\/wp-content\/uploads\/2021\/01\/Captura-gandhi-300x286.jpg 300w, https:\/\/www.educa.itakaescolapios.org\/wp-content\/uploads\/2021\/01\/Captura-gandhi-250x238.jpg 250w, https:\/\/www.educa.itakaescolapios.org\/wp-content\/uploads\/2021\/01\/Captura-gandhi.jpg 335w\" sizes=\"(max-width: 300px) 100vw, 300px\" \/><\/p>\n<p style=\"text-align: justify;\">La Journ\u00e9e scolaire de la non-violence et de la paix est c\u00e9l\u00e9br\u00e9e le 30 janvier de chaque ann\u00e9e pour comm\u00e9morer la mort du leader national et spirituel de l&rsquo;Inde, le Mahatma Gandhi, le 30 janvier 1948.<\/p>\n<p style=\"text-align: justify;\">Originaire d&rsquo;Inde, Gandhi a consacr\u00e9 une grande partie de sa vie \u00e0 la lutte pour les droits des individus et des peuples, toujours par des actions pacifiques, bas\u00e9es sur la non-violence. En 1948, Gandhi a \u00e9t\u00e9 assassin\u00e9.<\/p>\n<p><\/p>","protected":false},"excerpt":{"rendered":"<p>La Journ\u00e9e scolaire de la non-violence et de la paix est c\u00e9l\u00e9br\u00e9e le 30 janvier de chaque ann\u00e9e pour comm\u00e9morer la mort du leader national et [&hellip;]<\/p>\n","protected":false},"author":5,"featured_media":0,"parent":4325,"menu_order":1,"comment_status":"closed","ping_status":"closed","template":"","meta":[],"acf":[],"_links":{"self":[{"href":"https:\/\/www.educa.itakaescolapios.org\/fr\/wp-json\/wp\/v2\/pages\/4335"}],"collection":[{"href":"https:\/\/www.educa.itakaescolapios.org\/fr\/wp-json\/wp\/v2\/pages"}],"about":[{"href":"https:\/\/www.educa.itakaescolapios.org\/fr\/wp-json\/wp\/v2\/types\/page"}],"author":[{"embeddable":true,"href":"https:\/\/www.educa.itakaescolapios.org\/fr\/wp-json\/wp\/v2\/users\/5"}],"replies":[{"embeddable":true,"href":"https:\/\/www.educa.itakaescolapios.org\/fr\/wp-json\/wp\/v2\/comments?post=4335"}],"version-history":[{"count":6,"href":"https:\/\/www.educa.itakaescolapios.org\/fr\/wp-json\/wp\/v2\/pages\/4335\/revisions"}],"predecessor-version":[{"id":4482,"href":"https:\/\/www.educa.itakaescolapios.org\/fr\/wp-json\/wp\/v2\/pages\/4335\/revisions\/4482"}],"up":[{"embeddable":true,"href":"https:\/\/www.educa.itakaescolapios.org\/fr\/wp-json\/wp\/v2\/pages\/4325"}],"wp:attachment":[{"href":"https:\/\/www.educa.itakaescolapios.org\/fr\/wp-json\/wp\/v2\/media?parent=4335"}],"curies":[{"name":"wp","href":"https:\/\/api.w.org\/{rel}","templated":true}]}}