{"id":4341,"date":"2021-01-11T17:46:47","date_gmt":"2021-01-11T16:46:47","guid":{"rendered":"https:\/\/www.educa.itakaescolapios.org\/?page_id=4341"},"modified":"2021-02-04T00:19:10","modified_gmt":"2021-02-03T23:19:10","slug":"actividades","status":"publish","type":"page","link":"https:\/\/www.educa.itakaescolapios.org\/fr\/semanas-de-la-paz\/2020-2021-reiniciando-la-educacion-educar-en-paz-y-ddhh\/actividades","title":{"rendered":"Activit\u00e9s"},"content":{"rendered":"<p><\/p>\n<p style=\"text-align: justify;\"><span style=\"font-size: 20px;\">Nous vous proposons ci-dessous une s\u00e9rie d&rsquo;activit\u00e9s pour d\u00e9velopper la Semaine de la paix et des droits de l&rsquo;homme 2020-2021 \u00ab\u00a0Red\u00e9marrer l&rsquo;\u00e9ducation\u00a0\u00bb dans diff\u00e9rents domaines.<\/span><\/p>\n<p>&nbsp;<\/p>\n<p style=\"padding-left: 80px;\"><a href=\"https:\/\/www.educa.itakaescolapios.org\/wp-content\/uploads\/2021\/01\/oracion-paz-FRA-2021.pdf\" target=\"_blank\" rel=\"noopener noreferrer\">Pri\u00e8res<\/a><\/p>\n<p>&nbsp;<\/p>\n<p><span style=\"font-size: 20px;\">Actividades para Tutor\u00eda\/Religi\u00f3n\/\u00c9tica:<\/span><\/p>\n<p style=\"padding-left: 80px;\"><a href=\"https:\/\/www.educa.itakaescolapios.org\/wp-content\/uploads\/2021\/01\/REVISTA-CAMPANA-PAZ-2021-1.pdf\">Revista Semana de la Paz y los DDHH<\/a><\/p>\n<p style=\"padding-left: 120px;\"><a href=\"https:\/\/www.educa.itakaescolapios.org\/wp-content\/uploads\/2021\/01\/3-6-a\u00f1os-Infantil-Anexo-1-7-FOTOS.docx\">3-6 a\u00f1os Infantil &#8211; Anexo 1-7 &#8211; FOTOS<\/a><\/p>\n<p style=\"padding-left: 120px;\"><a href=\"https:\/\/www.educa.itakaescolapios.org\/wp-content\/uploads\/2021\/01\/5-7-a\u00f1os-Primaria-1\u00ba-2\u00ba-Anexo-1-FELPUDO.pdf\">5-7 a\u00f1os Primaria 1\u00ba-2\u00ba &#8211; Anexo 1 &#8211; FELPUDO<\/a><\/p>\n<p style=\"padding-left: 120px;\"><a href=\"https:\/\/www.educa.itakaescolapios.org\/wp-content\/uploads\/2021\/01\/7-9-a\u00f1os-Primaria-3\u00ba-4\u00ba-Anexo-1-CRUCIGRAMAS.pptx\">7-9 a\u00f1os Primaria 3\u00ba-4\u00ba &#8211; Anexo 1 &#8211; CRUCIGRAMAS<\/a><\/p>\n<p style=\"padding-left: 120px;\"><a href=\"https:\/\/www.educa.itakaescolapios.org\/wp-content\/uploads\/2021\/01\/9-11-a\u00f1os-Primaria-5\u00ba-6\u00ba-Anexo-1-MAPA-DATOS-1.pptx\">9-11 a\u00f1os Primaria 5\u00ba-6\u00ba &#8211; Anexo 1 &#8211; MAPA DATOS\u00a0<\/a><\/p>\n<p style=\"padding-left: 120px;\"><a href=\"https:\/\/www.educa.itakaescolapios.org\/wp-content\/uploads\/2021\/01\/9-11-a\u00f1os-Primaria-5\u00ba-6\u00ba-Anexo-2-MENSAJE.docx\">9-11 a\u00f1os Primaria 5\u00ba-6\u00ba &#8211; Anexo 2 &#8211; MENSAJE<\/a><\/p>\n<p style=\"padding-left: 120px;\"><a href=\"https:\/\/www.educa.itakaescolapios.org\/wp-content\/uploads\/2021\/01\/9-11-a\u00f1os-Primaria-5\u00ba-6\u00ba-Anexo-3-MAPA.docx\">9-11 a\u00f1os Primaria 5\u00ba-6\u00ba &#8211; Anexo 3 &#8211; MAPA<\/a><\/p>\n<p style=\"padding-left: 120px;\"><a href=\"https:\/\/www.educa.itakaescolapios.org\/wp-content\/uploads\/2021\/01\/11-13-a\u00f1os-ESO-1\u00ba-2\u00ba-Anexo-1-HISTORIA.pptx\" target=\"_blank\" rel=\"noopener noreferrer\">11-13 a\u00f1os ESO 1\u00ba-2\u00ba &#8211; Anexo 1 &#8211; HISTORIA<\/a><\/p>\n<p style=\"padding-left: 120px;\"><a href=\"https:\/\/www.educa.itakaescolapios.org\/wp-content\/uploads\/2021\/01\/11-13-a\u00f1os-ESO-1\u00ba-2\u00ba-Anexo-2-REALIDAD.pptx\" target=\"_blank\" rel=\"noopener noreferrer\">11-13 a\u00f1os ESO 1\u00ba-2\u00ba &#8211; Anexo 2 &#8211; REALIDAD<\/a><\/p>\n<p style=\"padding-left: 120px;\"><a href=\"https:\/\/www.educa.itakaescolapios.org\/wp-content\/uploads\/2021\/01\/14-16-a\u00f1os-ESO-3\u00ba-4\u00ba-Anexo-1-CAPTURAS.docx\">14-16 a\u00f1os ESO 3\u00ba-4\u00ba &#8211; Anexo 1 &#8211; CAPTURAS<\/a><\/p>\n<p style=\"padding-left: 120px;\"><a href=\"https:\/\/www.educa.itakaescolapios.org\/wp-content\/uploads\/2021\/01\/14-16-a\u00f1os-ESO-3\u00ba-4\u00ba-Anexo-2-DESCRIPCI\u00d3N.docx\">14-16 a\u00f1os ESO 3\u00ba-4\u00ba &#8211; Anexo 2 &#8211; DESCRIPCI\u00d3N<\/a><\/p>\n<p style=\"padding-left: 120px;\"><a href=\"https:\/\/www.educa.itakaescolapios.org\/wp-content\/uploads\/2021\/01\/14-16-a\u00f1os-ESO-3\u00ba-4\u00ba-Anexo-3-MENSAJE.docx\">14-16 a\u00f1os ESO 3\u00ba-4\u00ba &#8211; Anexo 3 &#8211; MENSAJE<\/a><\/p>\n<p style=\"padding-left: 120px;\"><a href=\"https:\/\/www.educa.itakaescolapios.org\/wp-content\/uploads\/2021\/01\/16-18-a\u00f1os-Bachillerato-1\u00ba-2\u00ba-Anexo-1-LA-CASA.pptx\">16-18 a\u00f1os Bachillerato 1\u00ba-2\u00ba &#8211; Anexo 1 &#8211; LA CASA <img decoding=\"async\" loading=\"lazy\" class=\"alignright size-medium wp-image-3014\" src=\"https:\/\/www.educa.itakaescolapios.org\/wp-content\/uploads\/2020\/11\/mano-click-verde-en-el-medio-300x107.jpg\" alt=\"\" width=\"300\" height=\"107\" srcset=\"https:\/\/www.educa.itakaescolapios.org\/wp-content\/uploads\/2020\/11\/mano-click-verde-en-el-medio-300x107.jpg 300w, https:\/\/www.educa.itakaescolapios.org\/wp-content\/uploads\/2020\/11\/mano-click-verde-en-el-medio-1024x366.jpg 1024w, https:\/\/www.educa.itakaescolapios.org\/wp-content\/uploads\/2020\/11\/mano-click-verde-en-el-medio-768x275.jpg 768w, https:\/\/www.educa.itakaescolapios.org\/wp-content\/uploads\/2020\/11\/mano-click-verde-en-el-medio-1536x549.jpg 1536w, https:\/\/www.educa.itakaescolapios.org\/wp-content\/uploads\/2020\/11\/mano-click-verde-en-el-medio-2048x732.jpg 2048w, https:\/\/www.educa.itakaescolapios.org\/wp-content\/uploads\/2020\/11\/mano-click-verde-en-el-medio-250x89.jpg 250w\" sizes=\"(max-width: 300px) 100vw, 300px\" \/><\/a><\/p>\n<p>&nbsp;<\/p>\n<p><span style=\"font-size: 20px;\">Activit\u00e9s pour le Mouvement de Calasanz:<\/span><\/p>\n<p style=\"padding-left: 80px;\"><a href=\"https:\/\/www.educa.itakaescolapios.org\/wp-content\/uploads\/2021\/01\/ficha-mision-mcal-1617-FRA.pdf\" target=\"_blank\" rel=\"noopener noreferrer\">Mouvement de Calasanz et famille. Jeunes de 16-17 ans<\/a><\/p>\n<p style=\"padding-left: 80px;\"><a href=\"https:\/\/www.educa.itakaescolapios.org\/wp-content\/uploads\/2021\/01\/ficha-mision-mcal-1215-FRA.pdf\" target=\"_blank\" rel=\"noopener noreferrer\">Mouvement de Calasanz. 12-15 ans<\/a><\/p>\n<p style=\"padding-left: 80px;\"><a href=\"https:\/\/www.educa.itakaescolapios.org\/wp-content\/uploads\/2021\/01\/ficha-mision-mcal-8-11-FRA.pdf\" target=\"_blank\" rel=\"noopener noreferrer\">Mouvement Calasanz 8-11 ans<\/a><\/p>\n<p>&nbsp;<\/p>\n<p><span style=\"font-size: 20px;\">Activit\u00e9s pour le cat\u00e9chum\u00e9nat:<\/span><\/p>\n<p style=\"padding-left: 80px;\"><a href=\"https:\/\/www.educa.itakaescolapios.org\/wp-content\/uploads\/2021\/01\/ficha-catecumendado-FRA.pdf\" target=\"_blank\" rel=\"noopener noreferrer\">Cat\u00e9chum\u00e9nat. Paix et droits de l&rsquo;homme<\/a><\/p>\n<p>&nbsp;<\/p>\n<p><span style=\"font-size: 20px;\">Activit\u00e9s pour la Fraternit\u00e9 des Piaristes:<\/span><\/p>\n<p style=\"padding-left: 80px;\"><a href=\"https:\/\/www.educa.itakaescolapios.org\/wp-content\/uploads\/2021\/01\/ficha-fraternidad-FRA.pdf\" target=\"_blank\" rel=\"noopener noreferrer\">Fraternit\u00e9. Paix et droits de l&rsquo;homme<\/a><\/p>\n<p>&nbsp;<\/p>\n<p><span style=\"font-size: 20px;\">Activit\u00e9s de la mission partag\u00e9e:<\/span><\/p>\n<p style=\"padding-left: 80px;\"><a href=\"https:\/\/www.educa.itakaescolapios.org\/wp-content\/uploads\/2021\/01\/ficha-mision-compartida-FRA.pdf\" target=\"_blank\" rel=\"noopener noreferrer\">Mission partag\u00e9e. Paix et droits de l&rsquo;homme<\/a><\/p>\n<p style=\"padding-left: 40px;\">\n<p><\/p>","protected":false},"excerpt":{"rendered":"<p>Nous vous proposons ci-dessous une s\u00e9rie d&rsquo;activit\u00e9s pour d\u00e9velopper la Semaine de la paix et des droits de l&rsquo;homme 2020-2021 \u00ab\u00a0Red\u00e9marrer l&rsquo;\u00e9ducation\u00a0\u00bb dans diff\u00e9rents domaines. &nbsp; [&hellip;]<\/p>\n","protected":false},"author":5,"featured_media":0,"parent":4325,"menu_order":2,"comment_status":"closed","ping_status":"closed","template":"","meta":[],"acf":[],"_links":{"self":[{"href":"https:\/\/www.educa.itakaescolapios.org\/fr\/wp-json\/wp\/v2\/pages\/4341"}],"collection":[{"href":"https:\/\/www.educa.itakaescolapios.org\/fr\/wp-json\/wp\/v2\/pages"}],"about":[{"href":"https:\/\/www.educa.itakaescolapios.org\/fr\/wp-json\/wp\/v2\/types\/page"}],"author":[{"embeddable":true,"href":"https:\/\/www.educa.itakaescolapios.org\/fr\/wp-json\/wp\/v2\/users\/5"}],"replies":[{"embeddable":true,"href":"https:\/\/www.educa.itakaescolapios.org\/fr\/wp-json\/wp\/v2\/comments?post=4341"}],"version-history":[{"count":27,"href":"https:\/\/www.educa.itakaescolapios.org\/fr\/wp-json\/wp\/v2\/pages\/4341\/revisions"}],"predecessor-version":[{"id":4581,"href":"https:\/\/www.educa.itakaescolapios.org\/fr\/wp-json\/wp\/v2\/pages\/4341\/revisions\/4581"}],"up":[{"embeddable":true,"href":"https:\/\/www.educa.itakaescolapios.org\/fr\/wp-json\/wp\/v2\/pages\/4325"}],"wp:attachment":[{"href":"https:\/\/www.educa.itakaescolapios.org\/fr\/wp-json\/wp\/v2\/media?parent=4341"}],"curies":[{"name":"wp","href":"https:\/\/api.w.org\/{rel}","templated":true}]}}