{"id":4946,"date":"2021-10-20T11:38:08","date_gmt":"2021-10-20T09:38:08","guid":{"rendered":"https:\/\/www.educa.itakaescolapios.org\/?page_id=4946"},"modified":"2023-05-05T17:02:28","modified_gmt":"2023-05-05T15:02:28","slug":"2021-2022-centros-que-cambian-cambia-tu-centro","status":"publish","type":"page","link":"https:\/\/www.educa.itakaescolapios.org\/fr\/campanas\/2021-2022-centros-que-cambian-cambia-tu-centro","title":{"rendered":"2021-2022. Centres qui changent, change ton centre"},"content":{"rendered":"<p>https:\/\/youtu.be\/Wj36XmDpFN8<\/p>\n<p style=\"text-align: justify;\"><span style=\"font-family: arial, helvetica, sans-serif;\"><strong>Destination Solidaire de la campagne\u00a0:<\/strong><\/span><\/p>\n<p style=\"text-align: justify;\"><span style=\"font-family: arial, helvetica, sans-serif;\">Le r\u00e9seau Itaka-Escolapios soutient, sur le plan \u00e9ducatif, pastoral et financier, vingt-neuf centres \u00e9ducatifs piaristes situ\u00e9s en Bolivie, au Cameroun, au Gabon, en Inde, au Mozambique, en R\u00e9publique d\u00e9mocratique du Congo, au S\u00e9n\u00e9gal et au Venezuela.<\/span><\/p>\n<p style=\"text-align: justify;\"><span style=\"font-family: arial, helvetica, sans-serif;\">Tous les fonds r\u00e9colt\u00e9s lors de la campagne \u00ab Des centres qui changent, changez votre centre \u00bb serviront \u00e0 contribuer \u00e0 la durabilit\u00e9 de ces centres \u00e9ducatifs afin qu\u2019ils puissent continuer \u00e0 changer, \u00e0 transformer les \u00e9l\u00e8ves, les \u00e9ducateurs (enseignants, moniteurs, cat\u00e9chistes, etc.), les familles et l\u2019environnement des \u00e9coles.<\/span><\/p>\n<p>&nbsp;<\/p>\n<table style=\"width: 100%; border-collapse: collapse; border-color: #000000; border-style: hidden;\" border=\"1\">\n<tbody>\n<tr>\n<td style=\"width: 50%; text-align: center;\"><span style=\"font-family: arial, helvetica, sans-serif;\"><a href=\"https:\/\/www.educa.itakaescolapios.org\/wp-content\/uploads\/2021\/11\/CENTROS-EDUCATIVOS-DE-LA-RED-DE-SOLIDARIDAD-ITAKA-ESCOLAPIOS.pdf\" target=\"_blank\" rel=\"noopener noreferrer\">Centres \u00e9ducatifs du r\u00e9seau Itaka-Escolapios<\/a><\/span><\/p>\n<p><a href=\"https:\/\/www.educa.itakaescolapios.org\/wp-content\/uploads\/2021\/11\/CENTROS-EDUCATIVOS-DE-LA-RED-DE-SOLIDARIDAD-ITAKA-ESCOLAPIOS.pdf\" target=\"_blank\" rel=\"noopener noreferrer\"><img decoding=\"async\" loading=\"lazy\" src=\"https:\/\/www.educa.itakaescolapios.org\/wp-content\/uploads\/2021\/12\/CENTROS-EDUCATIVOS-DE-LA-RED-DE-SOLIDARIDAD-ITAKA-ESCOLAPIOS.jpg\" alt=\"\" width=\"100%\" height=\"100%\" \/><\/a><\/td>\n<td style=\"width: 50%; text-align: center;\"><span style=\"font-size: 16px;\"><a href=\"https:\/\/www.educa.itakaescolapios.org\/wp-content\/uploads\/2021\/11\/FR_-fiches-centres.pdf\" target=\"_blank\" rel=\"noopener noreferrer\"><span style=\"font-family: arial, helvetica, sans-serif;\">Fiches Centres\u00a0 \u00a0<\/span><\/a><\/span><\/p>\n<p><a href=\"https:\/\/www.educa.itakaescolapios.org\/wp-content\/uploads\/2021\/11\/FR_-fiches-centres.pdf\" target=\"_blank\" rel=\"noopener noreferrer\"><img decoding=\"async\" loading=\"lazy\" src=\"https:\/\/www.educa.itakaescolapios.org\/wp-content\/uploads\/2021\/12\/FR.Bolivia-Cocapata-Ficha-Centro-Itaka-Escolapios.jpg\" alt=\"\" width=\"100%\" height=\"100%\" \/><\/a><\/td>\n<\/tr>\n<\/tbody>\n<\/table>\n<p style=\"text-align: justify;\"><span style=\"font-family: arial, helvetica, sans-serif;\"><a href=\"https:\/\/www.educa.itakaescolapios.org\/wp-content\/uploads\/2021\/11\/CENTROS-EDUCATIVOS-DE-LA-RED-DE-SOLIDARIDAD-ITAKA-ESCOLAPIOS.pdf\" target=\"_blank\" rel=\"noopener noreferrer\"><img decoding=\"async\" loading=\"lazy\" class=\"wp-image-2974 alignright\" src=\"https:\/\/www.educa.itakaescolapios.org\/wp-content\/uploads\/2020\/11\/mano-click-verde-por-tres-300x107.jpg\" alt=\"\" width=\"196\" height=\"70\" data-wp-editing=\"1\" srcset=\"https:\/\/www.educa.itakaescolapios.org\/wp-content\/uploads\/2020\/11\/mano-click-verde-por-tres-300x107.jpg 300w, https:\/\/www.educa.itakaescolapios.org\/wp-content\/uploads\/2020\/11\/mano-click-verde-por-tres-1024x364.jpg 1024w, https:\/\/www.educa.itakaescolapios.org\/wp-content\/uploads\/2020\/11\/mano-click-verde-por-tres-768x273.jpg 768w, https:\/\/www.educa.itakaescolapios.org\/wp-content\/uploads\/2020\/11\/mano-click-verde-por-tres-1536x546.jpg 1536w, https:\/\/www.educa.itakaescolapios.org\/wp-content\/uploads\/2020\/11\/mano-click-verde-por-tres-2048x729.jpg 2048w, https:\/\/www.educa.itakaescolapios.org\/wp-content\/uploads\/2020\/11\/mano-click-verde-por-tres-250x89.jpg 250w\" sizes=\"(max-width: 196px) 100vw, 196px\" \/><\/a><\/span><\/p>\n<p style=\"text-align: justify;\"><span style=\"font-family: arial, helvetica, sans-serif;\"><strong>Les objectifs de la campagne\u00a0:<\/strong><\/span><\/p>\n<ul style=\"text-align: justify;\">\n<li><span style=\"font-family: arial, helvetica, sans-serif;\">Apprendre \u00e0 conna\u00eetre et contribuer au d\u00e9veloppement du travail \u00e9ducatif, pastoral et transformateur des vingt-neuf \u00e9coles que le r\u00e9seau Itaka-Escolapios soutient.<\/span><\/li>\n<li><span style=\"font-family: arial, helvetica, sans-serif;\">Contribuer \u00e0 couvrir les d\u00e9penses ordinaires des \u00e9coles piaristes soutenues pas le r\u00e9seau Itaka-Escolapios pour leur viabilit\u00e9.<\/span><\/li>\n<li><span style=\"font-family: arial, helvetica, sans-serif;\">Mettre en valeur et promouvoir le caract\u00e8re transformateur des centres piaristes.<\/span><\/li>\n<li><span style=\"font-family: arial, helvetica, sans-serif;\">Contribuer \u00e0 faire progresser tous les centres piaristes, qui r\u00e9alisent la campagne, vers un travail plus engag\u00e9 et transformateur.<\/span><\/li>\n<li><span style=\"font-family: arial, helvetica, sans-serif;\">Proposer le r\u00e9seau Educa.itakaescolapios comme un r\u00e9seau de centres \u00e9ducatifs pour la transformation sociale.<\/span><\/li>\n<\/ul>\n<p style=\"text-align: justify;\"><span style=\"font-family: arial, helvetica, sans-serif;\"><strong>Le slogan de la campagne : \u00ab Des centres qui changent, changez votre centre \u00bb<\/strong><\/span><\/p>\n<p style=\"text-align: justify;\"><span style=\"font-family: arial, helvetica, sans-serif;\">Le slogan de la campagne peut \u00eatre tr\u00e8s \u00e9vocateur, faciliter le travail de divers aspects et avoir des significations diff\u00e9rentes selon la langue dans laquelle il est utilis\u00e9.<\/span><\/p>\n<p style=\"text-align: justify;\"><span style=\"font-family: arial, helvetica, sans-serif;\">Nous vous proposons diff\u00e9rentes approches du slogan et donc des activit\u00e9s de la campagne :<\/span><\/p>\n<ul style=\"text-align: justify;\">\n<li><span style=\"font-family: arial, helvetica, sans-serif;\">Une approche. \u00ab Des centres qui changent \u00bb\u00a0: Il v\u00e9hicule l\u2019id\u00e9e que les centres \u00e9ducatifs piaristes changent et transforment les personnes et leur environnement.<\/span><\/li>\n<li><span style=\"font-family: arial, helvetica, sans-serif;\">Une autre approche. \u00ab Des centres qui changent \u00bb : Les centres piaristes en question (\u00e9coles, internats, centres socio-\u00e9ducatifs, etc.) doivent changer int\u00e9rieurement, ils doivent \u00eatre actualis\u00e9s, \u00a0de plus en plus engag\u00e9s, de plus en plus transformateurs, etc. <strong style=\"text-align: justify;\"><img decoding=\"async\" loading=\"lazy\" class=\"alignright\" src=\"https:\/\/www.educa.itakaescolapios.org\/wp-content\/uploads\/2021\/10\/lema-recortado-para-web.png\" alt=\"\" width=\"20%\" height=\"20%\" \/><\/strong><\/span><\/li>\n<li><span style=\"font-family: arial, helvetica, sans-serif;\">Une autre approche. \u00ab Changez votre centre \u00bb\u00a0: Il met au d\u00e9fi les enseignants, les \u00e9l\u00e8ves, les religieux, les familles, les moniteurs, etc., de collaborer au changement, \u00e0 la transformation de leur centre (\u00e9cole, paroisse, etc.).<\/span><\/li>\n<li><span style=\"font-family: arial, helvetica, sans-serif;\">Une autre approche. \u00ab Des centres qui changent, changez votre centre \u00bb\u00a0: D\u2019un point de vue plus vital, le slogan nous invite \u00e0 changer notre centre. C\u2019est une invitation \u00e0 lever les yeux, \u00e0 prendre la route, \u00e0 prendre du recul, \u00e0 se d\u00e9centrer de soi-m\u00eame. En ce sens, le slogan est une invitation \u00e0 regarder les choses sous un nouvel angle, \u00e0 changer le centre \u00e0 partir duquel nous voyons souvent les choses, notre centre = notre nombril.<\/span><\/li>\n<li><span style=\"font-family: arial, helvetica, sans-serif;\">Une autre approche. \u00ab Changez votre centre \u00bb\u00a0: J\u00e9sus est venu pour changer notre centre&#8230; au cours de l\u2019histoire, de nombreuses personnes ont pu se d\u00e9centrer au point de donner leur vie pour les autres. Renversez l\u2019\u00e9chelle des valeurs : les derniers ne sont pas les derniers, ils sont les premiers, comme nous le dit l\u2019\u00e9vangile de Marc.<\/span><\/li>\n<li><span style=\"font-family: arial, helvetica, sans-serif;\">Une autre approche. \u00ab Changez votre centre \u00bb\u00a0: Il s\u2019agit d\u2019une alerte, d\u2019un avertissement permanent, m\u00eame pour les professionnels ayant une longue exp\u00e9rience dans l\u2019\u00e9ducation ou dans le social. Nous ne devons pas oublier que nous sommes l\u00e0 pour eux, les jeunes sont \u00ab notre \u00bb centre.<\/span><\/li>\n<li><span style=\"font-family: arial, helvetica, sans-serif;\">En outre, le jeu du slogan entre singulier et pluriel est aussi suggestif, car il n\u2019y a pas de changement global sans changement personnel. Le changement social n\u2019est possible qu\u2019avec des personnes engag\u00e9es.<\/span><\/li>\n<li><span style=\"font-family: arial, helvetica, sans-serif;\">\u2026<\/span><\/li>\n<\/ul>\n<p style=\"text-align: justify;\"><span style=\"font-family: arial, helvetica, sans-serif;\"><strong>Dorotea, le nouveau personnage de l\u2019\u00e9quipage Itaka-Escolapios. <img decoding=\"async\" loading=\"lazy\" class=\"alignright\" style=\"text-align: justify;\" src=\"https:\/\/www.educa.itakaescolapios.org\/wp-content\/uploads\/2021\/11\/Dorotea-portada-.png\" alt=\"\" width=\"20%\" height=\"20%\" \/><\/strong><\/span><\/p>\n<p style=\"text-align: justify;\"><span style=\"font-family: arial, helvetica, sans-serif;\"><strong>\u00a0<\/strong>Son nom, Dorotea, nous rappelle le lieu o\u00f9 la grande contribution transformatrice de Calasanz a commenc\u00e9.\u00a0<\/span><\/p>\n<p style=\"text-align: justify;\"><span style=\"font-family: arial, helvetica, sans-serif;\">C\u2019est une femme \u00e2g\u00e9e qui apporte sa sagesse et une perspective historique.<\/span><\/p>\n<p style=\"text-align: justify;\"><span style=\"font-family: arial, helvetica, sans-serif;\">C\u2019est une femme impliqu\u00e9e dans l\u2019\u00e9ducation formelle et non formelle.\u00a0<\/span><\/p>\n<p style=\"text-align: justify;\"><span style=\"font-family: arial, helvetica, sans-serif;\">Avec ce nouveau personnage, nous voulons reconna\u00eetre et rendre un hommage sinc\u00e8re \u00e0 toutes ces personnes \u00e2g\u00e9es qui ont consacr\u00e9 une bonne partie de leur vie \u00e0 l\u2019\u00e9ducation transformatrice dans nos centres \u00e9ducatifs.<\/span><\/p>\n<p style=\"text-align: justify;\"><span style=\"font-family: arial, helvetica, sans-serif;\">Dorotea est aussi une revendication pour la survie des premi\u00e8res institutions de Calasanz dans le Trast\u00e9vere romain. Dorotea incarne l\u2019esprit des \u00c9coles Pies qui cherchent \u00e0 r\u00e9pondre de mani\u00e8re cr\u00e9ative aux besoins des enfants et des jeunes.<\/span><\/p>\n<h3><span style=\"text-decoration: underline;\">Cliquez sur les liens pour acc\u00e9der au contenu de la campagne:<\/span><\/h3>\n<p style=\"padding-left: 40px;\"><span style=\"font-family: arial, helvetica, sans-serif;\"><a href=\"https:\/\/www.educa.itakaescolapios.org\/campanas\/2021-2022-centros-que-cambian-cambia-tu-centro\/recordando-la-campana-reiniciando-para-transformar\" target=\"_blank\" rel=\"noopener noreferrer\">Rappel de la campagne \u201cEn recomman\u00e7ant pour transformer\u201d<\/a><\/span><\/p>\n<p style=\"padding-left: 40px;\"><span style=\"font-family: arial, helvetica, sans-serif;\"><a href=\"https:\/\/www.educa.itakaescolapios.org\/2021-2022-centros-que-cambian-cambia-tu-centro\/presentacion-del-coordinador-general\" target=\"_blank\" rel=\"noopener noreferrer\">Pr\u00e9sentation du coordinateur g\u00e9n\u00e9ral\u00a0<\/a><\/span><\/p>\n<p style=\"padding-left: 40px;\"><span style=\"font-family: arial, helvetica, sans-serif;\"><a href=\"https:\/\/www.educa.itakaescolapios.org\/2021-2022-centros-que-cambian-cambia-tu-centro\/metodologia-de-la-campana\" target=\"_blank\" rel=\"noopener noreferrer\" aria-current=\"page\">M\u00e9thodologie de la campagne<\/a><\/span><\/p>\n<p style=\"padding-left: 40px;\"><span style=\"font-family: arial, helvetica, sans-serif;\"><a href=\"https:\/\/www.educa.itakaescolapios.org\/campanas\/2021-2022-centros-que-cambian-cambia-tu-centro\/actividades\" target=\"_blank\" rel=\"noopener noreferrer\">Activit\u00e9s<\/a><\/span><\/p>\n<p style=\"padding-left: 80px;\"><span style=\"font-family: arial, helvetica, sans-serif;\"><a href=\"https:\/\/www.educa.itakaescolapios.org\/2021-2022-centros-que-cambian-cambia-tu-centro\/actividades\/actividad-inicial-para-el-claustro\" target=\"_blank\" rel=\"noopener noreferrer\">Activit\u00e9 initiale pour le corps enseignant<\/a><\/span><\/p>\n<p style=\"padding-left: 80px;\"><a href=\"https:\/\/www.educa.itakaescolapios.org\/derecho-a-la-educacion\/la-educacion-no-siempre-es-transformadora\" target=\"_blank\" rel=\"noopener noreferrer\"><span style=\"font-family: arial, helvetica, sans-serif;\">Activit\u00e9 des adultes (communaut\u00e9s, mission partag\u00e9e, etc.)<\/span><\/a><\/p>\n<p style=\"padding-left: 80px;\"><span style=\"font-family: arial, helvetica, sans-serif;\"><a href=\"https:\/\/www.educa.itakaescolapios.org\/2021-2022-centros-que-cambian-cambia-tu-centro\/actividades\/oraciones-y-eucaristia\" target=\"_blank\" rel=\"noopener noreferrer\">Pri\u00e8res et Eucharistie<\/a><\/span><\/p>\n<p style=\"padding-left: 80px;\"><span style=\"font-family: arial, helvetica, sans-serif;\"><a href=\"https:\/\/www.educa.itakaescolapios.org\/wp-content\/uploads\/2021\/12\/FR.Carta-Dorotea-1.pdf\" target=\"_blank\" rel=\"noopener noreferrer\">Lettre de motivation de Dorotea<\/a><\/span><\/p>\n<p style=\"padding-left: 80px;\"><span style=\"font-family: arial, helvetica, sans-serif;\"><a href=\"https:\/\/www.educa.itakaescolapios.org\/2021-2022-centros-que-cambian-cambia-tu-centro\/actividades\/mision-solidaridad\" target=\"_blank\" rel=\"noopener noreferrer\">Mission SOLIDARIT\u00c9<\/a>&#8212;\u00a0 \u00a0 <a href=\"https:\/\/www.educa.itakaescolapios.org\/wp-content\/uploads\/2021\/12\/FR.Carta-Dorotea-fin-SOLIDARIDAD.pdf\" target=\"_blank\" rel=\"noopener noreferrer\">Lettre de fin de mission.<\/a><\/span><\/p>\n<p style=\"padding-left: 120px;\"><span style=\"font-family: arial, helvetica, sans-serif;\"><a href=\"https:\/\/www.educa.itakaescolapios.org\/enfoque-local-global\/cadena-de-favores\" target=\"_blank\" rel=\"noopener noreferrer\">Cha\u00eene de faveurs (\u00e0 partir de 12 ans)<\/a><img decoding=\"async\" loading=\"lazy\" class=\"alignright size-medium wp-image-2975\" src=\"https:\/\/www.educa.itakaescolapios.org\/wp-content\/uploads\/2020\/11\/mano-click-verde-por-dos-300x156.jpg\" alt=\"\" width=\"20%\" height=\"20%\" srcset=\"https:\/\/www.educa.itakaescolapios.org\/wp-content\/uploads\/2020\/11\/mano-click-verde-por-dos-300x156.jpg 300w, https:\/\/www.educa.itakaescolapios.org\/wp-content\/uploads\/2020\/11\/mano-click-verde-por-dos-1024x532.jpg 1024w, https:\/\/www.educa.itakaescolapios.org\/wp-content\/uploads\/2020\/11\/mano-click-verde-por-dos-768x399.jpg 768w, https:\/\/www.educa.itakaescolapios.org\/wp-content\/uploads\/2020\/11\/mano-click-verde-por-dos-1536x799.jpg 1536w, https:\/\/www.educa.itakaescolapios.org\/wp-content\/uploads\/2020\/11\/mano-click-verde-por-dos-2048x1065.jpg 2048w, https:\/\/www.educa.itakaescolapios.org\/wp-content\/uploads\/2020\/11\/mano-click-verde-por-dos-250x130.jpg 250w\" sizes=\"(max-width: 300px) 100vw, 300px\" \/><\/span><\/p>\n<p style=\"padding-left: 120px;\"><span style=\"font-family: arial, helvetica, sans-serif;\"><a href=\"https:\/\/www.educa.itakaescolapios.org\/interculturalidad\/cuadros-cooperativos\" target=\"_blank\" rel=\"noopener noreferrer\">Figures coop\u00e9ratives (de 10 \u00e0 16 ans)<\/a><\/span><\/p>\n<p style=\"padding-left: 120px;\"><span style=\"font-family: arial, helvetica, sans-serif;\"><a href=\"https:\/\/www.educa.itakaescolapios.org\/derecho-a-la-educacion\/csi-solidaridad\" target=\"_blank\" rel=\"noopener noreferrer\">CSI Solidaridarit\u00e9 (\u00e0 partir de 3 ans )<\/a><\/span><\/p>\n<p style=\"padding-left: 120px;\"><span style=\"font-family: arial, helvetica, sans-serif;\"><a href=\"https:\/\/www.educa.itakaescolapios.org\/sostenibilidad\/321-metafora-solidaridad-2\" target=\"_blank\" rel=\"noopener noreferrer\">3,2,1\u2026 m\u00e9taphore solidarit\u00e9 (\u00e0 partir de 3 ans)<\/a><\/span><\/p>\n<p style=\"padding-left: 120px;\"><span style=\"font-family: arial, helvetica, sans-serif;\"><a href=\"https:\/\/www.educa.itakaescolapios.org\/lucha-contra-la-exclusion\/juegos-solidarios\" target=\"_blank\" rel=\"noopener noreferrer\">Jeux solidaires (de 6 \u00e0 16 ans)<\/a><\/span><\/p>\n<p style=\"padding-left: 120px;\"><span style=\"font-family: arial, helvetica, sans-serif;\"><a href=\"https:\/\/www.educa.itakaescolapios.org\/lucha-contra-la-exclusion\/bateria-de-actividades-solidarias\" target=\"_blank\" rel=\"noopener noreferrer\">Moteur d\u2019activit\u00e9s solidaires (\u00e0 partir de 3 ans)<\/a><\/span><\/p>\n<p style=\"padding-left: 120px;\"><span style=\"font-family: arial, helvetica, sans-serif;\"><a href=\"https:\/\/www.educa.itakaescolapios.org\/derecho-a-la-educacion\/conoce-y-da-a-conocer-los-centros-de-itaka-escolapios\" target=\"_blank\" rel=\"noopener noreferrer\">Apprends \u00e0 conna\u00eetre et fais conna\u00eetre aux autres les centres Itaka-Escolapios (\u00e0 partir de 3 ans)<\/a><\/span><\/p>\n<p style=\"padding-left: 120px;\"><span style=\"font-family: arial, helvetica, sans-serif;\"><a href=\"https:\/\/www.educa.itakaescolapios.org\/derecho-a-la-educacion\/deporte-solidario\" target=\"_blank\" rel=\"noopener noreferrer\">Sport solidaire<\/a><\/span><\/p>\n<p style=\"padding-left: 80px;\"><span style=\"font-family: arial, helvetica, sans-serif;\"><a href=\"https:\/\/www.educa.itakaescolapios.org\/campanas\/2021-2022-centros-que-cambian-cambia-tu-centro\/actividades\/mision-coeducacion\" target=\"_blank\" rel=\"noopener noreferrer\">Mission CO\u00c9DUCATION<\/a>\u00a0 \u00a0 &#8212;\u00a0 \u00a0 <a href=\"https:\/\/www.educa.itakaescolapios.org\/wp-content\/uploads\/2021\/12\/FR.Carta-Dorotea-fin-coeducaci\u00f3n.pdf\" target=\"_blank\" rel=\"noopener noreferrer\">Lettre de fin de mission.<\/a><\/span><\/p>\n<p style=\"padding-left: 120px;\"><span style=\"font-family: arial, helvetica, sans-serif;\"><a href=\"https:\/\/www.educa.itakaescolapios.org\/coeducacion\/gana-la-igualdad\" target=\"_blank\" rel=\"noopener noreferrer\">L\u2019\u00e9galit\u00e9 l\u2019emporte (de 3 \u00e0 18 ans)<\/a><\/span><\/p>\n<p style=\"padding-left: 120px;\"><span style=\"font-family: arial, helvetica, sans-serif;\"><a href=\"https:\/\/www.educa.itakaescolapios.org\/coeducacion\/erase-una-vez\" target=\"_blank\" rel=\"noopener noreferrer\">Il \u00e9tait une autre fois (de 8 \u00e0 14 ans)<\/a><\/span><\/p>\n<p style=\"padding-left: 120px;\"><span style=\"font-family: arial, helvetica, sans-serif;\"><a href=\"https:\/\/www.educa.itakaescolapios.org\/coeducacion\/la-princesa-que-no-queria-ser-salvada\" target=\"_blank\" rel=\"noopener noreferrer\">La princesse qui ne voulait pas \u00eatre sauv\u00e9e (de 6 \u00e0 8ans)<\/a><\/span><\/p>\n<p style=\"padding-left: 120px;\"><span style=\"font-family: arial, helvetica, sans-serif;\"><a href=\"https:\/\/www.educa.itakaescolapios.org\/coeducacion\/que-igualdad-queremos\" target=\"_blank\" rel=\"noopener noreferrer\">Purl. Quelle \u00e9galit\u00e9 visons-nous ? (\u00e0 partir de 16 ans)<\/a><\/span><\/p>\n<p style=\"padding-left: 120px;\"><span style=\"font-family: arial, helvetica, sans-serif;\"><a href=\"https:\/\/www.educa.itakaescolapios.org\/coeducacion\/hay-canciones-y-canciones\" target=\"_blank\" rel=\"noopener noreferrer\">Il y a chanson\u2026 et chanson (de 12 \u00e0 18 ans)<\/a><\/span><\/p>\n<p style=\"padding-left: 120px;\"><span style=\"font-family: arial, helvetica, sans-serif;\"><a href=\"https:\/\/www.educa.itakaescolapios.org\/coeducacion\/como-una-chica\" target=\"_blank\" rel=\"noopener noreferrer\">Comme une fille (\u00e0 partir de 10 ans)<\/a><\/span><\/p>\n<p style=\"padding-left: 120px;\"><span style=\"font-family: arial, helvetica, sans-serif;\"><a href=\"https:\/\/www.educa.itakaescolapios.org\/coeducacion\/321-metafora-solidaridad\" target=\"_blank\" rel=\"noopener noreferrer\">D\u00e9bat sur l\u2019\u00e9galit\u00e9 (\u00e0 partir de 12 ans)<\/a><\/span><\/p>\n<p style=\"padding-left: 120px;\"><span style=\"font-family: arial, helvetica, sans-serif;\"><a href=\"https:\/\/www.educa.itakaescolapios.org\/coeducacion\/que-significa-ser-un-hombre\" target=\"_blank\" rel=\"noopener noreferrer\">Que signifie \u00ab\u00eatre un homme\u00bb? (\u00e0 partir de 10 ans)<\/a><\/span><\/p>\n<p style=\"padding-left: 80px;\"><span style=\"font-family: arial, helvetica, sans-serif;\"><a href=\"https:\/\/www.educa.itakaescolapios.org\/2021-2022-centros-que-cambian-cambia-tu-centro\/actividades\/mision-interculturalidad\" target=\"_blank\" rel=\"noopener noreferrer\">Mission INTERCULTURALIT\u00c9<\/a>\u00a0 \u00a0 \u00a0&#8212;\u00a0 \u00a0 <a href=\"https:\/\/www.educa.itakaescolapios.org\/wp-content\/uploads\/2021\/12\/FR.Carta-Dorotea-fin-interculturalidad.pdf\" target=\"_blank\" rel=\"noopener noreferrer\">Lettre de fin de mission.<\/a><\/span><\/p>\n<p style=\"padding-left: 120px;\"><span style=\"font-family: arial, helvetica, sans-serif;\"><a href=\"https:\/\/www.educa.itakaescolapios.org\/interculturalidad\/todo-esta-inventado\" target=\"_blank\" rel=\"noopener noreferrer\">Tout est invent\u00e9 (\u00e0 partir de 3 ans )<\/a><\/span><\/p>\n<p style=\"padding-left: 120px;\"><span style=\"font-family: arial, helvetica, sans-serif;\"><a href=\"https:\/\/www.educa.itakaescolapios.org\/interculturalidad\/nos-une-mas-que-nos-separa\" target=\"_blank\" rel=\"noopener noreferrer\">\u00c7a nous unit plus que \u00e7a ne nous s\u00e9pare ( \u00e0 partir de 3 ans )<\/a><\/span><\/p>\n<p style=\"padding-left: 120px;\"><span style=\"font-family: arial, helvetica, sans-serif;\"><a href=\"https:\/\/www.educa.itakaescolapios.org\/interculturalidad\/semana-del-mundo\" target=\"_blank\" rel=\"noopener noreferrer\">Semaine du monde (de 14 \u00e0 18 ans)<\/a><\/span><\/p>\n<p style=\"padding-left: 120px;\"><span style=\"font-family: arial, helvetica, sans-serif;\">\u00a0<a href=\"https:\/\/www.educa.itakaescolapios.org\/interculturalidad\/mural\" target=\"_blank\" rel=\"noopener noreferrer\">Murale sur l\u2019interculturalit\u00e9<\/a><\/span><\/p>\n<p style=\"padding-left: 120px;\"><span style=\"font-family: arial, helvetica, sans-serif;\"><a href=\"https:\/\/www.educa.itakaescolapios.org\/fr\/interculturalidad\/catalogo-colores\" target=\"_blank\" rel=\"noopener noreferrer\">Catalogue des couleur<\/a><\/span><\/p>\n<p style=\"padding-left: 40px;\"><span style=\"font-family: arial, helvetica, sans-serif;\"><a href=\"https:\/\/www.educa.itakaescolapios.org\/campanas\/2021-2022-centros-que-cambian-cambia-tu-centro\/carteleria-y-otros-recursos\" target=\"_blank\" rel=\"noopener noreferrer\">Signalisation et ambiance<\/a><\/span><\/p>\n<p style=\"padding-left: 40px;\"><span style=\"font-family: arial, helvetica, sans-serif;\"><a href=\"https:\/\/www.educa.itakaescolapios.org\/2021-2022-centros-que-cambian-cambia-tu-centro\/acciones-realizadas-localmente\" target=\"_blank\" rel=\"noopener noreferrer\">Actions faites au niveau local<\/a><\/span><\/p>\n<p style=\"padding-left: 40px;\"><span style=\"font-family: arial, helvetica, sans-serif;\"><a href=\"https:\/\/www.educa.itakaescolapios.org\/2021-2022-centros-que-cambian-cambia-tu-centro\/cuestionario-de-evaluacion\" target=\"_blank\" rel=\"noopener noreferrer\">Questionnaire d\u2019\u00e9valuation<\/a><\/span><\/p>\n<p style=\"padding-left: 40px;\"><span style=\"font-family: arial, helvetica, sans-serif;\"><a href=\"https:\/\/www.educa.itakaescolapios.org\/2021-2022-centros-que-cambian-cambia-tu-centro\/haz-un-donativo-y-cambia-el-mundo\" target=\"_blank\" rel=\"noopener noreferrer\">Faire un don<\/a><\/span><\/p>\n<p>\u00a0 <img decoding=\"async\" loading=\"lazy\" class=\"size-medium wp-image-5100 aligncenter\" src=\"https:\/\/www.educa.itakaescolapios.org\/wp-content\/uploads\/2021\/10\/lema-recortado-para-web-300x147.png\" alt=\"\" width=\"300\" height=\"147\" srcset=\"https:\/\/www.educa.itakaescolapios.org\/wp-content\/uploads\/2021\/10\/lema-recortado-para-web-300x147.png 300w, https:\/\/www.educa.itakaescolapios.org\/wp-content\/uploads\/2021\/10\/lema-recortado-para-web-1024x501.png 1024w, https:\/\/www.educa.itakaescolapios.org\/wp-content\/uploads\/2021\/10\/lema-recortado-para-web-768x376.png 768w, https:\/\/www.educa.itakaescolapios.org\/wp-content\/uploads\/2021\/10\/lema-recortado-para-web-250x122.png 250w, https:\/\/www.educa.itakaescolapios.org\/wp-content\/uploads\/2021\/10\/lema-recortado-para-web.png 1096w\" sizes=\"(max-width: 300px) 100vw, 300px\" \/><\/p>","protected":false},"excerpt":{"rendered":"<p>https:\/\/youtu.be\/Wj36XmDpFN8 Destination Solidaire de la campagne\u00a0: Le r\u00e9seau Itaka-Escolapios soutient, sur le plan \u00e9ducatif, pastoral et financier, vingt-neuf centres \u00e9ducatifs piaristes situ\u00e9s en Bolivie, au Cameroun, [&hellip;]<\/p>\n","protected":false},"author":5,"featured_media":4950,"parent":70,"menu_order":0,"comment_status":"closed","ping_status":"closed","template":"","meta":[],"acf":[],"_links":{"self":[{"href":"https:\/\/www.educa.itakaescolapios.org\/fr\/wp-json\/wp\/v2\/pages\/4946"}],"collection":[{"href":"https:\/\/www.educa.itakaescolapios.org\/fr\/wp-json\/wp\/v2\/pages"}],"about":[{"href":"https:\/\/www.educa.itakaescolapios.org\/fr\/wp-json\/wp\/v2\/types\/page"}],"author":[{"embeddable":true,"href":"https:\/\/www.educa.itakaescolapios.org\/fr\/wp-json\/wp\/v2\/users\/5"}],"replies":[{"embeddable":true,"href":"https:\/\/www.educa.itakaescolapios.org\/fr\/wp-json\/wp\/v2\/comments?post=4946"}],"version-history":[{"count":158,"href":"https:\/\/www.educa.itakaescolapios.org\/fr\/wp-json\/wp\/v2\/pages\/4946\/revisions"}],"predecessor-version":[{"id":7617,"href":"https:\/\/www.educa.itakaescolapios.org\/fr\/wp-json\/wp\/v2\/pages\/4946\/revisions\/7617"}],"up":[{"embeddable":true,"href":"https:\/\/www.educa.itakaescolapios.org\/fr\/wp-json\/wp\/v2\/pages\/70"}],"wp:featuredmedia":[{"embeddable":true,"href":"https:\/\/www.educa.itakaescolapios.org\/fr\/wp-json\/wp\/v2\/media\/4950"}],"wp:attachment":[{"href":"https:\/\/www.educa.itakaescolapios.org\/fr\/wp-json\/wp\/v2\/media?parent=4946"}],"curies":[{"name":"wp","href":"https:\/\/api.w.org\/{rel}","templated":true}]}}