{"id":5040,"date":"2021-10-26T12:42:36","date_gmt":"2021-10-26T10:42:36","guid":{"rendered":"https:\/\/www.educa.itakaescolapios.org\/?page_id=5040"},"modified":"2021-12-10T19:12:47","modified_gmt":"2021-12-10T18:12:47","slug":"mision-solidaridad","status":"publish","type":"page","link":"https:\/\/www.educa.itakaescolapios.org\/fr\/campanas\/2021-2022-centros-que-cambian-cambia-tu-centro\/actividades\/mision-solidaridad","title":{"rendered":"Mission Solidarit\u00e9"},"content":{"rendered":"<p><\/p>\n<p style=\"text-align: justify;\"><span style=\"font-family: arial, helvetica, sans-serif;\"><img decoding=\"async\" loading=\"lazy\" class=\"alignright\" style=\"margin: 5px;\" src=\"https:\/\/www.educa.itakaescolapios.org\/wp-content\/uploads\/2021\/10\/Misi\u00f3n-SOLIDARIDIDAD.png\" alt=\"\" width=\"60%%\" height=\"60%\" \/><\/span><\/p>\n<p style=\"text-align: justify;\"><span style=\"font-family: arial, helvetica, sans-serif;\">Les centres Piaristes sont appel\u00e9s \u00e0 \u00eatre des centres solidaires, avec leurs participants, leur entourage et avec le monde.<\/span><\/p>\n<p style=\"text-align: justify;\"><span style=\"font-family: arial, helvetica, sans-serif;\">Comme au lyc\u00e9e de Barquisimeto, au Venezuela, o\u00f9 la cantine scolaire sert les personnes les plus d\u00e9munies du quartier. Ceux qui profitent le plus de la cantine sont les jeunes enfants qui \u00e9tudient dans d\u2019autres \u00e9coles sans cantine scolaire. De nombreux centres \u00e9ducatifs d\u2019Itaka-Escolapios m\u00e8nent des initiatives de solidarit\u00e9 malgr\u00e9 les difficult\u00e9s \u00e9conomiques qui les freinent dans leur travail, car la solidarit\u00e9 fait partie de leur raison d\u2019\u00eatre.<\/span><\/p>\n<p style=\"text-align: justify;\"><span style=\"font-family: arial, helvetica, sans-serif;\">Dorotea et Bla vous invitent \u00e0 travailler pour que votre propre centre scolaire participe \u00e0 la Mission Solidarit\u00e9 et obtienne le dipl\u00f4me de solidarit\u00e9. Tout l\u2019argent que vous recollecterez servira au soutien \u00e9conomique des Centres Itaka-Escolapios qui ont le plus de difficult\u00e9s \u00e0 travailler au quotidien, en Bolivie, au Cameroun, au Gabon, en Inde, au Mozambique, en R\u00e9publique d\u00e9mocratique du Congo, au S\u00e9n\u00e9gal ou au Venezuela.<\/span><\/p>\n<p style=\"text-align: justify;\"><span style=\"font-family: arial, helvetica, sans-serif;\">Vous disposez d\u2019une lettre de Dorotea pour lancer la campagne de solidarit\u00e9, de nombreuses activit\u00e9s que vous pouvez r\u00e9aliser et d\u2019une autre lettre de Dorotea pour chaque mission accomplie. ( <a href=\"https:\/\/www.educa.itakaescolapios.org\/wp-content\/uploads\/2021\/12\/FR.Carta-Dorotea-fin-SOLIDARIDAD.pdf\" target=\"_blank\" rel=\"noopener noreferrer\">Lettre de fin de mission)<\/a><\/span><\/p>\n<p style=\"padding-left: 80px;\"><span style=\"font-family: arial, helvetica, sans-serif;\">\u00a0<\/span><\/p>\n<p style=\"padding-left: 120px;\"><span style=\"font-family: arial, helvetica, sans-serif;\"><a href=\"https:\/\/www.educa.itakaescolapios.org\/enfoque-local-global\/cadena-de-favores\" target=\"_blank\" rel=\"noopener noreferrer\">Cha\u00eene de faveurs (\u00e0 partir de 12 ans)<\/a><img decoding=\"async\" loading=\"lazy\" class=\"alignright size-medium wp-image-2975\" src=\"https:\/\/www.educa.itakaescolapios.org\/wp-content\/uploads\/2020\/11\/mano-click-verde-por-dos-300x156.jpg\" alt=\"\" width=\"20%\" height=\"20%\" srcset=\"https:\/\/www.educa.itakaescolapios.org\/wp-content\/uploads\/2020\/11\/mano-click-verde-por-dos-300x156.jpg 300w, https:\/\/www.educa.itakaescolapios.org\/wp-content\/uploads\/2020\/11\/mano-click-verde-por-dos-1024x532.jpg 1024w, https:\/\/www.educa.itakaescolapios.org\/wp-content\/uploads\/2020\/11\/mano-click-verde-por-dos-768x399.jpg 768w, https:\/\/www.educa.itakaescolapios.org\/wp-content\/uploads\/2020\/11\/mano-click-verde-por-dos-1536x799.jpg 1536w, https:\/\/www.educa.itakaescolapios.org\/wp-content\/uploads\/2020\/11\/mano-click-verde-por-dos-2048x1065.jpg 2048w, https:\/\/www.educa.itakaescolapios.org\/wp-content\/uploads\/2020\/11\/mano-click-verde-por-dos-250x130.jpg 250w\" sizes=\"(max-width: 300px) 100vw, 300px\" \/><\/span><\/p>\n<p style=\"padding-left: 120px;\"><span style=\"font-family: arial, helvetica, sans-serif;\"><a href=\"https:\/\/www.educa.itakaescolapios.org\/interculturalidad\/cuadros-cooperativos\" target=\"_blank\" rel=\"noopener noreferrer\">Figures coop\u00e9ratives (de 10 \u00e0 16 ans)<\/a><\/span><\/p>\n<p style=\"padding-left: 120px;\"><span style=\"font-family: arial, helvetica, sans-serif;\"><a href=\"https:\/\/www.educa.itakaescolapios.org\/derecho-a-la-educacion\/csi-solidaridad\" target=\"_blank\" rel=\"noopener noreferrer\">CSI Solidaridarit\u00e9 (\u00e0 partir de 3 ans )<\/a><\/span><\/p>\n<p style=\"padding-left: 120px;\"><span style=\"font-family: arial, helvetica, sans-serif;\"><a href=\"https:\/\/www.educa.itakaescolapios.org\/sostenibilidad\/321-metafora-solidaridad-2\" target=\"_blank\" rel=\"noopener noreferrer\">3,2,1\u2026 m\u00e9taphore solidarit\u00e9 (\u00e0 partir de 3 ans)<\/a><\/span><\/p>\n<p style=\"padding-left: 120px;\"><span style=\"font-family: arial, helvetica, sans-serif;\"><a href=\"https:\/\/www.educa.itakaescolapios.org\/lucha-contra-la-exclusion\/juegos-solidarios\" target=\"_blank\" rel=\"noopener noreferrer\">Jeux solidaires (de 6 \u00e0 16 ans)<\/a><\/span><\/p>\n<p style=\"padding-left: 120px;\"><span style=\"font-family: arial, helvetica, sans-serif;\"><a href=\"https:\/\/www.educa.itakaescolapios.org\/lucha-contra-la-exclusion\/bateria-de-actividades-solidarias\" target=\"_blank\" rel=\"noopener noreferrer\">Moteur d\u2019activit\u00e9s solidaires (\u00e0 partir de 3 ans)<\/a><\/span><\/p>\n<p style=\"padding-left: 120px;\"><span style=\"font-family: arial, helvetica, sans-serif;\"><a href=\"https:\/\/www.educa.itakaescolapios.org\/derecho-a-la-educacion\/conoce-y-da-a-conocer-los-centros-de-itaka-escolapios\" target=\"_blank\" rel=\"noopener noreferrer\">Apprends \u00e0 conna\u00eetre et fais conna\u00eetre aux autres les centres Itaka-Escolapios (\u00e0 partir de 3 ans)<\/a><\/span><\/p>\n<p style=\"padding-left: 120px;\"><span style=\"font-family: arial, helvetica, sans-serif;\"><a href=\"https:\/\/www.educa.itakaescolapios.org\/derecho-a-la-educacion\/deporte-solidario\" target=\"_blank\" rel=\"noopener noreferrer\">Sport solidaire<\/a><\/span><\/p>\n<hr \/>\n<p>&nbsp;<\/p>","protected":false},"excerpt":{"rendered":"<p>Les centres Piaristes sont appel\u00e9s \u00e0 \u00eatre des centres solidaires, avec leurs participants, leur entourage et avec le monde. Comme au lyc\u00e9e de Barquisimeto, au Venezuela, [&hellip;]<\/p>\n","protected":false},"author":5,"featured_media":0,"parent":5117,"menu_order":4,"comment_status":"closed","ping_status":"closed","template":"","meta":[],"acf":[],"_links":{"self":[{"href":"https:\/\/www.educa.itakaescolapios.org\/fr\/wp-json\/wp\/v2\/pages\/5040"}],"collection":[{"href":"https:\/\/www.educa.itakaescolapios.org\/fr\/wp-json\/wp\/v2\/pages"}],"about":[{"href":"https:\/\/www.educa.itakaescolapios.org\/fr\/wp-json\/wp\/v2\/types\/page"}],"author":[{"embeddable":true,"href":"https:\/\/www.educa.itakaescolapios.org\/fr\/wp-json\/wp\/v2\/users\/5"}],"replies":[{"embeddable":true,"href":"https:\/\/www.educa.itakaescolapios.org\/fr\/wp-json\/wp\/v2\/comments?post=5040"}],"version-history":[{"count":31,"href":"https:\/\/www.educa.itakaescolapios.org\/fr\/wp-json\/wp\/v2\/pages\/5040\/revisions"}],"predecessor-version":[{"id":5832,"href":"https:\/\/www.educa.itakaescolapios.org\/fr\/wp-json\/wp\/v2\/pages\/5040\/revisions\/5832"}],"up":[{"embeddable":true,"href":"https:\/\/www.educa.itakaescolapios.org\/fr\/wp-json\/wp\/v2\/pages\/5117"}],"wp:attachment":[{"href":"https:\/\/www.educa.itakaescolapios.org\/fr\/wp-json\/wp\/v2\/media?parent=5040"}],"curies":[{"name":"wp","href":"https:\/\/api.w.org\/{rel}","templated":true}]}}