{"id":5043,"date":"2021-10-26T12:44:05","date_gmt":"2021-10-26T10:44:05","guid":{"rendered":"https:\/\/www.educa.itakaescolapios.org\/?page_id=5043"},"modified":"2021-12-10T19:36:48","modified_gmt":"2021-12-10T18:36:48","slug":"mision-coeducacion","status":"publish","type":"page","link":"https:\/\/www.educa.itakaescolapios.org\/fr\/campanas\/2021-2022-centros-que-cambian-cambia-tu-centro\/actividades\/mision-coeducacion","title":{"rendered":"Mission Co\u00e9ducation"},"content":{"rendered":"<p><\/p>\n<p style=\"text-align: justify;\"><img decoding=\"async\" loading=\"lazy\" class=\"alignright\" style=\"margin: 5px;\" src=\"https:\/\/www.educa.itakaescolapios.org\/wp-content\/uploads\/2021\/10\/Misi\u00f3n-COEDUCACION.png\" alt=\"\" width=\"60%\" height=\"60%\" \/><\/p>\n<p style=\"text-align: justify;\"><span style=\"font-family: arial, helvetica, sans-serif;\">Les centres Piaristes sont appel\u00e9s \u00e0 \u00eatre des centres d\u00e9fenseurs de l\u2019\u00e9galit\u00e9, avec leurs participants, leur entourage et dans le monde entier.<\/span><\/p>\n<p style=\"text-align: justify;\"><span style=\"font-family: arial, helvetica, sans-serif;\">Comme \u00e0 Kikonka, en R\u00e9publique D\u00e9mocratique du Congo, o\u00f9 une \u00e9cole maternelle facilite la conciliation entre vie familiale et vie professionnelle en permettant aux femmes d\u2019acc\u00e9der \u00e0 une formation agricole, ce qui am\u00e9liore leurs revenus et les rend plus autonomes.<\/span><\/p>\n<p style=\"text-align: justify;\"><span style=\"font-family: arial, helvetica, sans-serif;\">Elikia, Esengo et Marine nous invitent \u00e0 la Mission Co\u00e9ducation. Participez et obtenez le dipl\u00f4me de co\u00e9ducation. Parce que nous vivons dans un monde in\u00e9galitaire qui discrimine syst\u00e9matiquement l\u2019acc\u00e8s des femmes \u00e0 l\u2019\u00e9ducation et aux revenus. <a href=\"https:\/\/www.un.org\/sustainabledevelopment\/es\/gender-equality\/\">L\u2019objectif 5 des Objectifs de d\u00e9veloppement durable<\/a> de l\u2019ONU pour 2030 stipule \u00ab\u00a0Parvenir \u00e0 l\u2019\u00e9galit\u00e9 des sexes et autonomiser toutes les femmes et les filles\u00a0\u00bb. Participez \u00e0 la Mission Co\u00e9ducation afin que tous les membres de la communaut\u00e9 \u00e9ducative puissent r\u00e9fl\u00e9chir \u00e0 la situation des filles et des femmes dans notre environnement et s\u2019engager \u00e0 d\u00e9fendre l\u2019\u00e9galit\u00e9, qui est une situation gagnante pour tous. Parce que, selon les termes des Nations Unies, \u00ab\u00a0L\u2019\u00e9galit\u00e9 des sexes n\u2019est pas seulement un droit fondamental de la personne, mais aussi un fondement n\u00e9cessaire pour l\u2019instauration d\u2019un monde pacifique, prosp\u00e8re et durable\u00a0\u00bb.<\/span><\/p>\n<p style=\"text-align: justify;\"><span style=\"font-family: arial, helvetica, sans-serif;\">Vous disposez de nombreuses activit\u00e9s pour mener \u00e0 bien la Mission Co\u00e9ducation et d\u2019une lettre<\/span><\/p>\n<p style=\"text-align: justify;\"><span style=\"font-family: arial, helvetica, sans-serif;\">\u00a0de f\u00e9licitations de Dorotea pour lorsque vous y parviendrez.\u00a0 (<\/span><span style=\"font-family: arial, helvetica, sans-serif;\"><a href=\"https:\/\/www.educa.itakaescolapios.org\/wp-content\/uploads\/2021\/12\/FR.Carta-Dorotea-fin-coeducaci\u00f3n.pdf\" target=\"_blank\" rel=\"noopener noreferrer\">Lettre de fin de mission)<\/a><\/span><\/p>\n<p>&nbsp;<\/p>\n<p style=\"padding-left: 120px;\"><span style=\"font-family: arial, helvetica, sans-serif;\"><a href=\"https:\/\/www.educa.itakaescolapios.org\/coeducacion\/gana-la-igualdad\" target=\"_blank\" rel=\"noopener noreferrer\">L\u2019\u00e9galit\u00e9 l\u2019emporte (de 3 \u00e0 18 ans)<\/a><\/span><\/p>\n<p style=\"padding-left: 120px;\"><span style=\"font-family: arial, helvetica, sans-serif;\"><a href=\"https:\/\/www.educa.itakaescolapios.org\/coeducacion\/erase-una-vez\" target=\"_blank\" rel=\"noopener noreferrer\">Il \u00e9tait une autre fois (de 8 \u00e0 14 ans)<\/a><\/span><\/p>\n<p style=\"padding-left: 120px;\"><span style=\"font-family: arial, helvetica, sans-serif;\"><a href=\"https:\/\/www.educa.itakaescolapios.org\/coeducacion\/la-princesa-que-no-queria-ser-salvada\" target=\"_blank\" rel=\"noopener noreferrer\">La princesse qui ne voulait pas \u00eatre sauv\u00e9e (de 6 \u00e0 8ans)<\/a><\/span><\/p>\n<p style=\"padding-left: 120px;\"><span style=\"font-family: arial, helvetica, sans-serif;\"><a href=\"https:\/\/www.educa.itakaescolapios.org\/coeducacion\/que-igualdad-queremos\" target=\"_blank\" rel=\"noopener noreferrer\">Purl. Quelle \u00e9galit\u00e9 visons-nous ? (\u00e0 partir de 16 ans)<\/a><\/span><\/p>\n<p style=\"padding-left: 120px;\"><span style=\"font-family: arial, helvetica, sans-serif;\"><a href=\"https:\/\/www.educa.itakaescolapios.org\/coeducacion\/hay-canciones-y-canciones\" target=\"_blank\" rel=\"noopener noreferrer\">Il y a chanson\u2026 et chanson (de 12 \u00e0 18 ans)<\/a><\/span><\/p>\n<p style=\"padding-left: 120px;\"><span style=\"font-family: arial, helvetica, sans-serif;\"><a href=\"https:\/\/www.educa.itakaescolapios.org\/coeducacion\/como-una-chica\" target=\"_blank\" rel=\"noopener noreferrer\">Comme une fille (\u00e0 partir de 10 ans)<\/a><\/span><\/p>\n<p style=\"padding-left: 120px;\"><span style=\"font-family: arial, helvetica, sans-serif;\"><a href=\"https:\/\/www.educa.itakaescolapios.org\/coeducacion\/321-metafora-solidaridad\" target=\"_blank\" rel=\"noopener noreferrer\">D\u00e9bat sur l\u2019\u00e9galit\u00e9 (\u00e0 partir de 12 ans)<\/a><\/span><\/p>\n<p style=\"padding-left: 120px;\"><span style=\"font-family: arial, helvetica, sans-serif;\"><a href=\"https:\/\/www.educa.itakaescolapios.org\/coeducacion\/que-significa-ser-un-hombre\" target=\"_blank\" rel=\"noopener noreferrer\">Que signifie \u00ab\u00eatre un homme\u00bb? (\u00e0 partir de 10 ans)<\/a><\/span><\/p>\n<p><img decoding=\"async\" loading=\"lazy\" class=\"alignright size-medium wp-image-2975\" style=\"font-family: arial, helvetica, sans-serif;\" src=\"https:\/\/www.educa.itakaescolapios.org\/wp-content\/uploads\/2020\/11\/mano-click-verde-por-dos-300x156.jpg\" alt=\"\" width=\"20%\" height=\"20%\" srcset=\"https:\/\/www.educa.itakaescolapios.org\/wp-content\/uploads\/2020\/11\/mano-click-verde-por-dos-300x156.jpg 300w, https:\/\/www.educa.itakaescolapios.org\/wp-content\/uploads\/2020\/11\/mano-click-verde-por-dos-1024x532.jpg 1024w, https:\/\/www.educa.itakaescolapios.org\/wp-content\/uploads\/2020\/11\/mano-click-verde-por-dos-768x399.jpg 768w, https:\/\/www.educa.itakaescolapios.org\/wp-content\/uploads\/2020\/11\/mano-click-verde-por-dos-1536x799.jpg 1536w, https:\/\/www.educa.itakaescolapios.org\/wp-content\/uploads\/2020\/11\/mano-click-verde-por-dos-2048x1065.jpg 2048w, https:\/\/www.educa.itakaescolapios.org\/wp-content\/uploads\/2020\/11\/mano-click-verde-por-dos-250x130.jpg 250w\" sizes=\"(max-width: 300px) 100vw, 300px\" \/><\/p>\n<hr \/>\n<p><\/p>","protected":false},"excerpt":{"rendered":"<p>Les centres Piaristes sont appel\u00e9s \u00e0 \u00eatre des centres d\u00e9fenseurs de l\u2019\u00e9galit\u00e9, avec leurs participants, leur entourage et dans le monde entier. Comme \u00e0 Kikonka, en [&hellip;]<\/p>\n","protected":false},"author":5,"featured_media":0,"parent":5117,"menu_order":5,"comment_status":"closed","ping_status":"closed","template":"","meta":[],"acf":[],"_links":{"self":[{"href":"https:\/\/www.educa.itakaescolapios.org\/fr\/wp-json\/wp\/v2\/pages\/5043"}],"collection":[{"href":"https:\/\/www.educa.itakaescolapios.org\/fr\/wp-json\/wp\/v2\/pages"}],"about":[{"href":"https:\/\/www.educa.itakaescolapios.org\/fr\/wp-json\/wp\/v2\/types\/page"}],"author":[{"embeddable":true,"href":"https:\/\/www.educa.itakaescolapios.org\/fr\/wp-json\/wp\/v2\/users\/5"}],"replies":[{"embeddable":true,"href":"https:\/\/www.educa.itakaescolapios.org\/fr\/wp-json\/wp\/v2\/comments?post=5043"}],"version-history":[{"count":22,"href":"https:\/\/www.educa.itakaescolapios.org\/fr\/wp-json\/wp\/v2\/pages\/5043\/revisions"}],"predecessor-version":[{"id":5833,"href":"https:\/\/www.educa.itakaescolapios.org\/fr\/wp-json\/wp\/v2\/pages\/5043\/revisions\/5833"}],"up":[{"embeddable":true,"href":"https:\/\/www.educa.itakaescolapios.org\/fr\/wp-json\/wp\/v2\/pages\/5117"}],"wp:attachment":[{"href":"https:\/\/www.educa.itakaescolapios.org\/fr\/wp-json\/wp\/v2\/media?parent=5043"}],"curies":[{"name":"wp","href":"https:\/\/api.w.org\/{rel}","templated":true}]}}