{"id":5048,"date":"2021-10-26T12:50:30","date_gmt":"2021-10-26T10:50:30","guid":{"rendered":"https:\/\/www.educa.itakaescolapios.org\/?page_id=5048"},"modified":"2023-05-05T16:00:21","modified_gmt":"2023-05-05T14:00:21","slug":"mision-interculturalidad","status":"publish","type":"page","link":"https:\/\/www.educa.itakaescolapios.org\/fr\/campanas\/2021-2022-centros-que-cambian-cambia-tu-centro\/actividades\/mision-interculturalidad","title":{"rendered":"Mission Interculturalit\u00e9"},"content":{"rendered":"<p><\/p>\n<p style=\"text-align: justify;\"><span style=\"font-family: arial, helvetica, sans-serif;\"><img decoding=\"async\" loading=\"lazy\" class=\"alignright\" style=\"margin: 5px;\" src=\"https:\/\/www.educa.itakaescolapios.org\/wp-content\/uploads\/2021\/10\/Misi\u00f3n-INTERCULTURALIDAD.png\" alt=\"\" width=\"60%\" height=\"60%\" \/>Les centres Piaristes sont des espaces interculturels et dynamiques, appel\u00e9s \u00e0 d\u00e9fendre l\u2019union dans la diversit\u00e9 de ses participants, de son entourage et dans le reste du monde. Parce que nous vivons dans un seul et m\u00eame monde auquel toutes les cultures et pays ont quelque chose \u00e0 apporter, Sukal et Jiwa nous invitent \u00e0 rejoindre la Mission Interculturalit\u00e9 pour promouvoir une coexistence enrichissante qui implique un apprentissage r\u00e9ciproque, g\u00e9n\u00e8re un contexte d\u2019\u00e9galit\u00e9 et de tol\u00e9rance, mettant fin \u00e0 l\u2019intol\u00e9rance et aux pr\u00e9jug\u00e9s. Rejoignez-nous et obtenez le dipl\u00f4me d\u2019interculturalit\u00e9.<\/span><\/p>\n<p><span style=\"font-family: arial, helvetica, sans-serif;\">Vous disposez de nombreuses activit\u00e9s pour mener \u00e0 bien la mission Interculturalit\u00e9 et d\u2019une lettre de f\u00e9licitations de Dorotea pour lorsque vous y parviendrez.<\/span><span style=\"font-family: arial, helvetica, sans-serif;\">\u00a0 (<a href=\"https:\/\/www.educa.itakaescolapios.org\/wp-content\/uploads\/2021\/12\/FR.Carta-Dorotea-fin-interculturalidad.pdf\" target=\"_blank\" rel=\"noopener noreferrer\">Lettre de fin de mission)<\/a><\/span><\/p>\n<p>&nbsp;<\/p>\n<p style=\"padding-left: 120px;\"><span style=\"font-family: arial, helvetica, sans-serif;\"><a href=\"https:\/\/www.educa.itakaescolapios.org\/interculturalidad\/todo-esta-inventado\" target=\"_blank\" rel=\"noopener noreferrer\">Tout est invent\u00e9 (\u00e0 partir de 3 ans )<\/a><\/span><\/p>\n<p style=\"padding-left: 120px;\"><span style=\"font-family: arial, helvetica, sans-serif;\"><a href=\"https:\/\/www.educa.itakaescolapios.org\/interculturalidad\/nos-une-mas-que-nos-separa\" target=\"_blank\" rel=\"noopener noreferrer\">\u00c7a nous unit plus que \u00e7a ne nous s\u00e9pare ( \u00e0 partir de 3 ans )<\/a><\/span><\/p>\n<p style=\"padding-left: 120px;\"><span style=\"font-family: arial, helvetica, sans-serif;\"><a href=\"https:\/\/www.educa.itakaescolapios.org\/interculturalidad\/semana-del-mundo\" target=\"_blank\" rel=\"noopener noreferrer\">Semaine du monde (de 14 \u00e0 18 ans)<\/a><\/span><\/p>\n<p style=\"padding-left: 120px;\"><span style=\"font-family: arial, helvetica, sans-serif;\">\u00a0<a href=\"https:\/\/www.educa.itakaescolapios.org\/interculturalidad\/mural\" target=\"_blank\" rel=\"noopener noreferrer\">Murale sur l\u2019interculturalit\u00e9<\/a><\/span><\/p>\n<p style=\"padding-left: 120px;\"><span style=\"font-family: arial, helvetica, sans-serif;\"><a href=\"https:\/\/www.educa.itakaescolapios.org\/fr\/interculturalidad\/catalogo-colores\" target=\"_blank\" rel=\"noopener noreferrer\">Catalogue des couleur<\/a><\/span><\/p>\n<p><img decoding=\"async\" loading=\"lazy\" class=\"size-medium wp-image-2975 alignright\" style=\"font-family: arial, helvetica, sans-serif;\" src=\"https:\/\/www.educa.itakaescolapios.org\/wp-content\/uploads\/2020\/11\/mano-click-verde-por-dos-300x156.jpg\" alt=\"\" width=\"20%\" height=\"20%\" srcset=\"https:\/\/www.educa.itakaescolapios.org\/wp-content\/uploads\/2020\/11\/mano-click-verde-por-dos-300x156.jpg 300w, https:\/\/www.educa.itakaescolapios.org\/wp-content\/uploads\/2020\/11\/mano-click-verde-por-dos-1024x532.jpg 1024w, https:\/\/www.educa.itakaescolapios.org\/wp-content\/uploads\/2020\/11\/mano-click-verde-por-dos-768x399.jpg 768w, https:\/\/www.educa.itakaescolapios.org\/wp-content\/uploads\/2020\/11\/mano-click-verde-por-dos-1536x799.jpg 1536w, https:\/\/www.educa.itakaescolapios.org\/wp-content\/uploads\/2020\/11\/mano-click-verde-por-dos-2048x1065.jpg 2048w, https:\/\/www.educa.itakaescolapios.org\/wp-content\/uploads\/2020\/11\/mano-click-verde-por-dos-250x130.jpg 250w\" sizes=\"(max-width: 300px) 100vw, 300px\" \/><\/p>\n<p style=\"padding-left: 120px;\">\n<p><\/p>","protected":false},"excerpt":{"rendered":"<p>Les centres Piaristes sont des espaces interculturels et dynamiques, appel\u00e9s \u00e0 d\u00e9fendre l\u2019union dans la diversit\u00e9 de ses participants, de son entourage et dans le reste [&hellip;]<\/p>\n","protected":false},"author":5,"featured_media":0,"parent":5117,"menu_order":7,"comment_status":"closed","ping_status":"closed","template":"","meta":[],"acf":[],"_links":{"self":[{"href":"https:\/\/www.educa.itakaescolapios.org\/fr\/wp-json\/wp\/v2\/pages\/5048"}],"collection":[{"href":"https:\/\/www.educa.itakaescolapios.org\/fr\/wp-json\/wp\/v2\/pages"}],"about":[{"href":"https:\/\/www.educa.itakaescolapios.org\/fr\/wp-json\/wp\/v2\/types\/page"}],"author":[{"embeddable":true,"href":"https:\/\/www.educa.itakaescolapios.org\/fr\/wp-json\/wp\/v2\/users\/5"}],"replies":[{"embeddable":true,"href":"https:\/\/www.educa.itakaescolapios.org\/fr\/wp-json\/wp\/v2\/comments?post=5048"}],"version-history":[{"count":26,"href":"https:\/\/www.educa.itakaescolapios.org\/fr\/wp-json\/wp\/v2\/pages\/5048\/revisions"}],"predecessor-version":[{"id":7616,"href":"https:\/\/www.educa.itakaescolapios.org\/fr\/wp-json\/wp\/v2\/pages\/5048\/revisions\/7616"}],"up":[{"embeddable":true,"href":"https:\/\/www.educa.itakaescolapios.org\/fr\/wp-json\/wp\/v2\/pages\/5117"}],"wp:attachment":[{"href":"https:\/\/www.educa.itakaescolapios.org\/fr\/wp-json\/wp\/v2\/media?parent=5048"}],"curies":[{"name":"wp","href":"https:\/\/api.w.org\/{rel}","templated":true}]}}