{"id":5108,"date":"2021-10-28T10:10:39","date_gmt":"2021-10-28T08:10:39","guid":{"rendered":"https:\/\/www.educa.itakaescolapios.org\/?page_id=5108"},"modified":"2021-12-06T11:13:12","modified_gmt":"2021-12-06T10:13:12","slug":"metodologia-de-la-campana","status":"publish","type":"page","link":"https:\/\/www.educa.itakaescolapios.org\/fr\/campanas\/2021-2022-centros-que-cambian-cambia-tu-centro\/metodologia-de-la-campana","title":{"rendered":"M\u00e9thodologie de la campagne"},"content":{"rendered":"<p><\/p>\n<p style=\"text-align: justify;\"><span style=\"font-family: arial, helvetica, sans-serif;\">La campagne de solidarit\u00e9 de cette ann\u00e9e vise, encore une fois, \u00e0 inclure le jeux et la ludification parmi ses propositions. Pour ce faire, nous proposons une \u00ab atmosph\u00e8re \u00bb d\u2019aventure dans laquelle les \u00e9l\u00e8ves ou les participants devront surmonter une s\u00e9rie de missions qui les transformeront en membres d\u2019Itaka-Escolapios. De cette fa\u00e7on, nous rendons l\u2019apprentissage plus significatif et l\u2019exp\u00e9rience plus enrichissante, et nous faisons en sorte que les enfants, surtout les plus jeunes, se sentent plus impliqu\u00e9s dans la campagne. Comme toujours, il ne s\u2019agit que d\u2019une proposition de mise en \u0153uvre, car chaque centre sait quelles activit\u00e9s et propositions fonctionnent le mieux dans sa propre r\u00e9alit\u00e9.<\/span><\/p>\n<p style=\"text-align: justify;\"><span style=\"font-family: arial, helvetica, sans-serif;\">Les activit\u00e9s propos\u00e9es sont con\u00e7ues pour travailler ensemble le contenu acad\u00e9mique et l\u2019\u00e9ducation transformatrice de nos campagnes. Ainsi, pour ceux qui le souhaitent, il peut \u00eatre travaill\u00e9 en classe, comme un projet interdisciplinaire.<\/span><\/p>\n<p style=\"text-align: justify;\"><span style=\"font-family: arial, helvetica, sans-serif;\">Si vous observez les activit\u00e9s propos\u00e9es, vous trouverez quatre missions diff\u00e9rentes. Chacune d\u2019entre elles s\u2019articule autour d\u2019une valeur:<\/span><\/p>\n<p style=\"text-align: center;\"><span style=\"font-family: arial, helvetica, sans-serif;\"><a href=\"https:\/\/www.educa.itakaescolapios.org\/campanas\/2021-2022-centros-que-cambian-cambia-tu-centro\/actividades\/mision-solidaridad\" target=\"_blank\" rel=\"noopener noreferrer\">Mission Solidarit\u00e9<\/a><\/span><\/p>\n<p style=\"text-align: center;\"><span style=\"font-family: arial, helvetica, sans-serif;\"><a href=\"https:\/\/www.educa.itakaescolapios.org\/campanas\/2021-2022-centros-que-cambian-cambia-tu-centro\/actividades\/mision-coeducacion\" target=\"_blank\" rel=\"noopener noreferrer\">Mission Co\u00e9ducation<\/a><\/span><\/p>\n<p style=\"text-align: center;\"><span style=\"font-family: arial, helvetica, sans-serif;\"><a href=\"https:\/\/www.educa.itakaescolapios.org\/campanas\/2021-2022-centros-que-cambian-cambia-tu-centro\/actividades\/mision-medioambiente\" target=\"_blank\" rel=\"noopener noreferrer\">Mission Environnement<\/a><\/span><\/p>\n<p style=\"text-align: center;\"><span style=\"font-family: arial, helvetica, sans-serif;\"><a href=\"https:\/\/www.educa.itakaescolapios.org\/campanas\/2021-2022-centros-que-cambian-cambia-tu-centro\/actividades\/mision-interculturalidad\" target=\"_blank\" rel=\"noopener noreferrer\">Mission Interculturalit\u00e9<\/a><\/span><\/p>\n<p style=\"text-align: justify;\"><span style=\"font-family: arial, helvetica, sans-serif;\"><img decoding=\"async\" loading=\"lazy\" class=\"alignright\" style=\"margin: 5px;\" src=\"https:\/\/www.educa.itakaescolapios.org\/wp-content\/uploads\/2021\/10\/CARTEL-campa\u00f1a-2122-ESP-scaled.jpg\" alt=\"\" width=\"40%\" height=\"40%\" \/><\/span><\/p>\n<p style=\"text-align: justify;\"><span style=\"font-family: arial, helvetica, sans-serif;\">Nous avons choisi les valeurs que nous consid\u00e9rons importantes \u00e0 promouvoir au sein \u00a0des centres, conform\u00e9ment \u00e0 la proposition \u00e9ducative d\u2019Itaka-Escolapios et au Pacte Mondial sur l\u2019\u00c9ducation propos\u00e9 par le pape Fran\u00e7ois.\u00a0 Nous en proposons quatre, afin que chacun puisse travailler sur celles qu\u2019il souhaite, la mission initiale \u00e9tant toujours la Mission \u00ab Solidarit\u00e9 \u00bb. Vous pouvez \u00e9galement travailler sur les autres, ou seulement certaines d\u2019entre elles, dans l\u2019ordre que vous le souhaitez.<\/span><\/p>\n<p style=\"text-align: justify;\"><span style=\"font-family: arial, helvetica, sans-serif;\">Comme vous le verrez, il y a beaucoup de mat\u00e9riel. Vous pouvez l\u2019utiliser librement \u00e0 diff\u00e9rentes p\u00e9riodes de l\u2019ann\u00e9e que vous consid\u00e9rez opportunes (exemple : Mission Co\u00e9ducation, le 8 mars. Journ\u00e9e internationale de la femme, etc.). Vous pouvez \u00e9galement envisager de mener la campagne toute l\u2019ann\u00e9e tout en \u00e9chelonnant les missions autour des dates jug\u00e9es appropri\u00e9es.<\/span><\/p>\n<p style=\"text-align: justify;\"><span style=\"font-family: arial, helvetica, sans-serif;\">Nous vous invitons \u00e0 planter le plus de d\u00e9cor possible au d\u00e9but des missions. Pour ce faire, envisagez une petite mise en sc\u00e8ne, des d\u00e9corations au sein de l\u2019\u00e9cole, une visite de Calasanz et Dorotea dans les salles de classe pour expliquer les missions, des lettres de Calasanz aux \u00e9l\u00e8ves demandant une collaboration, etc.<\/span><\/p>\n<p style=\"text-align: justify;\"><span style=\"font-family: arial, helvetica, sans-serif;\">Dans les endroits o\u00f9 il n\u2019y a pas d\u2019\u00e9quipe pour promouvoir cette campagne et d\u2019autres campagnes d\u2019Itaka-Escolapios, nous vous invitons \u00e0 former une \u00e9quipe de coordination stable pour coordonner et animer les diff\u00e9rentes activit\u00e9s, tant dans un cadre formel que non-formel.<\/span><\/p>\n<p style=\"text-align: justify;\"><span style=\"font-family: arial, helvetica, sans-serif;\">Chacune des missions suit implicitement un sch\u00e9ma commun, Ressentir-Imaginer-Changer, afin que nous puissions int\u00e9rioriser la valeur et d\u00e9couvrir la n\u00e9cessit\u00e9 de la mettre en pratique dans notre environnement.<\/span><\/p>\n<p style=\"text-align: justify;\"><span style=\"font-family: arial, helvetica, sans-serif;\">\u00c0 la fin des missions sur lesquelles vous d\u00e9ciderez de travailler, nous vous proposons de remettre \u00e0 chaque participant son certificat de membre de l\u2019\u00e9quipage, que vous trouverez dans le mat\u00e9riel que vous nous envoyons.<\/span><\/p>\n<p style=\"text-align: justify;\"><span style=\"font-family: arial, helvetica, sans-serif;\">Si vous menez vos propres activit\u00e9s, diff\u00e9rentes \u00e0 celles pr\u00e9sent\u00e9es, nous appr\u00e9cierions grandement que vous les partagiez avec nous afin qu\u2019elles puissent \u00eatre r\u00e9alis\u00e9es dans d\u2019autres centres et ainsi cr\u00e9er un r\u00e9seau. Envoyez vos contributions et\/ou commentaires \u00e0 educa@itakaescolapios.org.<\/span><\/p>\n<p style=\"text-align: justify;\"><span style=\"font-family: arial, helvetica, sans-serif;\">Courage et merci d\u2019accompagner les participants dans cette aventure\u00a0!<\/span><\/p>\n<p><\/p>","protected":false},"excerpt":{"rendered":"<p>La campagne de solidarit\u00e9 de cette ann\u00e9e vise, encore une fois, \u00e0 inclure le jeux et la ludification parmi ses propositions. Pour ce faire, nous proposons [&hellip;]<\/p>\n","protected":false},"author":5,"featured_media":0,"parent":4946,"menu_order":3,"comment_status":"closed","ping_status":"closed","template":"","meta":[],"acf":[],"_links":{"self":[{"href":"https:\/\/www.educa.itakaescolapios.org\/fr\/wp-json\/wp\/v2\/pages\/5108"}],"collection":[{"href":"https:\/\/www.educa.itakaescolapios.org\/fr\/wp-json\/wp\/v2\/pages"}],"about":[{"href":"https:\/\/www.educa.itakaescolapios.org\/fr\/wp-json\/wp\/v2\/types\/page"}],"author":[{"embeddable":true,"href":"https:\/\/www.educa.itakaescolapios.org\/fr\/wp-json\/wp\/v2\/users\/5"}],"replies":[{"embeddable":true,"href":"https:\/\/www.educa.itakaescolapios.org\/fr\/wp-json\/wp\/v2\/comments?post=5108"}],"version-history":[{"count":25,"href":"https:\/\/www.educa.itakaescolapios.org\/fr\/wp-json\/wp\/v2\/pages\/5108\/revisions"}],"predecessor-version":[{"id":5674,"href":"https:\/\/www.educa.itakaescolapios.org\/fr\/wp-json\/wp\/v2\/pages\/5108\/revisions\/5674"}],"up":[{"embeddable":true,"href":"https:\/\/www.educa.itakaescolapios.org\/fr\/wp-json\/wp\/v2\/pages\/4946"}],"wp:attachment":[{"href":"https:\/\/www.educa.itakaescolapios.org\/fr\/wp-json\/wp\/v2\/media?parent=5108"}],"curies":[{"name":"wp","href":"https:\/\/api.w.org\/{rel}","templated":true}]}}