{"id":5121,"date":"2021-10-28T11:49:01","date_gmt":"2021-10-28T09:49:01","guid":{"rendered":"https:\/\/www.educa.itakaescolapios.org\/?page_id=5121"},"modified":"2021-12-06T11:26:37","modified_gmt":"2021-12-06T10:26:37","slug":"actividad-inicial-para-el-claustro","status":"publish","type":"page","link":"https:\/\/www.educa.itakaescolapios.org\/fr\/campanas\/2021-2022-centros-que-cambian-cambia-tu-centro\/actividades\/actividad-inicial-para-el-claustro","title":{"rendered":"Activit\u00e9 initiale pour le corps enseignant"},"content":{"rendered":"<p><\/p>\n<p style=\"text-align: justify;\"><span style=\"font-family: arial, helvetica, sans-serif;\">Nous consid\u00e9rons qu\u2019il convient de commencer la campagne de solidarit\u00e9 par une activit\u00e9 au sein du corps enseignant.<\/span><\/p>\n<p style=\"text-align: justify;\"><span style=\"font-family: arial, helvetica, sans-serif;\">Vous pouvez commencer par regarder la vid\u00e9o de la campagne, puis r\u00e9aliser l\u2019activit\u00e9 propos\u00e9e ici. Celle-ci vise \u00e0 faire conna\u00eetre le r\u00e9seau Educa.Itakaescolapios et \u00e0 vous aider \u00e0 examiner le caract\u00e8re transformateur de votre centre.<\/span><\/p>\n<p>&nbsp;<\/p>\n<p style=\"text-align: justify;\"><span style=\"font-family: arial, helvetica, sans-serif;\"><a href=\"https:\/\/www.educa.itakaescolapios.org\/derecho-a-la-educacion\/actividad-inicial-para-el-claustro-campana-2021-22\" target=\"_blank\" rel=\"noopener noreferrer\">Activit\u00e9 initiale pour le corps enseignant.<\/a><\/span><\/p>\n<p><a style=\"text-align: justify;\" href=\"https:\/\/www.educa.itakaescolapios.org\/derecho-a-la-educacion\/actividad-inicial-para-el-claustro-campana-2021-22\" target=\"_blank\" rel=\"noopener noreferrer\"><span style=\"font-family: arial, helvetica, sans-serif;\"><img decoding=\"async\" loading=\"lazy\" class=\"aligncenter wp-image-2969 size-thumbnail\" src=\"https:\/\/www.educa.itakaescolapios.org\/wp-content\/uploads\/2020\/11\/mano-click-verde-150x150.png\" alt=\"\" width=\"10%\" height=\"10%\" srcset=\"https:\/\/www.educa.itakaescolapios.org\/wp-content\/uploads\/2020\/11\/mano-click-verde-150x150.png 150w, https:\/\/www.educa.itakaescolapios.org\/wp-content\/uploads\/2020\/11\/mano-click-verde-300x300.png 300w, https:\/\/www.educa.itakaescolapios.org\/wp-content\/uploads\/2020\/11\/mano-click-verde-768x769.png 768w, https:\/\/www.educa.itakaescolapios.org\/wp-content\/uploads\/2020\/11\/mano-click-verde-250x250.png 250w, https:\/\/www.educa.itakaescolapios.org\/wp-content\/uploads\/2020\/11\/mano-click-verde.png 786w\" sizes=\"(max-width: 150px) 100vw, 150px\" \/><\/span><\/a><\/p>\n<p><span style=\"font-family: arial, helvetica, sans-serif;\"> <img decoding=\"async\" loading=\"lazy\" class=\"aligncenter wp-image-5168 size-large\" src=\"https:\/\/www.educa.itakaescolapios.org\/wp-content\/uploads\/2021\/10\/CARTEL-campa\u00f1a-2122-ESP-732x1024.jpg\" alt=\"\" width=\"732\" height=\"1024\" srcset=\"https:\/\/www.educa.itakaescolapios.org\/wp-content\/uploads\/2021\/10\/CARTEL-campa\u00f1a-2122-ESP-732x1024.jpg 732w, https:\/\/www.educa.itakaescolapios.org\/wp-content\/uploads\/2021\/10\/CARTEL-campa\u00f1a-2122-ESP-214x300.jpg 214w, https:\/\/www.educa.itakaescolapios.org\/wp-content\/uploads\/2021\/10\/CARTEL-campa\u00f1a-2122-ESP-768x1075.jpg 768w, https:\/\/www.educa.itakaescolapios.org\/wp-content\/uploads\/2021\/10\/CARTEL-campa\u00f1a-2122-ESP-1098x1536.jpg 1098w, https:\/\/www.educa.itakaescolapios.org\/wp-content\/uploads\/2021\/10\/CARTEL-campa\u00f1a-2122-ESP-1463x2048.jpg 1463w, https:\/\/www.educa.itakaescolapios.org\/wp-content\/uploads\/2021\/10\/CARTEL-campa\u00f1a-2122-ESP-250x350.jpg 250w, https:\/\/www.educa.itakaescolapios.org\/wp-content\/uploads\/2021\/10\/CARTEL-campa\u00f1a-2122-ESP-scaled.jpg 1829w\" sizes=\"(max-width: 732px) 100vw, 732px\" \/><\/span><\/p>","protected":false},"excerpt":{"rendered":"<p>Nous consid\u00e9rons qu\u2019il convient de commencer la campagne de solidarit\u00e9 par une activit\u00e9 au sein du corps enseignant. Vous pouvez commencer par regarder la vid\u00e9o de [&hellip;]<\/p>\n","protected":false},"author":5,"featured_media":0,"parent":5117,"menu_order":1,"comment_status":"closed","ping_status":"closed","template":"","meta":[],"acf":[],"_links":{"self":[{"href":"https:\/\/www.educa.itakaescolapios.org\/fr\/wp-json\/wp\/v2\/pages\/5121"}],"collection":[{"href":"https:\/\/www.educa.itakaescolapios.org\/fr\/wp-json\/wp\/v2\/pages"}],"about":[{"href":"https:\/\/www.educa.itakaescolapios.org\/fr\/wp-json\/wp\/v2\/types\/page"}],"author":[{"embeddable":true,"href":"https:\/\/www.educa.itakaescolapios.org\/fr\/wp-json\/wp\/v2\/users\/5"}],"replies":[{"embeddable":true,"href":"https:\/\/www.educa.itakaescolapios.org\/fr\/wp-json\/wp\/v2\/comments?post=5121"}],"version-history":[{"count":17,"href":"https:\/\/www.educa.itakaescolapios.org\/fr\/wp-json\/wp\/v2\/pages\/5121\/revisions"}],"predecessor-version":[{"id":5678,"href":"https:\/\/www.educa.itakaescolapios.org\/fr\/wp-json\/wp\/v2\/pages\/5121\/revisions\/5678"}],"up":[{"embeddable":true,"href":"https:\/\/www.educa.itakaescolapios.org\/fr\/wp-json\/wp\/v2\/pages\/5117"}],"wp:attachment":[{"href":"https:\/\/www.educa.itakaescolapios.org\/fr\/wp-json\/wp\/v2\/media?parent=5121"}],"curies":[{"name":"wp","href":"https:\/\/api.w.org\/{rel}","templated":true}]}}