{"id":5902,"date":"2021-12-29T12:08:10","date_gmt":"2021-12-29T11:08:10","guid":{"rendered":"https:\/\/www.educa.itakaescolapios.org\/?page_id=5902"},"modified":"2022-01-27T16:08:00","modified_gmt":"2022-01-27T15:08:00","slug":"2021-2022-tu-eres-el-cambio","status":"publish","type":"page","link":"https:\/\/www.educa.itakaescolapios.org\/fr\/semanas-de-la-paz\/2021-2022-tu-eres-el-cambio","title":{"rendered":"2021-2022 LE CHANGE, C&rsquo;EST TOI!"},"content":{"rendered":"<p><\/p>\n<p style=\"text-align: justify;\"><em><strong>\u201cEn d\u00e9finitive, o\u00f9 commencent les droits de l&rsquo;homme universels ? Eh bien, dans de petits endroits, pr\u00e8s de chez nous ; dans des endroits si proches et si petits qu&rsquo;ils n&rsquo;apparaissent pas sur les cartes. Ce sont les endroits o\u00f9 chaque homme, femme et enfant cherche \u00e0 \u00eatre \u00e9gal devant la loi, \u00e0 avoir les m\u00eames chances, \u00e0 \u00eatre \u00e9gal en dignit\u00e9 sans discrimination. Si ces droits ne signifient rien dans ces endroits, ils ne signifient rien ailleurs. Sans une action d\u00e9termin\u00e9e des citoyens pour d\u00e9fendre ces droits autour d&rsquo;eux, aucun progr\u00e8s ne sera r\u00e9alis\u00e9 dans le reste du monde\u201d<\/strong><\/em><\/p>\n<p><span style=\"font-size: 14px;\"><em>Eleanor Roosvelt.- \u201cEntre nos mains\u201d.\u00a0Discours prononc\u00e9 en 1958,\u00a0<\/em><em>\u00e0 l\u2019occasion du X anniversaire de la D\u00e9claration universelle des droits de l\u2019homme<\/em><\/span><\/p>\n<p>&nbsp;<\/p>\n<p><img decoding=\"async\" loading=\"lazy\" class=\"alignleft\" src=\"https:\/\/www.educa.itakaescolapios.org\/wp-content\/uploads\/2021\/12\/CARTEL-PAZ-2022-scaled.jpg\" alt=\"\" width=\"45%\" height=\"45%\" \/>Il est clair pour nous que la d\u00e9fense de la r\u00e9alisation des droits de l&rsquo;homme pour tous les peuples est la responsabilit\u00e9 de chacun d&rsquo;entre nous, et c&rsquo;est pourquoi il est si n\u00e9cessaire de travailler dans l&rsquo;\u00e9ducation (tant formelle que non formelle) sur des approches d&rsquo;engagement et de participation dans la soci\u00e9t\u00e9 afin d&rsquo;aborder les diff\u00e9rents probl\u00e8mes sociaux.<\/p>\n<p>La formation aux droits de l&rsquo;homme, \u00e0 la paix et \u00e0 la non-violence est une autre occasion de contribuer \u00e0 ce que les centres et projets \u00e9ducatifs deviennent des instruments de paix et de compr\u00e9hension entre des personnes d&rsquo;origines, de races, de cultures et de religions diff\u00e9rentes. Les Piaristes \u00e9duquent pour la vie et cherchent \u00e0 d\u00e9velopper les aptitudes et les comp\u00e9tences n\u00e9cessaires \u00e0 la participation sociale active des enfants et des jeunes avec lesquels nous travaillons.<\/p>\n<p>Pour toutes ces raisons, nous invitons tous les \u00e9ducateurs \u00e0 contribuer, \u00e0 travers l&rsquo;\u00e9ducation, \u00e0 continuer de participer \u00e0 la construction d&rsquo;un monde meilleur, un monde plus juste et plus humain qui permette \u00e0 tous les individus, issus de diff\u00e9rentes parties du monde, d&rsquo;avoir la m\u00eame opportunit\u00e9 de d\u00e9velopper pleinement leurs facult\u00e9s au sein d&rsquo;une soci\u00e9t\u00e9 d\u00e9mocratique, libre, juste, responsable et pacifique.<\/p>\n<p>Et aussi pour continuer \u00e0 travailler sur la proposition d&rsquo;\u00e9ducation pour la transformation sociale que nous r\u00e9alisons \u00e0 partir de la\u00a0<a href=\"https:\/\/www.educa.itakaescolapios.org\/semanas-de-la-paz\/2021-2022-tu-eres-el-cambio\/mision-paz-y-derechos-humanos\" target=\"_blank\" rel=\"noopener noreferrer\"><strong>Mission pour la paix et les droits de l&rsquo;homme.\u00a0<\/strong><\/a><\/p>\n<p><img decoding=\"async\" loading=\"lazy\" class=\"alignright\" src=\"https:\/\/www.educa.itakaescolapios.org\/wp-content\/uploads\/2020\/11\/mano-click-verde.png\" alt=\"\" width=\"5%\" height=\"5%\" \/><\/p>\n<p>&nbsp;<\/p>\n<p>&nbsp;<\/p>","protected":false},"excerpt":{"rendered":"<p>\u201cEn d\u00e9finitive, o\u00f9 commencent les droits de l&rsquo;homme universels ? Eh bien, dans de petits endroits, pr\u00e8s de chez nous ; dans des endroits si proches [&hellip;]<\/p>\n","protected":false},"author":5,"featured_media":5977,"parent":713,"menu_order":0,"comment_status":"closed","ping_status":"closed","template":"","meta":[],"acf":[],"_links":{"self":[{"href":"https:\/\/www.educa.itakaescolapios.org\/fr\/wp-json\/wp\/v2\/pages\/5902"}],"collection":[{"href":"https:\/\/www.educa.itakaescolapios.org\/fr\/wp-json\/wp\/v2\/pages"}],"about":[{"href":"https:\/\/www.educa.itakaescolapios.org\/fr\/wp-json\/wp\/v2\/types\/page"}],"author":[{"embeddable":true,"href":"https:\/\/www.educa.itakaescolapios.org\/fr\/wp-json\/wp\/v2\/users\/5"}],"replies":[{"embeddable":true,"href":"https:\/\/www.educa.itakaescolapios.org\/fr\/wp-json\/wp\/v2\/comments?post=5902"}],"version-history":[{"count":38,"href":"https:\/\/www.educa.itakaescolapios.org\/fr\/wp-json\/wp\/v2\/pages\/5902\/revisions"}],"predecessor-version":[{"id":6187,"href":"https:\/\/www.educa.itakaescolapios.org\/fr\/wp-json\/wp\/v2\/pages\/5902\/revisions\/6187"}],"up":[{"embeddable":true,"href":"https:\/\/www.educa.itakaescolapios.org\/fr\/wp-json\/wp\/v2\/pages\/713"}],"wp:featuredmedia":[{"embeddable":true,"href":"https:\/\/www.educa.itakaescolapios.org\/fr\/wp-json\/wp\/v2\/media\/5977"}],"wp:attachment":[{"href":"https:\/\/www.educa.itakaescolapios.org\/fr\/wp-json\/wp\/v2\/media?parent=5902"}],"curies":[{"name":"wp","href":"https:\/\/api.w.org\/{rel}","templated":true}]}}