{"id":5923,"date":"2021-12-30T09:45:57","date_gmt":"2021-12-30T08:45:57","guid":{"rendered":"https:\/\/www.educa.itakaescolapios.org\/?page_id=5923"},"modified":"2023-05-05T13:28:29","modified_gmt":"2023-05-05T11:28:29","slug":"mision-paz-y-derechos-humanos","status":"publish","type":"page","link":"https:\/\/www.educa.itakaescolapios.org\/fr\/semanas-de-la-paz\/2021-2022-tu-eres-el-cambio\/mision-paz-y-derechos-humanos","title":{"rendered":"MISSION POUR LA PAIX ET LES DROITS DE L&rsquo;HOMME"},"content":{"rendered":"<p>&nbsp;<\/p>\n<p style=\"text-align: justify;\"><img decoding=\"async\" loading=\"lazy\" class=\"alignleft\" src=\"https:\/\/www.educa.itakaescolapios.org\/wp-content\/uploads\/2021\/12\/CARTELES-MISIONES-21225.jpg\" alt=\"\" width=\"515\" height=\"343\" \/><\/p>\n<p style=\"text-align: justify;\">Les centres piaristes sont \u00e9galement appel\u00e9es \u00e0 travailler pour la paix et la r\u00e9alisation des droits de l&rsquo;homme.<\/p>\n<p>Comme en Espagne, o\u00f9 la plupart des \u00e9coles r\u00e9fl\u00e9chissent et c\u00e9l\u00e8brent la Journ\u00e9e scolaire de la non-violence et de la paix chaque 30 janvier (date anniversaire de la mort de Gandhi).<\/p>\n<p>Bien que la mission que nous proposons de travailler pour la paix et les droits de l&rsquo;homme puisse se faire tout au long de l&rsquo;ann\u00e9e en fonction de l&rsquo;organisation dans chaque continent ou pays, depuis Itaka-Piaristes nous vous proposons de conna\u00eetre quelques r\u00e9alit\u00e9s du conflit dans les lieux o\u00f9 nous sommes pr\u00e9sents, ainsi que les actions qui depuis les EEPP ont lieu.<\/p>\n<p>De cette fa\u00e7on, Calasanz lui-m\u00eame nous invite \u00e0 la Mission Paix et Droits de l&rsquo;Homme, et nous rappelle que, m\u00eame s&rsquo;il peut nous sembler que tous les conflits et les guerres sont lointains ou hors de notre environnement, nous avons souvent quelque chose d&rsquo;important \u00e0 dire, et surtout \u00e0 faire. Parce que chacun d&rsquo;entre nous peut g\u00e9n\u00e9rer une culture de la paix, parce que : VOUS \u00caTES LE CHANGEMENT.<\/p>\n<p>Vous avez de nombreuses activit\u00e9s pour mener \u00e0 bien la mission de paix et de droits de l&rsquo;homme et une lettre de f\u00e9licitations de Dorotea pour quand vous l&rsquo;aurez r\u00e9alis\u00e9e. (<a href=\"https:\/\/www.educa.itakaescolapios.org\/wp-content\/uploads\/2022\/01\/FR.14.-Letre-finale-de-la-mission-paix.pdf\" target=\"_blank\" rel=\"noopener noreferrer\">Lettre finale de la mission<\/a>.)<\/p>\n<p>&nbsp;<\/p>\n<p><a href=\"https:\/\/www.educa.itakaescolapios.org\/semanas-de-la-paz\/2021-2022-tu-eres-el-cambio\/actividades-para-los-centros-educativos\" target=\"_blank\" rel=\"noopener noreferrer\"><strong>ACTIVIT\u00c9S POUR L&rsquo;\u00c9COLE<\/strong><\/a><\/p>\n<ul>\n<li style=\"list-style-type: none;\">\n<ul>\n<li style=\"list-style-type: none;\">\n<ul style=\"list-style-type: square;\">\n<li><a href=\"https:\/\/www.educa.itakaescolapios.org\/paz\/bote-de-paz\" target=\"_blank\" rel=\"noopener noreferrer\">Bo\u00eete de la Paix (de 3 a 7 ann\u00e9es)<\/a><\/li>\n<li><a href=\"https:\/\/www.educa.itakaescolapios.org\/paz\/comite-de-la-paz\" target=\"_blank\" rel=\"noopener noreferrer\">Comit\u00e9 de la Paix (de 7 a 11 ann\u00e9es)<\/a><\/li>\n<li><a href=\"https:\/\/www.educa.itakaescolapios.org\/paz\/activistas-por-la-paz-y-los-derechos-humanos\" target=\"_blank\" rel=\"noopener noreferrer\">Activistes pour la Paix et les Droits de l&rsquo;homme (de 12 a 15 ann\u00e9es)<\/a><\/li>\n<li><a href=\"https:\/\/www.educa.itakaescolapios.org\/derecho-a-la-educacion\/escuelas-pias-en-mozambique\" target=\"_blank\" rel=\"noopener noreferrer\">\u00c9cole Pies \u00e0 Mozambique (de 15 a 18 ann\u00e9es)<\/a><\/li>\n<li><a href=\"https:\/\/www.educa.itakaescolapios.org\/paz\/mensajes-de-paz\" target=\"_blank\" rel=\"noopener noreferrer\">Acte central: Messages de Paix<\/a><\/li>\n<\/ul>\n<\/li>\n<\/ul>\n<\/li>\n<\/ul>\n<p>&nbsp;<\/p>\n<p><a href=\"https:\/\/www.educa.itakaescolapios.org\/semanas-de-la-paz\/2021-2022-tu-eres-el-cambio\/oraciones-por-la-paz\" target=\"_blank\" rel=\"noopener noreferrer\"><b>PRI\u00c8RE POUR LE PAIX<\/b><\/a><\/p>\n<h2 class=\"titulo_recursos\"><\/h2>\n<p><a href=\"https:\/\/www.educa.itakaescolapios.org\/eu\/semanas-de-la-paz\/2021-2022-tu-eres-el-cambio\/actividades-para-el-movimiento-calasanz\" target=\"_blank\" rel=\"noopener noreferrer\"><strong>ACTIVIT\u00c9S POUR LE \u00a0PARA EL MOUVEMENT CALASANZ<\/strong><\/a><\/p>\n<ul>\n<li style=\"list-style-type: none;\">\n<ul>\n<li style=\"list-style-type: none;\">\n<ul style=\"list-style-type: square;\">\n<li><a href=\"https:\/\/www.educa.itakaescolapios.org\/paz\/mi-casa-de-la-paz\" target=\"_blank\" rel=\"noopener noreferrer\">Ma maison de paix (<\/a><a href=\"https:\/\/www.educa.itakaescolapios.org\/paz\/bote-de-paz\" target=\"_blank\" rel=\"noopener noreferrer\">de 3 a 7 ann\u00e9es<\/a><a href=\"https:\/\/www.educa.itakaescolapios.org\/paz\/mi-casa-de-la-paz\" target=\"_blank\" rel=\"noopener noreferrer\">)<\/a><\/li>\n<li><a href=\"https:\/\/www.educa.itakaescolapios.org\/paz\/transplantando-amistades\" target=\"_blank\" rel=\"noopener noreferrer\">Repiquage d&rsquo;amiti\u00e9s (<\/a><a href=\"https:\/\/www.educa.itakaescolapios.org\/paz\/comite-de-la-paz\" target=\"_blank\" rel=\"noopener noreferrer\">de 7 a 11 ann\u00e9es<\/a><a href=\"https:\/\/www.educa.itakaescolapios.org\/paz\/transplantando-amistades\" target=\"_blank\" rel=\"noopener noreferrer\">)<\/a><\/li>\n<li><a href=\"https:\/\/www.educa.itakaescolapios.org\/paz\/los-mensajeros-de-la-paz\" target=\"_blank\" rel=\"noopener noreferrer\">Messagers de la Paix (<\/a><a href=\"https:\/\/www.educa.itakaescolapios.org\/paz\/activistas-por-la-paz-y-los-derechos-humanos\" target=\"_blank\" rel=\"noopener noreferrer\">de 12 a 15 ann\u00e9es<\/a><a href=\"https:\/\/www.educa.itakaescolapios.org\/paz\/los-mensajeros-de-la-paz\" target=\"_blank\" rel=\"noopener noreferrer\">)<\/a><\/li>\n<li><a href=\"https:\/\/www.educa.itakaescolapios.org\/derecho-a-la-educacion\/la-paz-es-el-camino\" target=\"_blank\" rel=\"noopener noreferrer\">La paix est le chemin (<\/a><a href=\"https:\/\/www.educa.itakaescolapios.org\/derecho-a-la-educacion\/escuelas-pias-en-mozambique\" target=\"_blank\" rel=\"noopener noreferrer\">de 15 a 18 ann\u00e9es<\/a><a href=\"https:\/\/www.educa.itakaescolapios.org\/derecho-a-la-educacion\/la-paz-es-el-camino\" target=\"_blank\" rel=\"noopener noreferrer\">)<\/a><\/li>\n<li><a href=\"https:\/\/www.educa.itakaescolapios.org\/paz\/tips-para-discutir-bien\" target=\"_blank\" rel=\"noopener noreferrer\">Conseils pour une meilleure dispute (<\/a><a href=\"https:\/\/www.educa.itakaescolapios.org\/derecho-a-la-educacion\/escuelas-pias-en-mozambique\" target=\"_blank\" rel=\"noopener noreferrer\">plus 18 ann\u00e9es<\/a><a href=\"https:\/\/www.educa.itakaescolapios.org\/paz\/tips-para-discutir-bien\" target=\"_blank\" rel=\"noopener noreferrer\">)<\/a><\/li>\n<\/ul>\n<\/li>\n<\/ul>\n<\/li>\n<\/ul>\n<p>&nbsp;<\/p>\n<p><a href=\"https:\/\/www.educa.itakaescolapios.org\/semanas-de-la-paz\/2021-2022-tu-eres-el-cambio\/actividades-para-adultos\" target=\"_blank\" rel=\"noopener noreferrer\"><strong>ACTIVIT\u00c9S POUR LES ADULTES<\/strong><\/a><\/p>\n<ul>\n<li style=\"list-style-type: none;\">\n<ul>\n<li style=\"list-style-type: none;\">\n<ul style=\"list-style-type: square;\">\n<li><a href=\"https:\/\/www.educa.itakaescolapios.org\/derecho-a-la-educacion\/fraternidad-mision-paz-y-ddhh\" target=\"_blank\" rel=\"noopener noreferrer\">Fraternit\u00e9<\/a><\/li>\n<li><a href=\"https:\/\/www.educa.itakaescolapios.org\/derecho-a-la-educacion\/mision-compartida-campana-paz-y-ddhh\" target=\"_blank\" rel=\"noopener noreferrer\">Mission Partag\u00e9e<\/a><\/li>\n<\/ul>\n<\/li>\n<\/ul>\n<\/li>\n<\/ul>\n<p><\/p>","protected":false},"excerpt":{"rendered":"<p>&nbsp; Les centres piaristes sont \u00e9galement appel\u00e9es \u00e0 travailler pour la paix et la r\u00e9alisation des droits de l&rsquo;homme. Comme en Espagne, o\u00f9 la plupart des [&hellip;]<\/p>\n","protected":false},"author":5,"featured_media":0,"parent":5902,"menu_order":0,"comment_status":"closed","ping_status":"closed","template":"","meta":[],"acf":[],"_links":{"self":[{"href":"https:\/\/www.educa.itakaescolapios.org\/fr\/wp-json\/wp\/v2\/pages\/5923"}],"collection":[{"href":"https:\/\/www.educa.itakaescolapios.org\/fr\/wp-json\/wp\/v2\/pages"}],"about":[{"href":"https:\/\/www.educa.itakaescolapios.org\/fr\/wp-json\/wp\/v2\/types\/page"}],"author":[{"embeddable":true,"href":"https:\/\/www.educa.itakaescolapios.org\/fr\/wp-json\/wp\/v2\/users\/5"}],"replies":[{"embeddable":true,"href":"https:\/\/www.educa.itakaescolapios.org\/fr\/wp-json\/wp\/v2\/comments?post=5923"}],"version-history":[{"count":62,"href":"https:\/\/www.educa.itakaescolapios.org\/fr\/wp-json\/wp\/v2\/pages\/5923\/revisions"}],"predecessor-version":[{"id":7602,"href":"https:\/\/www.educa.itakaescolapios.org\/fr\/wp-json\/wp\/v2\/pages\/5923\/revisions\/7602"}],"up":[{"embeddable":true,"href":"https:\/\/www.educa.itakaescolapios.org\/fr\/wp-json\/wp\/v2\/pages\/5902"}],"wp:attachment":[{"href":"https:\/\/www.educa.itakaescolapios.org\/fr\/wp-json\/wp\/v2\/media?parent=5923"}],"curies":[{"name":"wp","href":"https:\/\/api.w.org\/{rel}","templated":true}]}}