{"id":5996,"date":"2021-12-31T09:05:01","date_gmt":"2021-12-31T08:05:01","guid":{"rendered":"https:\/\/www.educa.itakaescolapios.org\/?page_id=5996"},"modified":"2022-01-31T13:12:27","modified_gmt":"2022-01-31T12:12:27","slug":"oraciones-por-la-paz","status":"publish","type":"page","link":"https:\/\/www.educa.itakaescolapios.org\/fr\/semanas-de-la-paz\/2021-2022-tu-eres-el-cambio\/oraciones-por-la-paz","title":{"rendered":"PRI\u00c8RE POUR LA PAIX"},"content":{"rendered":"<p><img decoding=\"async\" loading=\"lazy\" class=\"alignright\" src=\"https:\/\/www.educa.itakaescolapios.org\/wp-content\/uploads\/2021\/12\/calasanz-en-africa.png\" alt=\"\" width=\"50%\" height=\"50%\" \/><\/p>\n<p>&nbsp;<\/p>\n<p style=\"text-align: justify;\">De Calasanz aux \u00e9ducateurs piaristes d&rsquo;aujourd&rsquo;hui (religieux et la\u00efcs), dans l&rsquo;EPI nous sommes invit\u00e9s \u00e0 travailler pour un monde plus juste et humain en faisant de la proposition de J\u00e9sus une r\u00e9alit\u00e9. Et pour mieux comprendre ce que J\u00e9sus attend de nous, nous devons l&rsquo;\u00e9couter et \u00eatre proches de lui.<\/p>\n<p style=\"text-align: justify;\">Nous vous invitons \u00e0 trouver un temps de pri\u00e8re sp\u00e9cial pendant ces jours pour prier pour la paix. Et que ce soit le d\u00e9but d&rsquo;une pri\u00e8re r\u00e9currente dans notre vie quotidienne.<\/p>\n<ul>\n<li style=\"list-style-type: none;\">\n<ul style=\"list-style-type: square;\">\n<li><a href=\"https:\/\/www.educa.itakaescolapios.org\/wp-content\/uploads\/2022\/01\/FR.12a-Pri\u00e8re-3-8.pdf\" target=\"_blank\" rel=\"noopener noreferrer\">Pri\u00e8re (3 &#8211; 8 ann\u00e9es)<\/a><\/li>\n<li><a href=\"https:\/\/www.educa.itakaescolapios.org\/wp-content\/uploads\/2022\/01\/FR.12b-Pri\u00e8re-8-10.pdf\">Pri\u00e8re (8-10 ann\u00e9es)<\/a><\/li>\n<li><a href=\"https:\/\/www.educa.itakaescolapios.org\/wp-content\/uploads\/2022\/01\/FR.12c-Pri\u00e8re-10-12.pdf\" target=\"_blank\" rel=\"noopener noreferrer\">Pri\u00e8re (10-12 ann\u00e9es)<\/a><\/li>\n<li><a href=\"https:\/\/www.educa.itakaescolapios.org\/wp-content\/uploads\/2022\/01\/FR.12d-Pri\u00e8re-12-16.pdf\" target=\"_blank\" rel=\"noopener noreferrer\">Pri\u00e8re (12-16 ann\u00e9es)<\/a><\/li>\n<li><a href=\"https:\/\/www.educa.itakaescolapios.org\/wp-content\/uploads\/2022\/01\/FR.12e-Pri\u00e8re-16-18.pdf\" target=\"_blank\" rel=\"noopener noreferrer\">Pri\u00e8re (16-18 ann\u00e9es)<\/a><\/li>\n<\/ul>\n<\/li>\n<\/ul>\n<p><\/p>","protected":false},"excerpt":{"rendered":"<p>&nbsp; De Calasanz aux \u00e9ducateurs piaristes d&rsquo;aujourd&rsquo;hui (religieux et la\u00efcs), dans l&rsquo;EPI nous sommes invit\u00e9s \u00e0 travailler pour un monde plus juste et humain en faisant [&hellip;]<\/p>\n","protected":false},"author":5,"featured_media":0,"parent":5902,"menu_order":0,"comment_status":"closed","ping_status":"closed","template":"","meta":[],"acf":[],"_links":{"self":[{"href":"https:\/\/www.educa.itakaescolapios.org\/fr\/wp-json\/wp\/v2\/pages\/5996"}],"collection":[{"href":"https:\/\/www.educa.itakaescolapios.org\/fr\/wp-json\/wp\/v2\/pages"}],"about":[{"href":"https:\/\/www.educa.itakaescolapios.org\/fr\/wp-json\/wp\/v2\/types\/page"}],"author":[{"embeddable":true,"href":"https:\/\/www.educa.itakaescolapios.org\/fr\/wp-json\/wp\/v2\/users\/5"}],"replies":[{"embeddable":true,"href":"https:\/\/www.educa.itakaescolapios.org\/fr\/wp-json\/wp\/v2\/comments?post=5996"}],"version-history":[{"count":7,"href":"https:\/\/www.educa.itakaescolapios.org\/fr\/wp-json\/wp\/v2\/pages\/5996\/revisions"}],"predecessor-version":[{"id":6200,"href":"https:\/\/www.educa.itakaescolapios.org\/fr\/wp-json\/wp\/v2\/pages\/5996\/revisions\/6200"}],"up":[{"embeddable":true,"href":"https:\/\/www.educa.itakaescolapios.org\/fr\/wp-json\/wp\/v2\/pages\/5902"}],"wp:attachment":[{"href":"https:\/\/www.educa.itakaescolapios.org\/fr\/wp-json\/wp\/v2\/media?parent=5996"}],"curies":[{"name":"wp","href":"https:\/\/api.w.org\/{rel}","templated":true}]}}