{"id":6001,"date":"2021-12-31T09:15:33","date_gmt":"2021-12-31T08:15:33","guid":{"rendered":"https:\/\/www.educa.itakaescolapios.org\/?page_id=6001"},"modified":"2022-01-31T13:34:37","modified_gmt":"2022-01-31T12:34:37","slug":"actividades-para-los-centros-educativos","status":"publish","type":"page","link":"https:\/\/www.educa.itakaescolapios.org\/fr\/semanas-de-la-paz\/2021-2022-tu-eres-el-cambio\/actividades-para-los-centros-educativos","title":{"rendered":"Activit\u00e9s pour les \u00e9coles"},"content":{"rendered":"<p><img decoding=\"async\" loading=\"lazy\" class=\"alignleft\" src=\"https:\/\/www.educa.itakaescolapios.org\/wp-content\/uploads\/2021\/12\/Jiwa-con-herramientas.png\" alt=\"\" width=\"400\" height=\"494\" \/><\/p>\n<p>&nbsp;<\/p>\n<p>&nbsp;<\/p>\n<p style=\"text-align: center;\"><strong>ACTIVIT\u00c9S PROPOS\u00c9ES<\/strong><\/p>\n<p>&nbsp;<\/p>\n<p style=\"text-align: center;\"><a href=\"https:\/\/www.educa.itakaescolapios.org\/paz\/bote-de-paz\" target=\"_blank\" rel=\"noopener noreferrer\"><span style=\"font-size: 14px;\">Bo\u00eete de la Paix (de 3 a 7 ann\u00e9ss)<\/span><\/a><\/p>\n<p style=\"text-align: center;\"><a href=\"https:\/\/www.educa.itakaescolapios.org\/paz\/comite-de-la-paz\" target=\"_blank\" rel=\"noopener noreferrer\"><span style=\"font-size: 14px;\">Comit\u00e9 de la Paix (de 8 a 11 ann\u00e9es)<\/span><\/a><\/p>\n<p style=\"text-align: center;\"><span style=\"font-size: 14px;\"><a href=\"https:\/\/www.educa.itakaescolapios.org\/paz\/activistas-por-la-paz-y-los-derechos-humanos\" target=\"_blank\" rel=\"noopener noreferrer\">Activistes pour le Paix et Droits de l&rsquo;homme (de 12 a 15 ann\u00e9es)<\/a><\/span><\/p>\n<p style=\"text-align: center;\"><span style=\"font-size: 14px;\"><a href=\"https:\/\/www.educa.itakaescolapios.org\/derecho-a-la-educacion\/escuelas-pias-en-mozambique\" target=\"_blank\" rel=\"noopener noreferrer\">\u00c9coles Pies au Mozambique (de 15 a 18 ann\u00e9es)<\/a><\/span><\/p>\n<p style=\"text-align: center;\"><a href=\"https:\/\/www.educa.itakaescolapios.org\/paz\/mensajes-de-paz\" target=\"_blank\" rel=\"noopener noreferrer\"><span style=\"font-size: 14px;\">Acta central: Messages de Paix<\/span><\/a><\/p>\n<p>&nbsp;<\/p>","protected":false},"excerpt":{"rendered":"<p>&nbsp; &nbsp; ACTIVIT\u00c9S PROPOS\u00c9ES &nbsp; Bo\u00eete de la Paix (de 3 a 7 ann\u00e9ss) Comit\u00e9 de la Paix (de 8 a 11 ann\u00e9es) Activistes pour le [&hellip;]<\/p>\n","protected":false},"author":5,"featured_media":0,"parent":5902,"menu_order":0,"comment_status":"closed","ping_status":"closed","template":"","meta":[],"acf":[],"_links":{"self":[{"href":"https:\/\/www.educa.itakaescolapios.org\/fr\/wp-json\/wp\/v2\/pages\/6001"}],"collection":[{"href":"https:\/\/www.educa.itakaescolapios.org\/fr\/wp-json\/wp\/v2\/pages"}],"about":[{"href":"https:\/\/www.educa.itakaescolapios.org\/fr\/wp-json\/wp\/v2\/types\/page"}],"author":[{"embeddable":true,"href":"https:\/\/www.educa.itakaescolapios.org\/fr\/wp-json\/wp\/v2\/users\/5"}],"replies":[{"embeddable":true,"href":"https:\/\/www.educa.itakaescolapios.org\/fr\/wp-json\/wp\/v2\/comments?post=6001"}],"version-history":[{"count":14,"href":"https:\/\/www.educa.itakaescolapios.org\/fr\/wp-json\/wp\/v2\/pages\/6001\/revisions"}],"predecessor-version":[{"id":6210,"href":"https:\/\/www.educa.itakaescolapios.org\/fr\/wp-json\/wp\/v2\/pages\/6001\/revisions\/6210"}],"up":[{"embeddable":true,"href":"https:\/\/www.educa.itakaescolapios.org\/fr\/wp-json\/wp\/v2\/pages\/5902"}],"wp:attachment":[{"href":"https:\/\/www.educa.itakaescolapios.org\/fr\/wp-json\/wp\/v2\/media?parent=6001"}],"curies":[{"name":"wp","href":"https:\/\/api.w.org\/{rel}","templated":true}]}}