{"id":6005,"date":"2021-12-31T09:20:24","date_gmt":"2021-12-31T08:20:24","guid":{"rendered":"https:\/\/www.educa.itakaescolapios.org\/?page_id=6005"},"modified":"2023-05-05T17:04:54","modified_gmt":"2023-05-05T15:04:54","slug":"actividades-para-el-movimiento-calasanz","status":"publish","type":"page","link":"https:\/\/www.educa.itakaescolapios.org\/fr\/semanas-de-la-paz\/2021-2022-tu-eres-el-cambio\/actividades-para-el-movimiento-calasanz","title":{"rendered":"Activit\u00e9s pour Mouvement Calasanz"},"content":{"rendered":"<p>&nbsp;<\/p>\n<p><img decoding=\"async\" loading=\"lazy\" class=\"alignright\" src=\"https:\/\/www.educa.itakaescolapios.org\/wp-content\/uploads\/2021\/12\/Quisap-y-leon.png\" alt=\"\" width=\"488\" height=\"512\" \/><\/p>\n<p>&nbsp;<\/p>\n<p>&nbsp;<\/p>\n<p>&nbsp;<\/p>\n<p style=\"text-align: center;\"><strong>ACTIVIT\u00c9S PROPOS\u00c9ES<\/strong><\/p>\n<p>&nbsp;<\/p>\n<p style=\"text-align: center;\"><a href=\"https:\/\/www.educa.itakaescolapios.org\/paz\/mi-casa-de-la-paz\" target=\"_blank\" rel=\"noopener noreferrer\"><span style=\"font-size: 14px;\">Ma maison de Paix (de 3 a 7 ann\u00e9es)<\/span><\/a><\/p>\n<p style=\"text-align: center;\"><a href=\"https:\/\/www.educa.itakaescolapios.org\/paz\/transplantando-amistades\" target=\"_blank\" rel=\"noopener noreferrer\"><span style=\"font-size: 14px;\">Repiquage d&rsquo;amiti\u00e9s (de 8 a 11 ann\u00e9es)<\/span><\/a><\/p>\n<p style=\"text-align: center;\"><a href=\"https:\/\/www.educa.itakaescolapios.org\/paz\/los-mensajeros-de-la-paz\" target=\"_blank\" rel=\"noopener noreferrer\"><span style=\"font-size: 14px;\">Messagers de Paix (de 12 a 15 ann\u00e9es)<\/span><\/a><\/p>\n<p style=\"text-align: center;\"><a href=\"https:\/\/www.educa.itakaescolapios.org\/derecho-a-la-educacion\/la-paz-es-el-camino\" target=\"_blank\" rel=\"noopener noreferrer\"><span style=\"font-size: 14px;\">La paix est le chemin (de 15 a 18 ann\u00e9es)<\/span><\/a><\/p>\n<p style=\"text-align: center;\"><a href=\"https:\/\/www.educa.itakaescolapios.org\/paz\/tips-para-discutir-bien\" target=\"_blank\" rel=\"noopener noreferrer\"><span style=\"font-size: 14px;\">Conseils pour une meilleure dispute (plus de 18 ann\u00e9es)<\/span><\/a><\/p>\n<p><\/p>","protected":false},"excerpt":{"rendered":"<p>&nbsp; &nbsp; &nbsp; &nbsp; ACTIVIT\u00c9S PROPOS\u00c9ES &nbsp; Ma maison de Paix (de 3 a 7 ann\u00e9es) Repiquage d&rsquo;amiti\u00e9s (de 8 a 11 ann\u00e9es) Messagers de Paix [&hellip;]<\/p>\n","protected":false},"author":5,"featured_media":0,"parent":5902,"menu_order":0,"comment_status":"closed","ping_status":"closed","template":"","meta":[],"acf":[],"_links":{"self":[{"href":"https:\/\/www.educa.itakaescolapios.org\/fr\/wp-json\/wp\/v2\/pages\/6005"}],"collection":[{"href":"https:\/\/www.educa.itakaescolapios.org\/fr\/wp-json\/wp\/v2\/pages"}],"about":[{"href":"https:\/\/www.educa.itakaescolapios.org\/fr\/wp-json\/wp\/v2\/types\/page"}],"author":[{"embeddable":true,"href":"https:\/\/www.educa.itakaescolapios.org\/fr\/wp-json\/wp\/v2\/users\/5"}],"replies":[{"embeddable":true,"href":"https:\/\/www.educa.itakaescolapios.org\/fr\/wp-json\/wp\/v2\/comments?post=6005"}],"version-history":[{"count":15,"href":"https:\/\/www.educa.itakaescolapios.org\/fr\/wp-json\/wp\/v2\/pages\/6005\/revisions"}],"predecessor-version":[{"id":7618,"href":"https:\/\/www.educa.itakaescolapios.org\/fr\/wp-json\/wp\/v2\/pages\/6005\/revisions\/7618"}],"up":[{"embeddable":true,"href":"https:\/\/www.educa.itakaescolapios.org\/fr\/wp-json\/wp\/v2\/pages\/5902"}],"wp:attachment":[{"href":"https:\/\/www.educa.itakaescolapios.org\/fr\/wp-json\/wp\/v2\/media?parent=6005"}],"curies":[{"name":"wp","href":"https:\/\/api.w.org\/{rel}","templated":true}]}}