{"id":6010,"date":"2021-12-31T09:27:19","date_gmt":"2021-12-31T08:27:19","guid":{"rendered":"https:\/\/www.educa.itakaescolapios.org\/?page_id=6010"},"modified":"2022-01-31T13:25:33","modified_gmt":"2022-01-31T12:25:33","slug":"actividades-para-adultos","status":"publish","type":"page","link":"https:\/\/www.educa.itakaescolapios.org\/fr\/semanas-de-la-paz\/2021-2022-tu-eres-el-cambio\/actividades-para-adultos","title":{"rendered":"Activit\u00e9s pour les adultes"},"content":{"rendered":"<p><img decoding=\"async\" loading=\"lazy\" class=\"alignleft\" src=\"https:\/\/www.educa.itakaescolapios.org\/wp-content\/uploads\/2021\/12\/Bla-te-invita.png\" alt=\"\" width=\"471\" height=\"456\" \/><\/p>\n<p>&nbsp;<\/p>\n<p>&nbsp;<\/p>\n<p style=\"text-align: center;\"><strong>ACTIVIT\u00c9S PROPOS\u00c9ES<\/strong><\/p>\n<p>&nbsp;<\/p>\n<p style=\"text-align: center;\"><span style=\"font-size: 14px;\">Nous avons \u00e9galement pr\u00e9par\u00e9 ce mat\u00e9riel pour les personnes \u00e2g\u00e9es qui font partie de la Fraternit\u00e9 ou des \u00e9quipes de mission partag\u00e9e, ou qui veulent simplement travailler \u00e0 partir des \u00e9coles pieuses pour un monde et une culture de paix.<\/span><\/p>\n<p style=\"text-align: center;\"><span style=\"font-size: 14px;\">Nous esp\u00e9rons qu&rsquo;ils vous aideront \u00e0 r\u00e9fl\u00e9chir, prier et agir pour la paix et les droits de l&rsquo;homme.<\/span><\/p>\n<p>&nbsp;<\/p>\n<p style=\"text-align: center;\"><span style=\"font-size: 14px;\"><a href=\"https:\/\/www.educa.itakaescolapios.org\/derecho-a-la-educacion\/fraternidad-mision-paz-y-ddhh\" target=\"_blank\" rel=\"noopener noreferrer\">Fraternit\u00e8<\/a><\/span><\/p>\n<p style=\"text-align: center;\"><a href=\"https:\/\/www.educa.itakaescolapios.org\/derecho-a-la-educacion\/mision-compartida-campana-paz-y-ddhh\" target=\"_blank\" rel=\"noopener noreferrer\"><span style=\"font-size: 14px;\">Mission Partag\u00e9e<\/span><\/a><\/p>\n<p><\/p>","protected":false},"excerpt":{"rendered":"<p>&nbsp; &nbsp; ACTIVIT\u00c9S PROPOS\u00c9ES &nbsp; Nous avons \u00e9galement pr\u00e9par\u00e9 ce mat\u00e9riel pour les personnes \u00e2g\u00e9es qui font partie de la Fraternit\u00e9 ou des \u00e9quipes de mission [&hellip;]<\/p>\n","protected":false},"author":5,"featured_media":0,"parent":5902,"menu_order":0,"comment_status":"closed","ping_status":"closed","template":"","meta":[],"acf":[],"_links":{"self":[{"href":"https:\/\/www.educa.itakaescolapios.org\/fr\/wp-json\/wp\/v2\/pages\/6010"}],"collection":[{"href":"https:\/\/www.educa.itakaescolapios.org\/fr\/wp-json\/wp\/v2\/pages"}],"about":[{"href":"https:\/\/www.educa.itakaescolapios.org\/fr\/wp-json\/wp\/v2\/types\/page"}],"author":[{"embeddable":true,"href":"https:\/\/www.educa.itakaescolapios.org\/fr\/wp-json\/wp\/v2\/users\/5"}],"replies":[{"embeddable":true,"href":"https:\/\/www.educa.itakaescolapios.org\/fr\/wp-json\/wp\/v2\/comments?post=6010"}],"version-history":[{"count":12,"href":"https:\/\/www.educa.itakaescolapios.org\/fr\/wp-json\/wp\/v2\/pages\/6010\/revisions"}],"predecessor-version":[{"id":6206,"href":"https:\/\/www.educa.itakaescolapios.org\/fr\/wp-json\/wp\/v2\/pages\/6010\/revisions\/6206"}],"up":[{"embeddable":true,"href":"https:\/\/www.educa.itakaescolapios.org\/fr\/wp-json\/wp\/v2\/pages\/5902"}],"wp:attachment":[{"href":"https:\/\/www.educa.itakaescolapios.org\/fr\/wp-json\/wp\/v2\/media?parent=6010"}],"curies":[{"name":"wp","href":"https:\/\/api.w.org\/{rel}","templated":true}]}}