{"id":6355,"date":"2022-11-02T09:33:41","date_gmt":"2022-11-02T08:33:41","guid":{"rendered":"https:\/\/www.educa.itakaescolapios.org\/?page_id=6355"},"modified":"2022-11-25T12:28:45","modified_gmt":"2022-11-25T11:28:45","slug":"2022-2023-una-voz-un-millon-de-cambios","status":"publish","type":"page","link":"https:\/\/www.educa.itakaescolapios.org\/fr\/campanas\/2022-2023-una-voz-un-millon-de-cambios","title":{"rendered":"2022-2023 Une voix, un million de changements"},"content":{"rendered":"<p>&nbsp;<\/p>\n<p style=\"text-align: left;\"><span style=\"font-size: 16px; font-family: arial, helvetica, sans-serif;\">Depuis ses d\u00e9buts, le r\u00e9seau Itaka-Escolapios travaille \u00e0 la sensibilisation \u00e0 la transformation sociale par le biais d&rsquo;actions et d&rsquo;activit\u00e9s \u00e9ducatives \u00e0 mener dans le cadre de l&rsquo;\u00e9ducation formelle et non formelle.<\/span><\/p>\n<p style=\"text-align: left;\"><span style=\"font-size: 16px; font-family: arial, helvetica, sans-serif;\">Une des principales propositions dans ce domaine sont les campagnes de solidarit\u00e9 qui, chaque ann\u00e9e, nous rapprochent de la r\u00e9alit\u00e9 de la mission piariste qui est v\u00e9cue dans diff\u00e9rents endroits du r\u00e9seau avec l&rsquo;intention de mieux conna\u00eetre et de ressentir comme sienne la t\u00e2che de tant de piaristes, religieux et la\u00efcs, dans le monde entier. Vous vous souviendrez, par exemple: \u00ab\u00a0A la rencontre d&rsquo;Atambua\u00a0\u00bb, \u00ab\u00a0Le tr\u00e9sor du S\u00e9n\u00e9gal\u00a0\u00bb, \u00ab\u00a0Au rythme du Congo\u00a0\u00bb, ou le dernier, \u00ab\u00a0Les centres qui changent, changez votre centre\u00a0\u00bb.<\/span><\/p>\n<p><span style=\"font-size: 16px; font-family: arial, helvetica, sans-serif;\">Cette ann\u00e9e, conform\u00e9ment \u00e0 la devise pastorale de l&rsquo;Ordre, nous lan\u00e7ons la campagne \u00ab\u00a0Une voix, un million de changements\u00a0\u00bb, car nous croyons vraiment que, pour changer le monde, nous avons besoin de chacune des personnes qui lisent ces lignes et, en particulier, des enfants et des jeunes qui participent d&rsquo;une mani\u00e8re ou d&rsquo;une autre aux \u00c9coles Pies. Le monde a besoin de leur voix, et nous devons les \u00e9couter. <\/span><br \/>\n<span style=\"font-size: 16px; font-family: arial, helvetica, sans-serif;\">C&rsquo;est pourquoi, depuis Itaka-Piaristes, nous vous invitons \u00e0 continuer \u00e0 travailler afin que les nouvelles g\u00e9n\u00e9rations puissent donner le meilleur d&rsquo;elles-m\u00eames pour construire un monde tel que Dieu l&rsquo;a voulu.<\/span><\/p>\n<p style=\"text-align: center;\"><iframe loading=\"lazy\" src=\"\/\/www.youtube.com\/embed\/FJMId-xm8gk\" width=\"100%\" height=\"400\" allowfullscreen=\"allowfullscreen\" data-mce-fragment=\"1\"><\/iframe><\/p>\n<p>&nbsp;<\/p>\n<p><span style=\"text-decoration: underline; font-family: arial, helvetica, sans-serif; font-size: 20px;\">Liens avec le Contenu de la campagne<\/span><\/p>\n<ul class=\"children\">\n<li class=\"page_item page-item-6357\"><span style=\"font-family: arial, helvetica, sans-serif; font-size: 16px;\"><a href=\"https:\/\/www.educa.itakaescolapios.org\/campanas\/2022-2023-una-voz-un-millon-de-cambios\/recordamos-centros-que-cambian-cambia-tu-centro\">Rappelant la pr\u00e9c\u00e9dente campagne \u201cLes centres qui changent, changez votre centre\u201d<\/a><\/span><\/li>\n<li class=\"page_item page-item-6357\"><span style=\"font-family: arial, helvetica, sans-serif; font-size: 16px;\"><a href=\"https:\/\/www.educa.itakaescolapios.org\/campanas\/2022-2023-una-voz-un-millon-de-cambios\/conoce-mejor-la-campana\">Pr\u00e9sentation de la campagne \u00ab\u00a0Une voix, un million de changements\u00a0\u00bb\u00a0<\/a><\/span><\/li>\n<li class=\"page_item page-item-6357\"><span style=\"font-family: arial, helvetica, sans-serif; font-size: 16px;\"><a href=\"https:\/\/www.educa.itakaescolapios.org\/campanas\/2022-2023-una-voz-un-millon-de-cambios\/metodologia-de-trabajo\">M\u00e9thodologie de travail<\/a><\/span>\n<ul>\n<li style=\"list-style-type: none;\">\n<ul class=\"children\">\n<li class=\"page_item page-item-6357\" style=\"text-align: left;\"><span style=\"font-size: 16px; font-family: arial, helvetica, sans-serif;\"><a href=\"https:\/\/www.educa.itakaescolapios.org\/derecho-a-la-educacion\/actividad-inicial-claustro-campana-solidaridad-2022-23\" target=\"_blank\" rel=\"noopener noreferrer\">Activit\u00e9 initiale pour l&rsquo;\u00e9quipe enseignante<\/a><\/span><\/li>\n<li class=\"page_item page-item-6357\" style=\"text-align: left;\"><span style=\"font-size: 16px; font-family: arial, helvetica, sans-serif;\"><a href=\"https:\/\/www.educa.itakaescolapios.org\/campanas\/2022-2023-una-voz-un-millon-de-cambios\/metodologia-de-trabajo\/mision-paz\">Mission Paix<\/a><\/span><\/li>\n<li class=\"page_item page-item-6385\"><span style=\"font-family: arial, helvetica, sans-serif; font-size: 16px;\"><a href=\"https:\/\/www.educa.itakaescolapios.org\/campanas\/2022-2023-una-voz-un-millon-de-cambios\/metodologia-de-trabajo\/mision-conectate\">Mission Connect<\/a><\/span><\/li>\n<li class=\"page_item page-item-6387 current_page_item\"><span style=\"font-size: 16px; font-family: arial, helvetica, sans-serif;\"><a href=\"https:\/\/www.educa.itakaescolapios.org\/campanas\/2022-2023-una-voz-un-millon-de-cambios\/metodologia-de-trabajo\/mision-expresate\" aria-current=\"page\">Mission Exprimez-vous<\/a><img decoding=\"async\" loading=\"lazy\" class=\"size-thumbnail wp-image-3014 alignright\" src=\"https:\/\/www.educa.itakaescolapios.org\/wp-content\/uploads\/2020\/11\/mano-click-verde-en-el-medio-150x150.jpg\" alt=\"\" width=\"150\" height=\"150\" \/><\/span><\/li>\n<\/ul>\n<\/li>\n<\/ul>\n<\/li>\n<li class=\"page_item page-item-6391\"><span style=\"font-family: arial, helvetica, sans-serif; font-size: 16px;\"><a href=\"https:\/\/www.educa.itakaescolapios.org\/campanas\/2022-2023-una-voz-un-millon-de-cambios\/https-www-ecampanas-2022-2023-una-voz-un-millon-de-cambios-carteleria-y-ambientacion\">Signal\u00e9tique et ambiance<\/a><\/span><\/li>\n<li class=\"page_item page-item-6393\"><span style=\"font-family: arial, helvetica, sans-serif; font-size: 16px;\"><a href=\"https:\/\/www.educa.itakaescolapios.org\/campanas\/2022-2023-una-voz-un-millon-de-cambios\/acciones-locales\">Bonnes pratiques<\/a><\/span><\/li>\n<li class=\"page_item page-item-6395\"><span style=\"font-family: arial, helvetica, sans-serif; font-size: 16px;\"><a href=\"https:\/\/www.educa.itakaescolapios.org\/campanas\/2022-2023-una-voz-un-millon-de-cambios\/evaluacion\">\u00c9valuation<\/a><\/span><\/li>\n<li class=\"page_item page-item-5055\"><span style=\"font-family: arial, helvetica, sans-serif; font-size: 16px;\"><a href=\"https:\/\/www.educa.itakaescolapios.org\/campanas\/2022-2023-una-voz-un-millon-de-cambios\/haz-un-donativo-y-cambia-el-mundo\">Donations<\/a><\/span><\/li>\n<\/ul>\n<p>&nbsp;<\/p>\n<p>&nbsp;<\/p>\n<p><img decoding=\"async\" loading=\"lazy\" class=\"align:center\" src=\"https:\/\/www.educa.itakaescolapios.org\/wp-content\/uploads\/2022\/11\/FR.CARTEL-campan\u0303a-2023.png\" alt=\"\" width=\"90%\" height=\"90%\" \/><\/p>","protected":false},"excerpt":{"rendered":"<p>&nbsp; Depuis ses d\u00e9buts, le r\u00e9seau Itaka-Escolapios travaille \u00e0 la sensibilisation \u00e0 la transformation sociale par le biais d&rsquo;actions et d&rsquo;activit\u00e9s \u00e9ducatives \u00e0 mener dans le [&hellip;]<\/p>\n","protected":false},"author":5,"featured_media":6380,"parent":70,"menu_order":0,"comment_status":"closed","ping_status":"closed","template":"","meta":[],"acf":[],"_links":{"self":[{"href":"https:\/\/www.educa.itakaescolapios.org\/fr\/wp-json\/wp\/v2\/pages\/6355"}],"collection":[{"href":"https:\/\/www.educa.itakaescolapios.org\/fr\/wp-json\/wp\/v2\/pages"}],"about":[{"href":"https:\/\/www.educa.itakaescolapios.org\/fr\/wp-json\/wp\/v2\/types\/page"}],"author":[{"embeddable":true,"href":"https:\/\/www.educa.itakaescolapios.org\/fr\/wp-json\/wp\/v2\/users\/5"}],"replies":[{"embeddable":true,"href":"https:\/\/www.educa.itakaescolapios.org\/fr\/wp-json\/wp\/v2\/comments?post=6355"}],"version-history":[{"count":71,"href":"https:\/\/www.educa.itakaescolapios.org\/fr\/wp-json\/wp\/v2\/pages\/6355\/revisions"}],"predecessor-version":[{"id":6869,"href":"https:\/\/www.educa.itakaescolapios.org\/fr\/wp-json\/wp\/v2\/pages\/6355\/revisions\/6869"}],"up":[{"embeddable":true,"href":"https:\/\/www.educa.itakaescolapios.org\/fr\/wp-json\/wp\/v2\/pages\/70"}],"wp:featuredmedia":[{"embeddable":true,"href":"https:\/\/www.educa.itakaescolapios.org\/fr\/wp-json\/wp\/v2\/media\/6380"}],"wp:attachment":[{"href":"https:\/\/www.educa.itakaescolapios.org\/fr\/wp-json\/wp\/v2\/media?parent=6355"}],"curies":[{"name":"wp","href":"https:\/\/api.w.org\/{rel}","templated":true}]}}