{"id":6357,"date":"2022-11-02T09:54:53","date_gmt":"2022-11-02T08:54:53","guid":{"rendered":"https:\/\/www.educa.itakaescolapios.org\/?page_id=6357"},"modified":"2023-02-14T13:08:42","modified_gmt":"2023-02-14T12:08:42","slug":"recordamos-centros-que-cambian-cambia-tu-centro","status":"publish","type":"page","link":"https:\/\/www.educa.itakaescolapios.org\/fr\/campanas\/2022-2023-una-voz-un-millon-de-cambios\/recordamos-centros-que-cambian-cambia-tu-centro","title":{"rendered":"En se souvenant de \u201cCentres qui changent, changez votre centre\u201d"},"content":{"rendered":"<p><\/p>\n<p style=\"text-align: left;\"><span style=\"font-family: arial, helvetica, sans-serif;\">MERCI !<\/span><\/p>\n<p style=\"text-align: left;\"><span style=\"font-family: arial, helvetica, sans-serif;\">Il y a environ un an, un nouvel espace a \u00e9t\u00e9 ouvert sur ce site pour pr\u00e9senter la campagne <em>\u201cCentres qui changent, changez votre centre\u201d. <\/em>Une campagne ax\u00e9e sur la stimulation et le soutien du pouvoir de transformation de l\u2019\u00e9ducation dans nos \u00e9coles, tr\u00e8s diff\u00e9rentes les unes des autres, mais avec un point commun : le d\u00e9veloppement de la mission piariste par des actions qui vont au-del\u00e0 de la salle de classe.<\/span><\/p>\n<p><img decoding=\"async\" loading=\"lazy\" class=\"alignright\" style=\"font-family: arial, helvetica, sans-serif; text-align: justify;\" src=\"https:\/\/www.educa.itakaescolapios.org\/wp-content\/uploads\/2021\/11\/Dorotea-portada-.png\" alt=\"\" width=\"20%\" height=\"20%\" \/><\/p>\n<p style=\"text-align: left;\"><span style=\"font-family: arial, helvetica, sans-serif;\">Cette campagne a \u00e9t\u00e9 d\u00e9velopp\u00e9e pendant 12 mois dans 10 pays et plus de 60 villes ou pr\u00e9sences. Dans chaque lieu, elle a \u00e9t\u00e9 r\u00e9alis\u00e9e \u00e0 un moment pr\u00e9cis, en fonction de l\u2019organisation, mais la forc\u00e9 qui donne l\u2019union dans une m\u00eame actions avec un m\u00eame objectif contribue \u00e0 garantir que nous pouvons, effectivement, changer nos centres, afin qu\u2019ils deviennent des centres qui, \u00e0 leur tour, changent leur environnement<\/span><\/p>\n<p style=\"text-align: left;\"><span style=\"font-family: arial, helvetica, sans-serif;\">Tout au long de l\u2019ann\u00e9e, pendant la campagne 2021-2022, nous mettons en Valeur la figure des \u00e9ducateurs piaristes qui partagent leur vie pour chacune des personnes (petites et grandes) qu\u2019ils rencontrent dans leur t\u00e2che quotidienne. Une figure repr\u00e9sent\u00e9e par Dorotea, le nouveau membre d\u2019\u00e9quipage qui accompagne Calasanz et ses amis dans chacune des missions auxquelles ils sont confront\u00e9s. Cette ann\u00e9e, bien s\u00fbr, nous continuerons \u00e0 compter sur elle.<\/span><\/p>\n<p style=\"text-align: left;\"><span style=\"font-family: arial, helvetica, sans-serif;\">Nous sommes convaincus que les \u00e9ducateurs sont la cl\u00e9 de la mission piariste, c\u2019est pourquoi nous consid\u00e9rons qu\u2019il est tr\u00e8s important de cl\u00f4turer la campagne <em>\u201cCentres qui changent, changez votre centre\u201d <\/em>en leur envoyant une lettre de remerciement pour leur travail et leur d\u00e9vouement. C&rsquo;est pourquoi nous vous invitons \u00e0 effectuer cette t\u00e2che avec vos proches. <a href=\"https:\/\/www.educa.itakaescolapios.org\/wp-content\/uploads\/2022\/11\/FR.-Merci-beaucoup.pdf\" target=\"_blank\" rel=\"noopener noreferrer\">(Lien vers la charte des \u00e9ducateurs.)<\/a><\/span><\/p>\n<p style=\"text-align: left;\"><span style=\"font-family: arial, helvetica, sans-serif;\"><strong>\u00a0<\/strong><\/span><span style=\"font-family: arial, helvetica, sans-serif;\">Enfin, je vous rappelle que vous pouvez t\u00e9l\u00e9charger ici l&rsquo;affiche de remerciement, avec le d\u00e9tail de la collecte totale de la campagne pour l&rsquo;envoyer aux enfants, jeunes, familles, religieux, fraternit\u00e9, etc., qui ont collabor\u00e9 pour obtenir ces r\u00e9sultats.<\/span><\/p>\n<p style=\"text-align: left;\"><span style=\"font-family: arial, helvetica, sans-serif;\">Et encore une fois : MERCI!<\/span><\/p>\n<p>&nbsp;<\/p>\n<p><span style=\"font-family: arial, helvetica, sans-serif;\">Des affiches de remerciement en diff\u00e9rentes langues et devises :<\/span><\/p>\n<table style=\"border-collapse: collapse; width: 100%; height: 230px;\" border=\"1\">\n<tbody>\n<tr style=\"height: 33px;\">\n<td style=\"width: 32.9888%; height: 33px;\" height=\"34\"><span style=\"color: #000000; font-family: arial, helvetica, sans-serif;\"><b>ESPAGNOL<\/b><\/span><\/td>\n<td style=\"width: 8.3764%; text-align: center;\"><a href=\"https:\/\/www.educa.itakaescolapios.org\/wp-content\/uploads\/2022\/12\/ES.Gracias-EUR-scaled.jpg\" target=\"_blank\" rel=\"noopener noreferrer\"><span style=\"font-family: arial, helvetica, sans-serif;\">EUR<\/span><\/a><\/td>\n<td style=\"width: 8.3764%; text-align: center;\"><a href=\"https:\/\/www.educa.itakaescolapios.org\/wp-content\/uploads\/2022\/12\/ES.Gracias-BOB-scaled.jpg\" target=\"_blank\" rel=\"noopener noreferrer\"><span style=\"font-family: arial, helvetica, sans-serif;\">BOB<\/span><\/a><\/td>\n<td style=\"width: 16.7528%; text-align: center;\"><a href=\"https:\/\/www.educa.itakaescolapios.org\/wp-content\/uploads\/2022\/12\/ES.Gracias-MXN-scaled.jpg\" target=\"_blank\" rel=\"noopener noreferrer\"><span style=\"font-family: arial, helvetica, sans-serif;\">MXN<\/span><\/a><\/td>\n<td style=\"width: 33.5056%; text-align: center; height: 33px;\"><a href=\"https:\/\/www.educa.itakaescolapios.org\/wp-content\/uploads\/2022\/12\/ES.Gracias-USD-scaled.jpg\" target=\"_blank\" rel=\"noopener noreferrer\"><span style=\"font-family: arial, helvetica, sans-serif;\">USD<\/span><\/a><\/td>\n<\/tr>\n<tr style=\"height: 33px;\">\n<td style=\"width: 32.9888%; height: 33px;\" height=\"34\"><span style=\"color: #000000; font-family: arial, helvetica, sans-serif;\"><b>ANGLAIS<\/b><\/span><\/td>\n<td style=\"width: 8.3764%; text-align: center;\"><a href=\"https:\/\/www.educa.itakaescolapios.org\/wp-content\/uploads\/2022\/12\/EN.Thanks-INR.jpg\" target=\"_blank\" rel=\"noopener noreferrer\"><span style=\"font-family: arial, helvetica, sans-serif;\">INR<\/span><\/a><\/td>\n<td style=\"width: 8.3764%; text-align: center;\"><a href=\"https:\/\/www.educa.itakaescolapios.org\/wp-content\/uploads\/2022\/12\/EN.Thanks-PHP-scaled.jpg\" target=\"_blank\" rel=\"noopener noreferrer\"><span style=\"font-family: arial, helvetica, sans-serif;\">PHP<\/span><\/a><\/td>\n<td style=\"width: 16.7528%; text-align: center;\"><a href=\"https:\/\/www.educa.itakaescolapios.org\/wp-content\/uploads\/2022\/12\/EN.Thanks-XAF-scaled.jpg\" target=\"_blank\" rel=\"noopener noreferrer\"><span style=\"font-family: arial, helvetica, sans-serif;\">XAF<\/span><\/a><\/td>\n<td style=\"width: 33.5056%; height: 33px; text-align: center;\"><\/td>\n<\/tr>\n<tr style=\"height: 33px;\">\n<td style=\"width: 32.9888%; height: 33px;\" height=\"34\"><span style=\"color: #000000; font-family: arial, helvetica, sans-serif;\"><b>FRAN\u00c7AIS<\/b><\/span><\/td>\n<td style=\"width: 8.3764%; text-align: center;\"><a href=\"https:\/\/www.educa.itakaescolapios.org\/wp-content\/uploads\/2022\/12\/FR.Merci-XOF-scaled.jpg\" target=\"_blank\" rel=\"noopener noreferrer\"><span style=\"font-family: arial, helvetica, sans-serif;\">XOF<\/span><\/a><\/td>\n<td style=\"width: 8.3764%; text-align: center;\"><a href=\"https:\/\/www.educa.itakaescolapios.org\/wp-content\/uploads\/2022\/12\/FR.Merci-XAF-scaled.jpg\" target=\"_blank\" rel=\"noopener noreferrer\"><span style=\"font-family: arial, helvetica, sans-serif;\">XAF<\/span><\/a><\/td>\n<td style=\"width: 16.7528%; text-align: center;\"><\/td>\n<td style=\"width: 33.5056%; height: 33px; text-align: center;\"><\/td>\n<\/tr>\n<tr style=\"height: 33px;\">\n<td style=\"width: 32.9888%; height: 33px;\" height=\"34\"><span style=\"color: #000000; font-family: arial, helvetica, sans-serif;\"><b>PORTUGAIS<\/b><\/span><\/td>\n<td style=\"width: 8.3764%; text-align: center;\"><a href=\"https:\/\/www.educa.itakaescolapios.org\/wp-content\/uploads\/2022\/12\/PT.Obrigado-BRL-scaled.jpg\" target=\"_blank\" rel=\"noopener noreferrer\"><span style=\"font-family: arial, helvetica, sans-serif;\">BRL<\/span><\/a><\/td>\n<td style=\"width: 8.3764%; text-align: center;\"><a href=\"https:\/\/www.educa.itakaescolapios.org\/wp-content\/uploads\/2022\/12\/PT.Obrigado-MZN-scaled.jpg\" target=\"_blank\" rel=\"noopener noreferrer\"><span style=\"font-family: arial, helvetica, sans-serif;\">MZN<\/span><\/a><\/td>\n<td style=\"width: 16.7528%; text-align: center;\"><\/td>\n<td style=\"width: 33.5056%; height: 33px; text-align: center;\"><\/td>\n<\/tr>\n<tr style=\"height: 33px;\">\n<td style=\"width: 32.9888%; height: 33px;\" height=\"34\"><span style=\"color: #000000; font-family: arial, helvetica, sans-serif;\"><b>BASQUE<\/b><\/span><\/td>\n<td style=\"width: 8.3764%; text-align: center;\"><a href=\"https:\/\/www.educa.itakaescolapios.org\/wp-content\/uploads\/2022\/12\/EU.Eskerrik-asko-EUR-scaled.jpg\" target=\"_blank\" rel=\"noopener noreferrer\"><span style=\"font-family: arial, helvetica, sans-serif;\">EUR<\/span><\/a><\/td>\n<td style=\"width: 8.3764%; text-align: center;\"><\/td>\n<td style=\"width: 16.7528%; text-align: center;\"><\/td>\n<td style=\"width: 33.5056%; height: 33px; text-align: center;\"><\/td>\n<\/tr>\n<tr style=\"height: 32px;\">\n<td style=\"width: 32.9888%; height: 32px;\" height=\"34\"><span style=\"color: #000000; font-family: arial, helvetica, sans-serif;\"><b>VALENCIENNE<\/b><\/span><\/td>\n<td style=\"width: 8.3764%; text-align: center;\"><a href=\"https:\/\/www.educa.itakaescolapios.org\/wp-content\/uploads\/2022\/12\/VA.Gr\u00e0cies-EUR-scaled.jpg\" target=\"_blank\" rel=\"noopener noreferrer\"><span style=\"font-family: arial, helvetica, sans-serif;\">EUR<\/span><\/a><\/td>\n<td style=\"width: 8.3764%; text-align: center;\"><\/td>\n<td style=\"width: 16.7528%; text-align: center;\"><\/td>\n<td style=\"width: 33.5056%; height: 32px; text-align: center;\"><\/td>\n<\/tr>\n<\/tbody>\n<\/table>\n<p><img decoding=\"async\" loading=\"lazy\" class=\"aligncenter\" src=\"https:\/\/www.educa.itakaescolapios.org\/wp-content\/uploads\/2022\/12\/multiple-gracias-scaled.jpg\" alt=\"\" width=\"100%\" height=\"100%\" \/><\/p>\n<p>&nbsp;<\/p>\n<p>&nbsp;<\/p>\n<p>&nbsp;<\/p>","protected":false},"excerpt":{"rendered":"<p>MERCI ! Il y a environ un an, un nouvel espace a \u00e9t\u00e9 ouvert sur ce site pour pr\u00e9senter la campagne \u201cCentres qui changent, changez votre [&hellip;]<\/p>\n","protected":false},"author":5,"featured_media":0,"parent":6355,"menu_order":1,"comment_status":"closed","ping_status":"closed","template":"","meta":[],"acf":[],"_links":{"self":[{"href":"https:\/\/www.educa.itakaescolapios.org\/fr\/wp-json\/wp\/v2\/pages\/6357"}],"collection":[{"href":"https:\/\/www.educa.itakaescolapios.org\/fr\/wp-json\/wp\/v2\/pages"}],"about":[{"href":"https:\/\/www.educa.itakaescolapios.org\/fr\/wp-json\/wp\/v2\/types\/page"}],"author":[{"embeddable":true,"href":"https:\/\/www.educa.itakaescolapios.org\/fr\/wp-json\/wp\/v2\/users\/5"}],"replies":[{"embeddable":true,"href":"https:\/\/www.educa.itakaescolapios.org\/fr\/wp-json\/wp\/v2\/comments?post=6357"}],"version-history":[{"count":33,"href":"https:\/\/www.educa.itakaescolapios.org\/fr\/wp-json\/wp\/v2\/pages\/6357\/revisions"}],"predecessor-version":[{"id":7251,"href":"https:\/\/www.educa.itakaescolapios.org\/fr\/wp-json\/wp\/v2\/pages\/6357\/revisions\/7251"}],"up":[{"embeddable":true,"href":"https:\/\/www.educa.itakaescolapios.org\/fr\/wp-json\/wp\/v2\/pages\/6355"}],"wp:attachment":[{"href":"https:\/\/www.educa.itakaescolapios.org\/fr\/wp-json\/wp\/v2\/media?parent=6357"}],"curies":[{"name":"wp","href":"https:\/\/api.w.org\/{rel}","templated":true}]}}