{"id":6362,"date":"2022-11-02T10:28:13","date_gmt":"2022-11-02T09:28:13","guid":{"rendered":"https:\/\/www.educa.itakaescolapios.org\/?page_id=6362"},"modified":"2023-04-17T17:39:02","modified_gmt":"2023-04-17T15:39:02","slug":"conoce-mejor-la-campana","status":"publish","type":"page","link":"https:\/\/www.educa.itakaescolapios.org\/fr\/campanas\/2022-2023-una-voz-un-millon-de-cambios\/conoce-mejor-la-campana","title":{"rendered":"En savoir plus sur la campagne"},"content":{"rendered":"<p><\/p>\n<p style=\"text-align: justify;\"><span style=\"text-decoration: underline; font-family: arial, helvetica, sans-serif;\"><span style=\"font-size: 20px;\">Objectifs de la campagne 2022-2023 : \u00ab\u00a0une voix, un million de changements\u201d<\/span><\/span><\/p>\n<ol>\n<li style=\"text-align: left;\"><span style=\"font-family: arial, helvetica, sans-serif; font-size: 16px;\">Conna\u00eetre et soutenir le travail \u00e9ducatif, pastoral et transformateur des X projets soutenus par le r\u00e9seau Itaka-Piaristes qui sont pr\u00e9sent\u00e9s, prendre la co-responsabilit\u00e9 dans leur mission et contribuer \u00e0 couvrir les d\u00e9penses ordinaires qui permettent leur viabilit\u00e9.<\/span><\/li>\n<li style=\"text-align: left;\"><span style=\"font-family: arial, helvetica, sans-serif; font-size: 16px;\">Mettre en \u00e9vidence, examiner et promouvoir le caract\u00e8re transformateur des centres piaristes, en proposant \u00e9galement EDUCA, comme r\u00e9seau de soutien et de connexion des centres \u00e9ducatifs pour la transformation sociale.<\/span><\/li>\n<li style=\"text-align: left;\"><span style=\"font-family: arial, helvetica, sans-serif; font-size: 16px;\">Contribuer \u00e0 ce que tous les centres qui r\u00e9alisent la campagne propos\u00e9e puissent faire des pas en avant pour devenir des centres plus piaristes et transformateurs, en accord avec la proposition du Pacte Mondial pour l&rsquo;Education, qui nous invite \u00e0 \u00e9couter les jeunes g\u00e9n\u00e9rations afin de construire une vie digne pour tous.<\/span><\/li>\n<\/ol>\n<p style=\"text-align: center;\"><iframe src=\"\/\/www.youtube.com\/embed\/1WqoBTm9QFM\" height=\"400\" allowfullscreen=\"allowfullscreen\"><\/iframe><\/p>\n<p>&nbsp;<\/p>\n<p><span style=\"text-decoration: underline; font-family: arial, helvetica, sans-serif;\"><span style=\"font-size: 20px;\">Destination solidaire de la campagne \u00ab\u00a0une voix, un million de changements\u00a0\u00bb<\/span><\/span><\/p>\n<p><span style=\"font-family: arial, helvetica, sans-serif; font-size: 16px;\">Depuis sa cr\u00e9ation, le r\u00e9seau Itaka-Piaristes soutient la mission piariste dans diff\u00e9rentes parties du monde. En particulier, ceux d&rsquo;entre vous qui ont collabor\u00e9 aux campagnes de solidarit\u00e9 de ces derni\u00e8res ann\u00e9es, ont contribu\u00e9 \u00e0 soutenir p\u00e9dagogiquement, pastoralement et \u00e9conomiquement diverses \u0153uvres et projets piaristes dans des pays aussi \u00e9loign\u00e9s les uns des autres: Br\u00e9sil, Bolivie, Cameroun, Espagne, Gabon, Inde, Indon\u00e9sie, Mexique, Mozambique, RD Congo, S\u00e9n\u00e9gal et Venezuela.<\/span><\/p>\n<p><span style=\"font-family: arial, helvetica, sans-serif; font-size: 16px;\">Au cours de cette ann\u00e9e, tous les dons collect\u00e9s avec la campagne \u00ab\u00a0Une voix, un million de changements\u00a0\u00bb soutiendront diverses \u0153uvres d&rsquo;\u00c9ducation Piariste non Formelle, l&rsquo;une des priorit\u00e9s actuelles d&rsquo;Itaka-Piaristes, mais aussi de l&rsquo;Ordre. Cela signifie que, gr\u00e2ce \u00e0 votre soutien, vous pouvez promouvoir la durabilit\u00e9 de la mission piariste afin que nous continuions \u00e0 \u00e9duquer pour obtenir un changement social en qu\u00eate d&rsquo;un monde plus juste et plus humain.<\/span><\/p>\n<p><span style=\"font-family: arial, helvetica, sans-serif; font-size: 16px;\">Concr\u00e8tement, \u00e0 travers les diff\u00e9rentes missions que l&rsquo;\u00e9quipe de Calasanz nous propose, nous pourrons approcher et mieux conna\u00eetre certaines des actions et projets d&rsquo;Itaka-Escolapios qui travaillent dans le domaine de l&rsquo;\u00e9ducation non formelle. Des projets piaristes qui s&rsquo;efforcent de transformer la soci\u00e9t\u00e9, et qui sont reli\u00e9s entre eux par le r\u00e9seau :<\/span><\/p>\n<ul>\n<li><span style=\"font-family: arial, helvetica, sans-serif; font-size: 16px;\">La <u>mission PAZ<\/u> pr\u00e9sente l&rsquo;accueil des personnes d\u00e9plac\u00e9es par le conflit arm\u00e9 dans la zone francophone du Cameroun, et les exp\u00e9riences de volontariat dans des projets d&rsquo;insertion sociale \u00e0 Venezuela.<\/span><\/li>\n<li><span style=\"font-family: arial, helvetica, sans-serif; font-size: 16px;\">Avec la <u>mission CON\u00c9CTATE<\/u>, nous aborderons le quotidien des internats Piaristes en Indon\u00e9sie\/Inde, au S\u00e9n\u00e9gal et en Bolivie, leurs routines, leur travail et leur proposition \u00e9ducative.<\/span><\/li>\n<li><span style=\"font-family: arial, helvetica, sans-serif; font-size: 16px;\">Avec la <u>mission EXPR\u00c9SATE<\/u>, l&rsquo;importance de travailler \u00e9galement avec des adultes dans les <strong>programmes d&rsquo;accueil et d&rsquo;alphab\u00e9tisation des migrants<\/strong> que nous d\u00e9veloppons en Espagne sera approfondie.<\/span><\/li>\n<\/ul>\n<p style=\"text-align: left; padding-left: 40px;\"><span style=\"font-family: arial, helvetica, sans-serif;\">.<\/span><\/p>\n<p><span style=\"font-family: arial, helvetica, sans-serif;\"><em>\u00a0<\/em><\/span><span style=\"text-decoration: underline; font-family: arial, helvetica, sans-serif; font-size: 20px;\">Apprenez \u00e0 mieux conna\u00eetre ces projets gr\u00e2ce aux travaux propos\u00e9s et en consultant leurs fiches d&rsquo;information.<\/span><\/p>\n<ol>\n<li><a href=\"https:\/\/www.educa.itakaescolapios.org\/wp-content\/uploads\/2022\/11\/PAIX-Aide-Humanitaire-CAMEROUN.pdf\" target=\"_blank\" rel=\"noopener noreferrer\"><span style=\"font-family: arial, helvetica, sans-serif;\">Fiche: Accueil des r\u00e9fugi\u00e9s au Cameroun (PAZ)<\/span><\/a><\/li>\n<li><a href=\"https:\/\/www.educa.itakaescolapios.org\/wp-content\/uploads\/2022\/11\/PAIX-Volontariat-VENEZUELA.pdf\" target=\"_blank\" rel=\"noopener noreferrer\"><span style=\"font-family: arial, helvetica, sans-serif;\">Fiche: Volontariat au Venezuela (PAZ)<\/span><\/a><\/li>\n<li><a href=\"https:\/\/www.educa.itakaescolapios.org\/derecho-a-la-educacion\/actividad-inicial-claustro-campana-solidaridad-2022-23\" target=\"_blank\" rel=\"noopener noreferrer\"><span style=\"font-family: arial, helvetica, sans-serif;\">Fiche: Internat S\u00e9n\u00e9gal (CON\u00c9CTATE)<\/span><\/a><\/li>\n<li><a href=\"https:\/\/www.educa.itakaescolapios.org\/wp-content\/uploads\/2023\/04\/SE-CONNECTER-ASRAMA.pdf\" target=\"_blank\" rel=\"noopener noreferrer\"><span style=\"font-family: arial, helvetica, sans-serif;\">Fiche: Internat Atambua (CON\u00c9CTATE)<\/span><\/a><\/li>\n<li><a href=\"https:\/\/www.educa.itakaescolapios.org\/wp-content\/uploads\/2022\/11\/SE-CONNECTER-Internat-BOLIVIE.pdf\" target=\"_blank\" rel=\"noopener noreferrer\"><span style=\"font-family: arial, helvetica, sans-serif;\">Fiche: Internat Cocapata (CON\u00c9CTATE)<\/span><\/a><\/li>\n<li><a href=\"https:\/\/www.educa.itakaescolapios.org\/wp-content\/uploads\/2022\/11\/EXPRIME-TOI-Accompagnement-EMAUS.pdf\" target=\"_blank\" rel=\"noopener noreferrer\"><span style=\"font-family: arial, helvetica, sans-serif;\">Fiche: Accueil des r\u00e9fugi\u00e9s \u00e0 E Emma\u00fcs (EXPR\u00c9SATE)<\/span><\/a><\/li>\n<\/ol>\n<p><\/p>","protected":false},"excerpt":{"rendered":"<p>Objectifs de la campagne 2022-2023 : \u00ab\u00a0une voix, un million de changements\u201d Conna\u00eetre et soutenir le travail \u00e9ducatif, pastoral et transformateur des X projets soutenus par [&hellip;]<\/p>\n","protected":false},"author":5,"featured_media":0,"parent":6355,"menu_order":2,"comment_status":"closed","ping_status":"closed","template":"","meta":[],"acf":[],"_links":{"self":[{"href":"https:\/\/www.educa.itakaescolapios.org\/fr\/wp-json\/wp\/v2\/pages\/6362"}],"collection":[{"href":"https:\/\/www.educa.itakaescolapios.org\/fr\/wp-json\/wp\/v2\/pages"}],"about":[{"href":"https:\/\/www.educa.itakaescolapios.org\/fr\/wp-json\/wp\/v2\/types\/page"}],"author":[{"embeddable":true,"href":"https:\/\/www.educa.itakaescolapios.org\/fr\/wp-json\/wp\/v2\/users\/5"}],"replies":[{"embeddable":true,"href":"https:\/\/www.educa.itakaescolapios.org\/fr\/wp-json\/wp\/v2\/comments?post=6362"}],"version-history":[{"count":54,"href":"https:\/\/www.educa.itakaescolapios.org\/fr\/wp-json\/wp\/v2\/pages\/6362\/revisions"}],"predecessor-version":[{"id":7572,"href":"https:\/\/www.educa.itakaescolapios.org\/fr\/wp-json\/wp\/v2\/pages\/6362\/revisions\/7572"}],"up":[{"embeddable":true,"href":"https:\/\/www.educa.itakaescolapios.org\/fr\/wp-json\/wp\/v2\/pages\/6355"}],"wp:attachment":[{"href":"https:\/\/www.educa.itakaescolapios.org\/fr\/wp-json\/wp\/v2\/media?parent=6362"}],"curies":[{"name":"wp","href":"https:\/\/api.w.org\/{rel}","templated":true}]}}