{"id":6399,"date":"2022-11-02T13:48:05","date_gmt":"2022-11-02T12:48:05","guid":{"rendered":"https:\/\/www.educa.itakaescolapios.org\/?page_id=6399"},"modified":"2022-11-02T15:39:57","modified_gmt":"2022-11-02T14:39:57","slug":"donativos","status":"publish","type":"page","link":"https:\/\/www.educa.itakaescolapios.org\/fr\/campanas\/2021-2022-centros-que-cambian-cambia-tu-centro\/donativos","title":{"rendered":"Haz un donativo"},"content":{"rendered":"<p class=\"qtranxs-available-languages-message qtranxs-available-languages-message-fr\">D\u00e9sol\u00e9, cet article est seulement disponible en <a href=\"https:\/\/www.educa.itakaescolapios.org\/es\/wp-json\/wp\/v2\/pages\/6399\" class=\"qtranxs-available-language-link qtranxs-available-language-link-es\" title=\"Espa\u00f1ol\">Espagnol Europ\u00e9en<\/a>.<\/p><p><\/p>\n<p lang=\"en-US\" style=\"text-align: justify;\" align=\"CENTER\"><span style=\"font-family: arial, helvetica, sans-serif;\">Haz una donaci\u00f3n a la Fundaci\u00f3n Itaka-Escolapios y participa en el proceso de transformaci\u00f3n social que desarrolla a trav\u00e9s de la educaci\u00f3n.<\/span><\/p>\n<p style=\"text-align: justify;\"><span style=\"font-family: arial, helvetica, sans-serif;\"><strong>Contacta con tu sede Itaka-Escolapios, colegio o parroquia escolapia para conocer cu\u00e1l es el mejor modo para realizar tus donaciones.<\/strong><\/span><\/p>\n<p lang=\"en-US\" style=\"text-align: justify;\" align=\"CENTER\"><span style=\"font-family: arial, helvetica, sans-serif;\">Te ofrecemos varias posibilidades, elige aquella que te sea m\u00e1s c\u00f3moda.<\/span><\/p>\n<p style=\"text-align: justify;\"><span style=\"font-family: arial, helvetica, sans-serif;\">Puedes hacer una<span style=\"color: #888888;\"><strong> contribuci\u00f3n con tu tarjeta de cr\u00e9dito<\/strong> <\/span><strong><a title=\"tpv\" href=\"https:\/\/www.itakaescolapios.org\/tpv\/\" target=\"_blank\" rel=\"noopener noreferrer\">aqu\u00ed<\/a> <a href=\"https:\/\/www.itakaescolapios.org\/tpv\/\" target=\"_blank\" rel=\"noopener noreferrer\"><img decoding=\"async\" loading=\"lazy\" class=\"alignleft wp-image-5759\" title=\"imagesCA3TNB3X\" src=\"https:\/\/www.itakaescolapios.org\/wp-content\/uploads\/2012\/06\/imagesCA3TNB3X-90x90.jpg\" alt=\"\" width=\"90\" height=\"90\" \/><\/a> <\/strong><\/span><\/p>\n<p>&nbsp;<\/p>\n<p>&nbsp;<\/p>\n<p style=\"text-align: justify;\"><span style=\"font-family: arial, helvetica, sans-serif;\">Haznos un donativo por medio de <strong>BIZUM <a href=\"https:\/\/www.itakaescolapios.org\/bizum-campana-solidaridad\/\" target=\"_blank\" rel=\"noopener noreferrer\">aqu\u00ed<\/a><a href=\"https:\/\/www.itakaescolapios.org\/bizum-campana-solidaridad\/\" target=\"_blank\" rel=\"noopener noreferrer\"><img decoding=\"async\" loading=\"lazy\" class=\"alignleft wp-image-30177\" src=\"https:\/\/www.itakaescolapios.org\/wp-content\/uploads\/2020\/03\/bizum-300x200.jpg\" alt=\"\" width=\"132\" height=\"88\" \/><\/a><\/strong><\/span><\/p>\n<p lang=\"en-US\" style=\"text-align: justify;\" align=\"CENTER\"><span style=\"font-family: arial, helvetica, sans-serif;\">Puedes hacernos una <strong>transferencia<\/strong> con tu aportaci\u00f3n en cualquiera de las siguientes cuentas:<\/span><\/p>\n<p lang=\"en-US\" style=\"text-align: justify;\" align=\"CENTER\">En Espa\u00f1a:<\/p>\n<table style=\"border-collapse: collapse; width: 100%;\" border=\"1\">\n<tbody>\n<tr>\n<td style=\"width: 33.3333%;\"><strong><span style=\"font-family: arial, helvetica, sans-serif;\">ENTIDAD<\/span><\/strong><\/td>\n<td style=\"width: 33.3333%;\"><strong><span style=\"font-family: arial, helvetica, sans-serif;\">CUENTA-IBAN<\/span><\/strong><\/td>\n<td style=\"width: 33.3333%;\"><strong><span style=\"font-family: arial, helvetica, sans-serif;\">SWIFT-BIC<\/span><\/strong><\/td>\n<\/tr>\n<tr>\n<td style=\"width: 33.3333%;\"><strong><span style=\"font-family: arial, helvetica, sans-serif;\">Fiare Banca \u00c9tica<\/span><\/strong><\/td>\n<td style=\"width: 33.3333%;\"><span style=\"font-family: arial, helvetica, sans-serif;\">ES39 1550 0001 2500 04594222<\/span><\/td>\n<td style=\"width: 33.3333%;\"><span style=\"font-family: arial, helvetica, sans-serif;\">ETICES21XXX<\/span><\/td>\n<\/tr>\n<tr>\n<td style=\"width: 33.3333%;\"><strong><span style=\"font-family: arial, helvetica, sans-serif;\">Caixabank<\/span><\/strong><\/td>\n<td style=\"width: 33.3333%;\"><span style=\"font-family: arial, helvetica, sans-serif;\">ES69 2100 0732 24 0201043335<\/span><\/td>\n<td style=\"width: 33.3333%;\"><span style=\"font-family: arial, helvetica, sans-serif;\">ETICES21XXX<\/span><\/td>\n<\/tr>\n<tr>\n<td style=\"width: 33.3333%;\"><strong><span style=\"font-family: arial, helvetica, sans-serif;\">Bankinter<\/span><\/strong><\/td>\n<td style=\"width: 33.3333%;\"><span style=\"font-family: arial, helvetica, sans-serif;\">ES22 0128 0362 59 0100008641<\/span><\/td>\n<td style=\"width: 33.3333%;\"><span style=\"font-family: arial, helvetica, sans-serif;\">BKBKESMMXXX<\/span><\/td>\n<\/tr>\n<\/tbody>\n<\/table>\n<p>&nbsp;<\/p>\n<hr \/>\n<p style=\"text-align: justify;\"><span style=\"font-family: arial, helvetica, sans-serif;\">Si tienes alguna duda o quieres <strong>acogerte a los beneficios fiscales<\/strong> aplicables a tu donativo escribe un correo electr\u00f3nico a <a href=\"mailto:colabora@itakaescolapios.org\">colabora@itakaescolapios.org<\/a><\/span><\/p>\n<p style=\"text-align: justify;\"><span style=\"font-family: arial, helvetica, sans-serif;\"><em>La Fundaci\u00f3n Itaka-Escolapios se encuentra incluida entre las entidades reguladas en los reg\u00edmenes fiscales de las diferentes haciendas del Estado espa\u00f1ol.\u00a0<\/em><\/span><\/p>\n<p style=\"text-align: justify;\"><span style=\"font-family: arial, helvetica, sans-serif;\">Para m\u00e1s informaci\u00f3n en funci\u00f3n de la hacienda en la que realices tu declaraci\u00f3n de la renta pincha en los enlaces siguientes:<\/span><\/p>\n<ul style=\"text-align: justify;\">\n<li><span style=\"font-family: arial, helvetica, sans-serif;\"><em><a href=\"https:\/\/www.itakaescolapios.org\/regimen-fiscal-agencia-tributaria\/\" target=\"_blank\" rel=\"noopener noreferrer\"><strong>AGENCIA TRIBUTARIA<\/strong><\/a>: Art\u00edculo 16 de la Ley 49\/2002, de 23 de diciembre, de r\u00e9gimen fiscal de las entidades<\/em>\u00a0<em>sin fines lucrativos y de los incentivos fiscales al mecenazgo.<\/em><\/span><\/li>\n<li><span style=\"font-family: arial, helvetica, sans-serif;\"><em><a href=\"https:\/\/www.itakaescolapios.org\/regimen-fiscal-hacienda-de-araba\/\" target=\"_blank\" rel=\"noopener noreferrer\"><strong>HACIENDA DE ARABA<\/strong><\/a>:\u00a0<\/em><em>Art\u00edculo 4 de la Norma Foral 16\/2004, de 12 de julio, de R\u00e9gimen Fiscal de las<\/em>\u00a0<em>Entidades sin fines lucrativos y de los Incentivos Fiscales al Mecenazgo del Territorio<\/em>\u00a0<em>Hist\u00f3rico de Araba<\/em><\/span><\/li>\n<li><span style=\"font-family: arial, helvetica, sans-serif;\"><em><a href=\"https:\/\/www.itakaescolapios.org\/regimen-fiscal-hacienda-de-bizkaia\/\" target=\"_blank\" rel=\"noopener noreferrer\"><strong>HACIENDA DE BIZKAIA<\/strong><\/a>: Art\u00edculo 4 de la Norma Foral 4\/2019, de 20 de marzo, de R\u00e9gimen Fiscal de las<\/em>\u00a0<em>Entidades sin fines lucrativos y de los Incentivos Fiscales al Mecenazgo del Territorio<\/em>\u00a0<em>Hist\u00f3rico de Bizkaia.<\/em><\/span><\/li>\n<li><span style=\"font-family: arial, helvetica, sans-serif;\"><em><a href=\"https:\/\/www.itakaescolapios.org\/regimen-fiscal-hacienda-de-gipuzkoa\/\" target=\"_blank\" rel=\"noopener noreferrer\"><strong>HACIENDA DE GIPUZKOA<\/strong><\/a>: Art\u00edculo 4 de la Norma Foral 3\/2004, de 7 de abril, de r\u00e9gimen fiscal de las entidades<\/em>\u00a0<em>sin fines lucrativos y de los incentivos fiscales al mecenazgo del Territorio Hist\u00f3rico<\/em>\u00a0<em>de Gipuzkoa.<\/em><\/span><\/li>\n<li><span style=\"font-family: arial, helvetica, sans-serif;\"><em><a href=\"https:\/\/www.itakaescolapios.org\/regimen-fiscal-de-la-hacienda-navarra\/\" target=\"_blank\" rel=\"noopener noreferrer\"><strong>HACIENDA DE NAVARRA<\/strong><\/a>: Disposici\u00f3n Adicional D\u00e9cima de la Ley Foral 10\/1996, de 2 de julio, reguladora del r\u00e9gimen tributario de las fundaciones y de las actividades de patrocinio de Navarra.<\/em><\/span><\/li>\n<\/ul>\n<p style=\"text-align: justify;\">\n<p><\/p>","protected":false},"excerpt":{"rendered":"<p>D\u00e9sol\u00e9, cet article est seulement disponible en Espagnol Europ\u00e9en. Haz una donaci\u00f3n a la Fundaci\u00f3n Itaka-Escolapios y participa en el proceso de transformaci\u00f3n social que desarrolla [&hellip;]<\/p>\n","protected":false},"author":5,"featured_media":0,"parent":4946,"menu_order":7,"comment_status":"closed","ping_status":"closed","template":"","meta":[],"acf":[],"_links":{"self":[{"href":"https:\/\/www.educa.itakaescolapios.org\/fr\/wp-json\/wp\/v2\/pages\/6399"}],"collection":[{"href":"https:\/\/www.educa.itakaescolapios.org\/fr\/wp-json\/wp\/v2\/pages"}],"about":[{"href":"https:\/\/www.educa.itakaescolapios.org\/fr\/wp-json\/wp\/v2\/types\/page"}],"author":[{"embeddable":true,"href":"https:\/\/www.educa.itakaescolapios.org\/fr\/wp-json\/wp\/v2\/users\/5"}],"replies":[{"embeddable":true,"href":"https:\/\/www.educa.itakaescolapios.org\/fr\/wp-json\/wp\/v2\/comments?post=6399"}],"version-history":[{"count":2,"href":"https:\/\/www.educa.itakaescolapios.org\/fr\/wp-json\/wp\/v2\/pages\/6399\/revisions"}],"predecessor-version":[{"id":6403,"href":"https:\/\/www.educa.itakaescolapios.org\/fr\/wp-json\/wp\/v2\/pages\/6399\/revisions\/6403"}],"up":[{"embeddable":true,"href":"https:\/\/www.educa.itakaescolapios.org\/fr\/wp-json\/wp\/v2\/pages\/4946"}],"wp:attachment":[{"href":"https:\/\/www.educa.itakaescolapios.org\/fr\/wp-json\/wp\/v2\/media?parent=6399"}],"curies":[{"name":"wp","href":"https:\/\/api.w.org\/{rel}","templated":true}]}}