{"id":715,"date":"2018-05-24T16:58:10","date_gmt":"2018-05-24T14:58:10","guid":{"rendered":"http:\/\/www.educa.itakaescolapios.org\/?page_id=715"},"modified":"2020-11-05T13:27:36","modified_gmt":"2020-11-05T12:27:36","slug":"2012-2013-semana-de-la-paz","status":"publish","type":"page","link":"https:\/\/www.educa.itakaescolapios.org\/fr\/semanas-de-la-paz\/2012-2013-semana-de-la-paz","title":{"rendered":"2012-2013 Botiqu\u00edn de la Paz"},"content":{"rendered":"<p class=\"qtranxs-available-languages-message qtranxs-available-languages-message-fr\">D\u00e9sol\u00e9, cet article est seulement disponible en <a href=\"https:\/\/www.educa.itakaescolapios.org\/es\/wp-json\/wp\/v2\/pages\/715\" class=\"qtranxs-available-language-link qtranxs-available-language-link-es\" title=\"Espa\u00f1ol\">Espagnol Europ\u00e9en<\/a>.<\/p><p><img decoding=\"async\" loading=\"lazy\" class=\"alignleft size-medium wp-image-1536\" src=\"http:\/\/www.educa.itakaescolapios.org\/wp-content\/uploads\/2018\/12\/Ghandi-667x1024-195x300.png\" alt=\"\" width=\"195\" height=\"300\" srcset=\"https:\/\/www.educa.itakaescolapios.org\/wp-content\/uploads\/2018\/12\/Ghandi-667x1024-195x300.png 195w, https:\/\/www.educa.itakaescolapios.org\/wp-content\/uploads\/2018\/12\/Ghandi-667x1024.png 667w, https:\/\/www.educa.itakaescolapios.org\/wp-content\/uploads\/2018\/12\/Ghandi-667x1024-250x384.png 250w\" sizes=\"(max-width: 195px) 100vw, 195px\" \/><\/p>\n<p>Hay muchas metas leg\u00edtimas en nuestra sociedad. La paz es una de ellas. Pero, sobre todo, la paz y la no violencia son el camino digno para conseguirlas y son criterio para valorar las mismas metas. La existencia de v\u00edctimas mancha cualquier objetivo que pretenda ser bueno y digno.<\/p>\n<p>Desde que en 1964 se estableciera el <strong>30 de enero<\/strong> (aniversario de la muerte del Mahatma Gandhi) como <strong>D\u00eda escolar de la No Violencia y la Paz <\/strong>se recuerda en todo el mundo la necesidad de la educaci\u00f3n para la tolerancia, la solidaridad, el respeto a los Derechos humanos, la no violencia y la paz. El lema de este d\u00eda es: \u201c<em>amor universal, no-violencia y paz. El amor universal es mejor que el ego\u00edsmo, la no-violencia es mejor que la violencia y la paz es mejor que la guerra\u201d.<\/em><\/p>\n<p>La defensa del <strong>cumplimiento de los derechos humanos para todos los pueblos<\/strong> nos incumbe a todas y todos. En este sentido la sociedad civil se ha de concienciar cada vez m\u00e1s de la gran responsabilidad que tiene en la construcci\u00f3n de un mundo m\u00e1s justo. Por una parte, como ciudadan\u00eda estamos obligados a exigir ante los diferentes organismos pol\u00edticos y sociales nacionales e internacionales; pero por otro lado, como consumidores sustentamos muchas de las din\u00e1micas econ\u00f3micas y sociales que est\u00e1n produciendo en la actualidad la mayor\u00eda de los desequilibrios econ\u00f3micos y conflictos sociales de nuestro mundo.<\/p>\n<p>Muchas veces resulta dif\u00edcil ver nuestra parte de responsabilidad en todo esto, y sobre todo, ser conscientes que nuestra actuaci\u00f3n al respecto es importante, ya que s\u00ed tiene incidencia en la defensa de los derechos humanos y sociales.<\/p>\n<p>Es necesario buscar f\u00f3rmulas para trabajar una <a href=\"http:\/\/www.educa.itakaescolapios.org\/\" target=\"_blank\" rel=\"noopener noreferrer\">EDUCACI\u00d3N EN VALORES<\/a> que, progresivamente y desde la infancia, lleve a planteamientos de compromiso y participaci\u00f3n de la sociedad civil en los problemas sociales que nos rodean e incumben a todos. La Escuela es un lugar privilegiado donde poder desarrollar este tipo de actividades, debido a su potencial transformador sobre la persona. La formaci\u00f3n para la paz, la cooperaci\u00f3n y la solidaridad entre los pueblos es, una de las principales finalidades que debe plantearse en nuestras escuelas.<\/p>\n<p>Desde que en 1984 se celebrase la primera semana escolar por la paz hemos venido aumentando su difusi\u00f3n. Os invitamos una vez m\u00e1s a cambiar el mundo desde nuestro d\u00eda a d\u00eda con cada paso de nuestro caminar por la vida.<\/p>\n<p style=\"padding-left: 60px;\"><em><span style=\"color: #808000;\">\u201cEn definitiva \u00bfd\u00f3nde empiezan los derechos humanos universales? Pues en peque\u00f1os lugares, cerca de nosotros; en lugares tan pr\u00f3ximos y peque\u00f1os que no aparecen en los mapas. Pero esos son los lugares que conforman el mundo del individuo: el barrio en el que vive, la escuela o la universidad en que estudia; la f\u00e1brica, el campo o la oficina en que trabaja. Esos son los lugares en los que cada hombre, mujer y ni\u00f1o busca ser igual ante la ley, en las oportunidades, en la dignidad sin discriminaci\u00f3n. Si esos derechos no significan nada en esos lugares tampoco significan nada en ninguna otra parte. Sin una acci\u00f3n decidida de los ciudadanos para defender esos derechos a su alrededor, no se har\u00e1n progresos en el resto del mundo\u201d <\/span><\/em><\/p>\n<p style=\"padding-left: 90px;\"><span style=\"color: #000000;\"><em>Eleanor Roosvelt.- \u201cEn nuestras manos\u201d, discurso pronunciado en Marzo de 1958, con ocasi\u00f3n del X aniversario de la Declaraci\u00f3n Universal de Derechos Humanos.<\/em><\/span><\/p>\n<p><em>\u00a0<\/em><\/p>\n<p>&nbsp;<\/p>","protected":false},"excerpt":{"rendered":"<p>D\u00e9sol\u00e9, cet article est seulement disponible en Espagnol Europ\u00e9en. Hay muchas metas leg\u00edtimas en nuestra sociedad. La paz es una de ellas. Pero, sobre todo, la [&hellip;]<\/p>\n","protected":false},"author":1,"featured_media":2398,"parent":713,"menu_order":99,"comment_status":"closed","ping_status":"closed","template":"","meta":[],"acf":[],"_links":{"self":[{"href":"https:\/\/www.educa.itakaescolapios.org\/fr\/wp-json\/wp\/v2\/pages\/715"}],"collection":[{"href":"https:\/\/www.educa.itakaescolapios.org\/fr\/wp-json\/wp\/v2\/pages"}],"about":[{"href":"https:\/\/www.educa.itakaescolapios.org\/fr\/wp-json\/wp\/v2\/types\/page"}],"author":[{"embeddable":true,"href":"https:\/\/www.educa.itakaescolapios.org\/fr\/wp-json\/wp\/v2\/users\/1"}],"replies":[{"embeddable":true,"href":"https:\/\/www.educa.itakaescolapios.org\/fr\/wp-json\/wp\/v2\/comments?post=715"}],"version-history":[{"count":6,"href":"https:\/\/www.educa.itakaescolapios.org\/fr\/wp-json\/wp\/v2\/pages\/715\/revisions"}],"predecessor-version":[{"id":2399,"href":"https:\/\/www.educa.itakaescolapios.org\/fr\/wp-json\/wp\/v2\/pages\/715\/revisions\/2399"}],"up":[{"embeddable":true,"href":"https:\/\/www.educa.itakaescolapios.org\/fr\/wp-json\/wp\/v2\/pages\/713"}],"wp:featuredmedia":[{"embeddable":true,"href":"https:\/\/www.educa.itakaescolapios.org\/fr\/wp-json\/wp\/v2\/media\/2398"}],"wp:attachment":[{"href":"https:\/\/www.educa.itakaescolapios.org\/fr\/wp-json\/wp\/v2\/media?parent=715"}],"curies":[{"name":"wp","href":"https:\/\/api.w.org\/{rel}","templated":true}]}}