{"id":727,"date":"2018-05-24T17:01:29","date_gmt":"2018-05-24T15:01:29","guid":{"rendered":"http:\/\/www.educa.itakaescolapios.org\/?page_id=727"},"modified":"2020-11-05T13:28:21","modified_gmt":"2020-11-05T12:28:21","slug":"2014-2015-semana-de-la-paz","status":"publish","type":"page","link":"https:\/\/www.educa.itakaescolapios.org\/fr\/semanas-de-la-paz\/2014-2015-semana-de-la-paz","title":{"rendered":"2014-2015 Ven y ver\u00e1s un mundo de Paz"},"content":{"rendered":"<p class=\"qtranxs-available-languages-message qtranxs-available-languages-message-fr\">D\u00e9sol\u00e9, cet article est seulement disponible en <a href=\"https:\/\/www.educa.itakaescolapios.org\/es\/wp-json\/wp\/v2\/pages\/727\" class=\"qtranxs-available-language-link qtranxs-available-language-link-es\" title=\"Espa\u00f1ol\">Espagnol Europ\u00e9en<\/a>.<\/p><p><i><a href=\"http:\/\/www.itakaescolapios.org\/wp-content\/uploads\/2015\/01\/Ghandi.png\"><img decoding=\"async\" loading=\"lazy\" class=\" wp-image-11450 alignleft\" src=\"http:\/\/www.itakaescolapios.org\/wp-content\/uploads\/2015\/01\/Ghandi-667x1024.png\" alt=\"Ghandi\" width=\"280\" height=\"430\" \/><\/a>\u201cEn definitiva \u00bfd\u00f3nde empiezan los derechos humanos universales? Pues en peque\u00f1os lugares, cerca de nosotros; en lugares tan pr\u00f3ximos y peque\u00f1os que no aparecen en los mapas. Esos son los lugares en los que cada hombre, mujer y ni\u00f1o busca ser igual ante la ley, en las oportunidades, en la dignidad sin discriminaci\u00f3n. Si esos derechos no significan nada en esos lugares tampoco significan nada en ninguna otra parte. Sin una acci\u00f3n decidida de los ciudadanos para defender esos derechos a su alrededor, no se har\u00e1n progresos en el resto del mundo\u201d<\/i><\/p>\n<p align=\"right\">Eleanor Roosvelt.- \u201cEn nuestras manos\u201d,<\/p>\n<p align=\"right\">Discurso pronunciado en 1958, con ocasi\u00f3n del X aniversario de la Declaraci\u00f3n Universal de Derechos Humanos<\/p>\n<p>La defensa del cumplimiento de los derechos humanos para todos los pueblos nos incumbe a todas y todos. En este sentido la sociedad civil se ha de concienciar cada vez m\u00e1s de la gran responsabilidad que tiene en la construcci\u00f3n de un mundo m\u00e1s justo. Es necesario buscar f\u00f3rmulas para trabajar una EDUCACI\u00d3N EN VALORES que, progresivamente y desde la infancia, lleve a planteamientos de compromiso y participaci\u00f3n de la sociedad civil en los problemas sociales que nos rodean e incumben a todos.<\/p>\n<p>En este contexto, la escuela se ha convertido en un lugar privilegiado donde poder desarrollar este tipo de actividades, debido a su enorme potencial transformador sobre la persona. La formaci\u00f3n para la paz, la cooperaci\u00f3n y la solidaridad entre los pueblos es, una de las principales finalidades que se plantea este sistema educativo, y por eso se trabaja de modo transversal. Sin embargo, el trabajar continuamente desde las transversales estos conceptos no impide que sintamos la necesidad de que existan fechas concretas, que nos recuerden que todav\u00eda hay situaciones sociales complejas.<\/p>\n<p>Esta celebraci\u00f3n es, por tanto, una oportunidad m\u00e1s de contribuir a que los centros escolares se conviertan en instrumentos de paz y entendimiento entre personas de distinta formaci\u00f3n, raza, cultura y religi\u00f3n. No hemos de olvidar que la escuela es un reflejo de una sociedad con la que comparte defectos, pero en ella tambi\u00e9n se educa para la vida y se busca desarrollar en los alumnos las capacidades y competencias necesarias para una participaci\u00f3n social activa.<\/p>\n<p>Por todo ello, hemos de contribuir, a trav\u00e9s de la educaci\u00f3n, a la concienciaci\u00f3n de todos en la construcci\u00f3n de un mundo mejor, un mundo m\u00e1s justo y m\u00e1s humano que permita que todos los individuos tengan la misma oportunidad de desarrollar plenamente sus facultades en el seno de una sociedad democr\u00e1tica, libre, justa, responsable y en paz.<\/p>","protected":false},"excerpt":{"rendered":"<p>D\u00e9sol\u00e9, cet article est seulement disponible en Espagnol Europ\u00e9en.\u201cEn definitiva \u00bfd\u00f3nde empiezan los derechos humanos universales? Pues en peque\u00f1os lugares, cerca de nosotros; en lugares tan [&hellip;]<\/p>\n","protected":false},"author":1,"featured_media":2394,"parent":713,"menu_order":97,"comment_status":"closed","ping_status":"closed","template":"","meta":[],"acf":[],"_links":{"self":[{"href":"https:\/\/www.educa.itakaescolapios.org\/fr\/wp-json\/wp\/v2\/pages\/727"}],"collection":[{"href":"https:\/\/www.educa.itakaescolapios.org\/fr\/wp-json\/wp\/v2\/pages"}],"about":[{"href":"https:\/\/www.educa.itakaescolapios.org\/fr\/wp-json\/wp\/v2\/types\/page"}],"author":[{"embeddable":true,"href":"https:\/\/www.educa.itakaescolapios.org\/fr\/wp-json\/wp\/v2\/users\/1"}],"replies":[{"embeddable":true,"href":"https:\/\/www.educa.itakaescolapios.org\/fr\/wp-json\/wp\/v2\/comments?post=727"}],"version-history":[{"count":4,"href":"https:\/\/www.educa.itakaescolapios.org\/fr\/wp-json\/wp\/v2\/pages\/727\/revisions"}],"predecessor-version":[{"id":2395,"href":"https:\/\/www.educa.itakaescolapios.org\/fr\/wp-json\/wp\/v2\/pages\/727\/revisions\/2395"}],"up":[{"embeddable":true,"href":"https:\/\/www.educa.itakaescolapios.org\/fr\/wp-json\/wp\/v2\/pages\/713"}],"wp:featuredmedia":[{"embeddable":true,"href":"https:\/\/www.educa.itakaescolapios.org\/fr\/wp-json\/wp\/v2\/media\/2394"}],"wp:attachment":[{"href":"https:\/\/www.educa.itakaescolapios.org\/fr\/wp-json\/wp\/v2\/media?parent=727"}],"curies":[{"name":"wp","href":"https:\/\/api.w.org\/{rel}","templated":true}]}}