{"id":7690,"date":"2023-11-13T15:18:18","date_gmt":"2023-11-13T14:18:18","guid":{"rendered":"https:\/\/www.educa.itakaescolapios.org\/?page_id=7690"},"modified":"2024-02-14T14:23:13","modified_gmt":"2024-02-14T13:23:13","slug":"recordando-una-voz-un-millon-de-cambios","status":"publish","type":"page","link":"https:\/\/www.educa.itakaescolapios.org\/fr\/campanas\/2023-2024-en-algun-lugar-del-mundo\/recordando-una-voz-un-millon-de-cambios","title":{"rendered":"Rappelant \u00ab\u00a0Une voix, un million de changements\u00a0\u00bb"},"content":{"rendered":"<p><span style=\"font-family: arial, helvetica, sans-serif;\">MERCI!<\/span><\/p>\n<p><span style=\"font-family: arial, helvetica, sans-serif;\">Il y a environ un an, on ouvrait un nouvel espace dans ce m\u00eame site d&rsquo;EDUCA pour pr\u00e9senter la campagne \u00ab Une voix, un million de changements \u00bb, visant \u00e0 conna\u00eetre certains des projets d&rsquo;Itaka Escolapios ; mais surtout \u00e0 \u00e9couter la voix de tous les enfants et jeunes priaristes qui ont soulev\u00e9 la voix par les autres, pour transformer et am\u00e9liorer la soci\u00e9t\u00e9.<img decoding=\"async\" loading=\"lazy\" class=\"alignright\" style=\"font-family: arial, helvetica, sans-serif; text-align: justify;\" src=\"https:\/\/www.educa.itakaescolapios.org\/wp-content\/uploads\/2020\/07\/BLA_color-731x1024-1.jpg\" alt=\"\" width=\"252\" height=\"354\" \/><\/span><\/p>\n<p><span style=\"font-family: arial, helvetica, sans-serif;\">Une campagne qui a \u00e9t\u00e9 d\u00e9velopp\u00e9e pendant la derni\u00e8re ann\u00e9e dans 16 pays pr\u00e9sence priariste : B\u00e9nin, Bolivie, Br\u00e9sil, Burkina Faso, Cameroun, R.D. Congo, Costa de Ivoire, Cuba, Espagne, Philippines, France, Gabon, Guin\u00e9e, Mexique, S\u00e9n\u00e9gal, Venezuela. R\u00e9ellement, nous sommes de plus en plus ceux qui participent et collaborons \u00e0 cet \u00e9lan de la mission transformatrice des \u00e9coles Pies depuis les activit\u00e9s propos\u00e9es. Il est important que nous sachions \u00e9valuer et sentir cette fraternit\u00e9 internationale qui est construite avec le travail commun et partag\u00e9 que nous r\u00e9alisons ; et c\u00e9l\u00e9brer, avec une m\u00eame voix, les plus d&rsquo;un million de changements que nous g\u00e9n\u00e9rons par lui.<\/span><\/p>\n<p><span style=\"font-family: arial, helvetica, sans-serif;\">Merci, un an de plus, pour vous rejoindre, pour vous mettre en action, pour \u00e9lever votre voix. Nous sommes convaincus que, sans votre implication, il n&rsquo;aurait pas \u00e9t\u00e9 la m\u00eame chose. Dans toute l&rsquo;ann\u00e9e nous avons r\u00e9ussi \u00e0 faire conna\u00eetre et approfondir le travail qui est r\u00e9alis\u00e9 dans six des projets du r\u00e9seau Itaka-Escolapios, et soutenir la durabilit\u00e9 \u00e9conomique de ceux-ci et de beaucoup plus.<\/span><\/p>\n<p><span style=\"font-family: arial, helvetica, sans-serif;\">Merci de nouveau, parce que avec toutes vos actions et donateurs, nous avons r\u00e9ussi \u00e0 atteindre des chiffres importants pour continuer \u00e0 stimuler la mission priariste dans le monde entier.<br \/>\nEt comme chaque ann\u00e9e, cette m\u00eame page, nous partageons le panneau de reconnaissance avec les chiffres finaux de collecte \u00e9conomique de la campagne \u00ab Une voix, un million de changements \u00bb<br \/>\n<\/span><\/p>\n<p><span style=\"font-family: arial, helvetica, sans-serif;\">Nous continuons!\u00a0<\/span><\/p>\n<p><span style=\"font-family: arial, helvetica, sans-serif;\"><span style=\"font-size: 12px;\"><strong><em>*Les affiches dans d&rsquo;autres langues sont disponibles dans la section <a href=\"https:\/\/www.educa.itakaescolapios.org\/campanas\/2023-2024-en-algun-lugar-del-mundo\/carteleria-y-ambientacion-en-algun-lugar-del-mundo\">POSTERS<\/a><\/em><\/strong><\/span>.<\/span><\/p>\n<p><img decoding=\"async\" loading=\"lazy\" class=\"aligncenter\" src=\"https:\/\/www.educa.itakaescolapios.org\/wp-content\/uploads\/2024\/02\/MERCI-2324.png\" alt=\"\" width=\"100%\" height=\"100%\" \/><\/p>","protected":false},"excerpt":{"rendered":"<p>MERCI! Il y a environ un an, on ouvrait un nouvel espace dans ce m\u00eame site d&rsquo;EDUCA pour pr\u00e9senter la campagne \u00ab Une voix, un million [&hellip;]<\/p>\n","protected":false},"author":9,"featured_media":0,"parent":7679,"menu_order":0,"comment_status":"closed","ping_status":"closed","template":"","meta":[],"acf":[],"_links":{"self":[{"href":"https:\/\/www.educa.itakaescolapios.org\/fr\/wp-json\/wp\/v2\/pages\/7690"}],"collection":[{"href":"https:\/\/www.educa.itakaescolapios.org\/fr\/wp-json\/wp\/v2\/pages"}],"about":[{"href":"https:\/\/www.educa.itakaescolapios.org\/fr\/wp-json\/wp\/v2\/types\/page"}],"author":[{"embeddable":true,"href":"https:\/\/www.educa.itakaescolapios.org\/fr\/wp-json\/wp\/v2\/users\/9"}],"replies":[{"embeddable":true,"href":"https:\/\/www.educa.itakaescolapios.org\/fr\/wp-json\/wp\/v2\/comments?post=7690"}],"version-history":[{"count":19,"href":"https:\/\/www.educa.itakaescolapios.org\/fr\/wp-json\/wp\/v2\/pages\/7690\/revisions"}],"predecessor-version":[{"id":8421,"href":"https:\/\/www.educa.itakaescolapios.org\/fr\/wp-json\/wp\/v2\/pages\/7690\/revisions\/8421"}],"up":[{"embeddable":true,"href":"https:\/\/www.educa.itakaescolapios.org\/fr\/wp-json\/wp\/v2\/pages\/7679"}],"wp:attachment":[{"href":"https:\/\/www.educa.itakaescolapios.org\/fr\/wp-json\/wp\/v2\/media?parent=7690"}],"curies":[{"name":"wp","href":"https:\/\/api.w.org\/{rel}","templated":true}]}}