{"id":7705,"date":"2023-11-13T16:48:23","date_gmt":"2023-11-13T15:48:23","guid":{"rendered":"https:\/\/www.educa.itakaescolapios.org\/?page_id=7705"},"modified":"2024-03-26T11:10:04","modified_gmt":"2024-03-26T10:10:04","slug":"carteleria-y-ambientacion-en-algun-lugar-del-mundo","status":"publish","type":"page","link":"https:\/\/www.educa.itakaescolapios.org\/fr\/campanas\/2023-2024-en-algun-lugar-del-mundo\/carteleria-y-ambientacion-en-algun-lugar-del-mundo","title":{"rendered":"Carterie et environnement"},"content":{"rendered":"<p><\/p>\n<p lang=\"en-US\" style=\"text-align: justify;\" align=\"CENTER\"><span style=\"font-family: arial, helvetica, sans-serif;\">Tant si vous avez d\u00e9j\u00e0 une exp\u00e9rience que si vous commencez, nous devons rappeler que la cl\u00e9 du succ\u00e8s est l&rsquo;affection, l&rsquo;illusion et la livraison dans la pr\u00e9paration de la Campagne de solidarit\u00e9. Pour cela il <strong>est important que vous connaissiez toutes les ressources que nous vous offrons,<\/strong> par cons\u00e9quent vous trouverez ensuite une liste compl\u00e8te de tous eux.<\/span><\/p>\n<p lang=\"en-US\" style=\"text-align: justify;\" align=\"CENTER\"><span style=\"font-family: arial, helvetica, sans-serif;\">Nous vous invitons \u00e0 naviguer et \u00e0 d\u00e9couvrir toutes les propositions de la main de notre ch\u00e8re \u00e9quipage Itaka-Escolapios , command\u00e9e par Calasanz.<\/span><\/p>\n<p lang=\"en-US\" align=\"CENTER\"><img decoding=\"async\" loading=\"lazy\" class=\"alignright\" src=\"https:\/\/www.educa.itakaescolapios.org\/wp-content\/uploads\/2020\/07\/ELIKIA-ESENGO_color-scaled.jpg\" alt=\"\" width=\"312\" height=\"437\" \/><\/p>\n<ol>\n<li lang=\"en-US\" style=\"text-align: justify;\"><span style=\"font-family: arial, helvetica, sans-serif;\"><a href=\"https:\/\/www.educa.itakaescolapios.org\/wp-content\/uploads\/2024\/01\/TODAS_Esp.pdf\" target=\"_blank\" rel=\"noopener\"><span style=\"text-decoration: underline;\">Fiches de projets<\/span><\/a>.<\/span><\/li>\n<li><span style=\"font-family: arial, helvetica, sans-serif;\"><a href=\"https:\/\/www.educa.itakaescolapios.org\/wp-content\/uploads\/2023\/11\/Presentacion-EN-ALGUN-LUGAR-DEL-MUNDO.pdf\" target=\"_blank\" rel=\"noopener\"><span style=\"text-decoration: underline;\">La pr\u00e9sentation \u00e0 l&rsquo;\u00e9quipe \u00e9ducative<\/span><\/a>.<\/span><\/li>\n<li lang=\"en-US\" style=\"text-align: justify;\"><a href=\"https:\/\/www.educa.itakaescolapios.org\/campanas\/2023-2024-en-algun-lugar-del-mundo\/carteleria-y-ambientacion-en-algun-lugar-del-mundo\/actividades-para-la-transformacion-social\" target=\"_blank\" rel=\"noopener\"><span style=\"font-family: arial, helvetica, sans-serif;\"><span style=\"text-decoration: underline;\">Activit\u00e9s de sensibilisation<\/span>.<\/span><\/a><\/li>\n<li lang=\"en-US\" style=\"text-align: justify;\"><span style=\"font-family: arial, helvetica, sans-serif;\"><a href=\"https:\/\/www.educa.itakaescolapios.org\/wp-content\/uploads\/2023\/11\/ESQUEMA-CAMPANA-ITAKA.pdf\" target=\"_blank\" rel=\"noopener\"><span style=\"text-decoration: underline;\">Tableau pr\u00e9sentation missions<\/span><\/a>.<\/span><\/li>\n<li lang=\"en-US\" style=\"text-align: justify;\"><span style=\"font-family: arial, helvetica, sans-serif;\"><a href=\"https:\/\/www.educa.itakaescolapios.org\/wp-content\/uploads\/2023\/11\/CARTEL-CI-2324-ESP.pdf\" target=\"_blank\" rel=\"noopener\"><span style=\"text-decoration: underline;\">Affiche de la campagne<\/span><\/a>.<br \/>\n<\/span><\/li>\n<li lang=\"en-US\" style=\"text-align: justify;\"><span style=\"font-family: arial, helvetica, sans-serif;\"><a href=\"https:\/\/www.youtube.com\/watch?v=yAKM-KbVVUg&amp;t=3s\" target=\"_blank\" rel=\"noopener\"><span style=\"text-decoration: underline;\">Vid\u00e9o promotionnelle<\/span><\/a>.<\/span><\/li>\n<li lang=\"en-US\" style=\"text-align: justify;\"><span style=\"font-family: arial, helvetica, sans-serif;\"><span style=\"text-decoration: underline;\"><a href=\"https:\/\/www.youtube.com\/watch?v=MouQS0ZRT0I\" target=\"_blank\" rel=\"noopener\">Vid\u00e9o pr\u00e9sentation<\/a><\/span>.<\/span><\/li>\n<li><span style=\"font-family: arial, helvetica, sans-serif;\"><span style=\"text-decoration: underline;\">Affiche Merci<\/span><\/span>.<\/li>\n<li lang=\"en-US\" style=\"text-align: justify;\"><span style=\"font-family: arial, helvetica, sans-serif;\"><a href=\"https:\/\/www.educa.itakaescolapios.org\/wp-content\/uploads\/2023\/11\/LOGO-CAMPANA-ITAKA-2324-scaled.jpg\" target=\"_blank\" rel=\"noopener\"><span style=\"text-decoration: underline;\">Logo<\/span><\/a><\/span><\/li>\n<li lang=\"en-US\" style=\"text-align: justify;\"><span style=\"font-family: arial, helvetica, sans-serif;\">Banner (<span style=\"text-decoration: underline;\"><a href=\"https:\/\/www.educa.itakaescolapios.org\/wp-content\/uploads\/2023\/11\/BANNER-PORTADA-FB-CI-2324-ESP-scaled.jpg\" target=\"_blank\" rel=\"noopener\">hor<\/a>\u00a0<\/span>\/ <span style=\"text-decoration: underline;\"><a href=\"https:\/\/www.educa.itakaescolapios.org\/wp-content\/uploads\/2023\/11\/BANNER-CUADRADO-CI-2324-ESP-scaled.jpg\" target=\"_blank\" rel=\"noopener\">carr\u00e9<\/a><\/span>)<\/span><\/li>\n<li lang=\"en-US\" style=\"text-align: justify;\"><span style=\"text-decoration: underline;\"><span style=\"font-family: arial, helvetica, sans-serif;\"><a href=\"https:\/\/www.educa.itakaescolapios.org\/personajes\" target=\"_blank\" rel=\"noopener\">Personnages<\/a>.<\/span><\/span><\/li>\n<\/ol>\n<h3><span style=\"font-family: arial, helvetica, sans-serif; font-size: 20px;\"><strong><u><img decoding=\"async\" loading=\"lazy\" class=\"aligncenter\" src=\"https:\/\/www.educa.itakaescolapios.org\/wp-content\/uploads\/2020\/11\/mano-click-verde-en-el-medio-scaled.jpg\" alt=\"\" width=\"20%\" height=\"20%\" \/><\/u><\/strong><\/span><\/h3>\n<p>&nbsp;<\/p>\n<p><span style=\"font-family: arial, helvetica, sans-serif;\"><img decoding=\"async\" loading=\"lazy\" class=\"aligncenter\" src=\"https:\/\/www.educa.itakaescolapios.org\/wp-content\/uploads\/2023\/11\/BANNERS-CI-2324-FRA-ALARGADO-scaled.jpg\" alt=\"\" width=\"100%\" height=\"100%\" \/><\/span><\/p>","protected":false},"excerpt":{"rendered":"<p>Tant si vous avez d\u00e9j\u00e0 une exp\u00e9rience que si vous commencez, nous devons rappeler que la cl\u00e9 du succ\u00e8s est l&rsquo;affection, l&rsquo;illusion et la livraison dans [&hellip;]<\/p>\n","protected":false},"author":9,"featured_media":0,"parent":7679,"menu_order":4,"comment_status":"closed","ping_status":"closed","template":"","meta":[],"acf":[],"_links":{"self":[{"href":"https:\/\/www.educa.itakaescolapios.org\/fr\/wp-json\/wp\/v2\/pages\/7705"}],"collection":[{"href":"https:\/\/www.educa.itakaescolapios.org\/fr\/wp-json\/wp\/v2\/pages"}],"about":[{"href":"https:\/\/www.educa.itakaescolapios.org\/fr\/wp-json\/wp\/v2\/types\/page"}],"author":[{"embeddable":true,"href":"https:\/\/www.educa.itakaescolapios.org\/fr\/wp-json\/wp\/v2\/users\/9"}],"replies":[{"embeddable":true,"href":"https:\/\/www.educa.itakaescolapios.org\/fr\/wp-json\/wp\/v2\/comments?post=7705"}],"version-history":[{"count":51,"href":"https:\/\/www.educa.itakaescolapios.org\/fr\/wp-json\/wp\/v2\/pages\/7705\/revisions"}],"predecessor-version":[{"id":8476,"href":"https:\/\/www.educa.itakaescolapios.org\/fr\/wp-json\/wp\/v2\/pages\/7705\/revisions\/8476"}],"up":[{"embeddable":true,"href":"https:\/\/www.educa.itakaescolapios.org\/fr\/wp-json\/wp\/v2\/pages\/7679"}],"wp:attachment":[{"href":"https:\/\/www.educa.itakaescolapios.org\/fr\/wp-json\/wp\/v2\/media?parent=7705"}],"curies":[{"name":"wp","href":"https:\/\/api.w.org\/{rel}","templated":true}]}}