{"id":7784,"date":"2023-11-16T14:09:20","date_gmt":"2023-11-16T13:09:20","guid":{"rendered":"https:\/\/www.educa.itakaescolapios.org\/?page_id=7784"},"modified":"2024-03-07T17:12:15","modified_gmt":"2024-03-07T16:12:15","slug":"7784-2","status":"publish","type":"page","link":"https:\/\/www.educa.itakaescolapios.org\/fr\/campanas\/2023-2024-en-algun-lugar-del-mundo\/7784-2","title":{"rendered":"Bonnes pratiques"},"content":{"rendered":"<p><span style=\"font-family: arial, helvetica, sans-serif;\">Dans cette section, on va recueillir toutes les actions que vous faites localement pour d\u00e9velopper la campagne.<\/span><\/p>\n<p><span style=\"font-family: arial, helvetica, sans-serif;\">Envoyez \u00e0 ce courriel vos actions (quelques photos et quelques lignes explicatives, si vous le souhaitez) : <a href=\"mailto:educa@itakaescolapios.org\">educa@itakaescolapios.org<\/a><\/span><\/p>\n<p><span style=\"font-family: arial, helvetica, sans-serif;\">Nous recueillons toutes vos actions.<\/span><\/p>\n<p><span style=\"font-family: arial, helvetica, sans-serif;\">Vos actions peuvent inspirer d&rsquo;autres si\u00e8ges pour le d\u00e9veloppement de leur campagne.<\/span><\/p>\n<p><span style=\"font-family: arial, helvetica, sans-serif;\">ON VOUS ENCOURAGER\u00a0 \u00c0 PARTAGER<\/span><\/p>\n<hr \/>\n<p><span style=\"font-family: arial, helvetica, sans-serif;\">L&rsquo;ann\u00e9e derni\u00e8re, \u00e0 Pampelune, ils ont partag\u00e9 ces autocollants que nous pouvons utiliser librement.<\/span><\/p>\n<table style=\"border-collapse: collapse; width: 100%;\" border=\"1\">\n<tbody>\n<tr>\n<td style=\"width: 16.6667%; text-align: center;\"><a href=\"https:\/\/www.educa.itakaescolapios.org\/wp-content\/uploads\/2023\/02\/calasanz-Sticker.png\" target=\"_blank\" rel=\"noopener\"><img decoding=\"async\" loading=\"lazy\" src=\"https:\/\/www.educa.itakaescolapios.org\/wp-content\/uploads\/2023\/02\/calasanz-Sticker.png\" alt=\"\" width=\"65%\" height=\"65%\" \/><\/a><\/td>\n<td style=\"width: 16.6667%; text-align: center;\"><a href=\"https:\/\/www.educa.itakaescolapios.org\/wp-content\/uploads\/2023\/02\/Bla-Sticker.png\" target=\"_blank\" rel=\"noopener\"><img decoding=\"async\" loading=\"lazy\" src=\"https:\/\/www.educa.itakaescolapios.org\/wp-content\/uploads\/2023\/02\/Bla-Sticker.png\" alt=\"\" width=\"65%\" height=\"65%\" \/><\/a><\/td>\n<td style=\"width: 16.6667%; text-align: center;\"><a href=\"https:\/\/www.educa.itakaescolapios.org\/wp-content\/uploads\/2023\/02\/look-Sticker.png\" target=\"_blank\" rel=\"noopener\"><img decoding=\"async\" loading=\"lazy\" src=\"https:\/\/www.educa.itakaescolapios.org\/wp-content\/uploads\/2023\/02\/look-Sticker.png\" alt=\"\" width=\"65%\" height=\"65%\" \/><\/a><\/td>\n<td style=\"width: 16.6667%; text-align: center;\"><a href=\"https:\/\/www.educa.itakaescolapios.org\/wp-content\/uploads\/2023\/02\/Jiwa-Sticker.png\" target=\"_blank\" rel=\"noopener\"><img decoding=\"async\" loading=\"lazy\" src=\"https:\/\/www.educa.itakaescolapios.org\/wp-content\/uploads\/2023\/02\/Jiwa-Sticker.png\" alt=\"\" width=\"65%\" height=\"65%\" \/><\/a><\/td>\n<td style=\"width: 16.6667%; text-align: center;\"><a href=\"https:\/\/www.educa.itakaescolapios.org\/wp-content\/uploads\/2023\/02\/sukal-Sticker.png\" target=\"_blank\" rel=\"noopener\"><img decoding=\"async\" loading=\"lazy\" src=\"https:\/\/www.educa.itakaescolapios.org\/wp-content\/uploads\/2023\/02\/sukal-Sticker.png\" alt=\"\" width=\"65%\" height=\"65%\" \/><\/a><\/td>\n<td style=\"width: 16.6667%; text-align: center;\"><a href=\"https:\/\/www.educa.itakaescolapios.org\/wp-content\/uploads\/2023\/02\/marine-sticker.png\" target=\"_blank\" rel=\"noopener\"><img decoding=\"async\" loading=\"lazy\" src=\"https:\/\/www.educa.itakaescolapios.org\/wp-content\/uploads\/2023\/02\/marine-sticker.png\" alt=\"\" width=\"65%\" height=\"65%\" \/><\/a><\/td>\n<\/tr>\n<\/tbody>\n<\/table>\n<p>&nbsp;<\/p>","protected":false},"excerpt":{"rendered":"<p>Dans cette section, on va recueillir toutes les actions que vous faites localement pour d\u00e9velopper la campagne. Envoyez \u00e0 ce courriel vos actions (quelques photos et [&hellip;]<\/p>\n","protected":false},"author":9,"featured_media":0,"parent":7679,"menu_order":5,"comment_status":"closed","ping_status":"closed","template":"","meta":[],"acf":[],"_links":{"self":[{"href":"https:\/\/www.educa.itakaescolapios.org\/fr\/wp-json\/wp\/v2\/pages\/7784"}],"collection":[{"href":"https:\/\/www.educa.itakaescolapios.org\/fr\/wp-json\/wp\/v2\/pages"}],"about":[{"href":"https:\/\/www.educa.itakaescolapios.org\/fr\/wp-json\/wp\/v2\/types\/page"}],"author":[{"embeddable":true,"href":"https:\/\/www.educa.itakaescolapios.org\/fr\/wp-json\/wp\/v2\/users\/9"}],"replies":[{"embeddable":true,"href":"https:\/\/www.educa.itakaescolapios.org\/fr\/wp-json\/wp\/v2\/comments?post=7784"}],"version-history":[{"count":19,"href":"https:\/\/www.educa.itakaescolapios.org\/fr\/wp-json\/wp\/v2\/pages\/7784\/revisions"}],"predecessor-version":[{"id":8468,"href":"https:\/\/www.educa.itakaescolapios.org\/fr\/wp-json\/wp\/v2\/pages\/7784\/revisions\/8468"}],"up":[{"embeddable":true,"href":"https:\/\/www.educa.itakaescolapios.org\/fr\/wp-json\/wp\/v2\/pages\/7679"}],"wp:attachment":[{"href":"https:\/\/www.educa.itakaescolapios.org\/fr\/wp-json\/wp\/v2\/media?parent=7784"}],"curies":[{"name":"wp","href":"https:\/\/api.w.org\/{rel}","templated":true}]}}