{"id":8191,"date":"2024-01-02T11:38:12","date_gmt":"2024-01-02T10:38:12","guid":{"rendered":"https:\/\/www.educa.itakaescolapios.org\/?page_id=8191"},"modified":"2024-01-15T10:51:23","modified_gmt":"2024-01-15T09:51:23","slug":"2024-mi-lugar-es-el-mundo-mi-lugar-es-la-paz","status":"publish","type":"page","link":"https:\/\/www.educa.itakaescolapios.org\/fr\/semanas-de-la-paz\/2024-mi-lugar-es-el-mundo-mi-lugar-es-la-paz","title":{"rendered":"2024 &#8211; Ma place est le monde, ma place est la Paix."},"content":{"rendered":"<p>&nbsp;<\/p>\n<p>Dans certaines parties du monde, o\u00f9 les Itaka-Escolapios sont pr\u00e9sents, la Journ\u00e9e de l\u2019\u00e9cole pour la non-violence et la paix est c\u00e9l\u00e9br\u00e9e autour du 30 janvier, date d\u2019anniversaire de la mort de Gandhi. Dans d\u2019autres endroits, on ne l\u2019appelle pas ainsi, mais nous travaillons toujours sur des propositions \u00e9ducatives qui promeuvent une culture de paix et de justice. Soit parce qu\u2019elles se produisent dans des soci\u00e9t\u00e9s o\u00f9 la paix n\u2019est pas visible, soit parce que nous \u00e9prouvons de l\u2019empathie et sommes solidaires des peuples et des soci\u00e9t\u00e9s qui vivent en guerre ou en l\u2019absence de paix.<\/p>\n<p>Lamentablement, chaque ann\u00e9e (et \u00e0 plusieurs reprises, malheureusement), il y a des raisons de continuer \u00e0 travailler pour promouvoir chez les enfants, les jeunes et les adultes des \u00c9coles Pies, des environnements, des comportements et des propositions o\u00f9 la PAIX et l\u2019AMOUR sont des priorit\u00e9s dans les relations sociales, politiques et tout autre type de relations.<\/p>\n<p>Itaka-Escolapios est une entit\u00e9 clairement chr\u00e9tienne et Piariste, c\u2019est pourquoi nous lan\u00e7ons des propositions pastorales \u00e9ducatives qui nous aident \u00e0 promouvoir la culture de la paix dans toutes nos \u0153uvres et projets. Cette ann\u00e9e, plus que jamais, nous nous joignons aux pri\u00e8res de tant de chr\u00e9tiens du monde entier, du pape Fran\u00e7ois et de l\u2019\u00c9glise en g\u00e9n\u00e9ral. Une pri\u00e8re par laquelle nous nous approchons de la r\u00e9alit\u00e9, compatissants, accompagnons ou offrons de la consolation et, surtout, insistons sur Dieu le P\u00e8re afin qu\u2019il n\u2019oublie jamais la douleur humaine dans les lieux de conflit, et qu\u2019elle devienne pr\u00e9sente dans chacun des c\u0153urs souffrants.<\/p>\n<p>Parce que, quelque part dans le monde, quelqu\u2019un a besoin de notre pri\u00e8re. Et c\u2019est pourquoi nous proposons une s\u00e9rie d\u2019activit\u00e9s simples bas\u00e9es sur une proposition de pri\u00e8re du matin, qui sera un peu plus \u00e9tendue que les autres jours. Une pri\u00e8re avec laquelle nous pouvons nous approcher de la douleur des autres et nous pouvons dire tr\u00e8s fort au nom de n\u2019importe qui:<a href=\"https:\/\/www.educa.itakaescolapios.org\/semanas-de-la-paz\/2024-mi-lugar-es-el-mundo-mi-lugar-es-la-paz\/actividades-paz-2024\" target=\"_blank\" rel=\"noopener\"> MA PLACE EST LE MONDE, MA PLACE EST LA PAIX<\/a>.<\/p>\n<p>&nbsp;<\/p>\n<p><img decoding=\"async\" loading=\"lazy\" class=\"aligncenter\" src=\"https:\/\/www.educa.itakaescolapios.org\/wp-content\/uploads\/2024\/01\/Cartel-FRA-Paix-24.png\" alt=\"\" width=\"800\" height=\"1119,9\" \/><\/p>","protected":false},"excerpt":{"rendered":"<p>&nbsp; Dans certaines parties du monde, o\u00f9 les Itaka-Escolapios sont pr\u00e9sents, la Journ\u00e9e de l\u2019\u00e9cole pour la non-violence et la paix est c\u00e9l\u00e9br\u00e9e autour du 30 [&hellip;]<\/p>\n","protected":false},"author":9,"featured_media":8290,"parent":713,"menu_order":0,"comment_status":"closed","ping_status":"closed","template":"","meta":[],"acf":[],"_links":{"self":[{"href":"https:\/\/www.educa.itakaescolapios.org\/fr\/wp-json\/wp\/v2\/pages\/8191"}],"collection":[{"href":"https:\/\/www.educa.itakaescolapios.org\/fr\/wp-json\/wp\/v2\/pages"}],"about":[{"href":"https:\/\/www.educa.itakaescolapios.org\/fr\/wp-json\/wp\/v2\/types\/page"}],"author":[{"embeddable":true,"href":"https:\/\/www.educa.itakaescolapios.org\/fr\/wp-json\/wp\/v2\/users\/9"}],"replies":[{"embeddable":true,"href":"https:\/\/www.educa.itakaescolapios.org\/fr\/wp-json\/wp\/v2\/comments?post=8191"}],"version-history":[{"count":30,"href":"https:\/\/www.educa.itakaescolapios.org\/fr\/wp-json\/wp\/v2\/pages\/8191\/revisions"}],"predecessor-version":[{"id":8316,"href":"https:\/\/www.educa.itakaescolapios.org\/fr\/wp-json\/wp\/v2\/pages\/8191\/revisions\/8316"}],"up":[{"embeddable":true,"href":"https:\/\/www.educa.itakaescolapios.org\/fr\/wp-json\/wp\/v2\/pages\/713"}],"wp:featuredmedia":[{"embeddable":true,"href":"https:\/\/www.educa.itakaescolapios.org\/fr\/wp-json\/wp\/v2\/media\/8290"}],"wp:attachment":[{"href":"https:\/\/www.educa.itakaescolapios.org\/fr\/wp-json\/wp\/v2\/media?parent=8191"}],"curies":[{"name":"wp","href":"https:\/\/api.w.org\/{rel}","templated":true}]}}