{"id":8551,"date":"2024-11-14T16:23:54","date_gmt":"2024-11-14T15:23:54","guid":{"rendered":"https:\/\/www.educa.itakaescolapios.org\/?page_id=8551"},"modified":"2025-02-12T13:31:16","modified_gmt":"2025-02-12T12:31:16","slug":"conoce-la-campana","status":"publish","type":"page","link":"https:\/\/www.educa.itakaescolapios.org\/fr\/campanas\/2024-2025-abriendo-caminos\/conoce-la-campana","title":{"rendered":"D\u00e9couvrez la campagne"},"content":{"rendered":"<p><\/p>\n<p style=\"text-align: justify;\"><span style=\"font-family: arial, helvetica, sans-serif;\"><strong>OBJECTIFS DE LA CAMPAGNE 2024-2025 : \u00ab\u00a0OUVRIR DES CHEMINS\u201d<\/strong><\/span><\/p>\n<p style=\"text-align: justify;\"><span style=\"font-family: arial, helvetica, sans-serif;\">Les principaux objectifs de la campagne de cette ann\u00e9e, \u00ab Ouvrir des chemins \u00bb, sont d&rsquo;inviter l&rsquo;ensemble de la communaut\u00e9 \u00e9ducative \u00e0 \u00eatre protagoniste du changement et de la transformation sociale \u00e0 travers l&rsquo;\u00e9ducation, l&rsquo;engagement et la solidarit\u00e9. En suivant l&rsquo;exemple de Saint Joseph Calasanz, nous travaillons \u00e0 ouvrir des chemins qui m\u00e8nent \u00e0 un monde plus juste, plus fraternel et plus humain.<\/span><\/p>\n<p style=\"text-align: justify;\"><span style=\"font-family: arial, helvetica, sans-serif;\">Objectifs sp\u00e9cifiques de la campagne:<\/span><\/p>\n<ol>\n<li style=\"text-align: justify;\"><span style=\"font-family: arial, helvetica, sans-serif;\">Conna\u00eetre et soutenir le travail \u00e9ducatif, pastoral et transformateur des projets piaristes promus par le r\u00e9seau Itaka-Escolapios dans diff\u00e9rents pays du monde.<\/span><\/li>\n<li style=\"text-align: justify;\"><span style=\"font-family: arial, helvetica, sans-serif;\">Assumer la coresponsabilit\u00e9 de la promotion de la mission piariste dans les projets qui cherchent \u00e0 offrir une \u00e9ducation de qualit\u00e9 et des opportunit\u00e9s aux jeunes et aux enfants en situation de vuln\u00e9rabilit\u00e9.<\/span><\/li>\n<li style=\"text-align: justify;\"><span style=\"font-family: arial, helvetica, sans-serif;\">Contribuer financi\u00e8rement en couvrant une partie des d\u00e9penses qui assurent la viabilit\u00e9 et la durabilit\u00e9 de tous les projets soutenus par Itaka Escolapios.<\/span><\/li>\n<li style=\"text-align: justify;\"><span style=\"font-family: arial, helvetica, sans-serif;\">Int\u00e9grer dans notre proposition \u00e9ducative des strat\u00e9gies qui promeuvent la transformation sociale, conform\u00e9ment aux principes du Pacte mondial pour l&rsquo;\u00e9ducation, en accordant une attention particuli\u00e8re \u00e0 des questions telles que les droits de l&rsquo;enfant, la protection de l&rsquo;environnement et la construction d&rsquo;une \u00e9conomie plus juste et plus solidaire.<\/span><\/li>\n<li style=\"text-align: justify;\"><span style=\"font-family: arial, helvetica, sans-serif;\">Encourager la participation active de la communaut\u00e9 \u00e9ducative aux projets d&rsquo;apprentissage par le service.<\/span><\/li>\n<\/ol>\n<p style=\"text-align: justify;\"><span style=\"font-family: arial, helvetica, sans-serif;\">Ces objectifs nous invitent \u00e0 marcher ensemble et \u00e0 ouvrir des chemins d&rsquo;espoir, o\u00f9 chaque geste de solidarit\u00e9 et chaque action \u00e9ducative devient le meilleur outil pour changer le monde.<\/span><\/p>\n<p>&nbsp;<\/p>\n<p style=\"text-align: center;\"><iframe loading=\"lazy\" title=\"YouTube video player\" src=\"https:\/\/www.youtube.com\/embed\/ffHqeqbNRF8?si=S0z1fl79d-r7YQas\" width=\"100%\" height=\"500\" frameborder=\"0\" allowfullscreen=\"allowfullscreen\" data-mce-fragment=\"1\"><\/iframe><\/p>\n<h1><span style=\"font-size: 16px; font-family: arial, helvetica, sans-serif;\">DESTINATION SOLIDAIRE DE LA CAMPAGNE \u00a0\u00bb OUVRIR DES CHEMINS \u00ab\u00a0<\/span><\/h1>\n<p style=\"text-align: justify;\"><span style=\"font-family: arial, helvetica, sans-serif;\">Depuis le d\u00e9but du r\u00e9seau Itaka-Escolapios, nous avons travaill\u00e9 pour soutenir la mission Piariste dans diff\u00e9rentes parties du monde. Dans le cadre de la campagne \u00ab Ouvrir des chemins \u00bb 2024-2025 de cette ann\u00e9e, les dons recueillis nous permettront de maintenir et d&rsquo;\u00e9largir la port\u00e9e des projets \u00e9ducatifs et sociaux dans divers pays, offrant ainsi l&rsquo;occasion de transformer la vie de nombreuses personnes.<\/span><\/p>\n<p style=\"text-align: justify;\"><span style=\"font-family: arial, helvetica, sans-serif;\">Les fonds r\u00e9colt\u00e9s contribueront aux projets que nous soutenons dans des pays tels que la <strong>RES\u00c9AU<\/strong>do\u00f9 les \u00c9coles Pies continuent d&rsquo;ouvrir des chemins d&rsquo;espoir par le biais de l&rsquo;\u00e9ducation formelle et non formelle. Avec votre aide, nous continuerons \u00e0 offrir une \u00e9ducation de qualit\u00e9, un suivi socio-\u00e9ducatif, des cantines scolaires, des programmes de d\u00e9veloppement durable et un soutien aux groupes les plus vuln\u00e9rables, qu&rsquo;il s&rsquo;agisse d&rsquo;enfants, de jeunes, de personnes \u00e2g\u00e9es&#8230;<\/span><\/p>\n<p style=\"text-align: justify;\"><span style=\"font-family: arial, helvetica, sans-serif;\">Avec votre collaboration, nous contribuons \u00e0 cr\u00e9er un avenir meilleur, plus juste et plus solidaire. Ouvrir des chemins nous invite \u00e0 marcher ensemble vers un monde o\u00f9 l&rsquo;\u00e9ducation est la cl\u00e9 du changement et de la justice sociale.<\/span><\/p>\n<p style=\"text-align: justify;\"><span style=\"font-family: arial, helvetica, sans-serif;\">Vous pouvez d\u00e8s \u00e0 pr\u00e9sent vous rapprocher de certains de ces projets \u00e0 travers les travaux que nous proposons dans chacune des <a href=\"https:\/\/www.educa.itakaescolapios.org\/campanas\/2024-2025-abriendo-caminos\/actividades-carteleria-y-ambientacion\/actividades-para-trabajar\" target=\"_blank\" rel=\"noopener\">ACTIVIT\u00c9S (lien direct)<\/a>,\u00a0ou en consultant toutes les informations incluses dans leurs dossiers:<\/span><\/p>\n<ul>\n<li><a href=\"https:\/\/www.educa.itakaescolapios.org\/wp-content\/uploads\/2025\/02\/TERANGA-2425-FRA.pdf\" target=\"_blank\" rel=\"noopener\"><span style=\"font-family: arial, helvetica, sans-serif;\">Projet Teranga (Pamplona, Espagne)<\/span><\/a><\/li>\n<li><a href=\"https:\/\/www.educa.itakaescolapios.org\/wp-content\/uploads\/2025\/02\/LLUM-2425-FRA.pdf\" target=\"_blank\" rel=\"noopener\"><span style=\"font-family: arial, helvetica, sans-serif;\">Projet Llum (Valence, Espagne)<\/span><\/a><\/li>\n<li><a href=\"https:\/\/www.educa.itakaescolapios.org\/wp-content\/uploads\/2025\/02\/FEMME-2425-FRA.pdf\" target=\"_blank\" rel=\"noopener\"><span style=\"font-family: arial, helvetica, sans-serif;\"><span class=\"OYPEnA font-feature-liga-off font-feature-clig-off font-feature-calt-off text-decoration-none text-strikethrough-none\">Projet de promotion de la femme et de la fille (RD Congo<\/span>)<\/span><\/a><\/li>\n<li><a href=\"https:\/\/www.educa.itakaescolapios.org\/wp-content\/uploads\/2025\/02\/SOURIRES-2425-FRA.pdf\" target=\"_blank\" rel=\"noopener\"><span style=\"font-family: arial, helvetica, sans-serif;\"><span class=\"OYPEnA font-feature-liga-off font-feature-clig-off font-feature-calt-off text-decoration-none text-strikethrough-none\">Sourires d&rsquo;hier et d&rsquo;aujourd&rsquo;hui<\/span> (Venezuela)<\/span><\/a><\/li>\n<\/ul>\n<p>&nbsp;<\/p>\n<h3><span style=\"font-family: arial, helvetica, sans-serif;\"><strong><u><img decoding=\"async\" loading=\"lazy\" class=\"aligncenter\" src=\"https:\/\/www.educa.itakaescolapios.org\/wp-content\/uploads\/2020\/11\/mano-click-verde-en-el-medio-scaled.jpg\" alt=\"\" width=\"20%\" height=\"20%\" \/><\/u><\/strong><\/span><\/h3>\n<p><\/p>","protected":false},"excerpt":{"rendered":"<p>OBJECTIFS DE LA CAMPAGNE 2024-2025 : \u00ab\u00a0OUVRIR DES CHEMINS\u201d Les principaux objectifs de la campagne de cette ann\u00e9e, \u00ab Ouvrir des chemins \u00bb, sont d&rsquo;inviter l&rsquo;ensemble [&hellip;]<\/p>\n","protected":false},"author":7,"featured_media":0,"parent":8543,"menu_order":2,"comment_status":"closed","ping_status":"closed","template":"","meta":[],"acf":[],"_links":{"self":[{"href":"https:\/\/www.educa.itakaescolapios.org\/fr\/wp-json\/wp\/v2\/pages\/8551"}],"collection":[{"href":"https:\/\/www.educa.itakaescolapios.org\/fr\/wp-json\/wp\/v2\/pages"}],"about":[{"href":"https:\/\/www.educa.itakaescolapios.org\/fr\/wp-json\/wp\/v2\/types\/page"}],"author":[{"embeddable":true,"href":"https:\/\/www.educa.itakaescolapios.org\/fr\/wp-json\/wp\/v2\/users\/7"}],"replies":[{"embeddable":true,"href":"https:\/\/www.educa.itakaescolapios.org\/fr\/wp-json\/wp\/v2\/comments?post=8551"}],"version-history":[{"count":37,"href":"https:\/\/www.educa.itakaescolapios.org\/fr\/wp-json\/wp\/v2\/pages\/8551\/revisions"}],"predecessor-version":[{"id":8867,"href":"https:\/\/www.educa.itakaescolapios.org\/fr\/wp-json\/wp\/v2\/pages\/8551\/revisions\/8867"}],"up":[{"embeddable":true,"href":"https:\/\/www.educa.itakaescolapios.org\/fr\/wp-json\/wp\/v2\/pages\/8543"}],"wp:attachment":[{"href":"https:\/\/www.educa.itakaescolapios.org\/fr\/wp-json\/wp\/v2\/media?parent=8551"}],"curies":[{"name":"wp","href":"https:\/\/api.w.org\/{rel}","templated":true}]}}