{"id":8553,"date":"2024-11-14T16:25:09","date_gmt":"2024-11-14T15:25:09","guid":{"rendered":"https:\/\/www.educa.itakaescolapios.org\/?page_id=8553"},"modified":"2025-02-26T17:20:52","modified_gmt":"2025-02-26T16:20:52","slug":"metodologia-de-la-campana","status":"publish","type":"page","link":"https:\/\/www.educa.itakaescolapios.org\/fr\/campanas\/2024-2025-abriendo-caminos\/metodologia-de-la-campana","title":{"rendered":"M\u00c9THODOLOGIE"},"content":{"rendered":"<p><strong>M\u00c9THODOLOGIE \u00ab\u00a0OUVRIR DES CHEMINS\u00a0\u00bb<\/strong><\/p>\n<p style=\"text-align: justify;\">Bienvenue une fois de plus \u00e0 la campagne de solidarit\u00e9 Itaka-Escolapios qui, sous le slogan \u00ab Ouvrir des chemins \u00bb, cherche \u00e0 nous impliquer dans un processus d&rsquo;apprentissage et de transformation sociale, o\u00f9 nous pouvons devenir des agents de changement.<\/p>\n<p style=\"text-align: justify;\">Dans le domaine de l&rsquo;\u00e9ducation formelle, nous poursuivons cette ann\u00e9e notre engagement en faveur de la m\u00e9thodologie Service-Learning (SL), o\u00f9 le travail sur des projets interdisciplinaires nous permettra d&rsquo;appliquer ce que nous apprenons en classe pour am\u00e9liorer notre environnement. Cette approche nous passionne car elle favorise la participation active de chacun dans des activit\u00e9s qui promeuvent des valeurs telles que la solidarit\u00e9, l&rsquo;engagement et la justice sociale.<\/p>\n<p style=\"text-align: justify;\">Les diff\u00e9rentes missions propos\u00e9es seront travaill\u00e9es par groupes d&rsquo;\u00e2ge, en adaptant les contenus et les activit\u00e9s aux diff\u00e9rentes \u00e9tapes \u00e9ducatives et en nous permettant de conna\u00eetre certains des projets piaristes et de nous engager pour des causes r\u00e9elles. Gr\u00e2ce aux activit\u00e9s propos\u00e9es, nous aurons l&rsquo;occasion d&rsquo;aborder des th\u00e8mes tels que la d\u00e9fense des droits de l&rsquo;enfant ou l&rsquo;interculturalit\u00e9, entre autres.<\/p>\n<p style=\"text-align: justify;\">Les diff\u00e9rents th\u00e8mes abord\u00e9s par groupe d&rsquo;\u00e2ge sont pr\u00e9sent\u00e9s ci-dessous :<\/p>\n<p><strong><img decoding=\"async\" loading=\"lazy\" class=\" wp-image-8595 alignleft\" src=\"https:\/\/www.educa.itakaescolapios.org\/wp-content\/uploads\/2024\/11\/Calasanz-mochila-140x300.png\" alt=\"\" width=\"222\" height=\"476\" srcset=\"https:\/\/www.educa.itakaescolapios.org\/wp-content\/uploads\/2024\/11\/Calasanz-mochila-140x300.png 140w, https:\/\/www.educa.itakaescolapios.org\/wp-content\/uploads\/2024\/11\/Calasanz-mochila-478x1024.png 478w, https:\/\/www.educa.itakaescolapios.org\/wp-content\/uploads\/2024\/11\/Calasanz-mochila-250x536.png 250w, https:\/\/www.educa.itakaescolapios.org\/wp-content\/uploads\/2024\/11\/Calasanz-mochila.png 674w\" sizes=\"(max-width: 222px) 100vw, 222px\" \/><\/strong><\/p>\n<p><b>\u00a0<\/b><\/p>\n<table style=\"height: 397px; width: 52.6849%;\">\n<tbody>\n<tr style=\"height: 56px;\">\n<td style=\"height: 56px; width: 17.8715%;\" width=\"85\"><strong>L&rsquo;\u00e2ge<\/strong><\/td>\n<td style=\"height: 56px; width: 84.1365%;\" width=\"397\"><strong>Th\u00e8me<\/strong><\/td>\n<\/tr>\n<tr style=\"height: 56px;\">\n<td style=\"height: 56px; width: 17.8715%;\" width=\"85\"><strong>3 &#8211; 5<\/strong><\/td>\n<td style=\"height: 56px; width: 84.1365%;\" width=\"397\">EDUCATION EMOTIONNELLE<\/td>\n<\/tr>\n<tr style=\"height: 56px;\">\n<td style=\"height: 56px; width: 17.8715%;\" width=\"85\"><strong>6 &#8211; 8<\/strong><\/td>\n<td style=\"height: 56px; width: 84.1365%;\" width=\"397\">INTERCULTURALITE<\/td>\n<\/tr>\n<tr style=\"height: 56px;\">\n<td style=\"height: 56px; width: 17.8715%;\" width=\"85\"><strong>8 &#8211; 10<\/strong><\/td>\n<td style=\"height: 56px; width: 84.1365%;\" width=\"397\">L&rsquo;ENVIRONNEMENT. PRENDRE SOIN DE NOTRE MAISON COMMUNE.<\/td>\n<\/tr>\n<tr style=\"height: 56px;\">\n<td style=\"height: 56px; width: 17.8715%;\" width=\"85\"><strong>10 &#8211; 12<\/strong><\/td>\n<td style=\"height: 56px; width: 84.1365%;\" width=\"397\">DEFENSE DES DROITS DE L&rsquo;HOMME.<\/td>\n<\/tr>\n<tr style=\"height: 56px;\">\n<td style=\"height: 56px; width: 17.8715%;\" width=\"85\"><strong>12 &#8211; 15<\/strong><\/td>\n<td style=\"height: 56px; width: 84.1365%;\" width=\"397\">L&rsquo;ART COMME OUTIL DE TRANSFORMATION SOCIALE.<\/td>\n<\/tr>\n<tr style=\"height: 56px;\">\n<td style=\"height: 56px; width: 17.8715%;\" width=\"85\"><strong>15 &#8211; 18<\/strong><\/td>\n<td style=\"height: 56px; width: 84.1365%;\" width=\"397\">LE ROLE DES FEMMES AUJOURD&rsquo;HUI.<\/td>\n<\/tr>\n<\/tbody>\n<\/table>\n<p><strong>\u00a0<\/strong><\/p>\n<p>&nbsp;<\/p>\n<p style=\"text-align: justify;\">Nous approfondirons \u00e9galement ces th\u00e8mes \u00e0 partir du mouvement Calasanz et des propositions de pri\u00e8re.<\/p>\n<p style=\"text-align: justify;\">N&rsquo;oubliez pas que la cl\u00e9 du succ\u00e8s de cette campagne r\u00e9side dans la pr\u00e9paration minutieuse de chaque activit\u00e9. Pour ce faire, nous mettons \u00e0 votre disposition une grande vari\u00e9t\u00e9 de ressources : activit\u00e9s de sensibilisation, fiches de projet, vid\u00e9os, chansons, etc. Nous vous invitons \u00e0 parcourir le site web et \u00e0 d\u00e9couvrir toutes les propositions de la main de Calasanz.<\/p>\n<p style=\"text-align: justify;\">Ensemble, ouvrons des chemins d&rsquo;espoir et construisons un avenir meilleur, plein de solidarit\u00e9, de justice et de d\u00e9termination.<\/p>\n<p><\/p>","protected":false},"excerpt":{"rendered":"<p>M\u00c9THODOLOGIE \u00ab\u00a0OUVRIR DES CHEMINS\u00a0\u00bb Bienvenue une fois de plus \u00e0 la campagne de solidarit\u00e9 Itaka-Escolapios qui, sous le slogan \u00ab Ouvrir des chemins \u00bb, cherche \u00e0 [&hellip;]<\/p>\n","protected":false},"author":7,"featured_media":0,"parent":8543,"menu_order":3,"comment_status":"closed","ping_status":"closed","template":"","meta":[],"acf":[],"_links":{"self":[{"href":"https:\/\/www.educa.itakaescolapios.org\/fr\/wp-json\/wp\/v2\/pages\/8553"}],"collection":[{"href":"https:\/\/www.educa.itakaescolapios.org\/fr\/wp-json\/wp\/v2\/pages"}],"about":[{"href":"https:\/\/www.educa.itakaescolapios.org\/fr\/wp-json\/wp\/v2\/types\/page"}],"author":[{"embeddable":true,"href":"https:\/\/www.educa.itakaescolapios.org\/fr\/wp-json\/wp\/v2\/users\/7"}],"replies":[{"embeddable":true,"href":"https:\/\/www.educa.itakaescolapios.org\/fr\/wp-json\/wp\/v2\/comments?post=8553"}],"version-history":[{"count":20,"href":"https:\/\/www.educa.itakaescolapios.org\/fr\/wp-json\/wp\/v2\/pages\/8553\/revisions"}],"predecessor-version":[{"id":8891,"href":"https:\/\/www.educa.itakaescolapios.org\/fr\/wp-json\/wp\/v2\/pages\/8553\/revisions\/8891"}],"up":[{"embeddable":true,"href":"https:\/\/www.educa.itakaescolapios.org\/fr\/wp-json\/wp\/v2\/pages\/8543"}],"wp:attachment":[{"href":"https:\/\/www.educa.itakaescolapios.org\/fr\/wp-json\/wp\/v2\/media?parent=8553"}],"curies":[{"name":"wp","href":"https:\/\/api.w.org\/{rel}","templated":true}]}}