{"id":8555,"date":"2024-11-14T16:25:48","date_gmt":"2024-11-14T15:25:48","guid":{"rendered":"https:\/\/www.educa.itakaescolapios.org\/?page_id=8555"},"modified":"2025-03-11T09:18:43","modified_gmt":"2025-03-11T08:18:43","slug":"actividades-carteleria-y-ambientacion","status":"publish","type":"page","link":"https:\/\/www.educa.itakaescolapios.org\/fr\/campanas\/2024-2025-abriendo-caminos\/actividades-carteleria-y-ambientacion","title":{"rendered":"Activit\u00e9s, carterie et environnement"},"content":{"rendered":"<p><\/p>\n<p lang=\"en-US\" style=\"text-align: justify;\" align=\"CENTER\">Que vous ayez d\u00e9j\u00e0 de l&rsquo;exp\u00e9rience ou que vous d\u00e9butiez, nous devons nous rappeler que la cl\u00e9 du succ\u00e8s est l&rsquo;amour, l&rsquo;enthousiasme et le d\u00e9vouement dans la pr\u00e9paration de la campagne de solidarit\u00e9. Pour cela, <strong>il est important que vous connaissiez toutes les ressources que nous vous offrons\u00a0<\/strong> vous trouverez donc ci-dessous une liste compl\u00e8te de toutes ces ressources.<\/p>\n<p lang=\"en-US\" style=\"text-align: justify;\" align=\"CENTER\">Nous vous invitons \u00e0 naviguer et \u00e0 d\u00e9couvrir toutes les propositions de la main de notre cher \u00e9quipage d&rsquo;Itaka-Escolapios, dont le capitaine est Calasanz (tous les contenus sont list\u00e9s ci-dessous avec leurs liens directs).<\/p>\n<p lang=\"en-US\" align=\"CENTER\"><img decoding=\"async\" loading=\"lazy\" class=\"alignright\" src=\"https:\/\/www.educa.itakaescolapios.org\/wp-content\/uploads\/2023\/11\/SUKAL_ALPHA-731x1024-11.png\" alt=\"\" width=\"312\" height=\"437\" \/><\/p>\n<ol>\n<li lang=\"en-US\"><a href=\"https:\/\/www.educa.itakaescolapios.org\/wp-content\/uploads\/2025\/02\/Todas-las-fichas25-FRA.pdf\" target=\"_blank\" rel=\"noopener\">Fiches de projet.<\/a><\/li>\n<li>Pr\u00e9sentation \u00e0 l&rsquo;\u00e9quipe \u00e9ducative.<\/li>\n<li lang=\"en-US\"><a href=\"https:\/\/www.educa.itakaescolapios.org\/campanas\/2024-2025-abriendo-caminos\/actividades-carteleria-y-ambientacion\/actividades-para-trabajar\" target=\"_blank\" rel=\"noopener\">Activit\u00e9s \u00e0 r\u00e9aliser.<\/a><\/li>\n<li lang=\"en-US\"><a href=\"https:\/\/www.educa.itakaescolapios.org\/wp-content\/uploads\/2025\/02\/CARTEL-2425-FRA-scaled.jpg\" target=\"_blank\" rel=\"noopener\">Affiche de campagne<\/a>.<\/li>\n<li lang=\"en-US\">Affiche de remerciement (<a href=\"https:\/\/www.educa.itakaescolapios.org\/wp-content\/uploads\/2025\/02\/CARTEL-GRACIAS-xaf-FRA-scaled.jpg\" target=\"_blank\" rel=\"noopener\">xaf<\/a>\/ <a href=\"https:\/\/www.educa.itakaescolapios.org\/wp-content\/uploads\/2025\/02\/CARTEL-GRACIAS-xof-FRA-scaled.jpg\" target=\"_blank\" rel=\"noopener\">xof<\/a> \/ <a href=\"https:\/\/www.educa.itakaescolapios.org\/wp-content\/uploads\/2025\/02\/CARTEL-GRACIAS-usd-FRA-scaled.jpg\" target=\"_blank\" rel=\"noopener\">usd<\/a>\u00a0)<\/li>\n<li lang=\"en-US\"><a href=\"https:\/\/www.educa.itakaescolapios.org\/wp-content\/uploads\/2025\/02\/LOGO-ITAKA-2425-FRA.png\" target=\"_blank\" rel=\"noopener\">Logo<\/a><\/li>\n<li lang=\"en-US\"><a href=\"https:\/\/youtu.be\/ffHqeqbNRF8\" target=\"_blank\" rel=\"noopener\">Vid\u00e9o pr\u00e9sentation slogan<\/a> (activer les sous-titres)<\/li>\n<li lang=\"en-US\"><a href=\"https:\/\/www.youtube.com\/watch?v=LddUGU70S-k\" target=\"_blank\" rel=\"noopener\">Vid\u00e9o promotionnelle<\/a><\/li>\n<li lang=\"en-US\"><a href=\"https:\/\/www.educa.itakaescolapios.org\/wp-content\/uploads\/2024\/11\/Calasanz.png\">Calasanz<\/a> et son sac \u00e0 dos (<a href=\"https:\/\/www.educa.itakaescolapios.org\/wp-content\/uploads\/2024\/11\/BRUJULA-ITAKA.png\">boussole<\/a>, <a href=\"https:\/\/www.educa.itakaescolapios.org\/wp-content\/uploads\/2024\/11\/BOTELLA-DE-AGUA-ITAKA.png\">bouteille<\/a>, <a href=\"https:\/\/www.educa.itakaescolapios.org\/wp-content\/uploads\/2024\/11\/LIBRO-ITAKA.png\">livre<\/a>, <a href=\"https:\/\/www.educa.itakaescolapios.org\/wp-content\/uploads\/2024\/11\/CORAZON-ITAKA.png\">c\u0153ur<\/a>)<\/li>\n<\/ol>\n<h3><strong><u><img decoding=\"async\" loading=\"lazy\" class=\"aligncenter\" src=\"https:\/\/www.educa.itakaescolapios.org\/wp-content\/uploads\/2020\/11\/mano-click-verde-en-el-medio-scaled.jpg\" alt=\"\" width=\"20%\" height=\"20%\" \/><\/u><\/strong><\/h3>\n<p>&nbsp;<\/p>\n<p><img decoding=\"async\" loading=\"lazy\" class=\"aligncenter\" src=\"https:\/\/www.educa.itakaescolapios.org\/wp-content\/uploads\/2025\/02\/CARTEL-2425-FRA-scaled.jpg\" alt=\"\" width=\"100%\" height=\"100%\" \/><\/p>\n<p>&nbsp;<\/p>\n<p>&nbsp;<\/p>","protected":false},"excerpt":{"rendered":"<p>Que vous ayez d\u00e9j\u00e0 de l&rsquo;exp\u00e9rience ou que vous d\u00e9butiez, nous devons nous rappeler que la cl\u00e9 du succ\u00e8s est l&rsquo;amour, l&rsquo;enthousiasme et le d\u00e9vouement dans [&hellip;]<\/p>\n","protected":false},"author":7,"featured_media":0,"parent":8543,"menu_order":4,"comment_status":"closed","ping_status":"closed","template":"","meta":[],"acf":[],"_links":{"self":[{"href":"https:\/\/www.educa.itakaescolapios.org\/fr\/wp-json\/wp\/v2\/pages\/8555"}],"collection":[{"href":"https:\/\/www.educa.itakaescolapios.org\/fr\/wp-json\/wp\/v2\/pages"}],"about":[{"href":"https:\/\/www.educa.itakaescolapios.org\/fr\/wp-json\/wp\/v2\/types\/page"}],"author":[{"embeddable":true,"href":"https:\/\/www.educa.itakaescolapios.org\/fr\/wp-json\/wp\/v2\/users\/7"}],"replies":[{"embeddable":true,"href":"https:\/\/www.educa.itakaescolapios.org\/fr\/wp-json\/wp\/v2\/comments?post=8555"}],"version-history":[{"count":30,"href":"https:\/\/www.educa.itakaescolapios.org\/fr\/wp-json\/wp\/v2\/pages\/8555\/revisions"}],"predecessor-version":[{"id":8927,"href":"https:\/\/www.educa.itakaescolapios.org\/fr\/wp-json\/wp\/v2\/pages\/8555\/revisions\/8927"}],"up":[{"embeddable":true,"href":"https:\/\/www.educa.itakaescolapios.org\/fr\/wp-json\/wp\/v2\/pages\/8543"}],"wp:attachment":[{"href":"https:\/\/www.educa.itakaescolapios.org\/fr\/wp-json\/wp\/v2\/media?parent=8555"}],"curies":[{"name":"wp","href":"https:\/\/api.w.org\/{rel}","templated":true}]}}