{"id":8561,"date":"2024-11-14T16:29:58","date_gmt":"2024-11-14T15:29:58","guid":{"rendered":"https:\/\/www.educa.itakaescolapios.org\/?page_id=8561"},"modified":"2025-12-10T12:08:00","modified_gmt":"2025-12-10T11:08:00","slug":"evaluacion","status":"publish","type":"page","link":"https:\/\/www.educa.itakaescolapios.org\/fr\/campanas\/2024-2025-abriendo-caminos\/evaluacion","title":{"rendered":"\u00c9valuation"},"content":{"rendered":"<p><\/p>\n<p style=\"text-align: justify;\"><span style=\"font-family: arial, helvetica, sans-serif;\">Nous souhaitons savoir comment la campagne de solidarit\u00e9 s\u2019est d\u00e9roul\u00e9e dans votre centre. Le fait de savoir quelles missions et activit\u00e9s vous avez men\u00e9es et comment elles ont fonctionn\u00e9 nous aidera \u00e0 promouvoir de meilleures campagnes \u00e0 l\u2019avenir.<\/span><\/p>\n<p style=\"text-align: justify;\"><span style=\"font-family: arial, helvetica, sans-serif;\">Pour ce faire, nous disposons d\u2019un formulaire en ligne. Chaque centre participant doit remplir un formulaire. Contactez <a href=\"mailto:educa@itakaescolapios.org\" target=\"_blank\" rel=\"noopener noreferrer\">educa@itakaescolapios.org<\/a> et nous vous fournirons le lien pour r\u00e9pondre<\/span><\/p>\n<p><\/p>","protected":false},"excerpt":{"rendered":"<p>Nous souhaitons savoir comment la campagne de solidarit\u00e9 s\u2019est d\u00e9roul\u00e9e dans votre centre. Le fait de savoir quelles missions et activit\u00e9s vous avez men\u00e9es et comment [&hellip;]<\/p>\n","protected":false},"author":7,"featured_media":0,"parent":8543,"menu_order":6,"comment_status":"closed","ping_status":"closed","template":"","meta":[],"acf":[],"_links":{"self":[{"href":"https:\/\/www.educa.itakaescolapios.org\/fr\/wp-json\/wp\/v2\/pages\/8561"}],"collection":[{"href":"https:\/\/www.educa.itakaescolapios.org\/fr\/wp-json\/wp\/v2\/pages"}],"about":[{"href":"https:\/\/www.educa.itakaescolapios.org\/fr\/wp-json\/wp\/v2\/types\/page"}],"author":[{"embeddable":true,"href":"https:\/\/www.educa.itakaescolapios.org\/fr\/wp-json\/wp\/v2\/users\/7"}],"replies":[{"embeddable":true,"href":"https:\/\/www.educa.itakaescolapios.org\/fr\/wp-json\/wp\/v2\/comments?post=8561"}],"version-history":[{"count":3,"href":"https:\/\/www.educa.itakaescolapios.org\/fr\/wp-json\/wp\/v2\/pages\/8561\/revisions"}],"predecessor-version":[{"id":9231,"href":"https:\/\/www.educa.itakaescolapios.org\/fr\/wp-json\/wp\/v2\/pages\/8561\/revisions\/9231"}],"up":[{"embeddable":true,"href":"https:\/\/www.educa.itakaescolapios.org\/fr\/wp-json\/wp\/v2\/pages\/8543"}],"wp:attachment":[{"href":"https:\/\/www.educa.itakaescolapios.org\/fr\/wp-json\/wp\/v2\/media?parent=8561"}],"curies":[{"name":"wp","href":"https:\/\/api.w.org\/{rel}","templated":true}]}}