{"id":1420,"date":"2018-11-28T13:11:06","date_gmt":"2018-11-28T12:11:06","guid":{"rendered":"http:\/\/www.educa.itakaescolapios.org\/?page_id=1420"},"modified":"2024-06-19T10:40:50","modified_gmt":"2024-06-19T08:40:50","slug":"centro-educa","status":"publish","type":"page","link":"https:\/\/www.educa.itakaescolapios.org\/it\/centro-educa","title":{"rendered":"Come diventare un centro EDUCA"},"content":{"rendered":"<p>Educa \u00e8 una rete di istituti educativi per la trasformazione sociale.<br \/>\nQuesti centri vogliono diventare luoghi coinvolti nella costruzione di un mondo pi\u00f9 giusto e solidario. Tutto ci\u00f2 attraverso la condivisione di risorse didattiche, campagne tematiche e attivit\u00e0 di Apprendimento e Servizio.<\/p>\n<p>Perch\u00e9 un istituto entri a far parte di Educa la decisione deve essere presa da tutta la comunit\u00e0 educativa e comunicata in modo esplicito dalla direzione.<br \/>\nNel documento di adesione sono presenti informazioni utili per capire meglio cosa significa aderire a questa rete. Mettiti in contatto con <a href=\"mailto:educa@itakaescolapios.org\">educa@itakaescolapios.org<\/a> per ulteriori chiarimenti e per maggiori informazioni.<\/p>\n<p class=\"western\"><span style=\"font-family: Calibri, serif;\"><span style=\"font-size: medium;\"><br \/>\n<\/span><\/span>Scarica il documento:\u00a0 <a href=\"https:\/\/www.educa.itakaescolapios.org\/wp-content\/uploads\/2024\/06\/ITA_Adhesion_Compromiso_ITA.pdf\" target=\"_blank\" rel=\"noopener noreferrer\">Adhesion Compromiso Educa.itakaescolapios.<\/a><span style=\"font-family: Calibri, serif;\"><span style=\"font-size: medium;\"><br \/>\n<\/span><\/span><\/p>\n<p><\/p>","protected":false},"excerpt":{"rendered":"<p>Educa \u00e8 una rete di istituti educativi per la trasformazione sociale. Questi centri vogliono diventare luoghi coinvolti nella costruzione di un mondo pi\u00f9 giusto e solidario. [&hellip;]<\/p>\n","protected":false},"author":1,"featured_media":0,"parent":0,"menu_order":5,"comment_status":"closed","ping_status":"closed","template":"","meta":[],"acf":[],"_links":{"self":[{"href":"https:\/\/www.educa.itakaescolapios.org\/it\/wp-json\/wp\/v2\/pages\/1420"}],"collection":[{"href":"https:\/\/www.educa.itakaescolapios.org\/it\/wp-json\/wp\/v2\/pages"}],"about":[{"href":"https:\/\/www.educa.itakaescolapios.org\/it\/wp-json\/wp\/v2\/types\/page"}],"author":[{"embeddable":true,"href":"https:\/\/www.educa.itakaescolapios.org\/it\/wp-json\/wp\/v2\/users\/1"}],"replies":[{"embeddable":true,"href":"https:\/\/www.educa.itakaescolapios.org\/it\/wp-json\/wp\/v2\/comments?post=1420"}],"version-history":[{"count":88,"href":"https:\/\/www.educa.itakaescolapios.org\/it\/wp-json\/wp\/v2\/pages\/1420\/revisions"}],"predecessor-version":[{"id":8497,"href":"https:\/\/www.educa.itakaescolapios.org\/it\/wp-json\/wp\/v2\/pages\/1420\/revisions\/8497"}],"wp:attachment":[{"href":"https:\/\/www.educa.itakaescolapios.org\/it\/wp-json\/wp\/v2\/media?parent=1420"}],"curies":[{"name":"wp","href":"https:\/\/api.w.org\/{rel}","templated":true}]}}