{"id":1539,"date":"2018-12-12T17:50:06","date_gmt":"2018-12-12T16:50:06","guid":{"rendered":"http:\/\/www.educa.itakaescolapios.org\/?page_id=1539"},"modified":"2018-12-12T17:54:29","modified_gmt":"2018-12-12T16:54:29","slug":"estamos-por-la-paz","status":"publish","type":"page","link":"https:\/\/www.educa.itakaescolapios.org\/it\/semanas-de-la-paz\/2013-2014-semana-de-la-paz\/estamos-por-la-paz","title":{"rendered":"Estamos por la paz"},"content":{"rendered":"<p class=\"qtranxs-available-languages-message qtranxs-available-languages-message-it\">Ci spiace, ma questo articolo \u00e8 disponibile soltanto in <a href=\"https:\/\/www.educa.itakaescolapios.org\/es\/wp-json\/wp\/v2\/pages\/1539\" class=\"qtranxs-available-language-link qtranxs-available-language-link-es\" title=\"Espa\u00f1ol\">Spagnolo Europeo<\/a>.<\/p><p><\/p>\n<p><img decoding=\"async\" loading=\"lazy\" class=\"wp-image-1548 size-full alignnone\" src=\"http:\/\/www.educa.itakaescolapios.org\/wp-content\/uploads\/2018\/12\/Banner-paz-para-web.jpg\" alt=\"\" width=\"820\" height=\"386\" srcset=\"https:\/\/www.educa.itakaescolapios.org\/wp-content\/uploads\/2018\/12\/Banner-paz-para-web.jpg 820w, https:\/\/www.educa.itakaescolapios.org\/wp-content\/uploads\/2018\/12\/Banner-paz-para-web-300x141.jpg 300w, https:\/\/www.educa.itakaescolapios.org\/wp-content\/uploads\/2018\/12\/Banner-paz-para-web-768x362.jpg 768w, https:\/\/www.educa.itakaescolapios.org\/wp-content\/uploads\/2018\/12\/Banner-paz-para-web-250x118.jpg 250w\" sizes=\"(max-width: 820px) 100vw, 820px\" \/><\/p>\n<p>Desde Itaka Escolapios se propone una campa\u00f1a para celebrar el D\u00eda Escolar de la No-violencia y la Paz en 2014, cuyo principal objetivo es <b><i>concienciar al alumnado, profesorado y familias que, <\/i><\/b><b><i>a partir de peque\u00f1os gestos positivos, pueden cambiar las cosas y construir as\u00ed entre todos, una cultura y realidad de paz<\/i><\/b>.<\/p>\n<p>Creemos en la frase de Eduardo Galeano: <i>\u201cMucha gente peque\u00f1a, en lugares peque\u00f1os, haciendo peque\u00f1as cosas, puede cambiar el mundo\u201d<\/i>, y sobre todo, queremos que los ni\u00f1os y las ni\u00f1as de nuestra ciudad crean en ello y crezcan con la confianza de que su implicaci\u00f3n y activismo social son importantes y efectivos.<\/p>\n<p>Para transmitir el mensaje de que todos somos capaces de lograr grandes avances en esta loable tarea, hemos dise\u00f1ado una campa\u00f1a centrada en una pandilla de superh\u00e9roes,<i>\u00a0los PORTI<\/i>, todos ellos dotados de\u00a0<i>s\u00faper poderes<\/i>\u00a0tan valiosos como la empat\u00eda, la alegr\u00eda, el conocimiento, la piedad, y la denuncia. Superh\u00e9roes a los que nos uniremos en el trabajo por la paz, la justicia y la solidaridad, porque todos tenemos poderosos dones que poner al servicio de la sociedad, porque todos Estamos por la Paz.<\/p>\n<p>Ellos nos guiar\u00e1n a trav\u00e9s de acciones globales y din\u00e1micas para el aula, promocionando la autoestima de nuestros alumnos\/as, para que ellos mismos descubran que tienen un gran poder que pueden poner al servicio de los dem\u00e1s (sus compa\u00f1eros, sus padres, y cualquier otro que pueda necesitarlo).<\/p>\n<p>Para el trabajo con los alumnos, se propone as\u00ed un MANUAL en el que a trav\u00e9s de din\u00e1micas y propuestas educativas trabajaremos la sensibilizaci\u00f3n en el aula, desde 1\u00ba de Infantil hasta 1\u00ba de Bachiller. Y para la celebraci\u00f3n del acto principal de la campa\u00f1a, un examen final en el que obtendr\u00e1n su diploma como s\u00faper defensores de la paz demostrando que pueden ejercer de superh\u00e9roe sembrando justicia y esperanza all\u00e1 donde vayan.<\/p>\n<p><strong>\u00a0<\/strong><b><i><strong>Nuestros h\u00e9roes<\/strong> <\/i><\/b><\/p>\n<p>\u201cLOS PORTI\u201d son una pandilla de 5 superh\u00e9roes que viajan alrededor del mundo en su mano voladora, para ense\u00f1ar a todos los ni\u00f1os y ni\u00f1as que las personas tenemos un poder dentro de nosotros, que debemos encontrarlo y ponerlo al servicio de los dem\u00e1s.<\/p>\n<p><b><i><a href=\"http:\/\/www.educa.itakaescolapios.org\/wp-content\/uploads\/2018\/12\/VOYAGE.pdf\">VOYAGE<\/a> <\/i><\/b><i>(\u201cviaje\u201d en franc\u00e9s)<\/i><b>\u00a0<\/b>es la superh\u00e9roe aventurera, le encanta conocer diferentes lugares y hacer nuevos amigos. Tiene el poder de transmitir y denunciar todo lo ve a trav\u00e9s de su fotos, por eso siempre le acompa\u00f1a su c\u00e1mara. Cuando viaja participa de la vida de las ciudades, sus fiestas, tradiciones, habla con sus gentes\u2026 para as\u00ed poder contarlo.<\/p>\n<p><em><strong><a href=\"http:\/\/www.educa.itakaescolapios.org\/wp-content\/uploads\/2018\/12\/ERRUKI.pdf\">ERRUKI<\/a><\/strong><\/em><i>(\u201cpiedad\u201d en euskera)\u00a0<\/i>es la superh\u00e9roe luminosa, cuando ve a alguien triste o preocupado es capaz de llenarle de esperanza. Su poder est\u00e1 en su farolillo ya que con \u00e9l puede poner luz d\u00f3nde hay oscuridad.<\/p>\n<p><b><i><a href=\"http:\/\/www.educa.itakaescolapios.org\/wp-content\/uploads\/2018\/12\/JOY.pdf\">JOY<\/a> <\/i><\/b><i>(\u201calegr\u00eda\u201d en ingl\u00e9s)<\/i><b>\u00a0<\/b>es el superh\u00e9roe \u201cbuenrollero\u201d, siempre va con una gran sonrisa, transmitiendo alegr\u00eda. Para \u00e9l todo tiene un lado positivo. Le encanta jugar y ense\u00f1ar a la gente a divertirse. Tiene el poder de contagiar sonrisas.<\/p>\n<p><i><a href=\"http:\/\/www.educa.itakaescolapios.org\/wp-content\/uploads\/2018\/12\/CAP.pdf\"><strong>CAP<\/strong><\/a>(\u201ccabeza\u201d en valenciano)\u00a0es el superh\u00e9roe m\u00e1s veterano, el sabio, el que ante cualquier duda todos acuden a \u00e9l, porque todo su conocimiento est\u00e1 al servicio de los dem\u00e1s. Es bajito con unas gafas grandes que tienen el poder de retener todo lo que observa y lee.<\/i><\/p>\n<p><em><b><a href=\"http:\/\/www.educa.itakaescolapios.org\/wp-content\/uploads\/2018\/12\/TROCCO.pdf\">TROCCO<\/a> <\/b><\/em><i>(\u201ccambio\u201d en portugu\u00e9s)<\/i>\u00a0es el superh\u00e9roe m\u00e1s peque\u00f1o. El emp\u00e1tico que sabe ponerse en el lugar del otro. Su\u00a0 \u00a0poder est\u00e1 en sus o\u00eddos. Siempre va con su tel\u00e9fono de juguete para escuchar a todo aqu\u00e9l que quiera ser escuchado. Para \u00e9l, el saber escuchar le permite conocer y entender a los dem\u00e1s.<\/p>\n<p><\/p>","protected":false},"excerpt":{"rendered":"<p>Ci spiace, ma questo articolo \u00e8 disponibile soltanto in Spagnolo Europeo. Desde Itaka Escolapios se propone una campa\u00f1a para celebrar el D\u00eda Escolar de la No-violencia [&hellip;]<\/p>\n","protected":false},"author":1,"featured_media":0,"parent":717,"menu_order":0,"comment_status":"closed","ping_status":"closed","template":"","meta":[],"acf":[],"_links":{"self":[{"href":"https:\/\/www.educa.itakaescolapios.org\/it\/wp-json\/wp\/v2\/pages\/1539"}],"collection":[{"href":"https:\/\/www.educa.itakaescolapios.org\/it\/wp-json\/wp\/v2\/pages"}],"about":[{"href":"https:\/\/www.educa.itakaescolapios.org\/it\/wp-json\/wp\/v2\/types\/page"}],"author":[{"embeddable":true,"href":"https:\/\/www.educa.itakaescolapios.org\/it\/wp-json\/wp\/v2\/users\/1"}],"replies":[{"embeddable":true,"href":"https:\/\/www.educa.itakaescolapios.org\/it\/wp-json\/wp\/v2\/comments?post=1539"}],"version-history":[{"count":4,"href":"https:\/\/www.educa.itakaescolapios.org\/it\/wp-json\/wp\/v2\/pages\/1539\/revisions"}],"predecessor-version":[{"id":1549,"href":"https:\/\/www.educa.itakaescolapios.org\/it\/wp-json\/wp\/v2\/pages\/1539\/revisions\/1549"}],"up":[{"embeddable":true,"href":"https:\/\/www.educa.itakaescolapios.org\/it\/wp-json\/wp\/v2\/pages\/717"}],"wp:attachment":[{"href":"https:\/\/www.educa.itakaescolapios.org\/it\/wp-json\/wp\/v2\/media?parent=1539"}],"curies":[{"name":"wp","href":"https:\/\/api.w.org\/{rel}","templated":true}]}}