{"id":1681,"date":"2018-12-13T11:55:43","date_gmt":"2018-12-13T10:55:43","guid":{"rendered":"http:\/\/www.educa.itakaescolapios.org\/?page_id=1681"},"modified":"2018-12-13T12:04:37","modified_gmt":"2018-12-13T11:04:37","slug":"carteleria-y-otros-recursos","status":"publish","type":"page","link":"https:\/\/www.educa.itakaescolapios.org\/it\/semanas-de-la-paz\/2016-2017-semana-de-la-paz\/carteleria-y-otros-recursos","title":{"rendered":"CARTELER\u00cdA Y OTROS RECURSOS"},"content":{"rendered":"<p class=\"qtranxs-available-languages-message qtranxs-available-languages-message-it\">Ci spiace, ma questo articolo \u00e8 disponibile soltanto in <a href=\"https:\/\/www.educa.itakaescolapios.org\/es\/wp-json\/wp\/v2\/pages\/1681\" class=\"qtranxs-available-language-link qtranxs-available-language-link-es\" title=\"Espa\u00f1ol\">Spagnolo Europeo<\/a>.<\/p><p><\/p>\n<p>Ay\u00fadanos difundiendo nuestros materiales educaci\u00f3n en valores:<\/p>\n<p>1. <strong>Enlazando nuestra p\u00e1gina de la Semana de la paz<\/strong> en tu p\u00e1gina web, blog, redes sociales:<\/p>\n<p><a href=\"http:\/\/www.educa.itakaescolapios.org\/semanas-de-la-paz\/2016-2017-semana-de-la-paz\">http:\/\/www.educa.itakaescolapios.org\/semanas-de-la-paz\/2016-2017-semana-de-la-paz<\/a><\/p>\n<p>Banner web:<\/p>\n<p><a href=\"http:\/\/www.educa.itakaescolapios.org\/wp-content\/uploads\/2018\/12\/banner-web-paz.jpg\"><img decoding=\"async\" loading=\"lazy\" class=\"aligncenter wp-image-1684\" src=\"http:\/\/www.educa.itakaescolapios.org\/wp-content\/uploads\/2018\/12\/banner-web-paz-300x154.jpg\" alt=\"\" width=\"640\" height=\"328\" srcset=\"https:\/\/www.educa.itakaescolapios.org\/wp-content\/uploads\/2018\/12\/banner-web-paz-300x154.jpg 300w, https:\/\/www.educa.itakaescolapios.org\/wp-content\/uploads\/2018\/12\/banner-web-paz-768x393.jpg 768w, https:\/\/www.educa.itakaescolapios.org\/wp-content\/uploads\/2018\/12\/banner-web-paz-250x128.jpg 250w, https:\/\/www.educa.itakaescolapios.org\/wp-content\/uploads\/2018\/12\/banner-web-paz.jpg 977w\" sizes=\"(max-width: 640px) 100vw, 640px\" \/><\/a><\/p>\n<p>&nbsp;<\/p>\n<p>2. Descarg\u00e1ndote el banner de la campa\u00f1a para las portadas de <strong>facebook y twitter<\/strong>:<\/p>\n<p><a href=\"http:\/\/www.educa.itakaescolapios.org\/wp-content\/uploads\/2018\/12\/portada-fb-paz-1.jpg\"><img decoding=\"async\" loading=\"lazy\" class=\"aligncenter wp-image-1685\" src=\"http:\/\/www.educa.itakaescolapios.org\/wp-content\/uploads\/2018\/12\/portada-fb-paz-1-300x111.jpg\" alt=\"\" width=\"640\" height=\"237\" srcset=\"https:\/\/www.educa.itakaescolapios.org\/wp-content\/uploads\/2018\/12\/portada-fb-paz-1-300x111.jpg 300w, https:\/\/www.educa.itakaescolapios.org\/wp-content\/uploads\/2018\/12\/portada-fb-paz-1-768x284.jpg 768w, https:\/\/www.educa.itakaescolapios.org\/wp-content\/uploads\/2018\/12\/portada-fb-paz-1-1024x379.jpg 1024w, https:\/\/www.educa.itakaescolapios.org\/wp-content\/uploads\/2018\/12\/portada-fb-paz-1-250x93.jpg 250w\" sizes=\"(max-width: 640px) 100vw, 640px\" \/><\/a><\/p>\n<p>3. Imprimi\u00e9ndote el cartel de la campa\u00f1a<\/p>\n<p><a href=\"http:\/\/www.educa.itakaescolapios.org\/wp-content\/uploads\/2018\/12\/CARTEL-PAZ-DEF.pdf\"><strong>CARTEL SEMANA DE LA PAZ<\/strong><\/a><\/p>\n<p>&nbsp;<\/p>\n<p><\/p>","protected":false},"excerpt":{"rendered":"<p>Ci spiace, ma questo articolo \u00e8 disponibile soltanto in Spagnolo Europeo. Ay\u00fadanos difundiendo nuestros materiales educaci\u00f3n en valores: 1. Enlazando nuestra p\u00e1gina de la Semana de [&hellip;]<\/p>\n","protected":false},"author":1,"featured_media":0,"parent":733,"menu_order":0,"comment_status":"closed","ping_status":"closed","template":"","meta":[],"acf":[],"_links":{"self":[{"href":"https:\/\/www.educa.itakaescolapios.org\/it\/wp-json\/wp\/v2\/pages\/1681"}],"collection":[{"href":"https:\/\/www.educa.itakaescolapios.org\/it\/wp-json\/wp\/v2\/pages"}],"about":[{"href":"https:\/\/www.educa.itakaescolapios.org\/it\/wp-json\/wp\/v2\/types\/page"}],"author":[{"embeddable":true,"href":"https:\/\/www.educa.itakaescolapios.org\/it\/wp-json\/wp\/v2\/users\/1"}],"replies":[{"embeddable":true,"href":"https:\/\/www.educa.itakaescolapios.org\/it\/wp-json\/wp\/v2\/comments?post=1681"}],"version-history":[{"count":7,"href":"https:\/\/www.educa.itakaescolapios.org\/it\/wp-json\/wp\/v2\/pages\/1681\/revisions"}],"predecessor-version":[{"id":1691,"href":"https:\/\/www.educa.itakaescolapios.org\/it\/wp-json\/wp\/v2\/pages\/1681\/revisions\/1691"}],"up":[{"embeddable":true,"href":"https:\/\/www.educa.itakaescolapios.org\/it\/wp-json\/wp\/v2\/pages\/733"}],"wp:attachment":[{"href":"https:\/\/www.educa.itakaescolapios.org\/it\/wp-json\/wp\/v2\/media?parent=1681"}],"curies":[{"name":"wp","href":"https:\/\/api.w.org\/{rel}","templated":true}]}}