{"id":1692,"date":"2018-12-13T12:06:36","date_gmt":"2018-12-13T11:06:36","guid":{"rendered":"http:\/\/www.educa.itakaescolapios.org\/?page_id=1692"},"modified":"2018-12-13T12:07:11","modified_gmt":"2018-12-13T11:07:11","slug":"dia-escolar-de-la-no-violencia-y-la-paz","status":"publish","type":"page","link":"https:\/\/www.educa.itakaescolapios.org\/it\/semanas-de-la-paz\/2017-2018-semana-de-la-paz\/dia-escolar-de-la-no-violencia-y-la-paz","title":{"rendered":"D\u00cdA ESCOLAR DE LA NO-VIOLENCIA Y LA PAZ"},"content":{"rendered":"<p class=\"qtranxs-available-languages-message qtranxs-available-languages-message-it\">Ci spiace, ma questo articolo \u00e8 disponibile soltanto in <a href=\"https:\/\/www.educa.itakaescolapios.org\/es\/wp-json\/wp\/v2\/pages\/1692\" class=\"qtranxs-available-language-link qtranxs-available-language-link-es\" title=\"Espa\u00f1ol\">Spagnolo Europeo<\/a>.<\/p><p><\/p>\n<p><img decoding=\"async\" loading=\"lazy\" class=\"alignleft size-medium wp-image-1693\" src=\"http:\/\/www.educa.itakaescolapios.org\/wp-content\/uploads\/2018\/12\/gandhi-300x217.jpg\" alt=\"\" width=\"300\" height=\"217\" srcset=\"https:\/\/www.educa.itakaescolapios.org\/wp-content\/uploads\/2018\/12\/gandhi-300x217.jpg 300w, https:\/\/www.educa.itakaescolapios.org\/wp-content\/uploads\/2018\/12\/gandhi-768x554.jpg 768w, https:\/\/www.educa.itakaescolapios.org\/wp-content\/uploads\/2018\/12\/gandhi-250x180.jpg 250w, https:\/\/www.educa.itakaescolapios.org\/wp-content\/uploads\/2018\/12\/gandhi.jpg 787w\" sizes=\"(max-width: 300px) 100vw, 300px\" \/>El D\u00eda Escolar de la No Violencia y la Paz, se celebra el 30 de enero de cada a\u00f1o conmemorando la muerte del l\u00edder nacional y espiritual de la India, Mahatma Gandhi, el 30 de Enero de 1948. Natural de la India, Gandhi dedic\u00f3 gran parte de su vida a la lucha a favor de los derechos de las personas y los pueblos, siempre a trav\u00e9s de acciones pac\u00edficas, basadas en la no violencia. En 1948 Gandhi mor\u00eda asesinado, v\u00edctima del enfrentamiento entre musulmanes e hind\u00faes que viv\u00eda su pa\u00eds. Su figura, seguida por millones de personas, ha continuado creciendo hasta llegar hasta nuestros d\u00edas como el m\u00e1ximo exponente del\u00a0 pacifismo mundial. Desde 1964, gracias al inspector de ense\u00f1anza andaluz Lorenzo Vidal, se celebra en Espa\u00f1a el D\u00eda Escolar de la No Violencia y la Paz (DENIP, reconocido por la Unesco en 1993). Se trata de una jornada educativa, en la que se recuerda la necesidad de la educaci\u00f3n para la tolerancia, la solidaridad, el respeto a los Derechos Humanos, la no violencia y la paz. El lema de este d\u00eda es: \u2018amor universal, no-violencia y paz. El amor universal es mejor que el ego\u00edsmo, la no-violencia es mejor que la violencia y la paz es mejor que la guerra\u2019.<\/p>\n<p>En palabras del Papa Francisco, \u201clos educadores y los formadores que tienen la ardua tarea de educar a los ni\u00f1os y j\u00f3venes, est\u00e1n llamados a tomar conciencia de que su responsabilidad tiene que ver con las dimensiones morales, espirituales y sociales de la persona. Los valores de la libertad, del respeto rec\u00edproco y de la solidaridad se transmiten desde la m\u00e1s tierna infancia\u201d.<\/p>\n<p>Esta celebraci\u00f3n es, por tanto, una oportunidad m\u00e1s de contribuir a que los centros escolares se conviertan en instrumentos de paz y entendimiento entre personas de distinta formaci\u00f3n, raza, cultura y religi\u00f3n. No hemos de olvidar que la escuela es un reflejo de una sociedad con la que comparte defectos, pero en ella tambi\u00e9n se educa para la vida y se busca desarrollar en los alumnos las capacidades y competencias necesarias para una participaci\u00f3n social activa.<\/p>\n<p>Por todo ello, hemos de contribuir, a trav\u00e9s de la educaci\u00f3n, a la concienciaci\u00f3n de todos en la construcci\u00f3n de un mundo mejor, un mundo m\u00e1s justo y m\u00e1s humano que permita que todos los individuos tengan la misma oportunidad de desarrollar plenamente sus facultades en el seno de una sociedad democr\u00e1tica, libre, justa, responsable y en paz.<\/p>\n<p><\/p>","protected":false},"excerpt":{"rendered":"<p>Ci spiace, ma questo articolo \u00e8 disponibile soltanto in Spagnolo Europeo. El D\u00eda Escolar de la No Violencia y la Paz, se celebra el 30 de [&hellip;]<\/p>\n","protected":false},"author":1,"featured_media":0,"parent":735,"menu_order":0,"comment_status":"closed","ping_status":"closed","template":"","meta":[],"acf":[],"_links":{"self":[{"href":"https:\/\/www.educa.itakaescolapios.org\/it\/wp-json\/wp\/v2\/pages\/1692"}],"collection":[{"href":"https:\/\/www.educa.itakaescolapios.org\/it\/wp-json\/wp\/v2\/pages"}],"about":[{"href":"https:\/\/www.educa.itakaescolapios.org\/it\/wp-json\/wp\/v2\/types\/page"}],"author":[{"embeddable":true,"href":"https:\/\/www.educa.itakaescolapios.org\/it\/wp-json\/wp\/v2\/users\/1"}],"replies":[{"embeddable":true,"href":"https:\/\/www.educa.itakaescolapios.org\/it\/wp-json\/wp\/v2\/comments?post=1692"}],"version-history":[{"count":1,"href":"https:\/\/www.educa.itakaescolapios.org\/it\/wp-json\/wp\/v2\/pages\/1692\/revisions"}],"predecessor-version":[{"id":1694,"href":"https:\/\/www.educa.itakaescolapios.org\/it\/wp-json\/wp\/v2\/pages\/1692\/revisions\/1694"}],"up":[{"embeddable":true,"href":"https:\/\/www.educa.itakaescolapios.org\/it\/wp-json\/wp\/v2\/pages\/735"}],"wp:attachment":[{"href":"https:\/\/www.educa.itakaescolapios.org\/it\/wp-json\/wp\/v2\/media?parent=1692"}],"curies":[{"name":"wp","href":"https:\/\/api.w.org\/{rel}","templated":true}]}}