{"id":1695,"date":"2018-12-13T12:18:07","date_gmt":"2018-12-13T11:18:07","guid":{"rendered":"http:\/\/www.educa.itakaescolapios.org\/?page_id=1695"},"modified":"2018-12-13T12:18:11","modified_gmt":"2018-12-13T11:18:11","slug":"campana-el-tesoro-de-la-paz","status":"publish","type":"page","link":"https:\/\/www.educa.itakaescolapios.org\/it\/semanas-de-la-paz\/2017-2018-semana-de-la-paz\/campana-el-tesoro-de-la-paz","title":{"rendered":"CAMPA\u00d1A \u201cEL TESORO DE LA PAZ\u201d"},"content":{"rendered":"<p class=\"qtranxs-available-languages-message qtranxs-available-languages-message-it\">Ci spiace, ma questo articolo \u00e8 disponibile soltanto in <a href=\"https:\/\/www.educa.itakaescolapios.org\/es\/wp-json\/wp\/v2\/pages\/1695\" class=\"qtranxs-available-language-link qtranxs-available-language-link-es\" title=\"Espa\u00f1ol\">Spagnolo Europeo<\/a>.<\/p><p><\/p>\n<p><img decoding=\"async\" loading=\"lazy\" class=\"alignleft size-medium wp-image-1696\" src=\"http:\/\/www.educa.itakaescolapios.org\/wp-content\/uploads\/2018\/12\/LOGO-300x295.jpg\" alt=\"\" width=\"300\" height=\"295\" srcset=\"https:\/\/www.educa.itakaescolapios.org\/wp-content\/uploads\/2018\/12\/LOGO.jpg 300w, https:\/\/www.educa.itakaescolapios.org\/wp-content\/uploads\/2018\/12\/LOGO-250x246.jpg 250w\" sizes=\"(max-width: 300px) 100vw, 300px\" \/><\/p>\n<p>Desde Itaka- Escolapios proponemos una campa\u00f1a para celebrar el D\u00eda Escolar de la No-violencia y la Paz, con el objetivo de que el alumnado, as\u00ed como el profesorado, personal y familias del centro escolar sientan la justicia y la noviolencia como parte importante de sus vidas se conciencien porque todos podemos hacer gestos de paz. La violencia seg\u00fan Planella se define como \u201caquella situaci\u00f3n en la que dos o m\u00e1s personas se encuentran ante un conflicto en el que una o m\u00e1s personas afectadas salen perjudicadas, siendo agredidas f\u00edsica o psicol\u00f3gicamente. La violencia es la fuerza que se ejerce en contra de una u otras personas; son acciones intencionales para da\u00f1ar al pr\u00f3jimo\u201d. Un conflicto puede resolverse de forma no violenta, ya que se puede cambiar sin necesidad de perjudicar o salir perjudicado.<\/p>\n<p>El hilo conductor con todos los cursos es el c\u00f3mic \u201cEl viaje de Amanda\u201d, elaborado en la campa\u00f1a Noviolencia 2018 (<strong><a href=\"http:\/\/www.noviolencia2018.es\/\" target=\"_blank\" rel=\"noopener\">http:\/\/www.noviolencia2018.es\/<\/a><\/strong>) en el que una ni\u00f1a, ante una situaci\u00f3n injusta y de acoso, no sabe c\u00f3mo reaccionar pero siente que ha de hacer algo y a partir de ah\u00ed, emprende un viaje en el que conoce a diferentes ni\u00f1os que consiguieron denunciar la situaci\u00f3n injusta en la que viv\u00edan y ayudaron a cambiar el mundo sin necesidad de utilizar la violencia.<\/p>\n<p>Esta vez Bla, de la expedici\u00f3n Itaka- Escolapios que tambi\u00e9n nos acompa\u00f1a en la campa\u00f1a de solidaridad, ser\u00e1 quien gu\u00ede la actividad: Bla se ha encontrado con Amanda, una ni\u00f1a que, con sus escasos 8 o 9 a\u00f1os, ya est\u00e1 dispuesta a hacer lo que sea necesario para cambiar el mundo y las acciones que vemos en \u00e9l.<\/p>\n<p>Proponemos una estructura similar en todos los cursos, la lectura del c\u00f3mic y la realizaci\u00f3n de una actividad, diferente en cada curso. Adem\u00e1s, en el caso de Secundaria, los alumnos y alumnas investigar\u00e1n sobre los personajes de los que habla el c\u00f3mic para despu\u00e9s bajar a contar lo que han aprendido a los alumnos y alumnas de Primaria, con lo que pretendemos realizar un sencillo proyecto de \u201cAprendizaje y Servicio\u201d dentro del propio centro escolar en el que todos, mayores y peque\u00f1os vean que trabajan lo mismo.<\/p>\n<p>Para finalizar todas las actividades, cada ni\u00f1o repasar\u00e1 la silueta de su mano en una cuartilla, le pondr\u00e1 su nombre, la decorar\u00e1 y la recortar\u00e1 para bajarla el d\u00eda de la Paz y unirla a la cadena de todas las manos del colegio, porque todos juntos hacemos la Paz.<\/p>\n<p>Como conclusi\u00f3n a la Semana de la Paz tambi\u00e9n proponemos un acto central en el que contemos lo que hemos trabajado, ofrezcamos nuestras manos y acciones para conseguir un mundo de paz y acogida.<\/p>\n<p><\/p>","protected":false},"excerpt":{"rendered":"<p>Ci spiace, ma questo articolo \u00e8 disponibile soltanto in Spagnolo Europeo. Desde Itaka- Escolapios proponemos una campa\u00f1a para celebrar el D\u00eda Escolar de la No-violencia y [&hellip;]<\/p>\n","protected":false},"author":1,"featured_media":0,"parent":735,"menu_order":2,"comment_status":"closed","ping_status":"closed","template":"","meta":[],"acf":[],"_links":{"self":[{"href":"https:\/\/www.educa.itakaescolapios.org\/it\/wp-json\/wp\/v2\/pages\/1695"}],"collection":[{"href":"https:\/\/www.educa.itakaescolapios.org\/it\/wp-json\/wp\/v2\/pages"}],"about":[{"href":"https:\/\/www.educa.itakaescolapios.org\/it\/wp-json\/wp\/v2\/types\/page"}],"author":[{"embeddable":true,"href":"https:\/\/www.educa.itakaescolapios.org\/it\/wp-json\/wp\/v2\/users\/1"}],"replies":[{"embeddable":true,"href":"https:\/\/www.educa.itakaescolapios.org\/it\/wp-json\/wp\/v2\/comments?post=1695"}],"version-history":[{"count":1,"href":"https:\/\/www.educa.itakaescolapios.org\/it\/wp-json\/wp\/v2\/pages\/1695\/revisions"}],"predecessor-version":[{"id":1697,"href":"https:\/\/www.educa.itakaescolapios.org\/it\/wp-json\/wp\/v2\/pages\/1695\/revisions\/1697"}],"up":[{"embeddable":true,"href":"https:\/\/www.educa.itakaescolapios.org\/it\/wp-json\/wp\/v2\/pages\/735"}],"wp:attachment":[{"href":"https:\/\/www.educa.itakaescolapios.org\/it\/wp-json\/wp\/v2\/media?parent=1695"}],"curies":[{"name":"wp","href":"https:\/\/api.w.org\/{rel}","templated":true}]}}